{"id":5057,"date":"2026-03-31T18:04:41","date_gmt":"2026-03-31T16:04:41","guid":{"rendered":"https:\/\/f-aurea.com\/?page_id=5057"},"modified":"2026-03-31T18:08:23","modified_gmt":"2026-03-31T16:08:23","slug":"criticisms","status":"publish","type":"page","link":"https:\/\/f-aurea.com\/it\/about-us\/criticisms\/","title":{"rendered":"CRITICHE"},"content":{"rendered":"<p><div class=\"fusion-fullwidth fullwidth-box fusion-builder-row-1 has-pattern-background has-mask-background fusion-parallax-fixed nonhundred-percent-fullwidth non-hundred-percent-height-scrolling\" style=\"--awb-background-position:center top;--awb-border-radius-top-left:0px;--awb-border-radius-top-right:0px;--awb-border-radius-bottom-right:0px;--awb-border-radius-bottom-left:0px;--awb-padding-top:18%;--awb-padding-bottom:12%;--awb-background-image:linear-gradient(0deg, #57aa87 0%,rgba(0,0,0,0.45) 100%),url(https:\/\/f-aurea.com\/wp-content\/uploads\/2020\/06\/www.f-aurea.com_-480x480.jpg);;--awb-background-size:cover;--awb-flex-wrap:wrap;background-attachment:fixed;\" ><div class=\"fusion-builder-row fusion-row\"><div class=\"fusion-layout-column fusion_builder_column fusion-builder-column-0 fusion_builder_column_1_1 1_1 fusion-one-full fusion-column-first fusion-column-last fusion-animated\" style=\"--awb-bg-position:center center;--awb-bg-size:cover;\" data-animationtype=\"fadeInUp\" data-animationduration=\"1.0\" data-animationoffset=\"top-into-view\"><div class=\"fusion-column-wrapper fusion-column-has-shadow fusion-flex-column-wrapper-legacy\"><div class=\"fusion-title title fusion-title-1 fusion-sep-none fusion-title-center fusion-title-text fusion-title-size-one\" style=\"--awb-margin-bottom:0px;--awb-margin-right-small:0px;--awb-margin-bottom-small:0px;--awb-margin-left-small:0px;\"><h1 class=\"fusion-title-heading title-heading-center fusion-responsive-typography-calculated\" style=\"margin:0;--fontSize:80;line-height:1.4;\"><h1 class=\"western\" style=\"text-align: center;\" align=\"JUSTIFY\">CRITICHE<\/h1><\/h1><\/div><div class=\"fusion-clearfix\"><\/div><\/div><\/div><\/div><\/div><div class=\"fusion-fullwidth fullwidth-box fusion-builder-row-2 hundred-percent-fullwidth non-hundred-percent-height-scrolling\" style=\"--awb-border-radius-top-left:0px;--awb-border-radius-top-right:0px;--awb-border-radius-bottom-right:0px;--awb-border-radius-bottom-left:0px;--awb-padding-top:6%;--awb-padding-bottom:4%;--awb-background-color:#ffffff;--awb-flex-wrap:wrap;\" ><div class=\"fusion-builder-row fusion-row\"><div class=\"fusion-layout-column fusion_builder_column fusion-builder-column-1 fusion_builder_column_1_1 1_1 fusion-one-full fusion-column-first fusion-column-last fusion-animated\" style=\"--awb-padding-bottom:20px;--awb-bg-size:cover;\" data-animationtype=\"fadeInUp\" data-animationduration=\"1.0\" data-animationoffset=\"top-into-view\"><div class=\"fusion-column-wrapper fusion-column-has-shadow fusion-flex-column-wrapper-legacy\"><div class=\"fusion-column-content-centered\"><div class=\"fusion-column-content\"><div class=\"fusion-title title fusion-title-2 fusion-sep-none fusion-title-center fusion-title-text fusion-title-size-two fusion-animated\" style=\"--awb-text-color:#cda434;--awb-margin-top:-30px;--awb-margin-top-small:0px;--awb-margin-right-small:0px;--awb-margin-left-small:0px;\" data-animationtype=\"fadeInUp\" data-animationduration=\"0.3\" data-animationoffset=\"top-into-view\"><h2 class=\"fusion-title-heading title-heading-center fusion-responsive-typography-calculated\" style=\"margin:0;--fontSize:60;line-height:1.5;\"><h1 class=\"western\" style=\"text-align: center;\" align=\"JUSTIFY\"><span style=\"color: #cda434;\">CRITICHE<\/span><\/h1><\/h2><\/div><div class=\"fusion-builder-row fusion-builder-row-inner fusion-row\"><div class=\"fusion-layout-column fusion_builder_column_inner fusion-builder-nested-column-0 fusion_builder_column_inner_1_6 1_6 fusion-one-sixth fusion-column-first\" style=\"--awb-bg-size:cover;width:16.666666666667%;width:calc(16.666666666667% - ( ( 4% + 4% ) * 0.16666666666667 ) );margin-right: 4%;\"><div class=\"fusion-column-wrapper fusion-column-has-shadow fusion-flex-column-wrapper-legacy\"><div class=\"fusion-clearfix\"><\/div><\/div><\/div><div class=\"fusion-layout-column fusion_builder_column_inner fusion-builder-nested-column-1 fusion_builder_column_inner_2_3 2_3 fusion-two-third\" style=\"--awb-bg-size:cover;width:66.666666666667%;width:calc(66.666666666667% - ( ( 4% + 4% ) * 0.66666666666667 ) );margin-right: 4%;\"><div class=\"fusion-column-wrapper fusion-column-has-shadow fusion-flex-column-wrapper-legacy\"><div class=\"fusion-text fusion-text-1 fusion-animated\" data-animationtype=\"fadeInUp\" data-animationduration=\"0.3\" data-animationoffset=\"top-into-view\"><p align=\"JUSTIFY\" class=\"translation-block\"><span style=\"font-family: Ebrima;\"><span style=\"font-size: medium;\">Sometimes criticisms are leveled at us, which we address openly on this page. One such criticism is that we are \u201csnake oil gurus\u201d selling fake spirituality or so-called miracle cures.<br>\r\nTo these childish accusations, made by those who have never studied or verified anything of what we do, we respond directly:<\/span><\/span><\/p>\n<h2 class=\"western\"><span style=\"color: #cda434;\">1. Non ci sono prove scientifiche. FAKE<\/span><\/h2>\n<p align=\"JUSTIFY\"><span style=\"font-family: Ebrima;\"><span style=\"font-size: medium;\">Affermare che \u201cnon esistono prove scientifiche\u201d \u00e8, nella maggior parte dei casi, una posizione ideologica e non il risultato di un\u2019analisi reale. <\/span><\/span><\/p>\n<p align=\"JUSTIFY\"><span style=\"font-family: Ebrima;\"><span style=\"font-size: medium;\">La ricerca esiste, ed \u00e8 semplicemente falso sostenere il contrario.<\/span><\/span><\/p>\n<ul>\n<li>\n<p align=\"JUSTIFY\"><span style=\"font-family: Ebrima;\"><span style=\"font-size: medium;\">Esistono anni di osservazioni e testimonianze raccolte attraverso la ripetizione sistematica dei nostri protocolli di pratica.<\/span><\/span><\/p>\n<\/li>\n<li>\n<p align=\"JUSTIFY\"><span style=\"font-family: Ebrima;\"><span style=\"font-size: medium;\">Esistono innumerevoli riscontri provenienti da operatori esterni che, pur non conoscendo nel dettaglio ci\u00f2 che facciamo, osservano cambiamenti concreti nelle persone che ricevono le nostre tecniche o entrano in contatto con i nostri strumenti.<\/span><\/span><\/p>\n<\/li>\n<li>\n<p align=\"JUSTIFY\"><span style=\"font-family: Ebrima;\"><span style=\"font-size: medium;\">Collaboriamo inoltre con medici, fisiatri e operatori sanitari che, utilizzando strumenti di valutazione propri del loro ambito, rilevano variazioni e miglioramenti che non si aspettavano di osservare.<\/span><\/span><\/p>\n<\/li>\n<li>\n<p align=\"JUSTIFY\"><span style=\"font-family: Ebrima;\"><span style=\"font-size: medium;\">Abbiamo anche condotto test in doppio cieco, fra cui alcuni eseguiti da personale di laboratorio esterno e senza la nostra influenza, sugli effetti dei nostri strumenti sull\u2019acqua: i dati indicano che l\u2019acqua modifica alcune delle sue propriet\u00e0 quando viene sottoposta a quelli che definiamo Campi Informativi F-Aurea.<\/span><\/span><\/p>\n<\/li>\n<\/ul>\n<p align=\"JUSTIFY\"><span style=\"font-family: Ebrima;\"><span style=\"font-size: medium;\">Parte di questo materiale \u00e8 reso disponibile pubblicamente nella sezione apposita: <a href=\"https:\/\/f-aurea.com\/it\/researches-on-f-aurea-etheric-arts-and-informative-fields\/\"><b>Ricerche Scientifiche<\/b><\/a>.<\/span><\/span><\/p>\n<p align=\"JUSTIFY\"><span style=\"font-family: Ebrima;\"><span style=\"font-size: medium;\">Si tratta di un lavoro che \u00e8 ancora in una fase iniziale e non accademica, ma \u00e8 reale, documentato, onesto e trasparente. Chi ha una conoscenza minima di come nasce la ricerca scientifica sa perfettamente che molte discipline iniziano come osservazioni empiriche e che la validazione \u00e8 un processo progressivo, non un prerequisito.<\/span><\/span><\/p>\n<p align=\"JUSTIFY\"><span style=\"font-family: Ebrima;\"><span style=\"font-size: medium;\">Dire \u201cnon esiste alcuna ricerca\u201d quando questa \u00e8 pubblicata e accessibile significa semplicemente non aver verificato.<\/span><\/span><\/p>\n<p align=\"JUSTIFY\"><span style=\"font-family: Ebrima;\"><span style=\"font-size: medium;\">Sostenere che \u201cnon \u00e8 scientifico\u201d \u00e8 un\u2019altra semplificazione: l\u2019oggetto di studio \u00e8 vero, non \u00e8 scientifico ma lo \u00e8 l'approccio alla verifica e al confronto.<\/span><\/span><\/p>\n<h2 class=\"western\"><span style=\"color: #cda434;\">2. Le nostre affermazioni non sono verificabili. FAKE<\/span><\/h2>\n<p align=\"JUSTIFY\"><span style=\"font-family: Ebrima;\"><span style=\"font-size: medium;\">Questa accusa \u00e8 smentita da uno degli elementi centrali del nostro approccio: la verifica diretta. Non chiediamo di credere, non chiediamo fede, non chiediamo adesione cieca. Al contrario chiediamo di fare esperienza e insegniamo noi stessi pratiche e metodi per la misura e percezione eterica autonoma.<br \/>\nLe nostre pratiche, i metodi F-Aurea e le tecniche correlate sono strutturate per essere apprese, allenate e testate direttamente dalla persona, sviluppando nel tempo la capacit\u00e0 di percepire e valutare ci\u00f2 che avviene.<\/span><\/span><\/p>\n<p align=\"JUSTIFY\"><span style=\"font-family: Ebrima;\"><span style=\"font-size: medium;\">Questo implica responsabilit\u00e0 individuale, non dipendenza ed \u00e8 esattamente l'opposto dei sistemi manipolatori, nei quali viene richiesta fiducia cieca nel maestro e viene scoraggiata ogni forma di verifica autonoma e confronto, al contrario siamo i primi a invitarti di verificare, osservare, mettere alla prova.<\/span><\/span><\/p>\n<p align=\"JUSTIFY\"><span style=\"font-family: Ebrima;\"><span style=\"font-size: medium;\">Le pagine dedicate ai nostri Campi Informativi riportano l'indicazione di usarli con cautela, specialmente le prime volte, perch\u00e8 su alcune persone possono avere effetti intensi. Questo \u00e8 scritto perch\u00e8 succede realmente, per renderti consapevole anche se \u00e8 un informazione che scoraggia l'acquisto. Se non fosse verificabile credi che ti avviseremmo?<\/span><\/span><\/p>\n<h2 class=\"western\"><span style=\"color: #cda434;\">3. Non sappiamo cosa stiamo facendo, \u00e8 tutto improvvisato o generato da AI. FAKE<\/span><\/h2>\n<p align=\"JUSTIFY\"><span style=\"font-family: Ebrima;\"><span style=\"font-size: medium;\">Questa \u00e8 una critica tipica di chi non ha mai approfondito il materiale.<br \/>\nIl nostro lavoro \u00e8 il risultato di anni di formazione, studio e pratica sul campo, e si basa su una conoscenza approfondita di diverse discipline, tra cui radionica, radiestesia, tecnica energo vibrazionale, thetahealing, qigong, pranoterapia, medicina tradizionale cinese, pratiche meditative come la vipassana, oltre a studi di biologia, anatomia, fisiologia e neuroscienze.<br \/>\nNon si tratta di un insieme casuale di informazioni, ma di un sistema costruito nel tempo attraverso studio, sperimentazione, osservazione e strutturazione metodologica.<\/span><\/span><\/p>\n<p align=\"JUSTIFY\"><span style=\"font-family: Ebrima;\"><span style=\"font-size: medium;\">Ogni contenuto che pubblichiamo, ogni percorso formativo e ogni strumento che realizziamo \u00e8 il risultato di anni di ricerca, sviluppo e verifica.<\/span><\/span><\/p>\n<p align=\"JUSTIFY\"><span style=\"font-family: Ebrima;\"><span style=\"font-size: medium;\">Chi analizza seriamente il materiale disponibile riconosce immediatamente che non si tratta di contenuti generati casualmente, n\u00e9 copiati, n\u00e9 improvvisati, ma di un corpus coerente e articolato.<\/span><\/span><\/p>\n<p align=\"JUSTIFY\"><span style=\"font-family: Ebrima;\"><span style=\"font-size: medium;\">Chi non lo fa, si limita a etichettare.<\/span><\/span><\/p>\n<h2 class=\"western\"><span style=\"color: #cda434;\">4. Facciamo attivit\u00e0 illegale o abusiva. FAKE<\/span><\/h2>\n<p align=\"JUSTIFY\"><span style=\"font-family: Ebrima;\"><span style=\"font-size: medium;\">Operiamo nel pieno rispetto della normativa Europea, della Repubblica Ceca e Italiana vigente.<\/span><\/span><\/p>\n<p align=\"JUSTIFY\"><span style=\"font-family: Ebrima;\"><span style=\"font-size: medium;\">Gli operatori che si formano nel nostro percorso principale, la Ricalibrazione Planetaria\u00ae, sono in Italia supportati dalla <b>certificazione di qualit\u00e0 professionale n. 141 Sk82, rilasciata dall'ente accreditato FAC Certifica S.r.l. ,<\/b> ottenuta attraverso un iter che prevede formazione, tirocinio ed esame finale. Tale ente opera in conformit\u00e0 alla norma UNI CEI EN ISO\/IEC 17024 per la certificazione delle persone.<\/span><\/span><\/p>\n<p align=\"JUSTIFY\"><span style=\"font-family: Ebrima;\"><span style=\"font-size: medium;\">\u00c8 per\u00f2 fondamentale essere chiari su un punto: <b>non effettuiamo diagnosi mediche, non prescriviamo terapie e non sostituiamo in alcun modo la medicina, n\u00e9 vendiamo rimedi miracolosi.<\/b>Operiamo nell\u2019ambito del benessere e della crescita personale, nel rispetto delle leggi. Parlare di abusivismo in questo contesto significa non conoscere la normativa o ignorarla deliberatamente.<\/span><\/span><\/p>\n<h2 class=\"western\"><span style=\"color: #cda434;\">5. Non dovremmo farci pagare per servizi spirituali \u2013 CREDENZA<\/span><\/h2>\n<p align=\"JUSTIFY\"><span style=\"font-family: Ebrima;\"><span style=\"font-size: medium;\">Questa non \u00e8 una critica oggettiva, ma una convinzione personale. Se ritieni che vivere in miseria e povert\u00e0 sia sano, salutare e ti elevi spiritualmente hai la libert\u00e0 di seguire quella strada, ma evita di proiettare su altri le tue illusioni. Non \u00e8 legittimo \u00e8 pretendere che gli altri facciano lo stesso.<\/span><\/span><\/p>\n<p align=\"JUSTIFY\"><span style=\"font-family: Ebrima;\"><span style=\"font-size: medium;\">Riteniamo che il lavoro abbia valore, che il tempo abbia valore, che la competenza abbia valore. Non riconoscere economicamente il lavoro altrui non \u00e8 spiritualit\u00e0: \u00e8 sfruttamento, che alimenta rapporti di codipendenza.<\/span><\/span><\/p>\n<p align=\"JUSTIFY\"><span style=\"font-family: Ebrima;\"><span style=\"font-size: medium;\">L\u2019idea che lo \u201cspirituale\u201d debba essere separato dal piano materiale \u00e8 una visione materialista  e rafforza le stesse forze oscure che vorrebbero tenere l'essere umano nella barbarie e nell'ignoranza. Quello che facciamo per quanto nasca da passione e ispirazione \u00e8 anche un lavoro, e al pari di ogni altro lavoro va ripagato.<\/span><\/span><\/p>\n<p align=\"JUSTIFY\"><span style=\"font-family: Ebrima;\"><span style=\"font-size: medium;\">Dividere spirito e materia, alimenta spesso un forte ego spirituale, coloro che vivono di privazioni e gratuit\u00e0 spesso si ritengono migliori o superiori degli altri \u2013 ma quanta invidia nascondono dentro di loro? Quanta frustazione? \u00c8 naturale accumulare frustrazione se non si viene retribuiti per l'impegno messo e il lavoro svolto.<br \/>\nInoltre un altra scomoda verit\u00e0 \u00e8 che senza farci pagare sarebbe impossibile realizzare tutto quello che vedi e che abbiamo creato.<\/span><\/span><\/p>\n<h2 class=\"western\"><span style=\"color: #cda434;\">CONCLUSIONE<\/span><\/h2>\n<p align=\"JUSTIFY\"><span style=\"font-family: Ebrima;\"><span style=\"font-size: medium;\">Le critiche e lo scetticismo sono legittime e sane perch\u00e8 aiutano l'essere umano a crescere elevandosi al di sopra della sua attuale condizione.<\/span><\/span><\/p>\n<p align=\"JUSTIFY\"><span style=\"font-family: Ebrima;\"><span style=\"font-size: medium;\">Il problema nasce quando si esprimono giudizi assoluti senza aver verificato nulla, quando il pregiudizio sostituisce l\u2019osservazione e l\u2019opinione prende il posto dell\u2019esperienza, quando si inventano recensioni inesistenti, quando si fa volutamente o per errore di tutta l'erba un fascio, accusandoci di ci\u00f2 che \u00e8 responsabilit\u00e0 altrui.<\/span><\/span><\/p>\n<p align=\"JUSTIFY\"><span style=\"font-family: Ebrima;\"><span style=\"font-size: medium;\">Chi vuole capire davvero pu\u00f2 studiare il molto materiale disponibile e fare esperienza diretta. Molto del materiale che trovi sui nostri canali e siti \u00e8 condiviso gratuitamente affinch\u00e8 tu ne faccia esperienza.<\/span><\/span><\/p>\n<p align=\"JUSTIFY\"><span style=\"font-family: Ebrima;\"><span style=\"font-size: medium;\">La differenza tra credere e conoscere \u00e8 una sola: farne esperienza e comprenderla,  riflettendoci in autonomia. Ed \u00e8 esattamente ci\u00f2 che i nostri percorsi ti incoraggiano a fare.<\/span><\/span><\/p>\n<\/div><div class=\"fusion-clearfix\"><\/div><\/div><\/div><div class=\"fusion-layout-column fusion_builder_column_inner fusion-builder-nested-column-2 fusion_builder_column_inner_1_6 1_6 fusion-one-sixth fusion-column-last\" style=\"--awb-bg-size:cover;width:16.666666666667%;width:calc(16.666666666667% - ( ( 4% + 4% ) * 0.16666666666667 ) );\"><div class=\"fusion-column-wrapper fusion-column-has-shadow fusion-flex-column-wrapper-legacy\"><div class=\"fusion-clearfix\"><\/div><\/div><\/div><\/div><\/div><\/div><div class=\"fusion-clearfix\"><\/div><\/div><\/div><\/div><\/div><\/p>","protected":false},"excerpt":{"rendered":"","protected":false},"author":5,"featured_media":0,"parent":2348,"menu_order":0,"comment_status":"closed","ping_status":"closed","template":"100-width.php","meta":{"_acf_changed":false,"footnotes":""},"class_list":["post-5057","page","type-page","status-publish","hentry"],"acf":[],"yoast_head":"<!-- This site is optimized with the Yoast SEO plugin v27.4 - https:\/\/yoast.com\/product\/yoast-seo-wordpress\/ -->\n<title>CRITICISMS - F-Aurea<\/title>\n<meta name=\"robots\" content=\"index, follow, max-snippet:-1, max-image-preview:large, max-video-preview:-1\" \/>\n<link rel=\"canonical\" href=\"https:\/\/f-aurea.com\/it\/about-us\/criticisms\/\" \/>\n<meta property=\"og:locale\" content=\"it_IT\" \/>\n<meta property=\"og:type\" content=\"article\" \/>\n<meta property=\"og:title\" content=\"Purificazione e Protezione Eterica degli spazi abitati\" \/>\n<meta property=\"og:description\" content=\"Abbiamo creato Domus_Aurea per noi stessi, perch\u00e8 in quanto operatori \u201cenergetico-vibrazionali\u201d o \u201ceterici\u201d che dir si voglia abbiamo una profonda esperienza e sappiamo che una stanza carica di etere vitale pu\u00f2 fare un enorme differenza nelle sessioni \u2013 ma anche nella vita di tutti i giorni. La Domus_Aurea \u00e8 il nostro pi\u00f9 antico e avanzato strumento eterico di purificazione, armonizzazione e protezione eterica ambientale, il cui Campo Informativo \u00e8 stato costantemente aggiornato nel corso dei decenni.\" \/>\n<meta property=\"og:url\" content=\"https:\/\/f-aurea.com\/it\/about-us\/criticisms\/\" \/>\n<meta property=\"og:site_name\" content=\"F-Aurea\" \/>\n<meta property=\"article:publisher\" content=\"https:\/\/www.facebook.com\/manlio.didonato\/\" \/>\n<meta property=\"article:modified_time\" content=\"2026-03-31T16:08:23+00:00\" \/>\n<meta property=\"og:image\" content=\"https:\/\/f-aurea.com\/wp-content\/uploads\/2026\/03\/DOMUS-PROMOZ.jpg\" \/>\n\t<meta property=\"og:image:width\" content=\"1200\" \/>\n\t<meta property=\"og:image:height\" content=\"630\" \/>\n\t<meta property=\"og:image:type\" content=\"image\/jpeg\" \/>\n<meta name=\"twitter:card\" content=\"summary_large_image\" \/>\n<meta name=\"twitter:label1\" content=\"Tempo di lettura stimato\" \/>\n\t<meta name=\"twitter:data1\" content=\"6 minuti\" \/>\n<script type=\"application\/ld+json\" class=\"yoast-schema-graph\">{\"@context\":\"https:\\\/\\\/schema.org\",\"@graph\":[{\"@type\":\"WebPage\",\"@id\":\"https:\\\/\\\/f-aurea.com\\\/about-us\\\/criticisms\\\/\",\"url\":\"https:\\\/\\\/f-aurea.com\\\/about-us\\\/criticisms\\\/\",\"name\":\"CRITICISMS - F-Aurea\",\"isPartOf\":{\"@id\":\"https:\\\/\\\/f-aurea.com\\\/#website\"},\"datePublished\":\"2026-03-31T16:04:41+00:00\",\"dateModified\":\"2026-03-31T16:08:23+00:00\",\"breadcrumb\":{\"@id\":\"https:\\\/\\\/f-aurea.com\\\/about-us\\\/criticisms\\\/#breadcrumb\"},\"inLanguage\":\"it-IT\",\"potentialAction\":[{\"@type\":\"ReadAction\",\"target\":[\"https:\\\/\\\/f-aurea.com\\\/about-us\\\/criticisms\\\/\"]}]},{\"@type\":\"BreadcrumbList\",\"@id\":\"https:\\\/\\\/f-aurea.com\\\/about-us\\\/criticisms\\\/#breadcrumb\",\"itemListElement\":[{\"@type\":\"ListItem\",\"position\":1,\"name\":\"Home\",\"item\":\"https:\\\/\\\/f-aurea.com\\\/\"},{\"@type\":\"ListItem\",\"position\":2,\"name\":\"ABOUT US\",\"item\":\"https:\\\/\\\/f-aurea.com\\\/about-us\\\/\"},{\"@type\":\"ListItem\",\"position\":3,\"name\":\"CRITICISMS\"}]},{\"@type\":\"WebSite\",\"@id\":\"https:\\\/\\\/f-aurea.com\\\/#website\",\"url\":\"https:\\\/\\\/f-aurea.com\\\/\",\"name\":\"F-Aurea\",\"description\":\"\",\"publisher\":{\"@id\":\"https:\\\/\\\/f-aurea.com\\\/#organization\"},\"potentialAction\":[{\"@type\":\"SearchAction\",\"target\":{\"@type\":\"EntryPoint\",\"urlTemplate\":\"https:\\\/\\\/f-aurea.com\\\/?s={search_term_string}\"},\"query-input\":{\"@type\":\"PropertyValueSpecification\",\"valueRequired\":true,\"valueName\":\"search_term_string\"}}],\"inLanguage\":\"it-IT\"},{\"@type\":\"Organization\",\"@id\":\"https:\\\/\\\/f-aurea.com\\\/#organization\",\"name\":\"F-Aurea\",\"url\":\"https:\\\/\\\/f-aurea.com\\\/\",\"logo\":{\"@type\":\"ImageObject\",\"inLanguage\":\"it-IT\",\"@id\":\"https:\\\/\\\/f-aurea.com\\\/#\\\/schema\\\/logo\\\/image\\\/\",\"url\":\"https:\\\/\\\/f-aurea.com\\\/wp-content\\\/uploads\\\/2022\\\/05\\\/Logo-F-Aurea-oro-con-testo-bianco-2000-px.png\",\"contentUrl\":\"https:\\\/\\\/f-aurea.com\\\/wp-content\\\/uploads\\\/2022\\\/05\\\/Logo-F-Aurea-oro-con-testo-bianco-2000-px.png\",\"width\":2000,\"height\":1242,\"caption\":\"F-Aurea\"},\"image\":{\"@id\":\"https:\\\/\\\/f-aurea.com\\\/#\\\/schema\\\/logo\\\/image\\\/\"},\"sameAs\":[\"https:\\\/\\\/www.facebook.com\\\/manlio.didonato\\\/\",\"https:\\\/\\\/www.instagram.com\\\/manlio_ignisrebirth\\\/\"]}]}<\/script>\n<!-- \/ Yoast SEO plugin. -->","yoast_head_json":{"title":"CRITICISMS - F-Aurea","robots":{"index":"index","follow":"follow","max-snippet":"max-snippet:-1","max-image-preview":"max-image-preview:large","max-video-preview":"max-video-preview:-1"},"canonical":"https:\/\/f-aurea.com\/it\/about-us\/criticisms\/","og_locale":"it_IT","og_type":"article","og_title":"Purificazione e Protezione Eterica degli spazi abitati","og_description":"Abbiamo creato Domus_Aurea per noi stessi, perch\u00e8 in quanto operatori \u201cenergetico-vibrazionali\u201d o \u201ceterici\u201d che dir si voglia abbiamo una profonda esperienza e sappiamo che una stanza carica di etere vitale pu\u00f2 fare un enorme differenza nelle sessioni \u2013 ma anche nella vita di tutti i giorni. La Domus_Aurea \u00e8 il nostro pi\u00f9 antico e avanzato strumento eterico di purificazione, armonizzazione e protezione eterica ambientale, il cui Campo Informativo \u00e8 stato costantemente aggiornato nel corso dei decenni.","og_url":"https:\/\/f-aurea.com\/it\/about-us\/criticisms\/","og_site_name":"F-Aurea","article_publisher":"https:\/\/www.facebook.com\/manlio.didonato\/","article_modified_time":"2026-03-31T16:08:23+00:00","og_image":[{"width":1200,"height":630,"url":"https:\/\/f-aurea.com\/wp-content\/uploads\/2026\/03\/DOMUS-PROMOZ.jpg","type":"image\/jpeg"}],"twitter_card":"summary_large_image","twitter_misc":{"Tempo di lettura stimato":"6 minuti"},"schema":{"@context":"https:\/\/schema.org","@graph":[{"@type":"WebPage","@id":"https:\/\/f-aurea.com\/about-us\/criticisms\/","url":"https:\/\/f-aurea.com\/about-us\/criticisms\/","name":"CRITICISMS - F-Aurea","isPartOf":{"@id":"https:\/\/f-aurea.com\/#website"},"datePublished":"2026-03-31T16:04:41+00:00","dateModified":"2026-03-31T16:08:23+00:00","breadcrumb":{"@id":"https:\/\/f-aurea.com\/about-us\/criticisms\/#breadcrumb"},"inLanguage":"it-IT","potentialAction":[{"@type":"ReadAction","target":["https:\/\/f-aurea.com\/about-us\/criticisms\/"]}]},{"@type":"BreadcrumbList","@id":"https:\/\/f-aurea.com\/about-us\/criticisms\/#breadcrumb","itemListElement":[{"@type":"ListItem","position":1,"name":"Home","item":"https:\/\/f-aurea.com\/"},{"@type":"ListItem","position":2,"name":"ABOUT US","item":"https:\/\/f-aurea.com\/about-us\/"},{"@type":"ListItem","position":3,"name":"CRITICISMS"}]},{"@type":"WebSite","@id":"https:\/\/f-aurea.com\/#website","url":"https:\/\/f-aurea.com\/","name":"F-Aurea","description":"","publisher":{"@id":"https:\/\/f-aurea.com\/#organization"},"potentialAction":[{"@type":"SearchAction","target":{"@type":"EntryPoint","urlTemplate":"https:\/\/f-aurea.com\/?s={search_term_string}"},"query-input":{"@type":"PropertyValueSpecification","valueRequired":true,"valueName":"search_term_string"}}],"inLanguage":"it-IT"},{"@type":"Organization","@id":"https:\/\/f-aurea.com\/#organization","name":"F-Aurea","url":"https:\/\/f-aurea.com\/","logo":{"@type":"ImageObject","inLanguage":"it-IT","@id":"https:\/\/f-aurea.com\/#\/schema\/logo\/image\/","url":"https:\/\/f-aurea.com\/wp-content\/uploads\/2022\/05\/Logo-F-Aurea-oro-con-testo-bianco-2000-px.png","contentUrl":"https:\/\/f-aurea.com\/wp-content\/uploads\/2022\/05\/Logo-F-Aurea-oro-con-testo-bianco-2000-px.png","width":2000,"height":1242,"caption":"F-Aurea"},"image":{"@id":"https:\/\/f-aurea.com\/#\/schema\/logo\/image\/"},"sameAs":["https:\/\/www.facebook.com\/manlio.didonato\/","https:\/\/www.instagram.com\/manlio_ignisrebirth\/"]}]}},"_links":{"self":[{"href":"https:\/\/f-aurea.com\/it\/wp-json\/wp\/v2\/pages\/5057","targetHints":{"allow":["GET"]}}],"collection":[{"href":"https:\/\/f-aurea.com\/it\/wp-json\/wp\/v2\/pages"}],"about":[{"href":"https:\/\/f-aurea.com\/it\/wp-json\/wp\/v2\/types\/page"}],"author":[{"embeddable":true,"href":"https:\/\/f-aurea.com\/it\/wp-json\/wp\/v2\/users\/5"}],"replies":[{"embeddable":true,"href":"https:\/\/f-aurea.com\/it\/wp-json\/wp\/v2\/comments?post=5057"}],"version-history":[{"count":2,"href":"https:\/\/f-aurea.com\/it\/wp-json\/wp\/v2\/pages\/5057\/revisions"}],"predecessor-version":[{"id":5060,"href":"https:\/\/f-aurea.com\/it\/wp-json\/wp\/v2\/pages\/5057\/revisions\/5060"}],"up":[{"embeddable":true,"href":"https:\/\/f-aurea.com\/it\/wp-json\/wp\/v2\/pages\/2348"}],"wp:attachment":[{"href":"https:\/\/f-aurea.com\/it\/wp-json\/wp\/v2\/media?parent=5057"}],"curies":[{"name":"wp","href":"https:\/\/api.w.org\/{rel}","templated":true}]}}