{"id":3073,"date":"2022-09-19T18:13:42","date_gmt":"2022-09-19T16:13:42","guid":{"rendered":"https:\/\/f-aurea.com\/?post_type=product&#038;p=3073"},"modified":"2024-04-03T08:33:48","modified_gmt":"2024-04-03T06:33:48","slug":"ita-nuove-frontiere-eterico-vibrazionali-3-edizione-manlio-di-donato-francesco-verticchio-ebook","status":"publish","type":"product","link":"https:\/\/f-aurea.com\/it\/negozio\/ita-nuove-frontiere-eterico-vibrazionali-3-edizione-manlio-di-donato-francesco-verticchio-ebook\/","title":{"rendered":"[ITA] Nuove Frontiere Eterico-Ispirazionali- Manlio Di Donato &#038; Francesco Verticchio &#8211; EBOOK"},"content":{"rendered":"<p>Nuove Frontiere condensa i primi anni delle innovative ricerche del Gruppo F-Aurea, svolte da Francesco Verticchio e Manlio Di Donato, sulle Forze Eteriche e sulle facolt\u00e0 illuminate che l&#8217;essere umano pu\u00f2 coltivare, trascendendo i limiti della materia e della mente. Nuove Frontiere \u00e8 un percorso di risveglio ispirazionale che guider\u00e0 il lettore attraverso esperimenti pratici, esercizi, interrogativi e spunti di riflessione a prendere coscienza del macrocosmo che si cela dentro ogni essere.<\/p>\n<p>Nell&#8217;opera gli autori analizzano e fanno fare sperimentazione al lettore circa la natura degli elementi alchemici e la loro comparazione con i loro corrispettivi elementi della tradizione cinese taoista. Spiegano le meccaniche della purificazione degli eteri, ovvero delle energie sottili, attraverso vari metodi oltre che proporre le soluzioni del Gruppo F-Aurea. Approfondiscono la multidimensionalit\u00e0 e la sua esplorazione. Ed aprono una nuova finestra mai esplorata in precedenza, circa la natura olofrattale del campo eterico fornendo come sempre spunti pratici per l&#8217;applicazione a prescindere dalle tecniche e dai percorsi. Completa l&#8217;opera una guida su come allenare la percezione degli eteri attraverso il tatto.<\/p>\n<p>Ma Nuove Frontiere non si limita solo alla condivisione di teorie ed esercizi, ma unico nel suo genere permette al lettore di sperimentare in prima persona gli argomenti trattati tramite disegni su cui sono stati ancorati speciali Campi Informativi Eterico Olofrattali, sviluppati dalla ricerca di Francesco Verticchio. I Campi Informativi F-Aurea sono strumenti eterici e vibrazionali che operano con le Forze Eteriche per il benessere naturale, non \u00e8 radionica ma frutto di studi e ricerche autonome e innovative di cui quest&#8217;opera si fa portatrice.<\/p>\n<blockquote><p><span style=\"color: #cda434;\"><strong>Scheda Tecnica<\/strong><\/span><\/p>\n<p><strong>Editore:<\/strong> Art For Awakening s.r.l. Arad, Romania.<\/p>\n<p><strong>Data di Pubblicazione:<\/strong> Settembre 2022<\/p>\n<p><strong>Lingua:<\/strong> Italiano<\/p>\n<p><strong>Pagine:<\/strong> 214<\/p>\n<p><strong>Tipologia:<\/strong> Ebook<\/p>\n<p><strong>Formato:<\/strong> .PDF<\/p>\n<p><strong>Dimensioni File:<\/strong> 17 mb<\/p><\/blockquote>\n<p><span style=\"color: #cda434;\"><strong>Consigli per la lettura del FORMATO PDF<\/strong><\/span><\/p>\n<p>Su <strong>Pc<\/strong> e <strong>Mac<\/strong> indipendentemente dal sistema operativo va scaricato il software <a href=\"https:\/\/get.adobe.com\/it\/reader\/\" target=\"_blank\" rel=\"noopener\"><strong>Adobe Reader<\/strong><\/a>.<\/p>\n<p><strong>Ebook Reader, e altri strumenti dedicati:<\/strong> Verifica in anticipo se il tuo lettore di Ebook pu\u00f2 aprire e leggere i <strong>file PDF<\/strong>. In alcuni casi si pu\u00f2 verificare un alterazione della formattazione del testo. Non possiamo garantire la completa compatibilit\u00e0 con Kindle.<\/p>","protected":false},"excerpt":{"rendered":"<p>Nuove Frontiere condensa i primi anni delle innovative ricerche del Gruppo F-Aurea, svolte da Francesco Verticchio e Manlio Di Donato, sulle Forze Eteriche e sulle facolt\u00e0 illuminate che l&#8217;essere umano pu\u00f2 coltivare, trascendendo i limiti della materia e della mente. Nuove Frontiere \u00e8 un percorso di risveglio ispirazionale che guider\u00e0 il lettore attraverso esperimenti pratici, esercizi, interrogativi e spunti di riflessione a prendere coscienza del macrocosmo che si cela dentro ogni essere.<\/p>","protected":false},"featured_media":4071,"comment_status":"open","ping_status":"closed","template":"","meta":{"_acf_changed":false},"product_brand":[],"product_cat":[80],"product_tag":[],"class_list":{"0":"post-3073","1":"product","2":"type-product","3":"status-publish","4":"has-post-thumbnail","6":"product_cat-publications","8":"first","9":"instock","10":"sale","11":"downloadable","12":"virtual","13":"taxable","14":"purchasable","15":"product-type-simple"},"acf":[],"yoast_head":"<!-- This site is optimized with the Yoast SEO plugin v27.2 - https:\/\/yoast.com\/product\/yoast-seo-wordpress\/ -->\n<title>[ITA] Nuove Frontiere Eterico-Ispirazionali- Manlio Di Donato &amp; Francesco Verticchio - EBOOK - F-Aurea<\/title>\n<meta name=\"robots\" content=\"index, follow, max-snippet:-1, max-image-preview:large, max-video-preview:-1\" \/>\n<link rel=\"canonical\" href=\"https:\/\/f-aurea.com\/it\/negozio\/ita-nuove-frontiere-eterico-vibrazionali-3-edizione-manlio-di-donato-francesco-verticchio-ebook\/\" \/>\n<meta property=\"og:locale\" content=\"it_IT\" \/>\n<meta property=\"og:type\" content=\"article\" \/>\n<meta property=\"og:title\" content=\"[ITA] Nuove Frontiere Eterico-Ispirazionali- Manlio Di Donato &amp; Francesco Verticchio - EBOOK - F-Aurea\" \/>\n<meta property=\"og:description\" content=\"Nuove Frontiere condensa i primi anni delle innovative ricerche del Gruppo F-Aurea, svolte da Francesco Verticchio e Manlio Di Donato, sulle Forze Eteriche e sulle facolt\u00e0 illuminate che l&#039;essere umano pu\u00f2 coltivare, trascendendo i limiti della materia e della mente. Nuove Frontiere \u00e8 un percorso di risveglio ispirazionale che guider\u00e0 il lettore attraverso esperimenti pratici, esercizi, interrogativi e spunti di riflessione a prendere coscienza del macrocosmo che si cela dentro ogni essere.\" \/>\n<meta property=\"og:url\" content=\"https:\/\/f-aurea.com\/it\/negozio\/ita-nuove-frontiere-eterico-vibrazionali-3-edizione-manlio-di-donato-francesco-verticchio-ebook\/\" \/>\n<meta property=\"og:site_name\" content=\"F-Aurea\" \/>\n<meta property=\"article:publisher\" content=\"https:\/\/www.facebook.com\/manlio.didonato\/\" \/>\n<meta property=\"article:modified_time\" content=\"2024-04-03T06:33:48+00:00\" \/>\n<meta property=\"og:image\" content=\"https:\/\/f-aurea.com\/wp-content\/uploads\/2022\/09\/ITA-5.jpg\" \/>\n\t<meta property=\"og:image:width\" content=\"1080\" \/>\n\t<meta property=\"og:image:height\" content=\"1080\" \/>\n\t<meta property=\"og:image:type\" content=\"image\/jpeg\" \/>\n<meta name=\"twitter:card\" content=\"summary_large_image\" \/>\n<meta name=\"twitter:image\" content=\"https:\/\/f-aurea.com\/wp-content\/uploads\/2022\/09\/ITA-5.jpg\" \/>\n<meta name=\"twitter:label1\" content=\"Tempo di lettura stimato\" \/>\n\t<meta name=\"twitter:data1\" content=\"2 minuti\" \/>\n<script type=\"application\/ld+json\" class=\"yoast-schema-graph\">{\"@context\":\"https:\/\/schema.org\",\"@graph\":[{\"@type\":\"WebPage\",\"@id\":\"https:\/\/f-aurea.com\/negozio\/ita-nuove-frontiere-eterico-vibrazionali-3-edizione-manlio-di-donato-francesco-verticchio-ebook\/\",\"url\":\"https:\/\/f-aurea.com\/negozio\/ita-nuove-frontiere-eterico-vibrazionali-3-edizione-manlio-di-donato-francesco-verticchio-ebook\/\",\"name\":\"[ITA] Nuove Frontiere Eterico-Ispirazionali- Manlio Di Donato & Francesco Verticchio - EBOOK - F-Aurea\",\"isPartOf\":{\"@id\":\"https:\/\/f-aurea.com\/#website\"},\"primaryImageOfPage\":{\"@id\":\"https:\/\/f-aurea.com\/negozio\/ita-nuove-frontiere-eterico-vibrazionali-3-edizione-manlio-di-donato-francesco-verticchio-ebook\/#primaryimage\"},\"image\":{\"@id\":\"https:\/\/f-aurea.com\/negozio\/ita-nuove-frontiere-eterico-vibrazionali-3-edizione-manlio-di-donato-francesco-verticchio-ebook\/#primaryimage\"},\"thumbnailUrl\":\"https:\/\/f-aurea.com\/wp-content\/uploads\/2022\/09\/EBOOK-NUOVE-FRONTIERE-ITA-COPERTINA-1080x1080-1.jpg\",\"datePublished\":\"2022-09-19T16:13:42+00:00\",\"dateModified\":\"2024-04-03T06:33:48+00:00\",\"breadcrumb\":{\"@id\":\"https:\/\/f-aurea.com\/negozio\/ita-nuove-frontiere-eterico-vibrazionali-3-edizione-manlio-di-donato-francesco-verticchio-ebook\/#breadcrumb\"},\"inLanguage\":\"it-IT\",\"potentialAction\":[{\"@type\":\"ReadAction\",\"target\":[\"https:\/\/f-aurea.com\/negozio\/ita-nuove-frontiere-eterico-vibrazionali-3-edizione-manlio-di-donato-francesco-verticchio-ebook\/\"]}]},{\"@type\":\"ImageObject\",\"inLanguage\":\"it-IT\",\"@id\":\"https:\/\/f-aurea.com\/negozio\/ita-nuove-frontiere-eterico-vibrazionali-3-edizione-manlio-di-donato-francesco-verticchio-ebook\/#primaryimage\",\"url\":\"https:\/\/f-aurea.com\/wp-content\/uploads\/2022\/09\/EBOOK-NUOVE-FRONTIERE-ITA-COPERTINA-1080x1080-1.jpg\",\"contentUrl\":\"https:\/\/f-aurea.com\/wp-content\/uploads\/2022\/09\/EBOOK-NUOVE-FRONTIERE-ITA-COPERTINA-1080x1080-1.jpg\",\"width\":1300,\"height\":1300},{\"@type\":\"BreadcrumbList\",\"@id\":\"https:\/\/f-aurea.com\/negozio\/ita-nuove-frontiere-eterico-vibrazionali-3-edizione-manlio-di-donato-francesco-verticchio-ebook\/#breadcrumb\",\"itemListElement\":[{\"@type\":\"ListItem\",\"position\":1,\"name\":\"Home\",\"item\":\"https:\/\/f-aurea.com\/\"},{\"@type\":\"ListItem\",\"position\":2,\"name\":\"Shop\",\"item\":\"https:\/\/f-aurea.com\/negozio\/\"},{\"@type\":\"ListItem\",\"position\":3,\"name\":\"[ITA] Nuove Frontiere Eterico-Ispirazionali- Manlio Di Donato &#038; Francesco Verticchio &#8211; EBOOK\"}]},{\"@type\":\"WebSite\",\"@id\":\"https:\/\/f-aurea.com\/#website\",\"url\":\"https:\/\/f-aurea.com\/\",\"name\":\"F-Aurea\",\"description\":\"\",\"publisher\":{\"@id\":\"https:\/\/f-aurea.com\/#organization\"},\"potentialAction\":[{\"@type\":\"SearchAction\",\"target\":{\"@type\":\"EntryPoint\",\"urlTemplate\":\"https:\/\/f-aurea.com\/?s={search_term_string}\"},\"query-input\":{\"@type\":\"PropertyValueSpecification\",\"valueRequired\":true,\"valueName\":\"search_term_string\"}}],\"inLanguage\":\"it-IT\"},{\"@type\":\"Organization\",\"@id\":\"https:\/\/f-aurea.com\/#organization\",\"name\":\"F-Aurea\",\"url\":\"https:\/\/f-aurea.com\/\",\"logo\":{\"@type\":\"ImageObject\",\"inLanguage\":\"it-IT\",\"@id\":\"https:\/\/f-aurea.com\/#\/schema\/logo\/image\/\",\"url\":\"https:\/\/f-aurea.com\/wp-content\/uploads\/2022\/05\/Logo-F-Aurea-oro-con-testo-bianco-2000-px.png\",\"contentUrl\":\"https:\/\/f-aurea.com\/wp-content\/uploads\/2022\/05\/Logo-F-Aurea-oro-con-testo-bianco-2000-px.png\",\"width\":2000,\"height\":1242,\"caption\":\"F-Aurea\"},\"image\":{\"@id\":\"https:\/\/f-aurea.com\/#\/schema\/logo\/image\/\"},\"sameAs\":[\"https:\/\/www.facebook.com\/manlio.didonato\/\",\"https:\/\/www.instagram.com\/manlio_ignisrebirth\/\"]}]}<\/script>\n<!-- \/ Yoast SEO plugin. -->","yoast_head_json":{"title":"[ITA] Nuove Frontiere Eterico-Ispirazionali- Manlio Di Donato & Francesco Verticchio - EBOOK - F-Aurea","robots":{"index":"index","follow":"follow","max-snippet":"max-snippet:-1","max-image-preview":"max-image-preview:large","max-video-preview":"max-video-preview:-1"},"canonical":"https:\/\/f-aurea.com\/it\/negozio\/ita-nuove-frontiere-eterico-vibrazionali-3-edizione-manlio-di-donato-francesco-verticchio-ebook\/","og_locale":"it_IT","og_type":"article","og_title":"[ITA] Nuove Frontiere Eterico-Ispirazionali- Manlio Di Donato & Francesco Verticchio - EBOOK - F-Aurea","og_description":"Nuove Frontiere condensa i primi anni delle innovative ricerche del Gruppo F-Aurea, svolte da Francesco Verticchio e Manlio Di Donato, sulle Forze Eteriche e sulle facolt\u00e0 illuminate che l'essere umano pu\u00f2 coltivare, trascendendo i limiti della materia e della mente. Nuove Frontiere \u00e8 un percorso di risveglio ispirazionale che guider\u00e0 il lettore attraverso esperimenti pratici, esercizi, interrogativi e spunti di riflessione a prendere coscienza del macrocosmo che si cela dentro ogni essere.","og_url":"https:\/\/f-aurea.com\/it\/negozio\/ita-nuove-frontiere-eterico-vibrazionali-3-edizione-manlio-di-donato-francesco-verticchio-ebook\/","og_site_name":"F-Aurea","article_publisher":"https:\/\/www.facebook.com\/manlio.didonato\/","article_modified_time":"2024-04-03T06:33:48+00:00","og_image":[{"width":1080,"height":1080,"url":"https:\/\/f-aurea.com\/wp-content\/uploads\/2022\/09\/ITA-5.jpg","type":"image\/jpeg"}],"twitter_card":"summary_large_image","twitter_image":"https:\/\/f-aurea.com\/wp-content\/uploads\/2022\/09\/ITA-5.jpg","twitter_misc":{"Tempo di lettura stimato":"2 minuti"},"schema":{"@context":"https:\/\/schema.org","@graph":[{"@type":"WebPage","@id":"https:\/\/f-aurea.com\/negozio\/ita-nuove-frontiere-eterico-vibrazionali-3-edizione-manlio-di-donato-francesco-verticchio-ebook\/","url":"https:\/\/f-aurea.com\/negozio\/ita-nuove-frontiere-eterico-vibrazionali-3-edizione-manlio-di-donato-francesco-verticchio-ebook\/","name":"[ITA] Nuove Frontiere Eterico-Ispirazionali- Manlio Di Donato & Francesco Verticchio - EBOOK - F-Aurea","isPartOf":{"@id":"https:\/\/f-aurea.com\/#website"},"primaryImageOfPage":{"@id":"https:\/\/f-aurea.com\/negozio\/ita-nuove-frontiere-eterico-vibrazionali-3-edizione-manlio-di-donato-francesco-verticchio-ebook\/#primaryimage"},"image":{"@id":"https:\/\/f-aurea.com\/negozio\/ita-nuove-frontiere-eterico-vibrazionali-3-edizione-manlio-di-donato-francesco-verticchio-ebook\/#primaryimage"},"thumbnailUrl":"https:\/\/f-aurea.com\/wp-content\/uploads\/2022\/09\/EBOOK-NUOVE-FRONTIERE-ITA-COPERTINA-1080x1080-1.jpg","datePublished":"2022-09-19T16:13:42+00:00","dateModified":"2024-04-03T06:33:48+00:00","breadcrumb":{"@id":"https:\/\/f-aurea.com\/negozio\/ita-nuove-frontiere-eterico-vibrazionali-3-edizione-manlio-di-donato-francesco-verticchio-ebook\/#breadcrumb"},"inLanguage":"it-IT","potentialAction":[{"@type":"ReadAction","target":["https:\/\/f-aurea.com\/negozio\/ita-nuove-frontiere-eterico-vibrazionali-3-edizione-manlio-di-donato-francesco-verticchio-ebook\/"]}]},{"@type":"ImageObject","inLanguage":"it-IT","@id":"https:\/\/f-aurea.com\/negozio\/ita-nuove-frontiere-eterico-vibrazionali-3-edizione-manlio-di-donato-francesco-verticchio-ebook\/#primaryimage","url":"https:\/\/f-aurea.com\/wp-content\/uploads\/2022\/09\/EBOOK-NUOVE-FRONTIERE-ITA-COPERTINA-1080x1080-1.jpg","contentUrl":"https:\/\/f-aurea.com\/wp-content\/uploads\/2022\/09\/EBOOK-NUOVE-FRONTIERE-ITA-COPERTINA-1080x1080-1.jpg","width":1300,"height":1300},{"@type":"BreadcrumbList","@id":"https:\/\/f-aurea.com\/negozio\/ita-nuove-frontiere-eterico-vibrazionali-3-edizione-manlio-di-donato-francesco-verticchio-ebook\/#breadcrumb","itemListElement":[{"@type":"ListItem","position":1,"name":"Home","item":"https:\/\/f-aurea.com\/"},{"@type":"ListItem","position":2,"name":"Shop","item":"https:\/\/f-aurea.com\/negozio\/"},{"@type":"ListItem","position":3,"name":"[ITA] Nuove Frontiere Eterico-Ispirazionali- Manlio Di Donato &#038; Francesco Verticchio &#8211; EBOOK"}]},{"@type":"WebSite","@id":"https:\/\/f-aurea.com\/#website","url":"https:\/\/f-aurea.com\/","name":"F-Aurea","description":"","publisher":{"@id":"https:\/\/f-aurea.com\/#organization"},"potentialAction":[{"@type":"SearchAction","target":{"@type":"EntryPoint","urlTemplate":"https:\/\/f-aurea.com\/?s={search_term_string}"},"query-input":{"@type":"PropertyValueSpecification","valueRequired":true,"valueName":"search_term_string"}}],"inLanguage":"it-IT"},{"@type":"Organization","@id":"https:\/\/f-aurea.com\/#organization","name":"F-Aurea","url":"https:\/\/f-aurea.com\/","logo":{"@type":"ImageObject","inLanguage":"it-IT","@id":"https:\/\/f-aurea.com\/#\/schema\/logo\/image\/","url":"https:\/\/f-aurea.com\/wp-content\/uploads\/2022\/05\/Logo-F-Aurea-oro-con-testo-bianco-2000-px.png","contentUrl":"https:\/\/f-aurea.com\/wp-content\/uploads\/2022\/05\/Logo-F-Aurea-oro-con-testo-bianco-2000-px.png","width":2000,"height":1242,"caption":"F-Aurea"},"image":{"@id":"https:\/\/f-aurea.com\/#\/schema\/logo\/image\/"},"sameAs":["https:\/\/www.facebook.com\/manlio.didonato\/","https:\/\/www.instagram.com\/manlio_ignisrebirth\/"]}]}},"_links":{"self":[{"href":"https:\/\/f-aurea.com\/it\/wp-json\/wp\/v2\/product\/3073","targetHints":{"allow":["GET"]}}],"collection":[{"href":"https:\/\/f-aurea.com\/it\/wp-json\/wp\/v2\/product"}],"about":[{"href":"https:\/\/f-aurea.com\/it\/wp-json\/wp\/v2\/types\/product"}],"replies":[{"embeddable":true,"href":"https:\/\/f-aurea.com\/it\/wp-json\/wp\/v2\/comments?post=3073"}],"wp:featuredmedia":[{"embeddable":true,"href":"https:\/\/f-aurea.com\/it\/wp-json\/wp\/v2\/media\/4071"}],"wp:attachment":[{"href":"https:\/\/f-aurea.com\/it\/wp-json\/wp\/v2\/media?parent=3073"}],"wp:term":[{"taxonomy":"product_brand","embeddable":true,"href":"https:\/\/f-aurea.com\/it\/wp-json\/wp\/v2\/product_brand?post=3073"},{"taxonomy":"product_cat","embeddable":true,"href":"https:\/\/f-aurea.com\/it\/wp-json\/wp\/v2\/product_cat?post=3073"},{"taxonomy":"product_tag","embeddable":true,"href":"https:\/\/f-aurea.com\/it\/wp-json\/wp\/v2\/product_tag?post=3073"}],"curies":[{"name":"wp","href":"https:\/\/api.w.org\/{rel}","templated":true}]}}