{"id":3096,"date":"2022-11-04T11:20:47","date_gmt":"2022-11-04T10:20:47","guid":{"rendered":"https:\/\/f-aurea.com\/?post_type=product&#038;p=3096"},"modified":"2024-11-16T17:47:45","modified_gmt":"2024-11-16T16:47:45","slug":"genesa-portal-steel-white","status":"publish","type":"product","link":"https:\/\/f-aurea.com\/it\/negozio\/genesa-portal-steel-white\/","title":{"rendered":"Genesa Portale. Colore Acciaio."},"content":{"rendered":"<p class=\"western translation-block\" lang=\"it-IT\">Il <span style=\"color: #cda434\"><strong>Campo Informativo F-Aurea Portale del Risveglio<\/strong><\/span> opera ripulendo e potenziando il campo eterico dei praticanti, quindi portando informazione relativa allo sviluppo delle arti ispirazionali, della meditazione, della centratura, della connessione col Divino. Pu\u00f2 quindi promuovere:<\/p>\n<ul>\n<li>Un incrementata consapevolezza di s\u00e8.<\/li>\n<li>Potenziare l'efficienza delle pratiche meditative ed incrementa la rapidit\u00e0 con cui i praticanti entrano in stato meditativo.<\/li>\n<li>La centratura al cuore.<\/li>\n<li>Aiuta nel promuovere lo sviluppo delle facolt\u00e0 d'anima della presenza mentale, il superare le resistenze e la distrazione in meditazione. Assiste nell'incrementare la centratura.<\/li>\n<li>Attiva la capacit\u00e0 di entrare durante le pratiche olistiche nella frequenza celebrale Theta. la quale contraddistingue la meditazione profonda, la capacit\u00e0 di percepire l'etere, ed il pensiero creativo.<\/li>\n<li>Pu\u00f2 aiutare i praticanti nel sollevare veli di illusione da se stessi e dal mondo, prendere coscienza di credenze limitanti e distorte.<\/li>\n<li>Pu\u00f2 aiutare nel regolare e armonizzare le proprie percezioni eteriche.<\/li>\n<li>Pu\u00f2 potenziare i sensi psichici.<\/li>\n<\/ul>\n<p lang=\"it-IT\"><div class=\"fusion-content-boxes content-boxes columns row fusion-columns-1 fusion-columns-total-1 fusion-content-boxes-1 content-boxes-icon-with-title content-left\" style=\"--awb-hover-accent-color:var(--awb-color5);--awb-circle-hover-accent-color:var(--awb-color5);--awb-item-margin-bottom:40px;\" data-animationoffset=\"top-into-view\"><div style=\"--awb-backgroundcolor:transparent;\" class=\"fusion-column content-box-column content-box-column content-box-column-1 col-lg-12 col-md-12 col-sm-12 fusion-content-box-hover content-box-column-last content-box-column-last-in-row\"><div class=\"col content-box-wrapper content-wrapper link-area-link-icon icon-hover-animation-pulsate\" data-animationoffset=\"top-into-view\"><div class=\"heading heading-with-icon icon-left\"><div class=\"icon\"><i style=\"border-color:#cda434;border-width:0px;background-color:#cda434;box-sizing:content-box;height:84px;width:84px;line-height:84px;border-radius:50%;font-size:42px;\" aria-hidden=\"true\" class=\"fontawesome-icon fa-hand-holding-heart fas circle-yes\"><\/i><\/div><h3 class=\"content-box-heading fusion-responsive-typography-calculated\" style=\"--h3_typography-font-size:20px;--fontSize:20;line-height:1.5;\">Creata Per<\/h3><\/div><div class=\"fusion-clearfix\"><\/div><div class=\"content-container\"><\/p>\n<p class=\"translation-block\">La Genesa \u00e8 creata per essere  <span style=\"color: #cda434\"><strong>tenuta in mano o nel grembo, durante le pratiche<\/strong><\/span>. E' pi\u00f9 efficace se la si appoggia delicatamente a contatto col corpo. Sia per i praticanti, sia per chi riceve una sessione, in quanto assiste nel entrare in uno stato di accoglienza rispetto alle pratiche svolte.<\/p>\n<p lang=\"it-IT\"><\/div><\/div><\/div><div class=\"fusion-clearfix\"><\/div><\/div><\/p>\n<p class=\"western translation-block\" lang=\"it-IT\">Inoltre il <span style=\"color: #cda434\"><strong>Campo Informativo F-Aurea Portale del Risveglio<\/strong><\/span>, aiuta in modo preciso nel pulire e potenziare gli Assi Dimensionali Celeste e Tellurico. Meglio descritti come la connessione alle forze eteriche celesti e di Madre Terra. Assiste i praticanti nell'accorgersi della distrazione e mantenere la mente focalizzata, in modo da cogliere la propria verit\u00e0 interiore. Il Portale del Risveglio opera anche in modo preciso e se queste \u00e8 necessario, per pulire e potenziare il campo eterico del praticante interagendo con l'intero sistema dei Chakra e con la circolazione eterica nei Meridiani e negli Agopunti.<\/p>\n<p>Cos\u00ec come ogni Campi Informativo F-Aurea, opera multidimensionalmente e non necessita di manutenzione alcuna, il Campo \u00e8 eterno, cos\u00ec come descritto nei nostri libri e pubblicazioni.<\/p>\n<p class=\"translation-block\">in aggiunta la <span style=\"color: #cda434\"><strong> Genesa <\/strong><\/span> produce un effetto onda di forma che:<\/p>\n<ul>\n<li>Intorno ad essa dinamizza l'etere ambientale, creando una debole corrente eterica a vortice nella stessa stanza dove viene posta.<\/li>\n<li>Al suo interno tende a condensare e concentrare l'etere ambientale.<\/li>\n<\/ul>\n<p>Per utilizzare al meglio l'onda di forma della Genesa abbiamo quindi aggiunto un secondo Campo Informativo F-Aurea alla Genesa. Questo Campo ha il Fine di purificare e potenziare la qualit\u00e0 eterica di ogni oggetto le venga messo all'interno. In tal modo \u00e8 estremamente utile per purificare cristalli, prodotti, ecc..<\/p>\n<p class=\"western translation-block\" lang=\"it-IT\"><strong>Non \u00e8 sostitutivo della pratica medica. Tutti gli effetti indicati si basano su nostre ricerche e studi interni, senza pretesa di scientificit\u00e0. I Campi Informativi, Genese, corsi, ed ogni altra informazione presente su f-aurea.com non sono sostitutive delle cure mediche o psicologiche.<\/strong><\/p>\n<p><span style=\"color: #cda434;\"><strong>NON USARE QUANDO:<\/strong><\/span><\/p>\n<p align=\"JUSTIFY\">Suggeriamo di <strong>NON USARE<\/strong> i nostri oli da massaggio, libri, tecniche, percorsi, campi informativi, insieme con l'assunzione di sostanze stupefacenti, anche se si dovesse trattare di cosidette \"piante sacre\", quali Ayahuasca, San Pedro, ecc.. I nostri strumenti sono inadatti se siete sotto l'effetto di tali sostanze, o se ne fate uso abituale. Vi consigliamo anche di <strong>NON USARE<\/strong> le nostre pratiche, libri, percorsi, campi informativi, se vi trovate in condizioni di squilibrio psichiatrico, o fragilit\u00e0 psicologica, o se siete sotto l'assistenza di personale medico psichiatrico. Consultate il medico curante per verificare se un percorso di meditazione e ci\u00f2 che proponiamo \u00e8 compatibile con le cure prescritte.<\/p>\n<blockquote>\n<p class=\"western\" lang=\"it-IT\"><span lang=\"it-IT\" style=\"color: #cda434;\"><b>Scheda Tecnica<\/b><\/span><\/p>\n<p class=\"western\" lang=\"it-IT\"><span lang=\"it-IT\"><b>Materiale:<\/b><\/span>Alluminio<\/p>\n<p class=\"western\" lang=\"it-IT\"><span lang=\"it-IT\"><b>Colore:<\/b><\/span>: Steel White<\/p>\n<p class=\"western\" lang=\"it-IT\"><span lang=\"it-IT\"><b>Diametro<\/b><\/span>: 32 cm<\/p>\n<p class=\"western\" lang=\"it-IT\"><span lang=\"it-IT\"><b>Altezza delle Barre:<\/b><\/span>: 3 cm<\/p>\n<p class=\"western\" lang=\"it-IT\"><span lang=\"it-IT\"><b>Spessore delle Barre:<\/b><\/span> 0.2 cm<\/p>\n<p class=\"western\" lang=\"it-IT\"><span lang=\"it-IT\"><b>Campo Informativo:<\/b><\/span> Portal of Awakening<\/p>\n<\/blockquote>\n<p class=\"western\" lang=\"it-IT\">Per la pratica suggeriamo di tenere la Genesa vicina al corpo, oppure delicatamente appoggiata in grembo o fra le mani. Va tuttavia ricordato come la Genesa Portale sia uno strumento, paragonabile metaforicamente ad un pennello. Essa non sostituisce le competenze e competenze  necessarie ai praticanti. \nIl Campo Informativo che vi \u00e8 ancorato \u00e8 frutto delle ricerche di Francesco Verticchio, Manlio Di Donato e del Gruppo F-Aurea. Non \u00e8 una forma di radionica, non opera tramite simboli o onde di forma, ma usa l'alluminio e l'onda di forma, dopo averli puliti e ristrutturati etericamente, come un vettore per meglio proiettare il suo Campo Informativo.<\/p>\n<p class=\"western translation-block\" lang=\"it-IT\">Le Genesa sono opera dell'artista Italiana La <span style=\"color: #cda434\"><strong> Laura Favero <\/strong><\/span>, realizzate in esclusiva per Art for Awakening s.r.l. che commercializza le opere F-Aurea. Laura \u00e8 laureata in Statistica e Informatica per la Gestione delle Imprese al Ca\u2019 Foscari di Venezia. Il suo percorso di ricerca Ispirazionale ed artigianale comincia nel 2020, quando durante il lockdown imposto dal governo Italiano, spinta dalla curiosit\u00e0 e dall'amore per l'aspetto eterico dei numeri e della geometria inizia a studiare Genese e Pentasfere. Laura ha studiato fino a diventare Master Usui Reiki, praticante di percorsi sciamanici, Thetahealing \u00ae, operatrice in Ricalibrazione Planetaria \u00ae, e collaboratrice di F-Aurea.<\/p>\n<p lang=\"it-IT\"><div class=\"fusion-content-boxes content-boxes columns row fusion-columns-1 fusion-columns-total-2 fusion-content-boxes-2 content-boxes-icon-with-title content-left\" style=\"--awb-hover-accent-color:var(--awb-color5);--awb-circle-hover-accent-color:var(--awb-color5);--awb-item-margin-bottom:40px;\" data-animationoffset=\"top-into-view\"><div style=\"--awb-backgroundcolor:transparent;\" class=\"fusion-column content-box-column content-box-column content-box-column-1 col-lg-12 col-md-12 col-sm-12 fusion-content-box-hover content-box-column-last-in-row\"><div class=\"col content-box-wrapper content-wrapper link-area-link-icon icon-hover-animation-pulsate\" data-animationoffset=\"top-into-view\"><div class=\"heading heading-with-icon icon-left\"><div class=\"icon\"><i style=\"border-color:#cda434;border-width:0px;background-color:#cda434;box-sizing:content-box;height:84px;width:84px;line-height:84px;border-radius:50%;font-size:42px;\" aria-hidden=\"true\" class=\"fontawesome-icon fa-credit-card fas circle-yes\"><\/i><\/div><h3 class=\"content-box-heading fusion-responsive-typography-calculated\" style=\"--h3_typography-font-size:20px;--fontSize:20;line-height:1.5;\">Pagamento<\/h3><\/div><div class=\"fusion-clearfix\"><\/div><div class=\"content-container\"><\/p>\n<p>Accettiamo i seguenti metodi di pagamento:<\/p>\n<ul>\n<li>Carta di credito \\ carta di debito<\/li>\n<li>Trasferimento bancario sul nostro conto corrente<\/li>\n<li>Paypal<\/li>\n<\/ul>\n<p lang=\"it-IT\"><\/div><\/div><\/div><div style=\"--awb-backgroundcolor:transparent;\" class=\"fusion-column content-box-column content-box-column content-box-column-2 col-lg-12 col-md-12 col-sm-12 fusion-content-box-hover content-box-column-last content-box-column-last-in-row\"><div class=\"col content-box-wrapper content-wrapper link-area-link-icon icon-hover-animation-pulsate\" data-animationoffset=\"top-into-view\"><div class=\"heading heading-with-icon icon-left\"><div class=\"icon\"><i style=\"border-color:#cda434;border-width:0px;background-color:#cda434;box-sizing:content-box;height:84px;width:84px;line-height:84px;border-radius:50%;font-size:42px;\" aria-hidden=\"true\" class=\"fontawesome-icon fa-shipping-fast fas circle-yes\"><\/i><\/div><h3 class=\"content-box-heading fusion-responsive-typography-calculated\" style=\"--h3_typography-font-size:20px;--fontSize:20;line-height:1.5;\">Spedizione<\/h3><\/div><div class=\"fusion-clearfix\"><\/div><div class=\"content-container\"><\/p>\n<p>A meno che non sia specificato diversamente (per alcuni prodotti), ogni ordine viene spedito entro 2-3 giorni lavorativi dal momento in cui il pagamento viene verificato (da luned\u00ec a venerd\u00ec). \nI prodotti scaricabili dal sito sono immediatamente disponibili dal momento in cui il pagamento viene verificato. Questo solitamente avviene in automatico per le carte di credito\\debito. Se invece opti per un versamento bancario potr\u00e0 trascorrere qualche giorno.<\/p>\n<p>Quando prenoti la tua partecipazione ad un corso riceverai un email con le date e gli orari a partire dai quali sar\u00e0 possibile scaricare le lezioni.<\/p>\n<p class=\"translation-block\">Se acquisti contenuto digitale, come Ebook e Percorsi Olistici questi sono sempre disponibili per il download, cos\u00ec come specificato nella pagina <a href=\"https:\/\/f-aurea.com\/it\/terms_and_conditions\/\" target=\"_blank\" rel=\"noopener\">Terms and Conditions<\/a>.<\/p>\n<p>I pacchi sono spediti da un magazzino in ITALIA a PADOVA, e solitamente arrivano in 2-3 giorni indipendentemente dal tipo di spedizione scelta (gratuita quando disponibile o assicurata a pagamento). Possiamo spedire in tutta Europa, e con qualche eccezione nel resto del mondo. Tuttavia \u00e8 richiesto del tempo extra per raggiungere alcune nazioni.<\/p>\n<p>Sei pregato di contattarci per ogni chiarimento in merito alle spedizioni.<\/p>\n<p lang=\"it-IT\"><\/div><\/div><\/div><div class=\"fusion-clearfix\"><\/div><\/div><\/p>\n<p><strong>Politica dei Resi<\/strong><\/p>\n<p>Come indicato nella pagina <strong><a href=\"https:\/\/f-aurea.com\/it\/terms_and_conditions\/\" target=\"_blank\" rel=\"noopener\">Terms and Conditions<\/a><\/strong> . Nel caso tu non sia soddisfatto dell'acquisto come da regolamento Europeo puoi inoltrare un reclamo entro 14 giorni da quando hai ricevuto gli articoli da te acquistati. Quindi puoi chiedere un rimborso od una sostituzione del prodotto (nel caso in cui esso arrivi danneggiato).<\/p>\n<p>Si prega di notare che i resti sono accettati entro 14 giorni lavorativi dalla data in cui il corriere consegna il paggo.<\/p>\n<p>Per essere restituiti gli articoli devono trovarsi nelle stesse condizioni in cui li hai ricevuti. In accordo con le vigenti leggi europee, Integratori erboristici alimentari, cosmetici, ed oli da massaggio, non sono accettati come resi.<\/p>","protected":false},"excerpt":{"rendered":"<p class=\"translation-block\">La <span style=\"color: #cda434\"><strong>Genesa Portale del Risveglio<\/strong><\/span> \u00e8 un supporto artistico creato per facilitare l'entrare in stato di coscienza meditativo (stato theta) senza distrazioni e resistenze. Particolarmente adatto a: Channeling, Meditazione Theta, Lettura dei Registri Akashici, Reiki, ecc.. Nella Genesa \u00e8 ancorato il Campo Informativo F-Aurea chiamato Portale del Risveglio. Tale Campo ristruttura e purifica il campo eterico umano finalizzando l'opera all'incremento del focus, della chiarezza e presenza mentali in meditazione, della capacit\u00e0 Ispirazionale e di percepire le energie sottili, l'etere.<\/p>","protected":false},"featured_media":3538,"comment_status":"open","ping_status":"closed","template":"","meta":{"_acf_changed":false},"product_brand":[],"product_cat":[79],"product_tag":[],"class_list":{"0":"post-3096","1":"product","2":"type-product","3":"status-publish","4":"has-post-thumbnail","6":"product_cat-genese","8":"first","9":"instock","10":"taxable","11":"shipping-taxable","12":"purchasable","13":"product-type-simple"},"acf":[],"yoast_head":"<!-- This site is optimized with the Yoast SEO plugin v27.2 - https:\/\/yoast.com\/product\/yoast-seo-wordpress\/ -->\n<title>Genesa Portal, for Meditation. Steel White - F-Aurea<\/title>\n<meta name=\"robots\" content=\"index, follow, max-snippet:-1, max-image-preview:large, max-video-preview:-1\" \/>\n<link rel=\"canonical\" href=\"https:\/\/f-aurea.com\/it\/negozio\/genesa-portal-steel-white\/\" \/>\n<meta property=\"og:locale\" content=\"it_IT\" \/>\n<meta property=\"og:type\" content=\"article\" \/>\n<meta property=\"og:title\" content=\"Genesa Portal, for Meditation. Steel White - F-Aurea\" \/>\n<meta property=\"og:description\" content=\"The Genesa Portal of Awakening is an artistic support designed to empower, sustain, and Inspire personal practice as: Channeling, Yoga, Reading Akashic Registers, Prano-therapy, Theta meditation, Reiki practices, Meditation, Mindfulness, etc.. The F-Aurea Awakening Portal Information Field is anchored in it, which works by reshaping the environmental ether and stimulating the users Inspiration, centring and mindfulness, the meditative state, emotional release, artistic creativity, introspection, said healing practices, prayer, contact with the Divine.\" \/>\n<meta property=\"og:url\" content=\"https:\/\/f-aurea.com\/it\/negozio\/genesa-portal-steel-white\/\" \/>\n<meta property=\"og:site_name\" content=\"F-Aurea\" \/>\n<meta property=\"article:publisher\" content=\"https:\/\/www.facebook.com\/manlio.didonato\/\" \/>\n<meta property=\"article:modified_time\" content=\"2024-11-16T16:47:45+00:00\" \/>\n<meta property=\"og:image\" content=\"https:\/\/f-aurea.com\/wp-content\/uploads\/2022\/11\/PORTALE-ARGENTO-1300x1300x72.jpg\" \/>\n\t<meta property=\"og:image:width\" content=\"1300\" \/>\n\t<meta property=\"og:image:height\" content=\"1300\" \/>\n\t<meta property=\"og:image:type\" content=\"image\/jpeg\" \/>\n<meta name=\"twitter:card\" content=\"summary_large_image\" \/>\n<meta name=\"twitter:label1\" content=\"Tempo di lettura stimato\" \/>\n\t<meta name=\"twitter:data1\" content=\"6 minuti\" \/>\n<script type=\"application\/ld+json\" class=\"yoast-schema-graph\">{\"@context\":\"https:\/\/schema.org\",\"@graph\":[{\"@type\":\"WebPage\",\"@id\":\"https:\/\/f-aurea.com\/negozio\/genesa-portal-steel-white\/\",\"url\":\"https:\/\/f-aurea.com\/negozio\/genesa-portal-steel-white\/\",\"name\":\"Genesa Portal, for Meditation. Steel White - F-Aurea\",\"isPartOf\":{\"@id\":\"https:\/\/f-aurea.com\/#website\"},\"primaryImageOfPage\":{\"@id\":\"https:\/\/f-aurea.com\/negozio\/genesa-portal-steel-white\/#primaryimage\"},\"image\":{\"@id\":\"https:\/\/f-aurea.com\/negozio\/genesa-portal-steel-white\/#primaryimage\"},\"thumbnailUrl\":\"https:\/\/f-aurea.com\/wp-content\/uploads\/2022\/11\/PORTALE-ARGENTO-1300x1300x72.jpg\",\"datePublished\":\"2022-11-04T10:20:47+00:00\",\"dateModified\":\"2024-11-16T16:47:45+00:00\",\"breadcrumb\":{\"@id\":\"https:\/\/f-aurea.com\/negozio\/genesa-portal-steel-white\/#breadcrumb\"},\"inLanguage\":\"it-IT\",\"potentialAction\":[{\"@type\":\"ReadAction\",\"target\":[\"https:\/\/f-aurea.com\/negozio\/genesa-portal-steel-white\/\"]}]},{\"@type\":\"ImageObject\",\"inLanguage\":\"it-IT\",\"@id\":\"https:\/\/f-aurea.com\/negozio\/genesa-portal-steel-white\/#primaryimage\",\"url\":\"https:\/\/f-aurea.com\/wp-content\/uploads\/2022\/11\/PORTALE-ARGENTO-1300x1300x72.jpg\",\"contentUrl\":\"https:\/\/f-aurea.com\/wp-content\/uploads\/2022\/11\/PORTALE-ARGENTO-1300x1300x72.jpg\",\"width\":1300,\"height\":1300,\"caption\":\"Genesa, Genese, Phi, Golden Ratio, Energie Sottili, Subtle Energy, Etere, Ether, Forze Eteriche, Etheric Forces, Onda di Forma, Shape Form, Silver, Argentp, Portale del Risveglio, Portal of Awakening, Ricalibrazione Planetaria, F-Aurea Etheric Informative Field, Campo Informativo Eterico F-Aurea, Made in Italy, Healing, Healing Energies, Meditation, geopatie, geobiologia, armonizzazione ambientale, nodi curry, curry nodes, curry grid, 5G,\"},{\"@type\":\"BreadcrumbList\",\"@id\":\"https:\/\/f-aurea.com\/negozio\/genesa-portal-steel-white\/#breadcrumb\",\"itemListElement\":[{\"@type\":\"ListItem\",\"position\":1,\"name\":\"Home\",\"item\":\"https:\/\/f-aurea.com\/\"},{\"@type\":\"ListItem\",\"position\":2,\"name\":\"Shop\",\"item\":\"https:\/\/f-aurea.com\/negozio\/\"},{\"@type\":\"ListItem\",\"position\":3,\"name\":\"Genesa Portal, for Meditation. Steel White\"}]},{\"@type\":\"WebSite\",\"@id\":\"https:\/\/f-aurea.com\/#website\",\"url\":\"https:\/\/f-aurea.com\/\",\"name\":\"F-Aurea\",\"description\":\"\",\"publisher\":{\"@id\":\"https:\/\/f-aurea.com\/#organization\"},\"potentialAction\":[{\"@type\":\"SearchAction\",\"target\":{\"@type\":\"EntryPoint\",\"urlTemplate\":\"https:\/\/f-aurea.com\/?s={search_term_string}\"},\"query-input\":{\"@type\":\"PropertyValueSpecification\",\"valueRequired\":true,\"valueName\":\"search_term_string\"}}],\"inLanguage\":\"it-IT\"},{\"@type\":\"Organization\",\"@id\":\"https:\/\/f-aurea.com\/#organization\",\"name\":\"F-Aurea\",\"url\":\"https:\/\/f-aurea.com\/\",\"logo\":{\"@type\":\"ImageObject\",\"inLanguage\":\"it-IT\",\"@id\":\"https:\/\/f-aurea.com\/#\/schema\/logo\/image\/\",\"url\":\"https:\/\/f-aurea.com\/wp-content\/uploads\/2022\/05\/Logo-F-Aurea-oro-con-testo-bianco-2000-px.png\",\"contentUrl\":\"https:\/\/f-aurea.com\/wp-content\/uploads\/2022\/05\/Logo-F-Aurea-oro-con-testo-bianco-2000-px.png\",\"width\":2000,\"height\":1242,\"caption\":\"F-Aurea\"},\"image\":{\"@id\":\"https:\/\/f-aurea.com\/#\/schema\/logo\/image\/\"},\"sameAs\":[\"https:\/\/www.facebook.com\/manlio.didonato\/\",\"https:\/\/www.instagram.com\/manlio_ignisrebirth\/\"]}]}<\/script>\n<!-- \/ Yoast SEO plugin. -->","yoast_head_json":{"title":"Genesa Portal, for Meditation. Steel White - F-Aurea","robots":{"index":"index","follow":"follow","max-snippet":"max-snippet:-1","max-image-preview":"max-image-preview:large","max-video-preview":"max-video-preview:-1"},"canonical":"https:\/\/f-aurea.com\/it\/negozio\/genesa-portal-steel-white\/","og_locale":"it_IT","og_type":"article","og_title":"Genesa Portal, for Meditation. Steel White - F-Aurea","og_description":"The Genesa Portal of Awakening is an artistic support designed to empower, sustain, and Inspire personal practice as: Channeling, Yoga, Reading Akashic Registers, Prano-therapy, Theta meditation, Reiki practices, Meditation, Mindfulness, etc.. The F-Aurea Awakening Portal Information Field is anchored in it, which works by reshaping the environmental ether and stimulating the users Inspiration, centring and mindfulness, the meditative state, emotional release, artistic creativity, introspection, said healing practices, prayer, contact with the Divine.","og_url":"https:\/\/f-aurea.com\/it\/negozio\/genesa-portal-steel-white\/","og_site_name":"F-Aurea","article_publisher":"https:\/\/www.facebook.com\/manlio.didonato\/","article_modified_time":"2024-11-16T16:47:45+00:00","og_image":[{"width":1300,"height":1300,"url":"https:\/\/f-aurea.com\/wp-content\/uploads\/2022\/11\/PORTALE-ARGENTO-1300x1300x72.jpg","type":"image\/jpeg"}],"twitter_card":"summary_large_image","twitter_misc":{"Tempo di lettura stimato":"6 minuti"},"schema":{"@context":"https:\/\/schema.org","@graph":[{"@type":"WebPage","@id":"https:\/\/f-aurea.com\/negozio\/genesa-portal-steel-white\/","url":"https:\/\/f-aurea.com\/negozio\/genesa-portal-steel-white\/","name":"Genesa Portal, for Meditation. Steel White - F-Aurea","isPartOf":{"@id":"https:\/\/f-aurea.com\/#website"},"primaryImageOfPage":{"@id":"https:\/\/f-aurea.com\/negozio\/genesa-portal-steel-white\/#primaryimage"},"image":{"@id":"https:\/\/f-aurea.com\/negozio\/genesa-portal-steel-white\/#primaryimage"},"thumbnailUrl":"https:\/\/f-aurea.com\/wp-content\/uploads\/2022\/11\/PORTALE-ARGENTO-1300x1300x72.jpg","datePublished":"2022-11-04T10:20:47+00:00","dateModified":"2024-11-16T16:47:45+00:00","breadcrumb":{"@id":"https:\/\/f-aurea.com\/negozio\/genesa-portal-steel-white\/#breadcrumb"},"inLanguage":"it-IT","potentialAction":[{"@type":"ReadAction","target":["https:\/\/f-aurea.com\/negozio\/genesa-portal-steel-white\/"]}]},{"@type":"ImageObject","inLanguage":"it-IT","@id":"https:\/\/f-aurea.com\/negozio\/genesa-portal-steel-white\/#primaryimage","url":"https:\/\/f-aurea.com\/wp-content\/uploads\/2022\/11\/PORTALE-ARGENTO-1300x1300x72.jpg","contentUrl":"https:\/\/f-aurea.com\/wp-content\/uploads\/2022\/11\/PORTALE-ARGENTO-1300x1300x72.jpg","width":1300,"height":1300,"caption":"Genesa, Genese, Phi, Golden Ratio, Energie Sottili, Subtle Energy, Etere, Ether, Forze Eteriche, Etheric Forces, Onda di Forma, Shape Form, Silver, Argentp, Portale del Risveglio, Portal of Awakening, Ricalibrazione Planetaria, F-Aurea Etheric Informative Field, Campo Informativo Eterico F-Aurea, Made in Italy, Healing, Healing Energies, Meditation, geopatie, geobiologia, armonizzazione ambientale, nodi curry, curry nodes, curry grid, 5G,"},{"@type":"BreadcrumbList","@id":"https:\/\/f-aurea.com\/negozio\/genesa-portal-steel-white\/#breadcrumb","itemListElement":[{"@type":"ListItem","position":1,"name":"Home","item":"https:\/\/f-aurea.com\/"},{"@type":"ListItem","position":2,"name":"Shop","item":"https:\/\/f-aurea.com\/negozio\/"},{"@type":"ListItem","position":3,"name":"Genesa Portal, for Meditation. Steel White"}]},{"@type":"WebSite","@id":"https:\/\/f-aurea.com\/#website","url":"https:\/\/f-aurea.com\/","name":"F-Aurea","description":"","publisher":{"@id":"https:\/\/f-aurea.com\/#organization"},"potentialAction":[{"@type":"SearchAction","target":{"@type":"EntryPoint","urlTemplate":"https:\/\/f-aurea.com\/?s={search_term_string}"},"query-input":{"@type":"PropertyValueSpecification","valueRequired":true,"valueName":"search_term_string"}}],"inLanguage":"it-IT"},{"@type":"Organization","@id":"https:\/\/f-aurea.com\/#organization","name":"F-Aurea","url":"https:\/\/f-aurea.com\/","logo":{"@type":"ImageObject","inLanguage":"it-IT","@id":"https:\/\/f-aurea.com\/#\/schema\/logo\/image\/","url":"https:\/\/f-aurea.com\/wp-content\/uploads\/2022\/05\/Logo-F-Aurea-oro-con-testo-bianco-2000-px.png","contentUrl":"https:\/\/f-aurea.com\/wp-content\/uploads\/2022\/05\/Logo-F-Aurea-oro-con-testo-bianco-2000-px.png","width":2000,"height":1242,"caption":"F-Aurea"},"image":{"@id":"https:\/\/f-aurea.com\/#\/schema\/logo\/image\/"},"sameAs":["https:\/\/www.facebook.com\/manlio.didonato\/","https:\/\/www.instagram.com\/manlio_ignisrebirth\/"]}]}},"_links":{"self":[{"href":"https:\/\/f-aurea.com\/it\/wp-json\/wp\/v2\/product\/3096","targetHints":{"allow":["GET"]}}],"collection":[{"href":"https:\/\/f-aurea.com\/it\/wp-json\/wp\/v2\/product"}],"about":[{"href":"https:\/\/f-aurea.com\/it\/wp-json\/wp\/v2\/types\/product"}],"replies":[{"embeddable":true,"href":"https:\/\/f-aurea.com\/it\/wp-json\/wp\/v2\/comments?post=3096"}],"wp:featuredmedia":[{"embeddable":true,"href":"https:\/\/f-aurea.com\/it\/wp-json\/wp\/v2\/media\/3538"}],"wp:attachment":[{"href":"https:\/\/f-aurea.com\/it\/wp-json\/wp\/v2\/media?parent=3096"}],"wp:term":[{"taxonomy":"product_brand","embeddable":true,"href":"https:\/\/f-aurea.com\/it\/wp-json\/wp\/v2\/product_brand?post=3096"},{"taxonomy":"product_cat","embeddable":true,"href":"https:\/\/f-aurea.com\/it\/wp-json\/wp\/v2\/product_cat?post=3096"},{"taxonomy":"product_tag","embeddable":true,"href":"https:\/\/f-aurea.com\/it\/wp-json\/wp\/v2\/product_tag?post=3096"}],"curies":[{"name":"wp","href":"https:\/\/api.w.org\/{rel}","templated":true}]}}