{"id":3552,"date":"2022-11-04T11:14:45","date_gmt":"2022-11-04T10:14:45","guid":{"rendered":"https:\/\/f-aurea.com\/?post_type=product&#038;p=3552"},"modified":"2024-09-24T14:28:47","modified_gmt":"2024-09-24T12:28:47","slug":"genesa-domus_aurea-golden-yellow","status":"publish","type":"product","link":"https:\/\/f-aurea.com\/it\/negozio\/genesa-domus_aurea-golden-yellow\/","title":{"rendered":"Genesa Domus Aurea, per l'armonizzazione Ambientale, Giallo Oro"},"content":{"rendered":"<p style=\"text-align: left;\" class=\"translation-block\">More in depth the Informational Field of the <span style=\"color: #cda434;\"><strong>F-Aurea Domus_Aurea,<\/strong><\/span> works by reshaping the environmental Aether of the home in order to:<\/p>\n<ul>\n<li>purificare ogni forma eterica dissonante (energie negative) nell'abitazione.<\/li>\n<li>creare tramite le porte e le finestre una regolare circolazione eterica dentro la casa.<\/li>\n<li class=\"translation-block\">Riqualificare e reinformare le varie forme di geopatie eteriche fra cui specialmente: Nodi e Rete Hartmann, Nodi e Rete Curry, Nodi e Rete Primordiale, Energia di Faglia, Energia delle Acque Sotterranee, Etere Cimiteriale, mandare alla luce le entit\u00e0 e le presenze.<\/li>\n<li>potenziare la Forza Eterica di Difesa dell'abitazione.<\/li>\n<li>Armonizza le forze ed energie naturali con la casa ed i suoi abitanti.<\/li>\n<li>Inoltre opera una purificazione profonda su vari aspetti eterici dissonanti quali: entit\u00e0 e presenze, forme pensiero, etere irritato da fattori inquinanti, ecc.. Per poi condensare energia vitale nella stanza rendendola etericamente simile alla qualit\u00e0 energetica di un bosco.<\/li>\n<\/ul>\n<p>Per fare questo la Domus_Aurea necessita di qualche giorno per operare a piena efficienza. In quanto una volta posizionata essa scansiona etericamente l'area e inizia ad operare nell'ambiente stanza per stanza.<\/p>\n<p>Infine Domus_Aurea purifica e reinforma la memoria eterica dell'identit\u00e0 del luogo, portandolo in consonanza con gli abitanti attuali.<\/p>\n<p class=\"translation-block\">in aggiunta la <span style=\"color: #cda434\"><strong> Genesa <\/strong><\/span> produce un effetto onda di forma che:<\/p>\n<ul>\n<li>Intorno ad essa dinamizza l'etere ambientale, creando una debole corrente eterica a vortice nella stessa stanza dove viene posta.<\/li>\n<li>Al suo interno tende a condensare e concentrare l'etere ambientale.<\/li>\n<\/ul>\n<p>Per utilizzare al meglio l'onda di forma della Genesa abbiamo quindi aggiunto un secondo Campo Informativo F-Aurea alla Genesa. Questo Campo ha il Fine di purificare e potenziare la qualit\u00e0 eterica di ogni oggetto le venga messo all'interno. In tal modo \u00e8 estremamente utile per purificare cristalli, prodotti, ecc..<\/p>\n<p>Cos\u00ec come ogni Campi Informativo F-Aurea, opera multidimensionalmente e non necessita di manutenzione alcuna, il Campo \u00e8 eterno, cos\u00ec come descritto nei nostri libri e pubblicazioni.<\/p>\n<div class=\"fusion-content-boxes content-boxes columns row fusion-columns-1 fusion-columns-total-2 fusion-content-boxes-1 content-boxes-icon-with-title content-left\" style=\"--awb-hover-accent-color:var(--awb-color5);--awb-circle-hover-accent-color:var(--awb-color5);--awb-item-margin-bottom:40px;\" data-animationoffset=\"top-into-view\"><div style=\"--awb-backgroundcolor:transparent;\" class=\"fusion-column content-box-column content-box-column content-box-column-1 col-lg-12 col-md-12 col-sm-12 fusion-content-box-hover content-box-column-last-in-row\"><div class=\"col content-box-wrapper content-wrapper link-area-link-icon icon-hover-animation-pulsate\" data-animationoffset=\"top-into-view\"><div class=\"heading heading-with-icon icon-left\"><div class=\"icon\"><i style=\"border-color:#cda434;border-width:0px;background-color:#cda434;box-sizing:content-box;height:84px;width:84px;line-height:84px;border-radius:50%;font-size:42px;\" aria-hidden=\"true\" class=\"fontawesome-icon fa-house-user fas circle-yes\"><\/i><\/div><h3 class=\"content-box-heading fusion-responsive-typography-calculated\" style=\"--h3_typography-font-size:20px;--fontSize:20;line-height:1.5;\">Adatta per<\/h3><\/div><div class=\"fusion-clearfix\"><\/div><div class=\"content-container\"><\/p>\n<p>Casa ed ufficio<\/p>\n<p>Adatta anche per: Feng Shui, domoterapia, space clearing, armonizzazione ambientale.<\/p>\n<p><\/div><\/div><\/div><div style=\"--awb-backgroundcolor:transparent;\" class=\"fusion-column content-box-column content-box-column content-box-column-2 col-lg-12 col-md-12 col-sm-12 fusion-content-box-hover content-box-column-last content-box-column-last-in-row\"><div class=\"col content-box-wrapper content-wrapper link-area-link-icon icon-hover-animation-pulsate\" data-animationoffset=\"top-into-view\"><div class=\"heading heading-with-icon icon-left\"><div class=\"icon\"><i style=\"border-color:#cda434;border-width:0px;background-color:#cda434;box-sizing:content-box;height:84px;width:84px;line-height:84px;border-radius:50%;font-size:42px;\" aria-hidden=\"true\" class=\"fontawesome-icon fa-globe fas circle-yes\"><\/i><\/div><h3 class=\"content-box-heading fusion-responsive-typography-calculated\" style=\"--h3_typography-font-size:20px;--fontSize:20;line-height:1.5;\">Raggio<\/h3><\/div><div class=\"fusion-clearfix\"><\/div><div class=\"content-container\"><\/p>\n<p>Copre un intero appartamento, un piano alla volta. Una Domus_Aurea (tessera o genesa) opera meglio in 70m2.<\/p>\n<p>Alcuni casi come gli appartamenti nei piani sotterranei di citt\u00e0 metropolitane possono richiedere pi\u00f9 tempo o pi\u00f9 Domus_Aurea per ottenere un effetto adeguato.<\/p>\n<p><\/div><\/div><\/div><div class=\"fusion-clearfix\"><\/div><\/div>\n<p class=\"western translation-block\" lang=\"it-IT\"><strong>Non \u00e8 sostitutivo della pratica medica. Tutti gli effetti indicati si basano su nostre ricerche e studi interni, senza pretesa di scientificit\u00e0. I Campi Informativi, Genese, corsi, ed ogni altra informazione presente su f-aurea.com non sono sostitutive delle cure mediche o psicologiche.<\/strong><\/p>\n<blockquote>\n<p class=\"western\" lang=\"it-IT\"><span lang=\"it-IT\" style=\"color: #cda434;\"><b>Scheda Tecnica<\/b><\/span><\/p>\n<p class=\"western\" lang=\"it-IT\"><span lang=\"it-IT\"><b>Materiale:<\/b><\/span>Alluminio<\/p>\n<p class=\"western\" lang=\"it-IT\"><span lang=\"it-IT\"><b>Colore:<\/b><\/span>Giallo Oro<\/p>\n<p class=\"western\" lang=\"it-IT\"><span lang=\"it-IT\"><b>Diametro<\/b><\/span>: 32cm<\/p>\n<p class=\"western\" lang=\"it-IT\"><span lang=\"it-IT\"><b>Altezza delle Barre:<\/b><\/span> 3 cm<\/p>\n<p class=\"western\" lang=\"it-IT\"><span lang=\"it-IT\"><b>Spessore delle Barre:<\/b><\/span> 0.2 cm<\/p>\n<p class=\"western\" lang=\"it-IT\"><span lang=\"it-IT\"><b>Campo Informativo:<\/b><\/span>: Domus_Aurea<\/p>\n<\/blockquote>\n<p class=\"western\" lang=\"it-IT\">E' consigliato porre la Genesa Domus_Aurea al centro dell'appartamento, lasciandola ferma ad operare per un periodo che pu\u00f2 variare da due settimane a tre mesi. Se in pochi minuti avr\u00e0 gi\u00e0 ottenuto un livello di pulizia eterica di alto livello, nel tempo restante porter\u00e0 sempre pi\u00f9 in profondit\u00e0 la sua opera. Il Campo Informativo in essa ancorato non si scarica mai ne si consuma. E' il risultato degli studi di Francesco Verticchio,  Manlio Di Donato e del Gruppo F-Aurea. Non \u00e8 radionica, non opera solo tramite l'onda di forma ma la usa come vettore, non opera tramite la simbologia e non \u00e8 una forma pensiero.<\/p>\n<p class=\"western translation-block\" lang=\"it-IT\">Le Genesa sono opera dell'artista Italiana La <span style=\"color: #cda434\"><strong> Laura Favero <\/strong><\/span>, realizzate in esclusiva per Art for Awakening s.r.l. che commercializza le opere F-Aurea. Laura \u00e8 laureata in Statistica e Informatica per la Gestione delle Imprese al Ca\u2019 Foscari di Venezia. Il suo percorso di ricerca Ispirazionale ed artigianale comincia nel 2020, quando durante il lockdown imposto dal governo Italiano, spinta dalla curiosit\u00e0 e dall'amore per l'aspetto eterico dei numeri e della geometria inizia a studiare Genese e Pentasfere. Laura ha studiato fino a diventare Master Usui Reiki, praticante di percorsi sciamanici, Thetahealing \u00ae, operatrice in Ricalibrazione Planetaria \u00ae, e collaboratrice di F-Aurea.<\/p>\n<p lang=\"it-IT\"><div class=\"fusion-content-boxes content-boxes columns row fusion-columns-1 fusion-columns-total-2 fusion-content-boxes-2 content-boxes-icon-with-title content-left\" style=\"--awb-hover-accent-color:var(--awb-color5);--awb-circle-hover-accent-color:var(--awb-color5);--awb-item-margin-bottom:40px;\" data-animationoffset=\"top-into-view\"><div style=\"--awb-backgroundcolor:transparent;\" class=\"fusion-column content-box-column content-box-column content-box-column-1 col-lg-12 col-md-12 col-sm-12 fusion-content-box-hover content-box-column-last-in-row\"><div class=\"col content-box-wrapper content-wrapper link-area-link-icon icon-hover-animation-pulsate\" data-animationoffset=\"top-into-view\"><div class=\"heading heading-with-icon icon-left\"><div class=\"icon\"><i style=\"border-color:#cda434;border-width:0px;background-color:#cda434;box-sizing:content-box;height:84px;width:84px;line-height:84px;border-radius:50%;font-size:42px;\" aria-hidden=\"true\" class=\"fontawesome-icon fa-credit-card fas circle-yes\"><\/i><\/div><h3 class=\"content-box-heading fusion-responsive-typography-calculated\" style=\"--h3_typography-font-size:20px;--fontSize:20;line-height:1.5;\">Pagamento<\/h3><\/div><div class=\"fusion-clearfix\"><\/div><div class=\"content-container\"><\/p>\n<p>Accettiamo i seguenti metodi di pagamento:<\/p>\n<ul>\n<li>Carta di credito \\ carta di debito<\/li>\n<li>Trasferimento bancario sul nostro conto corrente<\/li>\n<li>Paypal<\/li>\n<\/ul>\n<p lang=\"it-IT\"><\/div><\/div><\/div><div style=\"--awb-backgroundcolor:transparent;\" class=\"fusion-column content-box-column content-box-column content-box-column-2 col-lg-12 col-md-12 col-sm-12 fusion-content-box-hover content-box-column-last content-box-column-last-in-row\"><div class=\"col content-box-wrapper content-wrapper link-area-link-icon icon-hover-animation-pulsate\" data-animationoffset=\"top-into-view\"><div class=\"heading heading-with-icon icon-left\"><div class=\"icon\"><i style=\"border-color:#cda434;border-width:0px;background-color:#cda434;box-sizing:content-box;height:84px;width:84px;line-height:84px;border-radius:50%;font-size:42px;\" aria-hidden=\"true\" class=\"fontawesome-icon fa-shipping-fast fas circle-yes\"><\/i><\/div><h3 class=\"content-box-heading fusion-responsive-typography-calculated\" style=\"--h3_typography-font-size:20px;--fontSize:20;line-height:1.5;\">Spedizione<\/h3><\/div><div class=\"fusion-clearfix\"><\/div><div class=\"content-container\"><\/p>\n<p>A meno che non sia specificato diversamente (per alcuni prodotti), ogni ordine viene spedito entro 2-3 giorni lavorativi dal momento in cui il pagamento viene verificato (da luned\u00ec a venerd\u00ec). \nI prodotti scaricabili dal sito sono immediatamente disponibili dal momento in cui il pagamento viene verificato. Questo solitamente avviene in automatico per le carte di credito\\debito. Se invece opti per un versamento bancario potr\u00e0 trascorrere qualche giorno.<\/p>\n<p>Quando prenoti la tua partecipazione ad un corso riceverai un email con le date e gli orari a partire dai quali sar\u00e0 possibile scaricare le lezioni.<\/p>\n<p class=\"translation-block\">Se acquisti contenuto digitale, come Ebook e Percorsi Olistici questi sono sempre disponibili per il download, cos\u00ec come specificato nella pagina <a href=\"https:\/\/f-aurea.com\/it\/terms_and_conditions\/\" target=\"_blank\" rel=\"noopener\">Terms and Conditions<\/a>.<\/p>\n<p>I pacchi sono spediti da un magazzino in ITALIA a PADOVA, e solitamente arrivano in 2-3 giorni indipendentemente dal tipo di spedizione scelta (gratuita quando disponibile o assicurata a pagamento). Possiamo spedire in tutta Europa, e con qualche eccezione nel resto del mondo. Tuttavia \u00e8 richiesto del tempo extra per raggiungere alcune nazioni.<\/p>\n<p>Sei pregato di contattarci per ogni chiarimento in merito alle spedizioni.<\/p>\n<p lang=\"it-IT\"><\/div><\/div><\/div><div class=\"fusion-clearfix\"><\/div><\/div><\/p>\n<p><strong>Politica dei Resi<\/strong><\/p>\n<p>Come indicato nella pagina <strong><a href=\"https:\/\/f-aurea.com\/it\/terms_and_conditions\/\" target=\"_blank\" rel=\"noopener\">Terms and Conditions<\/a><\/strong> . Nel caso tu non sia soddisfatto dell'acquisto come da regolamento Europeo puoi inoltrare un reclamo entro 14 giorni da quando hai ricevuto gli articoli da te acquistati. Quindi puoi chiedere un rimborso od una sostituzione del prodotto (nel caso in cui esso arrivi danneggiato).<\/p>\n<p>Si prega di notare che i resti sono accettati entro 14 giorni lavorativi dalla data in cui il corriere consegna il paggo.<\/p>\n<p>Per essere restituiti gli articoli devono trovarsi nelle stesse condizioni in cui li hai ricevuti. In accordo con le vigenti leggi europee, Integratori erboristici alimentari, cosmetici, ed oli da massaggio, non sono accettati come resi.<\/p>","protected":false},"excerpt":{"rendered":"<p class=\"translation-block\">La <span style=\"color: #cda434\"><strong> Genesa Domus_Aurea <\/strong><\/span> opera per l'armonizzazione ambientale avanzata. Il che include la purificazione profonda ed altamente efficiente dell'etere ambientale, essa rende consonante ed etericamente benefica ogni forma di geopatia, quali Reti e Nodi Hartmann, Reti e Nodi Curry, etere cimiteriale, entit\u00e0 e spiriti erranti, acque sotterranee, la componente eterica dell'elettrosmog. La forma della La <span style=\"color: #cda434\"><strong> Genesa <\/strong><\/span> crea un effetto detto \"onda di forma\" che dinamizza l'etere ambientale della stanza dove viene posta. Al contempo al suo interno sempre per effetto dell'onda di forma la Genesa tende a condensare etere. Consapevoli del fenomeno lo abbiamo sfruttato per rendere ancora pi\u00f9 efficiente il Campo Informativo La <span style=\"color: #cda434\"><strong> Domus F-Aurea <\/strong><\/span> fissato sulla Genesa.<\/p>","protected":false},"featured_media":3528,"comment_status":"open","ping_status":"closed","template":"","meta":{"_acf_changed":false},"product_brand":[],"product_cat":[79],"product_tag":[],"class_list":{"0":"post-3552","1":"product","2":"type-product","3":"status-publish","4":"has-post-thumbnail","6":"product_cat-genese","8":"first","9":"outofstock","10":"taxable","11":"shipping-taxable","12":"purchasable","13":"product-type-simple"},"acf":[],"yoast_head":"<!-- This site is optimized with the Yoast SEO plugin v27.2 - https:\/\/yoast.com\/product\/yoast-seo-wordpress\/ -->\n<title>Genesa Domus_Aurea, for Home Harmonization. Golden Yellow - F-Aurea<\/title>\n<meta name=\"robots\" content=\"index, follow, max-snippet:-1, max-image-preview:large, max-video-preview:-1\" \/>\n<link rel=\"canonical\" href=\"https:\/\/f-aurea.com\/it\/negozio\/genesa-domus_aurea-golden-yellow\/\" \/>\n<meta property=\"og:locale\" content=\"it_IT\" \/>\n<meta property=\"og:type\" content=\"article\" \/>\n<meta property=\"og:title\" content=\"Genesa Domus_Aurea, for Home Harmonization. Golden Yellow - F-Aurea\" \/>\n<meta property=\"og:description\" content=\"The Genesa Domus_Aurea\u00a0works into advanced home environment harmonization. The Domus F-Aurea Informational Field\u00a0is anchored in it, which works by reshaping and making a vast range of etheric environmental aspects consonant with life, including: Hartmann Grid and Nodes; Curry Grid and Nodes; Cemetery Ether; etc..\u00a0The\u00a0Genesa\u00a0produces a wave-shaped effect that around itself tends to energies the ambient ether in the room where it is placed, while inside it tends to create an etheric condensation effect. We have exploited this dynamic to make the Domus_Aurea F-Aurea Informational Field even more performing and capable of operating with greater intensity, but also for the beauty and harmony of the shape.\" \/>\n<meta property=\"og:url\" content=\"https:\/\/f-aurea.com\/it\/negozio\/genesa-domus_aurea-golden-yellow\/\" \/>\n<meta property=\"og:site_name\" content=\"F-Aurea\" \/>\n<meta property=\"article:publisher\" content=\"https:\/\/www.facebook.com\/manlio.didonato\/\" \/>\n<meta property=\"article:modified_time\" content=\"2024-09-24T12:28:47+00:00\" \/>\n<meta property=\"og:image\" content=\"https:\/\/f-aurea.com\/wp-content\/uploads\/2022\/11\/DOMUS-ORO-1300x1300x72.jpg\" \/>\n\t<meta property=\"og:image:width\" content=\"1300\" \/>\n\t<meta property=\"og:image:height\" content=\"1300\" \/>\n\t<meta property=\"og:image:type\" content=\"image\/jpeg\" \/>\n<meta name=\"twitter:card\" content=\"summary_large_image\" \/>\n<meta name=\"twitter:label1\" content=\"Tempo di lettura stimato\" \/>\n\t<meta name=\"twitter:data1\" content=\"6 minuti\" \/>\n<script type=\"application\/ld+json\" class=\"yoast-schema-graph\">{\"@context\":\"https:\/\/schema.org\",\"@graph\":[{\"@type\":\"WebPage\",\"@id\":\"https:\/\/f-aurea.com\/negozio\/genesa-domus_aurea-golden-yellow\/\",\"url\":\"https:\/\/f-aurea.com\/negozio\/genesa-domus_aurea-golden-yellow\/\",\"name\":\"Genesa Domus_Aurea, for Home Harmonization. Golden Yellow - F-Aurea\",\"isPartOf\":{\"@id\":\"https:\/\/f-aurea.com\/#website\"},\"primaryImageOfPage\":{\"@id\":\"https:\/\/f-aurea.com\/negozio\/genesa-domus_aurea-golden-yellow\/#primaryimage\"},\"image\":{\"@id\":\"https:\/\/f-aurea.com\/negozio\/genesa-domus_aurea-golden-yellow\/#primaryimage\"},\"thumbnailUrl\":\"https:\/\/f-aurea.com\/wp-content\/uploads\/2022\/11\/DOMUS-ORO-1300x1300x72.jpg\",\"datePublished\":\"2022-11-04T10:14:45+00:00\",\"dateModified\":\"2024-09-24T12:28:47+00:00\",\"breadcrumb\":{\"@id\":\"https:\/\/f-aurea.com\/negozio\/genesa-domus_aurea-golden-yellow\/#breadcrumb\"},\"inLanguage\":\"it-IT\",\"potentialAction\":[{\"@type\":\"ReadAction\",\"target\":[\"https:\/\/f-aurea.com\/negozio\/genesa-domus_aurea-golden-yellow\/\"]}]},{\"@type\":\"ImageObject\",\"inLanguage\":\"it-IT\",\"@id\":\"https:\/\/f-aurea.com\/negozio\/genesa-domus_aurea-golden-yellow\/#primaryimage\",\"url\":\"https:\/\/f-aurea.com\/wp-content\/uploads\/2022\/11\/DOMUS-ORO-1300x1300x72.jpg\",\"contentUrl\":\"https:\/\/f-aurea.com\/wp-content\/uploads\/2022\/11\/DOMUS-ORO-1300x1300x72.jpg\",\"width\":1300,\"height\":1300,\"caption\":\"Genesa, Genese, Phi, Golden Ratio, Energie Sottili, Subtle Energy, Etere, Ether, Forze Eteriche, Etheric Forces, Onda di Forma, Shape Form, Gold, Oro, Domus, Hartmann Nodes, Hartmann Grid, Nodi Hartmann, Geopatie, Ricalibrazione Planetaria, F-Aurea Etheric Informative Field, Campo Informativo Eterico F-Aurea, Healing, Healing Energies, Meditation, geopatie, geobiologia, armonizzazione ambientale, nodi curry, curry nodes, curry grid, 5G,\"},{\"@type\":\"BreadcrumbList\",\"@id\":\"https:\/\/f-aurea.com\/negozio\/genesa-domus_aurea-golden-yellow\/#breadcrumb\",\"itemListElement\":[{\"@type\":\"ListItem\",\"position\":1,\"name\":\"Home\",\"item\":\"https:\/\/f-aurea.com\/\"},{\"@type\":\"ListItem\",\"position\":2,\"name\":\"Shop\",\"item\":\"https:\/\/f-aurea.com\/negozio\/\"},{\"@type\":\"ListItem\",\"position\":3,\"name\":\"Genesa Domus_Aurea, for Home Harmonization. Golden Yellow\"}]},{\"@type\":\"WebSite\",\"@id\":\"https:\/\/f-aurea.com\/#website\",\"url\":\"https:\/\/f-aurea.com\/\",\"name\":\"F-Aurea\",\"description\":\"\",\"publisher\":{\"@id\":\"https:\/\/f-aurea.com\/#organization\"},\"potentialAction\":[{\"@type\":\"SearchAction\",\"target\":{\"@type\":\"EntryPoint\",\"urlTemplate\":\"https:\/\/f-aurea.com\/?s={search_term_string}\"},\"query-input\":{\"@type\":\"PropertyValueSpecification\",\"valueRequired\":true,\"valueName\":\"search_term_string\"}}],\"inLanguage\":\"it-IT\"},{\"@type\":\"Organization\",\"@id\":\"https:\/\/f-aurea.com\/#organization\",\"name\":\"F-Aurea\",\"url\":\"https:\/\/f-aurea.com\/\",\"logo\":{\"@type\":\"ImageObject\",\"inLanguage\":\"it-IT\",\"@id\":\"https:\/\/f-aurea.com\/#\/schema\/logo\/image\/\",\"url\":\"https:\/\/f-aurea.com\/wp-content\/uploads\/2022\/05\/Logo-F-Aurea-oro-con-testo-bianco-2000-px.png\",\"contentUrl\":\"https:\/\/f-aurea.com\/wp-content\/uploads\/2022\/05\/Logo-F-Aurea-oro-con-testo-bianco-2000-px.png\",\"width\":2000,\"height\":1242,\"caption\":\"F-Aurea\"},\"image\":{\"@id\":\"https:\/\/f-aurea.com\/#\/schema\/logo\/image\/\"},\"sameAs\":[\"https:\/\/www.facebook.com\/manlio.didonato\/\",\"https:\/\/www.instagram.com\/manlio_ignisrebirth\/\"]}]}<\/script>\n<!-- \/ Yoast SEO plugin. -->","yoast_head_json":{"title":"Genesa Domus_Aurea, for Home Harmonization. Golden Yellow - F-Aurea","robots":{"index":"index","follow":"follow","max-snippet":"max-snippet:-1","max-image-preview":"max-image-preview:large","max-video-preview":"max-video-preview:-1"},"canonical":"https:\/\/f-aurea.com\/it\/negozio\/genesa-domus_aurea-golden-yellow\/","og_locale":"it_IT","og_type":"article","og_title":"Genesa Domus_Aurea, for Home Harmonization. Golden Yellow - F-Aurea","og_description":"The Genesa Domus_Aurea\u00a0works into advanced home environment harmonization. The Domus F-Aurea Informational Field\u00a0is anchored in it, which works by reshaping and making a vast range of etheric environmental aspects consonant with life, including: Hartmann Grid and Nodes; Curry Grid and Nodes; Cemetery Ether; etc..\u00a0The\u00a0Genesa\u00a0produces a wave-shaped effect that around itself tends to energies the ambient ether in the room where it is placed, while inside it tends to create an etheric condensation effect. We have exploited this dynamic to make the Domus_Aurea F-Aurea Informational Field even more performing and capable of operating with greater intensity, but also for the beauty and harmony of the shape.","og_url":"https:\/\/f-aurea.com\/it\/negozio\/genesa-domus_aurea-golden-yellow\/","og_site_name":"F-Aurea","article_publisher":"https:\/\/www.facebook.com\/manlio.didonato\/","article_modified_time":"2024-09-24T12:28:47+00:00","og_image":[{"width":1300,"height":1300,"url":"https:\/\/f-aurea.com\/wp-content\/uploads\/2022\/11\/DOMUS-ORO-1300x1300x72.jpg","type":"image\/jpeg"}],"twitter_card":"summary_large_image","twitter_misc":{"Tempo di lettura stimato":"6 minuti"},"schema":{"@context":"https:\/\/schema.org","@graph":[{"@type":"WebPage","@id":"https:\/\/f-aurea.com\/negozio\/genesa-domus_aurea-golden-yellow\/","url":"https:\/\/f-aurea.com\/negozio\/genesa-domus_aurea-golden-yellow\/","name":"Genesa Domus_Aurea, for Home Harmonization. Golden Yellow - F-Aurea","isPartOf":{"@id":"https:\/\/f-aurea.com\/#website"},"primaryImageOfPage":{"@id":"https:\/\/f-aurea.com\/negozio\/genesa-domus_aurea-golden-yellow\/#primaryimage"},"image":{"@id":"https:\/\/f-aurea.com\/negozio\/genesa-domus_aurea-golden-yellow\/#primaryimage"},"thumbnailUrl":"https:\/\/f-aurea.com\/wp-content\/uploads\/2022\/11\/DOMUS-ORO-1300x1300x72.jpg","datePublished":"2022-11-04T10:14:45+00:00","dateModified":"2024-09-24T12:28:47+00:00","breadcrumb":{"@id":"https:\/\/f-aurea.com\/negozio\/genesa-domus_aurea-golden-yellow\/#breadcrumb"},"inLanguage":"it-IT","potentialAction":[{"@type":"ReadAction","target":["https:\/\/f-aurea.com\/negozio\/genesa-domus_aurea-golden-yellow\/"]}]},{"@type":"ImageObject","inLanguage":"it-IT","@id":"https:\/\/f-aurea.com\/negozio\/genesa-domus_aurea-golden-yellow\/#primaryimage","url":"https:\/\/f-aurea.com\/wp-content\/uploads\/2022\/11\/DOMUS-ORO-1300x1300x72.jpg","contentUrl":"https:\/\/f-aurea.com\/wp-content\/uploads\/2022\/11\/DOMUS-ORO-1300x1300x72.jpg","width":1300,"height":1300,"caption":"Genesa, Genese, Phi, Golden Ratio, Energie Sottili, Subtle Energy, Etere, Ether, Forze Eteriche, Etheric Forces, Onda di Forma, Shape Form, Gold, Oro, Domus, Hartmann Nodes, Hartmann Grid, Nodi Hartmann, Geopatie, Ricalibrazione Planetaria, F-Aurea Etheric Informative Field, Campo Informativo Eterico F-Aurea, Healing, Healing Energies, Meditation, geopatie, geobiologia, armonizzazione ambientale, nodi curry, curry nodes, curry grid, 5G,"},{"@type":"BreadcrumbList","@id":"https:\/\/f-aurea.com\/negozio\/genesa-domus_aurea-golden-yellow\/#breadcrumb","itemListElement":[{"@type":"ListItem","position":1,"name":"Home","item":"https:\/\/f-aurea.com\/"},{"@type":"ListItem","position":2,"name":"Shop","item":"https:\/\/f-aurea.com\/negozio\/"},{"@type":"ListItem","position":3,"name":"Genesa Domus_Aurea, for Home Harmonization. Golden Yellow"}]},{"@type":"WebSite","@id":"https:\/\/f-aurea.com\/#website","url":"https:\/\/f-aurea.com\/","name":"F-Aurea","description":"","publisher":{"@id":"https:\/\/f-aurea.com\/#organization"},"potentialAction":[{"@type":"SearchAction","target":{"@type":"EntryPoint","urlTemplate":"https:\/\/f-aurea.com\/?s={search_term_string}"},"query-input":{"@type":"PropertyValueSpecification","valueRequired":true,"valueName":"search_term_string"}}],"inLanguage":"it-IT"},{"@type":"Organization","@id":"https:\/\/f-aurea.com\/#organization","name":"F-Aurea","url":"https:\/\/f-aurea.com\/","logo":{"@type":"ImageObject","inLanguage":"it-IT","@id":"https:\/\/f-aurea.com\/#\/schema\/logo\/image\/","url":"https:\/\/f-aurea.com\/wp-content\/uploads\/2022\/05\/Logo-F-Aurea-oro-con-testo-bianco-2000-px.png","contentUrl":"https:\/\/f-aurea.com\/wp-content\/uploads\/2022\/05\/Logo-F-Aurea-oro-con-testo-bianco-2000-px.png","width":2000,"height":1242,"caption":"F-Aurea"},"image":{"@id":"https:\/\/f-aurea.com\/#\/schema\/logo\/image\/"},"sameAs":["https:\/\/www.facebook.com\/manlio.didonato\/","https:\/\/www.instagram.com\/manlio_ignisrebirth\/"]}]}},"_links":{"self":[{"href":"https:\/\/f-aurea.com\/it\/wp-json\/wp\/v2\/product\/3552","targetHints":{"allow":["GET"]}}],"collection":[{"href":"https:\/\/f-aurea.com\/it\/wp-json\/wp\/v2\/product"}],"about":[{"href":"https:\/\/f-aurea.com\/it\/wp-json\/wp\/v2\/types\/product"}],"replies":[{"embeddable":true,"href":"https:\/\/f-aurea.com\/it\/wp-json\/wp\/v2\/comments?post=3552"}],"wp:featuredmedia":[{"embeddable":true,"href":"https:\/\/f-aurea.com\/it\/wp-json\/wp\/v2\/media\/3528"}],"wp:attachment":[{"href":"https:\/\/f-aurea.com\/it\/wp-json\/wp\/v2\/media?parent=3552"}],"wp:term":[{"taxonomy":"product_brand","embeddable":true,"href":"https:\/\/f-aurea.com\/it\/wp-json\/wp\/v2\/product_brand?post=3552"},{"taxonomy":"product_cat","embeddable":true,"href":"https:\/\/f-aurea.com\/it\/wp-json\/wp\/v2\/product_cat?post=3552"},{"taxonomy":"product_tag","embeddable":true,"href":"https:\/\/f-aurea.com\/it\/wp-json\/wp\/v2\/product_tag?post=3552"}],"curies":[{"name":"wp","href":"https:\/\/api.w.org\/{rel}","templated":true}]}}