{"id":3653,"date":"2022-11-06T16:44:37","date_gmt":"2022-11-06T15:44:37","guid":{"rendered":"https:\/\/f-aurea.com\/?post_type=product&#038;p=3653"},"modified":"2026-02-24T16:48:44","modified_gmt":"2026-02-24T15:48:44","slug":"4-alchemical-elements-rebalance-cards-set","status":"publish","type":"product","link":"https:\/\/f-aurea.com\/it\/negozio\/4-alchemical-elements-rebalance-cards-set\/","title":{"rendered":"Campi Informativi dei 4 Elementi Alchemici Set di equilibrio eterico avanzato"},"content":{"rendered":"<p>Le tessere vanno usate tenendole nelle mani oppure appoggiate sul corpo durante una sessione. Sono studiate per potenziare e rendere pi\u00f9 efficienti le pratiche ed arti di \"guarigione energetica spirituale\", benessere e massaggio che come operatore hai gi\u00e0 appreso. Ad esempio: Yoga, costellazioni familiari, meditazione, mindfulness, registri akashici, kinesiologia, qi gong, shiatsu, tuina, reiki, channeling, thetahealing, pranoterapia, medianicit\u00e0, vie tantriche, <span style=\"color: #cda434\"><strong>Ricalibrazione Planetaria<\/strong><\/span> ed i metodi F-Aurea per le quali sono state create.\nPossono venire usate una alla volta oppure in combinazione le une con le altre. <a href=\"http:\/\/terracuore.it\" target=\"_blank\" rel=\"noopener\"><strong><span style=\"color: #cda434;\">Ricalibrazione Planetaria\u00ae<\/span><\/strong><\/a> practice and <a href=\"https:\/\/f-aurea.com\/it\/negozio\/eng-ignis-rebirth-courses\/\" target=\"_blank\" rel=\"noopener\"><span style=\"color: #cda434;\"><strong>Ignis Rebirth<\/strong><\/span><\/a> for which they are born, etc. But they can also be used alone, one at time, combined or all four at the same time, or together with the others F-Aurea Cards and tools.<\/p>\n<p style=\"padding-left: 40px;\" class=\"translation-block\"><span style=\"color: #cda434\"><strong>FOCVS.<\/strong><\/span> Etere del Focvs ovvero l'elemento Fuoco della tradizione latina. Elemento purificante ed attivante, portatore di dinamismo, motore di co-creazione. L'Essenza del Focvs amplifica l'efficacia delle altre pratiche e Campi Informativi. Focvs in meditazione stimola la scintilla del riconoscere \"io sono\" il principio di identit\u00e0 dell'essere.<\/p>\n<p style=\"padding-left: 40px;\" class=\"translation-block\"><span style=\"color: #cda434\"><strong>AQVA.<\/strong><\/span> Etere dell'Aqva ovvero l'elemento Acqua della tradizione latina. Elemento fluido e profondo, legato al sentire alla capacit\u00e0 percettiva e di interiorizzazione. Aqva in meditazione pu\u00f2 venire impiegato per pulire i filtri della percezione e riconnettersi col proprio sentire di coscienza, ma anche in pratiche di accesso alla memoria d'anima o di rilascio del passato e delle emozioni che ristagnano.<\/p>\n<p style=\"padding-left: 40px;\" class=\"translation-block\"><span style=\"color: #cda434\"><strong>AER.<\/strong><\/span> Etere dell'Aer ovvero l'elemento Aria della tradizione latina. Aer \u00e8 una forza utile alla purificazione del mentale, ma anche al portare in meditazione chiarezza interiore su di se e sui propri obiettivi. Aer in meditazione stimola la creativit\u00e0, l'ingegno, la capacit\u00e0 di pensiero trasversale e la comunicazione.<\/p>\n<p style=\"padding-left: 40px;\" class=\"translation-block\"><span style=\"color: #cda434\"><strong>TERRA.<\/strong><\/span> Etere dell'Elemento Terra della tradizione latina. Esso pu\u00f2 venire impiegato in pratiche per riconnettersi alla propria capacit\u00e0 di agire materialmente e concretamente, ma anche in pratiche di riconnessione con il corpo e la materia, verso il superamento del dualismo spirito-materia. In quanto completa idealmente il ciclo dei 4 elementi, Terra \u00e8 anche l'elemento stabilizzante e centrante, attivante forza e resistenza.<\/p>\n<p>Cos\u00ec come ogni Campi Informativo F-Aurea, opera multidimensionalmente e non necessita di manutenzione alcuna, il Campo \u00e8 eterno, cos\u00ec come descritto nei nostri libri e pubblicazioni.<\/p>\n<p class=\"translation-block\">In queste tessere abbiamo scelto di fissare quattro Campi Eterici che portano raffinati i 4 elementi della <span style=\"color: #cda434\"><strong>Tradizione Latina ed Alchemica<\/strong><\/span> in quanto tali tradizioni sono pi\u00f9 affini ai nostri studi e percorsi. Potresti trovare alcune affinit\u00e0 con gli elementi di altre tradizioni, ad esempio della cultura Taoista Cinese, ma anche di quella Greca o Induista, ma essi sono Forze Eteriche differenti.<\/p>\n<div class=\"icon\"><div class=\"fusion-content-boxes content-boxes columns row fusion-columns-1 fusion-columns-total-3 fusion-content-boxes-1 content-boxes-icon-with-title content-left\" style=\"--awb-hover-accent-color:var(--awb-color5);--awb-circle-hover-accent-color:var(--awb-color5);--awb-item-margin-bottom:40px;\" data-animationoffset=\"top-into-view\"><div style=\"--awb-backgroundcolor:transparent;\" class=\"fusion-column content-box-column content-box-column content-box-column-2 col-lg-12 col-md-12 col-sm-12 fusion-content-box-hover content-box-column-last-in-row\"><div class=\"col content-box-wrapper content-wrapper link-area-link-icon icon-hover-animation-pulsate\" data-animationoffset=\"top-into-view\"><div class=\"heading heading-with-icon icon-left\"><div class=\"icon\"><i style=\"border-color:#cda434;border-width:0px;background-color:#cda434;box-sizing:content-box;height:84px;width:84px;line-height:84px;border-radius:50%;font-size:42px;\" aria-hidden=\"true\" class=\"fontawesome-icon fa-hand-holding-heart fas circle-yes\"><\/i><\/div><h3 class=\"content-box-heading fusion-responsive-typography-calculated\" style=\"--h3_typography-font-size:20px;--fontSize:20;line-height:1.5;\">Adatta per<\/h3><\/div><div class=\"fusion-clearfix\"><\/div><div class=\"content-container\"><\/div>\n<div>\n<p>Pratica olistica energetica professionale. Sessioni di meditazione.<\/p>\n<p>Le tessere vanno usate:<\/p>\n<p style=\"padding-left: 40px;\">Tenute in mano durante la meditazione.<\/p>\n<p style=\"padding-left: 40px;\">Appoggiate sul corpo durante le sessioni.<\/p>\n<p style=\"padding-left: 40px;\">Cos\u00ec come descritto come supporto a varie pratiche dette di \"guarigione spirituale\", benessere e massaggio.<\/p>\n<h4><span style=\"color: #cda434;\">CONSIGLI &amp; SUGGERIMENTI<\/span><\/h4>\n<p>Le prime volte di utilizzo potranno conferire sensazioni intense, di focus, energia, dinamismo ma anche l'opposto. Per questo si suggerisce di usare le tessere per brevi periodi di tempo in modo da abituarsi gradualmente. \n\nCol tempo il campo eterico personale si abituer\u00e0 agli effetti dati dalla profonda pulizia e rimodulazione eterica tendendo a mantenerli. Quando questo avviene potr\u00e0 dare l'impressione che non si percepiscano pi\u00f9 le sensazioni iniziali. Tuttavia sar\u00e0 sufficiente eseguire dei test radiestesici o di percezione eterica manuale per rilevare la piena efficienza del Campo Informativo F-Aurea.\u00a0Il campo informativo in essa ancorato non si sporca ne esaurisce mai, \u00e8 frutto degli studi e delle ricerche di Francesco Verticchio, di Manlio Di Donato e del Gruppo F-Aurea. Non \u00e8 radionica, non opera tramite onda di forma ma la usa come vettore, non opera tramite simboli.\n\nNon \u00e8 un giocattolo, i bordi possono essere taglianti, inadatto nelle mani dei bambini.<\/p>\n<\/div>\n<p class=\"western\" lang=\"it-IT\"><span lang=\"it-IT\"><b>Non \u00e8 sostitutivo della pratica medica. Tutti gli effetti indicati si basano su nostre ricerche e studi interni, senza pretesa di scientificit\u00e0.\u00a0<\/b><\/span><\/p>\n<p><span style=\"color: #cda434;\"><strong>NON USARE QUANDO:<\/strong><\/span><\/p>\n<p align=\"JUSTIFY\">Suggeriamo di <strong>NON USARE<\/strong> i nostri oli da massaggio, libri, tecniche, percorsi, campi informativi, insieme con l'assunzione di sostanze stupefacenti, anche se si dovesse trattare di cosidette \"piante sacre\", quali Ayahuasca, San Pedro, ecc.. I nostri strumenti sono inadatti se siete sotto l'effetto di tali sostanze, o se ne fate uso abituale. Vi consigliamo anche di <strong>NON USARE<\/strong> le nostre pratiche, libri, percorsi, campi informativi, se vi trovate in condizioni di squilibrio psichiatrico, o fragilit\u00e0 psicologica, o se siete sotto l'assistenza di personale medico psichiatrico. Consultate il medico curante per verificare se un percorso di meditazione e ci\u00f2 che proponiamo \u00e8 compatibile con le cure prescritte.<\/p>\n<blockquote>\n<p class=\"western\" lang=\"it-IT\"><span lang=\"it-IT\" style=\"color: #cda434;\"><b>Scheda Tecnica<\/b><\/span><\/p>\n<p class=\"western\" lang=\"it-IT\"><span lang=\"it-IT\"><b>Materiale:<\/b><\/span> Alluminio, pu\u00f2 contenere nickel.<\/p>\n<p lang=\"it-IT\"><strong>Colore<\/strong> Red (Focvs Element), Steel White (Aer Element), Blue (Aqva Element), Green (Terra Element).<\/p>\n<p class=\"western translation-block\" lang=\"it-IT\">Dimensioni: 5,4 cm x 8,6 cm. Spessore 0,5 mm<\/p>\n<p class=\"western\" lang=\"it-IT\"><span lang=\"it-IT\"><b>Campo Informativo<\/b><\/span>: Focvs F-Aurea x1. Aer F-Aurea x1. Aqva F-Aurea x1. Terra F-Aurea x1.<\/p>\n<\/blockquote>\n<p lang=\"it-IT\"><div class=\"fusion-content-boxes content-boxes columns row fusion-columns-1 fusion-columns-total-0 fusion-content-boxes-1 content-boxes-icon-with-title content-left\" style=\"--awb-hover-accent-color:var(--awb-color5);--awb-circle-hover-accent-color:var(--awb-color5);--awb-item-margin-bottom:40px;\" data-animationoffset=\"top-into-view\"><div class=\"fusion-clearfix\"><\/div><\/div><div style=\"--awb-backgroundcolor:transparent;\" class=\"fusion-column content-box-column content-box-column content-box-column-1 col-lg-12 col-md-12 col-sm-12 fusion-content-box-hover content-box-column-last-in-row\"><div class=\"col content-box-wrapper content-wrapper link-area-link-icon icon-hover-animation-pulsate\" data-animationoffset=\"top-into-view\"><div class=\"heading heading-with-icon icon-left\"><div class=\"icon\"><i style=\"border-color:#cda434;border-width:0px;background-color:#cda434;box-sizing:content-box;height:84px;width:84px;line-height:84px;border-radius:50%;font-size:42px;\" aria-hidden=\"true\" class=\"fontawesome-icon fa-credit-card fas circle-yes\"><\/i><\/div><h3 class=\"content-box-heading fusion-responsive-typography-calculated\" style=\"--h3_typography-font-size:20px;--fontSize:20;line-height:1.5;\">Pagamento<\/h3><\/div><\/div><\/div><\/p>\n<p>Accettiamo i seguenti metodi di pagamento:<\/p>\n<ul>\n<li>Carta di credito \\ carta di debito<\/li>\n<li>Trasferimento bancario sul nostro conto corrente<\/li>\n<li>Paypal<\/li>\n<\/ul>\n<p lang=\"it-IT\"><\/div><\/div><\/div><div style=\"--awb-backgroundcolor:transparent;\" class=\"fusion-column content-box-column content-box-column content-box-column-3 col-lg-12 col-md-12 col-sm-12 fusion-content-box-hover content-box-column-last-in-row\"><div class=\"col content-box-wrapper content-wrapper link-area-link-icon icon-hover-animation-pulsate\" data-animationoffset=\"top-into-view\"><div class=\"heading heading-with-icon icon-left\"><div class=\"icon\"><i style=\"border-color:#cda434;border-width:0px;background-color:#cda434;box-sizing:content-box;height:84px;width:84px;line-height:84px;border-radius:50%;font-size:42px;\" aria-hidden=\"true\" class=\"fontawesome-icon fa-shipping-fast fas circle-yes\"><\/i><\/div><h3 class=\"content-box-heading fusion-responsive-typography-calculated\" style=\"--h3_typography-font-size:20px;--fontSize:20;line-height:1.5;\">Spedizione<\/h3><\/div><div class=\"fusion-clearfix\"><\/div><div class=\"content-container\"><\/p>\n<p>A meno che non sia specificato diversamente (per alcuni prodotti), ogni ordine viene spedito entro 2-3 giorni lavorativi dal momento in cui il pagamento viene verificato (da luned\u00ec a venerd\u00ec). \nI prodotti scaricabili dal sito sono immediatamente disponibili dal momento in cui il pagamento viene verificato. Questo solitamente avviene in automatico per le carte di credito\\debito. Se invece opti per un versamento bancario potr\u00e0 trascorrere qualche giorno.<\/p>\n<p>Quando prenoti la tua partecipazione ad un corso riceverai un email con le date e gli orari a partire dai quali sar\u00e0 possibile scaricare le lezioni.<\/p>\n<p>Se acquisti contenuto digitale, come Ebook e Percorsi Olistici questi sono sempre disponibili per il download, cos\u00ec come specificato nella pagina <a href=\"https:\/\/f-aurea.com\/it\/terms_and_conditions\/\" target=\"_blank\" rel=\"noopener\">Terms and Conditions<\/a> page.<\/p>\n<p>I pacchi sono spediti da un magazzino in ITALIA a PADOVA, e solitamente arrivano in 2-3 giorni indipendentemente dal tipo di spedizione scelta (gratuita quando disponibile o assicurata a pagamento). Possiamo spedire in tutta Europa, e con qualche eccezione nel resto del mondo. Tuttavia \u00e8 richiesto del tempo extra per raggiungere alcune nazioni.<\/p>\n<p><strong>Sei pregato di contattarci per ogni chiarimento in merito alle spedizioni.<\/strong><\/p>\n<p lang=\"it-IT\"><\/div><\/div><\/div><div class=\"fusion-clearfix\"><\/div><\/div><\/p>\n<p><strong>Politica dei Resi<\/strong><\/p>\n<p>Come indicato nella pagina <strong><a href=\"https:\/\/f-aurea.com\/it\/terms_and_conditions\/\" target=\"_blank\" rel=\"noopener\">Terms and Conditions<\/a><\/strong> . Nel caso tu non sia soddisfatto dell'acquisto come da regolamento Europeo puoi inoltrare un reclamo entro 14 giorni da quando hai ricevuto gli articoli da te acquistati. Quindi puoi chiedere un rimborso od una sostituzione del prodotto (nel caso in cui esso arrivi danneggiato).<\/p>\n<p>Si prega di notare che i resti sono accettati entro 14 giorni lavorativi dalla data in cui il corriere consegna il paggo.<\/p>\n<p>Per essere restituiti gli articoli devono trovarsi nelle stesse condizioni in cui li hai ricevuti. In accordo con le vigenti leggi europee, Integratori erboristici alimentari, cosmetici, ed oli da massaggio, non sono accettati come resi.<\/p>","protected":false},"excerpt":{"rendered":"<p class=\"translation-block\">Il set dei <span style=\"color: #cda434\"><strong>4 elementi alchemici<\/strong><\/span> \u00e8 creato per fornire strumenti olistici potenti, precisi e profondi che possano dare un concreto beneficio nelle pratiche di cosiddetta \"guarigione spirituale\". Il Campo di ogni elemento porta consonanza e purifica il corrispondente elemento della tradizione latina.<\/p>\n<p class=\"translation-block\">Ogni tessera <span style=\"color: #cda434\"><strong>F-Aurea<\/strong><\/span> \u00e8 un supporto artistico appositamente creato per un Campo Informativo.<\/p>","protected":false},"featured_media":3688,"comment_status":"open","ping_status":"closed","template":"","meta":{"_acf_changed":false},"product_brand":[],"product_cat":[88],"product_tag":[],"class_list":{"0":"post-3653","1":"product","2":"type-product","3":"status-publish","4":"has-post-thumbnail","6":"product_cat-informative-fields","8":"first","9":"instock","10":"taxable","11":"shipping-taxable","12":"purchasable","13":"product-type-simple"},"acf":[],"yoast_head":"<!-- This site is optimized with the Yoast SEO plugin v27.2 - https:\/\/yoast.com\/product\/yoast-seo-wordpress\/ -->\n<title>4 Alchemical Elements, Rebalance Cards Set - F-Aurea<\/title>\n<meta name=\"robots\" content=\"index, follow, max-snippet:-1, max-image-preview:large, max-video-preview:-1\" \/>\n<link rel=\"canonical\" href=\"https:\/\/f-aurea.com\/it\/negozio\/4-alchemical-elements-rebalance-cards-set\/\" \/>\n<meta property=\"og:locale\" content=\"it_IT\" \/>\n<meta property=\"og:type\" content=\"article\" \/>\n<meta property=\"og:title\" content=\"4 Alchemical Elements, Rebalance Cards Set - F-Aurea\" \/>\n<meta property=\"og:description\" content=\"The Alchemical Elements Set of four cards is designed to experience, learn, experiment and practice with the F-Aurea Etheric Fields, the ether of the 4 alchemical elements as of the ancient latin tradiction. The F-Aurea fields will empower, bring consonance, clean and purify the ether of the corresponding element. This will also have secondary beneficial effect over what that ether is in resonance with.  Each F-Aurea Card is an artistic and purposeful support for an F-Aurea Informational Field.\" \/>\n<meta property=\"og:url\" content=\"https:\/\/f-aurea.com\/it\/negozio\/4-alchemical-elements-rebalance-cards-set\/\" \/>\n<meta property=\"og:site_name\" content=\"F-Aurea\" \/>\n<meta property=\"article:publisher\" content=\"https:\/\/www.facebook.com\/manlio.didonato\/\" \/>\n<meta property=\"article:modified_time\" content=\"2026-02-24T15:48:44+00:00\" \/>\n<meta property=\"og:image\" content=\"https:\/\/f-aurea.com\/wp-content\/uploads\/2022\/11\/4-ELEMENTS-5.jpg\" \/>\n\t<meta property=\"og:image:width\" content=\"1300\" \/>\n\t<meta property=\"og:image:height\" content=\"1300\" \/>\n\t<meta property=\"og:image:type\" content=\"image\/jpeg\" \/>\n<meta name=\"twitter:card\" content=\"summary_large_image\" \/>\n<meta name=\"twitter:label1\" content=\"Tempo di lettura stimato\" \/>\n\t<meta name=\"twitter:data1\" content=\"6 minuti\" \/>\n<script type=\"application\/ld+json\" class=\"yoast-schema-graph\">{\"@context\":\"https:\/\/schema.org\",\"@graph\":[{\"@type\":\"WebPage\",\"@id\":\"https:\/\/f-aurea.com\/negozio\/4-alchemical-elements-rebalance-cards-set\/\",\"url\":\"https:\/\/f-aurea.com\/negozio\/4-alchemical-elements-rebalance-cards-set\/\",\"name\":\"4 Alchemical Elements, Rebalance Cards Set - F-Aurea\",\"isPartOf\":{\"@id\":\"https:\/\/f-aurea.com\/#website\"},\"primaryImageOfPage\":{\"@id\":\"https:\/\/f-aurea.com\/negozio\/4-alchemical-elements-rebalance-cards-set\/#primaryimage\"},\"image\":{\"@id\":\"https:\/\/f-aurea.com\/negozio\/4-alchemical-elements-rebalance-cards-set\/#primaryimage\"},\"thumbnailUrl\":\"https:\/\/f-aurea.com\/wp-content\/uploads\/2022\/11\/4-ELEMENTS-5.jpg\",\"datePublished\":\"2022-11-06T15:44:37+00:00\",\"dateModified\":\"2026-02-24T15:48:44+00:00\",\"breadcrumb\":{\"@id\":\"https:\/\/f-aurea.com\/negozio\/4-alchemical-elements-rebalance-cards-set\/#breadcrumb\"},\"inLanguage\":\"it-IT\",\"potentialAction\":[{\"@type\":\"ReadAction\",\"target\":[\"https:\/\/f-aurea.com\/negozio\/4-alchemical-elements-rebalance-cards-set\/\"]}]},{\"@type\":\"ImageObject\",\"inLanguage\":\"it-IT\",\"@id\":\"https:\/\/f-aurea.com\/negozio\/4-alchemical-elements-rebalance-cards-set\/#primaryimage\",\"url\":\"https:\/\/f-aurea.com\/wp-content\/uploads\/2022\/11\/4-ELEMENTS-5.jpg\",\"contentUrl\":\"https:\/\/f-aurea.com\/wp-content\/uploads\/2022\/11\/4-ELEMENTS-5.jpg\",\"width\":1300,\"height\":1300,\"caption\":\"Informative Field, Life Force, Life Energy, Card, Holofractality, Multidimensionality, Olofrattalit\u00e0, Multidimensionalit\u00e0, 4 element, alchemy, alchimia, 4 elementi alchemici, four alchemical elements, etere dei 4 elementi alchemici, aer, aqva, focvs, terra, trasnmutation, trasmutazione\"},{\"@type\":\"BreadcrumbList\",\"@id\":\"https:\/\/f-aurea.com\/negozio\/4-alchemical-elements-rebalance-cards-set\/#breadcrumb\",\"itemListElement\":[{\"@type\":\"ListItem\",\"position\":1,\"name\":\"Home\",\"item\":\"https:\/\/f-aurea.com\/\"},{\"@type\":\"ListItem\",\"position\":2,\"name\":\"Shop\",\"item\":\"https:\/\/f-aurea.com\/negozio\/\"},{\"@type\":\"ListItem\",\"position\":3,\"name\":\"4 Alchemical Elements, Rebalance Cards Set\"}]},{\"@type\":\"WebSite\",\"@id\":\"https:\/\/f-aurea.com\/#website\",\"url\":\"https:\/\/f-aurea.com\/\",\"name\":\"F-Aurea\",\"description\":\"\",\"publisher\":{\"@id\":\"https:\/\/f-aurea.com\/#organization\"},\"potentialAction\":[{\"@type\":\"SearchAction\",\"target\":{\"@type\":\"EntryPoint\",\"urlTemplate\":\"https:\/\/f-aurea.com\/?s={search_term_string}\"},\"query-input\":{\"@type\":\"PropertyValueSpecification\",\"valueRequired\":true,\"valueName\":\"search_term_string\"}}],\"inLanguage\":\"it-IT\"},{\"@type\":\"Organization\",\"@id\":\"https:\/\/f-aurea.com\/#organization\",\"name\":\"F-Aurea\",\"url\":\"https:\/\/f-aurea.com\/\",\"logo\":{\"@type\":\"ImageObject\",\"inLanguage\":\"it-IT\",\"@id\":\"https:\/\/f-aurea.com\/#\/schema\/logo\/image\/\",\"url\":\"https:\/\/f-aurea.com\/wp-content\/uploads\/2022\/05\/Logo-F-Aurea-oro-con-testo-bianco-2000-px.png\",\"contentUrl\":\"https:\/\/f-aurea.com\/wp-content\/uploads\/2022\/05\/Logo-F-Aurea-oro-con-testo-bianco-2000-px.png\",\"width\":2000,\"height\":1242,\"caption\":\"F-Aurea\"},\"image\":{\"@id\":\"https:\/\/f-aurea.com\/#\/schema\/logo\/image\/\"},\"sameAs\":[\"https:\/\/www.facebook.com\/manlio.didonato\/\",\"https:\/\/www.instagram.com\/manlio_ignisrebirth\/\"]}]}<\/script>\n<!-- \/ Yoast SEO plugin. -->","yoast_head_json":{"title":"4 Alchemical Elements, Rebalance Cards Set - F-Aurea","robots":{"index":"index","follow":"follow","max-snippet":"max-snippet:-1","max-image-preview":"max-image-preview:large","max-video-preview":"max-video-preview:-1"},"canonical":"https:\/\/f-aurea.com\/it\/negozio\/4-alchemical-elements-rebalance-cards-set\/","og_locale":"it_IT","og_type":"article","og_title":"4 Alchemical Elements, Rebalance Cards Set - F-Aurea","og_description":"The Alchemical Elements Set of four cards is designed to experience, learn, experiment and practice with the F-Aurea Etheric Fields, the ether of the 4 alchemical elements as of the ancient latin tradiction. The F-Aurea fields will empower, bring consonance, clean and purify the ether of the corresponding element. This will also have secondary beneficial effect over what that ether is in resonance with.  Each F-Aurea Card is an artistic and purposeful support for an F-Aurea Informational Field.","og_url":"https:\/\/f-aurea.com\/it\/negozio\/4-alchemical-elements-rebalance-cards-set\/","og_site_name":"F-Aurea","article_publisher":"https:\/\/www.facebook.com\/manlio.didonato\/","article_modified_time":"2026-02-24T15:48:44+00:00","og_image":[{"width":1300,"height":1300,"url":"https:\/\/f-aurea.com\/wp-content\/uploads\/2022\/11\/4-ELEMENTS-5.jpg","type":"image\/jpeg"}],"twitter_card":"summary_large_image","twitter_misc":{"Tempo di lettura stimato":"6 minuti"},"schema":{"@context":"https:\/\/schema.org","@graph":[{"@type":"WebPage","@id":"https:\/\/f-aurea.com\/negozio\/4-alchemical-elements-rebalance-cards-set\/","url":"https:\/\/f-aurea.com\/negozio\/4-alchemical-elements-rebalance-cards-set\/","name":"4 Alchemical Elements, Rebalance Cards Set - F-Aurea","isPartOf":{"@id":"https:\/\/f-aurea.com\/#website"},"primaryImageOfPage":{"@id":"https:\/\/f-aurea.com\/negozio\/4-alchemical-elements-rebalance-cards-set\/#primaryimage"},"image":{"@id":"https:\/\/f-aurea.com\/negozio\/4-alchemical-elements-rebalance-cards-set\/#primaryimage"},"thumbnailUrl":"https:\/\/f-aurea.com\/wp-content\/uploads\/2022\/11\/4-ELEMENTS-5.jpg","datePublished":"2022-11-06T15:44:37+00:00","dateModified":"2026-02-24T15:48:44+00:00","breadcrumb":{"@id":"https:\/\/f-aurea.com\/negozio\/4-alchemical-elements-rebalance-cards-set\/#breadcrumb"},"inLanguage":"it-IT","potentialAction":[{"@type":"ReadAction","target":["https:\/\/f-aurea.com\/negozio\/4-alchemical-elements-rebalance-cards-set\/"]}]},{"@type":"ImageObject","inLanguage":"it-IT","@id":"https:\/\/f-aurea.com\/negozio\/4-alchemical-elements-rebalance-cards-set\/#primaryimage","url":"https:\/\/f-aurea.com\/wp-content\/uploads\/2022\/11\/4-ELEMENTS-5.jpg","contentUrl":"https:\/\/f-aurea.com\/wp-content\/uploads\/2022\/11\/4-ELEMENTS-5.jpg","width":1300,"height":1300,"caption":"Informative Field, Life Force, Life Energy, Card, Holofractality, Multidimensionality, Olofrattalit\u00e0, Multidimensionalit\u00e0, 4 element, alchemy, alchimia, 4 elementi alchemici, four alchemical elements, etere dei 4 elementi alchemici, aer, aqva, focvs, terra, trasnmutation, trasmutazione"},{"@type":"BreadcrumbList","@id":"https:\/\/f-aurea.com\/negozio\/4-alchemical-elements-rebalance-cards-set\/#breadcrumb","itemListElement":[{"@type":"ListItem","position":1,"name":"Home","item":"https:\/\/f-aurea.com\/"},{"@type":"ListItem","position":2,"name":"Shop","item":"https:\/\/f-aurea.com\/negozio\/"},{"@type":"ListItem","position":3,"name":"4 Alchemical Elements, Rebalance Cards Set"}]},{"@type":"WebSite","@id":"https:\/\/f-aurea.com\/#website","url":"https:\/\/f-aurea.com\/","name":"F-Aurea","description":"","publisher":{"@id":"https:\/\/f-aurea.com\/#organization"},"potentialAction":[{"@type":"SearchAction","target":{"@type":"EntryPoint","urlTemplate":"https:\/\/f-aurea.com\/?s={search_term_string}"},"query-input":{"@type":"PropertyValueSpecification","valueRequired":true,"valueName":"search_term_string"}}],"inLanguage":"it-IT"},{"@type":"Organization","@id":"https:\/\/f-aurea.com\/#organization","name":"F-Aurea","url":"https:\/\/f-aurea.com\/","logo":{"@type":"ImageObject","inLanguage":"it-IT","@id":"https:\/\/f-aurea.com\/#\/schema\/logo\/image\/","url":"https:\/\/f-aurea.com\/wp-content\/uploads\/2022\/05\/Logo-F-Aurea-oro-con-testo-bianco-2000-px.png","contentUrl":"https:\/\/f-aurea.com\/wp-content\/uploads\/2022\/05\/Logo-F-Aurea-oro-con-testo-bianco-2000-px.png","width":2000,"height":1242,"caption":"F-Aurea"},"image":{"@id":"https:\/\/f-aurea.com\/#\/schema\/logo\/image\/"},"sameAs":["https:\/\/www.facebook.com\/manlio.didonato\/","https:\/\/www.instagram.com\/manlio_ignisrebirth\/"]}]}},"_links":{"self":[{"href":"https:\/\/f-aurea.com\/it\/wp-json\/wp\/v2\/product\/3653","targetHints":{"allow":["GET"]}}],"collection":[{"href":"https:\/\/f-aurea.com\/it\/wp-json\/wp\/v2\/product"}],"about":[{"href":"https:\/\/f-aurea.com\/it\/wp-json\/wp\/v2\/types\/product"}],"replies":[{"embeddable":true,"href":"https:\/\/f-aurea.com\/it\/wp-json\/wp\/v2\/comments?post=3653"}],"wp:featuredmedia":[{"embeddable":true,"href":"https:\/\/f-aurea.com\/it\/wp-json\/wp\/v2\/media\/3688"}],"wp:attachment":[{"href":"https:\/\/f-aurea.com\/it\/wp-json\/wp\/v2\/media?parent=3653"}],"wp:term":[{"taxonomy":"product_brand","embeddable":true,"href":"https:\/\/f-aurea.com\/it\/wp-json\/wp\/v2\/product_brand?post=3653"},{"taxonomy":"product_cat","embeddable":true,"href":"https:\/\/f-aurea.com\/it\/wp-json\/wp\/v2\/product_cat?post=3653"},{"taxonomy":"product_tag","embeddable":true,"href":"https:\/\/f-aurea.com\/it\/wp-json\/wp\/v2\/product_tag?post=3653"}],"curies":[{"name":"wp","href":"https:\/\/api.w.org\/{rel}","templated":true}]}}