{"id":3655,"date":"2022-11-06T16:52:03","date_gmt":"2022-11-06T15:52:03","guid":{"rendered":"https:\/\/f-aurea.com\/?post_type=product&#038;p=3655"},"modified":"2026-02-24T16:47:34","modified_gmt":"2026-02-24T15:47:34","slug":"depur-plus-card-blue","status":"publish","type":"product","link":"https:\/\/f-aurea.com\/it\/negozio\/depur-plus-card-blue\/","title":{"rendered":"Depur Plus, Blu"},"content":{"rendered":"<p lang=\"it-IT\" class=\"translation-block\">Le tessere vanno usate tenendole nelle mani oppure appoggiate sul corpo durante una sessione. Sono studiate per potenziare e rendere pi\u00f9 efficienti le pratiche ed arti di \"guarigione energetica spirituale\", benessere e massaggio che come operatore hai gi\u00e0 appreso. Ad esempio: Yoga, costellazioni familiari, meditazione, mindfulness, registri akashici, kinesiologia, qi gong, shiatsu, tuina, reiki, channeling, thetahealing, pranoterapia, medianicit\u00e0, vie tantriche, Ricalibrazione Planetaria ed i metodi F-Aurea per le quali sono state create. Possono venire usate una alla volta oppure in combinazione le une con le altre.<\/p>\n<p lang=\"it-IT\">Questo Campo attiva e potenzia i cambiamenti che inneschi nel tuo campo eterico quando fai digiuni, diete, assumi integratori erboristici per <span style=\"color: #cda434;\"><strong>detossificare, purificare, alcalinizzaare<\/strong><\/span> la persona, <span style=\"color: #cda434;\"><strong>ridurre gli stati infiammatori<\/strong><\/span>, e <span style=\"color: #cda434;\"><strong>espellere impurit\u00e0.<\/strong><\/span>Ci focalizziamo su questo punto in quanto riteniamo inutile avviare etericamente un processo di pulizia senza poi fare nulla fisicamente. Di conseguenza consigliamo l'utilizzo della tessera in meditazione o in sessioni condotte da operatori esperti a chi gi\u00e0 pratica forme di digiuno, ecc.. \nIl Campo Informativo contiene la frequenza vibrazionale eterica di numerosi rimedi erboristici e minerali i quali sono attivati dall'intelligenza del campo informativo stesso in base alla necessit\u00e0. Va considerato quindi che \u00e8 un supporto a ci\u00f2 che gi\u00e0 stai facendo, non un rimedio miracoloso.<\/p>\n<p lang=\"it-IT\">Il Campo Informativo <strong>non \u00e8 un sostituto per prodotti erboristici, diete, digiuni, medicine<\/strong>, \u00e8 invece pensato per attivare il tuo campo eterico personale e di molti organi e sistemi, in modo da rendere pi\u00f9 efficienti tali pratiche, quali yoga, meditazione, digiuni, ecc.. mirati a purificare il corpo e la mente.\n\nPuoi anche informatizzare l'acqua da bere con questa tessera, la quale poi manterr\u00e0 per qualche giorno le informazioni cos\u00ec portate. Sar\u00e0 sufficiente porre la tessera sotto una normale bottiglia o bicchiere d'acqua per mezz'ora.<\/p>\n<p lang=\"it-IT\">Cos\u00ec come ogni Campi Informativo F-Aurea, opera multidimensionalmente e non necessita di manutenzione alcuna, il Campo \u00e8 eterno, cos\u00ec come descritto nei nostri libri e pubblicazioni.<\/p>\n<div class=\"icon\"><div class=\"fusion-content-boxes content-boxes columns row fusion-columns-1 fusion-columns-total-3 fusion-content-boxes-1 content-boxes-icon-with-title content-left\" style=\"--awb-hover-accent-color:var(--awb-color5);--awb-circle-hover-accent-color:var(--awb-color5);--awb-item-margin-bottom:40px;\" data-animationoffset=\"top-into-view\"><div style=\"--awb-backgroundcolor:transparent;\" class=\"fusion-column content-box-column content-box-column content-box-column-2 col-lg-12 col-md-12 col-sm-12 fusion-content-box-hover content-box-column-last-in-row\"><div class=\"col content-box-wrapper content-wrapper link-area-link-icon icon-hover-animation-pulsate\" data-animationoffset=\"top-into-view\"><div class=\"heading heading-with-icon icon-left\"><div class=\"icon\"><i style=\"border-color:#cda434;border-width:0px;background-color:#cda434;box-sizing:content-box;height:84px;width:84px;line-height:84px;border-radius:50%;font-size:42px;\" aria-hidden=\"true\" class=\"fontawesome-icon fa-hand-holding-heart fas circle-yes\"><\/i><\/div><h3 class=\"content-box-heading fusion-responsive-typography-calculated\" style=\"--h3_typography-font-size:20px;--fontSize:20;line-height:1.5;\">Adatta per<\/h3><\/div><div class=\"fusion-clearfix\"><\/div><div class=\"content-container\"><\/div>\n<div>\n<p>Pratica olistica energetica professionale. Sessioni di meditazione.<\/p>\n<p>Le tessere vanno usate:<\/p>\n<p style=\"padding-left: 40px;\">Tenute in mano durante la meditazione.<\/p>\n<p style=\"padding-left: 40px;\">Appoggiate sul corpo durante le sessioni.<\/p>\n<p style=\"padding-left: 40px;\">Cos\u00ec come descritto come supporto a varie pratiche dette di \"guarigione spirituale\", benessere e massaggio.<\/p>\n<h4><span style=\"color: #cda434;\">CONSIGLI &amp; SUGGERIMENTI<\/span><\/h4>\n<p>Le prime volte di utilizzo potranno conferire sensazioni intense, di focus, energia, dinamismo ma anche l'opposto. Per questo si suggerisce di usare le tessere per brevi periodi di tempo in modo da abituarsi gradualmente. \n\nCol tempo il campo eterico personale si abituer\u00e0 agli effetti dati dalla profonda pulizia e rimodulazione eterica tendendo a mantenerli. Quando questo avviene potr\u00e0 dare l'impressione che non si percepiscano pi\u00f9 le sensazioni iniziali. Tuttavia sar\u00e0 sufficiente eseguire dei test radiestesici o di percezione eterica manuale per rilevare la piena efficienza del Campo Informativo F-Aurea.\u00a0Il campo informativo in essa ancorato non si sporca ne esaurisce mai, \u00e8 frutto degli studi e delle ricerche di Francesco Verticchio, di Manlio Di Donato e del Gruppo F-Aurea. Non \u00e8 radionica, non opera tramite onda di forma ma la usa come vettore, non opera tramite simboli.\n\nNon \u00e8 un giocattolo, i bordi possono essere taglianti, inadatto nelle mani dei bambini.<\/p>\n<\/div>\n<p class=\"western\" lang=\"it-IT\"><span lang=\"it-IT\"><b>Non \u00e8 sostitutivo della pratica medica. Tutti gli effetti indicati si basano su nostre ricerche e studi interni, senza pretesa di scientificit\u00e0.\u00a0<\/b><\/span><\/p>\n<p><span style=\"color: #cda434;\"><strong>NON USARE QUANDO:<\/strong><\/span><\/p>\n<p align=\"JUSTIFY\">Suggeriamo di <strong>NON USARE<\/strong> i nostri oli da massaggio, libri, tecniche, percorsi, campi informativi, insieme con l'assunzione di sostanze stupefacenti, anche se si dovesse trattare di cosidette \"piante sacre\", quali Ayahuasca, San Pedro, ecc.. I nostri strumenti sono inadatti se siete sotto l'effetto di tali sostanze, o se ne fate uso abituale. Vi consigliamo anche di <strong>NON USARE<\/strong> le nostre pratiche, libri, percorsi, campi informativi, se vi trovate in condizioni di squilibrio psichiatrico, o fragilit\u00e0 psicologica, o se siete sotto l'assistenza di personale medico psichiatrico. Consultate il medico curante per verificare se un percorso di meditazione e ci\u00f2 che proponiamo \u00e8 compatibile con le cure prescritte.<\/p>\n<blockquote>\n<p class=\"western\" lang=\"it-IT\"><span lang=\"it-IT\" style=\"color: #cda434;\"><b>Scheda Tecnica<\/b><\/span><\/p>\n<p class=\"western\" lang=\"it-IT\"><span lang=\"it-IT\"><b>Materiale:<\/b><\/span> Alluminio, pu\u00f2 contenere nickel.<\/p>\n<p lang=\"it-IT\" class=\"translation-block\"><strong>Color:<\/strong> Blu.<\/p>\n<p class=\"western translation-block\" lang=\"it-IT\">Dimensioni: 5,4 cm x 8,6 cm. Spessore 0,5 mm<\/p>\n<p class=\"western\" lang=\"it-IT\"><span lang=\"it-IT\"><b>Campo Informativo<\/b><\/span>: Detox Plus F-Aurea x1.<\/p>\n<\/blockquote>\n<p lang=\"it-IT\"><div class=\"fusion-content-boxes content-boxes columns row fusion-columns-1 fusion-columns-total-0 fusion-content-boxes-1 content-boxes-icon-with-title content-left\" style=\"--awb-hover-accent-color:var(--awb-color5);--awb-circle-hover-accent-color:var(--awb-color5);--awb-item-margin-bottom:40px;\" data-animationoffset=\"top-into-view\"><div class=\"fusion-clearfix\"><\/div><\/div><div style=\"--awb-backgroundcolor:transparent;\" class=\"fusion-column content-box-column content-box-column content-box-column-1 col-lg-12 col-md-12 col-sm-12 fusion-content-box-hover content-box-column-last-in-row\"><div class=\"col content-box-wrapper content-wrapper link-area-link-icon icon-hover-animation-pulsate\" data-animationoffset=\"top-into-view\"><div class=\"heading heading-with-icon icon-left\"><div class=\"icon\"><i style=\"border-color:#cda434;border-width:0px;background-color:#cda434;box-sizing:content-box;height:84px;width:84px;line-height:84px;border-radius:50%;font-size:42px;\" aria-hidden=\"true\" class=\"fontawesome-icon fa-credit-card fas circle-yes\"><\/i><\/div><h3 class=\"content-box-heading fusion-responsive-typography-calculated\" style=\"--h3_typography-font-size:20px;--fontSize:20;line-height:1.5;\">Pagamento<\/h3><\/div><\/div><\/div><\/p>\n<p>Accettiamo i seguenti metodi di pagamento:<\/p>\n<ul>\n<li>Carta di credito \\ carta di debito<\/li>\n<li>Trasferimento bancario sul nostro conto corrente<\/li>\n<li>Paypal<\/li>\n<\/ul>\n<p lang=\"it-IT\"><\/div><\/div><\/div><div style=\"--awb-backgroundcolor:transparent;\" class=\"fusion-column content-box-column content-box-column content-box-column-3 col-lg-12 col-md-12 col-sm-12 fusion-content-box-hover content-box-column-last-in-row\"><div class=\"col content-box-wrapper content-wrapper link-area-link-icon icon-hover-animation-pulsate\" data-animationoffset=\"top-into-view\"><div class=\"heading heading-with-icon icon-left\"><div class=\"icon\"><i style=\"border-color:#cda434;border-width:0px;background-color:#cda434;box-sizing:content-box;height:84px;width:84px;line-height:84px;border-radius:50%;font-size:42px;\" aria-hidden=\"true\" class=\"fontawesome-icon fa-shipping-fast fas circle-yes\"><\/i><\/div><h3 class=\"content-box-heading fusion-responsive-typography-calculated\" style=\"--h3_typography-font-size:20px;--fontSize:20;line-height:1.5;\">Spedizione<\/h3><\/div><div class=\"fusion-clearfix\"><\/div><div class=\"content-container\"><\/p>\n<p>A meno che non sia specificato diversamente (per alcuni prodotti), ogni ordine viene spedito entro 2-3 giorni lavorativi dal momento in cui il pagamento viene verificato (da luned\u00ec a venerd\u00ec). \nI prodotti scaricabili dal sito sono immediatamente disponibili dal momento in cui il pagamento viene verificato. Questo solitamente avviene in automatico per le carte di credito\\debito. Se invece opti per un versamento bancario potr\u00e0 trascorrere qualche giorno.<\/p>\n<p>Quando prenoti la tua partecipazione ad un corso riceverai un email con le date e gli orari a partire dai quali sar\u00e0 possibile scaricare le lezioni.<\/p>\n<p>Se acquisti contenuto digitale, come Ebook e Percorsi Olistici questi sono sempre disponibili per il download, cos\u00ec come specificato nella pagina <a href=\"https:\/\/f-aurea.com\/it\/terms_and_conditions\/\" target=\"_blank\" rel=\"noopener\">Terms and Conditions<\/a> page.<\/p>\n<p>I pacchi sono spediti da un magazzino in ITALIA a PADOVA, e solitamente arrivano in 2-3 giorni indipendentemente dal tipo di spedizione scelta (gratuita quando disponibile o assicurata a pagamento). Possiamo spedire in tutta Europa, e con qualche eccezione nel resto del mondo. Tuttavia \u00e8 richiesto del tempo extra per raggiungere alcune nazioni.<\/p>\n<p><strong>Sei pregato di contattarci per ogni chiarimento in merito alle spedizioni.<\/strong><\/p>\n<p lang=\"it-IT\"><\/div><\/div><\/div><div class=\"fusion-clearfix\"><\/div><\/div><\/p>\n<p><strong>Politica dei Resi<\/strong><\/p>\n<p>Come indicato nella pagina <strong><a href=\"https:\/\/f-aurea.com\/it\/terms_and_conditions\/\" target=\"_blank\" rel=\"noopener\">Terms and Conditions<\/a><\/strong> . Nel caso tu non sia soddisfatto dell'acquisto come da regolamento Europeo puoi inoltrare un reclamo entro 14 giorni da quando hai ricevuto gli articoli da te acquistati. Quindi puoi chiedere un rimborso od una sostituzione del prodotto (nel caso in cui esso arrivi danneggiato).<\/p>\n<p>Si prega di notare che i resti sono accettati entro 14 giorni lavorativi dalla data in cui il corriere consegna il paggo.<\/p>\n<p>Per essere restituiti gli articoli devono trovarsi nelle stesse condizioni in cui li hai ricevuti. In accordo con le vigenti leggi europee, Integratori erboristici alimentari, cosmetici, ed oli da massaggio, non sono accettati come resi.<\/p>","protected":false},"excerpt":{"rendered":"<p><span style=\"color: #cda434;\"><strong>Depur Plus Card<\/strong><\/span> \u00e8 l'ancoraggio di un Campo Informativo realizzato per potenziare e ottimizzare le pratiche, prodotti e metodi mirati a <span style=\"color: #cda434;\"><strong>detossificare, purificare, alcalinizzaare<\/strong><\/span> la persona, <span style=\"color: #cda434;\"><strong>ridurre gli stati infiammatori<\/strong><\/span>, e <span style=\"color: #cda434;\"><strong>espellere impurit\u00e0.<\/strong><\/span>Quindi opera per assistere e potenziare: diete, digiuni, integratori erboristici, ecc.. Ma non ne \u00e8 una sostituzione, cos\u00ec come non sostituisce le cure mediche, diete, digiuni, rimedi erboristici. Il Campo invece li riqualifica e potenzia.<\/p>","protected":false},"featured_media":3608,"comment_status":"open","ping_status":"closed","template":"","meta":{"_acf_changed":false},"product_brand":[],"product_cat":[88],"product_tag":[],"class_list":{"0":"post-3655","1":"product","2":"type-product","3":"status-publish","4":"has-post-thumbnail","6":"product_cat-informative-fields","8":"first","9":"instock","10":"taxable","11":"shipping-taxable","12":"purchasable","13":"product-type-simple"},"acf":[],"yoast_head":"<!-- This site is optimized with the Yoast SEO plugin v27.5 - https:\/\/yoast.com\/product\/yoast-seo-wordpress\/ -->\n<title>Depur Plus Card. Blue - F-Aurea<\/title>\n<meta name=\"robots\" content=\"index, follow, max-snippet:-1, max-image-preview:large, max-video-preview:-1\" \/>\n<link rel=\"canonical\" href=\"https:\/\/f-aurea.com\/it\/negozio\/depur-plus-card-blue\/\" \/>\n<meta property=\"og:locale\" content=\"it_IT\" \/>\n<meta property=\"og:type\" content=\"article\" \/>\n<meta property=\"og:title\" content=\"Depur Plus Card. Blue - F-Aurea\" \/>\n<meta property=\"og:description\" content=\"Depur Plus Card bring an F-Aurea Etherical Field designed to empower and improve the practices aimed towardas detoxify, purify, alkalinize oneself, ease inflammation, and expell impurities. Such as fasting, natural foods supplements but also meditation practices done with such purpouses. The field itself is not a substitute for medical care, diet, fasting, natural food supplements.\" \/>\n<meta property=\"og:url\" content=\"https:\/\/f-aurea.com\/it\/negozio\/depur-plus-card-blue\/\" \/>\n<meta property=\"og:site_name\" content=\"F-Aurea\" \/>\n<meta property=\"article:publisher\" content=\"https:\/\/www.facebook.com\/manlio.didonato\/\" \/>\n<meta property=\"article:modified_time\" content=\"2026-02-24T15:47:34+00:00\" \/>\n<meta property=\"og:image\" content=\"https:\/\/f-aurea.com\/wp-content\/uploads\/2022\/11\/DETOX-PLUS.jpg\" \/>\n\t<meta property=\"og:image:width\" content=\"1300\" \/>\n\t<meta property=\"og:image:height\" content=\"1300\" \/>\n\t<meta property=\"og:image:type\" content=\"image\/jpeg\" \/>\n<meta name=\"twitter:card\" content=\"summary_large_image\" \/>\n<meta name=\"twitter:label1\" content=\"Tempo di lettura stimato\" \/>\n\t<meta name=\"twitter:data1\" content=\"5 minuti\" \/>\n<script type=\"application\/ld+json\" class=\"yoast-schema-graph\">{\"@context\":\"https:\\\/\\\/schema.org\",\"@graph\":[{\"@type\":\"WebPage\",\"@id\":\"https:\\\/\\\/f-aurea.com\\\/negozio\\\/depur-plus-card-blue\\\/\",\"url\":\"https:\\\/\\\/f-aurea.com\\\/negozio\\\/depur-plus-card-blue\\\/\",\"name\":\"Depur Plus Card. Blue - F-Aurea\",\"isPartOf\":{\"@id\":\"https:\\\/\\\/f-aurea.com\\\/#website\"},\"primaryImageOfPage\":{\"@id\":\"https:\\\/\\\/f-aurea.com\\\/negozio\\\/depur-plus-card-blue\\\/#primaryimage\"},\"image\":{\"@id\":\"https:\\\/\\\/f-aurea.com\\\/negozio\\\/depur-plus-card-blue\\\/#primaryimage\"},\"thumbnailUrl\":\"https:\\\/\\\/f-aurea.com\\\/wp-content\\\/uploads\\\/2022\\\/11\\\/DETOX-PLUS.jpg\",\"datePublished\":\"2022-11-06T15:52:03+00:00\",\"dateModified\":\"2026-02-24T15:47:34+00:00\",\"breadcrumb\":{\"@id\":\"https:\\\/\\\/f-aurea.com\\\/negozio\\\/depur-plus-card-blue\\\/#breadcrumb\"},\"inLanguage\":\"it-IT\",\"potentialAction\":[{\"@type\":\"ReadAction\",\"target\":[\"https:\\\/\\\/f-aurea.com\\\/negozio\\\/depur-plus-card-blue\\\/\"]}]},{\"@type\":\"ImageObject\",\"inLanguage\":\"it-IT\",\"@id\":\"https:\\\/\\\/f-aurea.com\\\/negozio\\\/depur-plus-card-blue\\\/#primaryimage\",\"url\":\"https:\\\/\\\/f-aurea.com\\\/wp-content\\\/uploads\\\/2022\\\/11\\\/DETOX-PLUS.jpg\",\"contentUrl\":\"https:\\\/\\\/f-aurea.com\\\/wp-content\\\/uploads\\\/2022\\\/11\\\/DETOX-PLUS.jpg\",\"width\":1300,\"height\":1300,\"caption\":\"F-Aurea, Campo Informativo Eterico Olofrattale F-Aurea, F-Aurea Aetheric Informative Filed, F-Aurea Etheric Informative Field, Life Force, Life Energy, Card, Holofractality, Multidimensionality, Olofrattalit\u00e0, Multidimensionalit\u00e0, detox\"},{\"@type\":\"BreadcrumbList\",\"@id\":\"https:\\\/\\\/f-aurea.com\\\/negozio\\\/depur-plus-card-blue\\\/#breadcrumb\",\"itemListElement\":[{\"@type\":\"ListItem\",\"position\":1,\"name\":\"Home\",\"item\":\"https:\\\/\\\/f-aurea.com\\\/\"},{\"@type\":\"ListItem\",\"position\":2,\"name\":\"Shop\",\"item\":\"https:\\\/\\\/f-aurea.com\\\/negozio\\\/\"},{\"@type\":\"ListItem\",\"position\":3,\"name\":\"Depur Plus Card. Blue\"}]},{\"@type\":\"WebSite\",\"@id\":\"https:\\\/\\\/f-aurea.com\\\/#website\",\"url\":\"https:\\\/\\\/f-aurea.com\\\/\",\"name\":\"F-Aurea\",\"description\":\"\",\"publisher\":{\"@id\":\"https:\\\/\\\/f-aurea.com\\\/#organization\"},\"potentialAction\":[{\"@type\":\"SearchAction\",\"target\":{\"@type\":\"EntryPoint\",\"urlTemplate\":\"https:\\\/\\\/f-aurea.com\\\/?s={search_term_string}\"},\"query-input\":{\"@type\":\"PropertyValueSpecification\",\"valueRequired\":true,\"valueName\":\"search_term_string\"}}],\"inLanguage\":\"it-IT\"},{\"@type\":\"Organization\",\"@id\":\"https:\\\/\\\/f-aurea.com\\\/#organization\",\"name\":\"F-Aurea\",\"url\":\"https:\\\/\\\/f-aurea.com\\\/\",\"logo\":{\"@type\":\"ImageObject\",\"inLanguage\":\"it-IT\",\"@id\":\"https:\\\/\\\/f-aurea.com\\\/#\\\/schema\\\/logo\\\/image\\\/\",\"url\":\"https:\\\/\\\/f-aurea.com\\\/wp-content\\\/uploads\\\/2022\\\/05\\\/Logo-F-Aurea-oro-con-testo-bianco-2000-px.png\",\"contentUrl\":\"https:\\\/\\\/f-aurea.com\\\/wp-content\\\/uploads\\\/2022\\\/05\\\/Logo-F-Aurea-oro-con-testo-bianco-2000-px.png\",\"width\":2000,\"height\":1242,\"caption\":\"F-Aurea\"},\"image\":{\"@id\":\"https:\\\/\\\/f-aurea.com\\\/#\\\/schema\\\/logo\\\/image\\\/\"},\"sameAs\":[\"https:\\\/\\\/www.facebook.com\\\/manlio.didonato\\\/\",\"https:\\\/\\\/www.instagram.com\\\/manlio_ignisrebirth\\\/\"]}]}<\/script>\n<!-- \/ Yoast SEO plugin. -->","yoast_head_json":{"title":"Depur Plus Card. Blue - F-Aurea","robots":{"index":"index","follow":"follow","max-snippet":"max-snippet:-1","max-image-preview":"max-image-preview:large","max-video-preview":"max-video-preview:-1"},"canonical":"https:\/\/f-aurea.com\/it\/negozio\/depur-plus-card-blue\/","og_locale":"it_IT","og_type":"article","og_title":"Depur Plus Card. Blue - F-Aurea","og_description":"Depur Plus Card bring an F-Aurea Etherical Field designed to empower and improve the practices aimed towardas detoxify, purify, alkalinize oneself, ease inflammation, and expell impurities. Such as fasting, natural foods supplements but also meditation practices done with such purpouses. The field itself is not a substitute for medical care, diet, fasting, natural food supplements.","og_url":"https:\/\/f-aurea.com\/it\/negozio\/depur-plus-card-blue\/","og_site_name":"F-Aurea","article_publisher":"https:\/\/www.facebook.com\/manlio.didonato\/","article_modified_time":"2026-02-24T15:47:34+00:00","og_image":[{"width":1300,"height":1300,"url":"https:\/\/f-aurea.com\/wp-content\/uploads\/2022\/11\/DETOX-PLUS.jpg","type":"image\/jpeg"}],"twitter_card":"summary_large_image","twitter_misc":{"Tempo di lettura stimato":"5 minuti"},"schema":{"@context":"https:\/\/schema.org","@graph":[{"@type":"WebPage","@id":"https:\/\/f-aurea.com\/negozio\/depur-plus-card-blue\/","url":"https:\/\/f-aurea.com\/negozio\/depur-plus-card-blue\/","name":"Depur Plus Card. Blue - F-Aurea","isPartOf":{"@id":"https:\/\/f-aurea.com\/#website"},"primaryImageOfPage":{"@id":"https:\/\/f-aurea.com\/negozio\/depur-plus-card-blue\/#primaryimage"},"image":{"@id":"https:\/\/f-aurea.com\/negozio\/depur-plus-card-blue\/#primaryimage"},"thumbnailUrl":"https:\/\/f-aurea.com\/wp-content\/uploads\/2022\/11\/DETOX-PLUS.jpg","datePublished":"2022-11-06T15:52:03+00:00","dateModified":"2026-02-24T15:47:34+00:00","breadcrumb":{"@id":"https:\/\/f-aurea.com\/negozio\/depur-plus-card-blue\/#breadcrumb"},"inLanguage":"it-IT","potentialAction":[{"@type":"ReadAction","target":["https:\/\/f-aurea.com\/negozio\/depur-plus-card-blue\/"]}]},{"@type":"ImageObject","inLanguage":"it-IT","@id":"https:\/\/f-aurea.com\/negozio\/depur-plus-card-blue\/#primaryimage","url":"https:\/\/f-aurea.com\/wp-content\/uploads\/2022\/11\/DETOX-PLUS.jpg","contentUrl":"https:\/\/f-aurea.com\/wp-content\/uploads\/2022\/11\/DETOX-PLUS.jpg","width":1300,"height":1300,"caption":"F-Aurea, Campo Informativo Eterico Olofrattale F-Aurea, F-Aurea Aetheric Informative Filed, F-Aurea Etheric Informative Field, Life Force, Life Energy, Card, Holofractality, Multidimensionality, Olofrattalit\u00e0, Multidimensionalit\u00e0, detox"},{"@type":"BreadcrumbList","@id":"https:\/\/f-aurea.com\/negozio\/depur-plus-card-blue\/#breadcrumb","itemListElement":[{"@type":"ListItem","position":1,"name":"Home","item":"https:\/\/f-aurea.com\/"},{"@type":"ListItem","position":2,"name":"Shop","item":"https:\/\/f-aurea.com\/negozio\/"},{"@type":"ListItem","position":3,"name":"Depur Plus Card. Blue"}]},{"@type":"WebSite","@id":"https:\/\/f-aurea.com\/#website","url":"https:\/\/f-aurea.com\/","name":"F-Aurea","description":"","publisher":{"@id":"https:\/\/f-aurea.com\/#organization"},"potentialAction":[{"@type":"SearchAction","target":{"@type":"EntryPoint","urlTemplate":"https:\/\/f-aurea.com\/?s={search_term_string}"},"query-input":{"@type":"PropertyValueSpecification","valueRequired":true,"valueName":"search_term_string"}}],"inLanguage":"it-IT"},{"@type":"Organization","@id":"https:\/\/f-aurea.com\/#organization","name":"F-Aurea","url":"https:\/\/f-aurea.com\/","logo":{"@type":"ImageObject","inLanguage":"it-IT","@id":"https:\/\/f-aurea.com\/#\/schema\/logo\/image\/","url":"https:\/\/f-aurea.com\/wp-content\/uploads\/2022\/05\/Logo-F-Aurea-oro-con-testo-bianco-2000-px.png","contentUrl":"https:\/\/f-aurea.com\/wp-content\/uploads\/2022\/05\/Logo-F-Aurea-oro-con-testo-bianco-2000-px.png","width":2000,"height":1242,"caption":"F-Aurea"},"image":{"@id":"https:\/\/f-aurea.com\/#\/schema\/logo\/image\/"},"sameAs":["https:\/\/www.facebook.com\/manlio.didonato\/","https:\/\/www.instagram.com\/manlio_ignisrebirth\/"]}]}},"_links":{"self":[{"href":"https:\/\/f-aurea.com\/it\/wp-json\/wp\/v2\/product\/3655","targetHints":{"allow":["GET"]}}],"collection":[{"href":"https:\/\/f-aurea.com\/it\/wp-json\/wp\/v2\/product"}],"about":[{"href":"https:\/\/f-aurea.com\/it\/wp-json\/wp\/v2\/types\/product"}],"replies":[{"embeddable":true,"href":"https:\/\/f-aurea.com\/it\/wp-json\/wp\/v2\/comments?post=3655"}],"wp:featuredmedia":[{"embeddable":true,"href":"https:\/\/f-aurea.com\/it\/wp-json\/wp\/v2\/media\/3608"}],"wp:attachment":[{"href":"https:\/\/f-aurea.com\/it\/wp-json\/wp\/v2\/media?parent=3655"}],"wp:term":[{"taxonomy":"product_brand","embeddable":true,"href":"https:\/\/f-aurea.com\/it\/wp-json\/wp\/v2\/product_brand?post=3655"},{"taxonomy":"product_cat","embeddable":true,"href":"https:\/\/f-aurea.com\/it\/wp-json\/wp\/v2\/product_cat?post=3655"},{"taxonomy":"product_tag","embeddable":true,"href":"https:\/\/f-aurea.com\/it\/wp-json\/wp\/v2\/product_tag?post=3655"}],"curies":[{"name":"wp","href":"https:\/\/api.w.org\/{rel}","templated":true}]}}