{"id":3660,"date":"2022-11-06T17:04:37","date_gmt":"2022-11-06T16:04:37","guid":{"rendered":"https:\/\/f-aurea.com\/?post_type=product&#038;p=3660"},"modified":"2026-02-24T16:48:11","modified_gmt":"2026-02-24T15:48:11","slug":"soul-memory-card","status":"publish","type":"product","link":"https:\/\/f-aurea.com\/it\/negozio\/soul-memory-card\/","title":{"rendered":"Soul Memory"},"content":{"rendered":"<p class=\"translation-block\">Le tessere vanno usate tenendole nelle mani oppure appoggiate sul corpo durante una sessione. Sono studiate per potenziare e rendere pi\u00f9 efficienti le pratiche ed arti di \"guarigione energetica spirituale\", benessere e massaggio che come operatore hai gi\u00e0 appreso. Ad esempio: Yoga, costellazioni familiari, meditazione, mindfulness, registri akashici, kinesiologia, qi gong, shiatsu, tuina, reiki, channeling, thetahealing, pranoterapia, medianicit\u00e0, vie tantriche, Ricalibrazione Planetaria ed i metodi F-Aurea per le quali sono state create. Possono venire usate una alla volta oppure in combinazione le une con le altre.<\/p>\n<p>Come gi\u00e0 osservato, il Campo Informativo <strong><span style=\"color: #cda434;\">Soul Memory<\/span>,<\/strong> \u00e8 stato creato con il fine di facilitare le pratiche di regressione ma anche di evitare al praticante di rimanere bloccato in traumi di vite passate, in quanto il campo assiste la lucidit\u00e0 nella pratica meditativa, e il rilascio, e le pratiche di co-creazione tali da riscrivere le memorie delle passate esistenze dissolvendo il dolore ed il karma.<\/p>\n<ul>\n<li lang=\"it-IT\">Pu\u00f2 aiutare a portare la mente in stato meditativo (stato di coscienza theta), ma mantenendo la chiarezza e la presenza nel qui ed ora.<\/li>\n<li lang=\"it-IT\">Pu\u00f2 sostenere l'attivazione delle facolt\u00e0 di percezione eterica.<\/li>\n<li lang=\"it-IT\">Estremamente utile per aiutare a dissolvere le forme pensiero negative ed i legami karmici relativi alle vite passate.<\/li>\n<li lang=\"it-IT\">Come effetto secondario il Campo Informativo SOUL MEMORY aiuta a ripulire e potenziare i chakra ed i meridiani dalle dissonanze eteriche che possono emergere durante la pratica di regressione nelle vite passate.<\/li>\n<\/ul>\n<p>Il Campo Informativo opera specificatamente in tre fasi, le quali sono attivate: <span style=\"color: #cda434;\"><strong>throught three phases<\/strong><\/span>:<\/p>\n<p style=\"padding-left: 40px;\"><strong>1 FASE.<\/strong> Soul Memory <span style=\"color: #cda434;\"><strong>prepara<\/strong><\/span> il tuo campo eterico personale ad accedere alla memoria d'anima ed akashica. Questo <span style=\"color: #cda434;\"><strong>avviene semplicemente tenendo la tessera in mano e rilassandoti.<\/strong><\/span>Ti raccomandiamo fortemente di praticare una qualche forma di meditazione in questa fase. Ad esempio mindfulness, yoga nidra, o altro. Durante questa fase il Campo Informativo esegue una pre-sessione, ripulendo e preparando il tuo sistema eterico, i tuoi chakra, i tuoi meridiani alla sessione. Quando senti che sei pronto o dopo almeno 20 minuti puoi passare alla fase successiva.<\/p>\n<p style=\"padding-left: 40px;\" class=\"translation-block\"><span style=\"color: #cda434\"><span style=\"color: #000000\"><strong>2 FASE.<\/strong> La seconda fase si attiva <span style=\"color: #cda434\"><strong> solo quando tu dai l'istruzione di farlo al campo informativo <\/span><\/strong>. A quel punto il campo ti assiste nell'attivare la memoria d'anima e ricordare le vite passate. Per \"istruzione\" intendiamo il dire con un comando mentale, un intento, o una visualizzazione al Campo Informativo di aprire la porta della memoria d'anima o memoria akashica delle vite passate. Per vivere al meglio questa fase ti raccomandiamo di praticare una qualche forma di meditazione o pratica spirituale adatta. Il Campo ti assiste ma sar\u00e0 sempre necessario che sia tu a svolgere l'opera pi\u00f9 importante.<\/p>\n<p style=\"padding-left: 40px;\"><strong>3 FASE.<\/strong> <span style=\"color: #cda434\"><span style=\"color: #000000\"><strong>3 FASE.<\/strong> Quando senti che la sessione \u00e8 completa o quando necessiti di terminarla, ti basta dare come prima una semplice istruzione al Campo, anche solo un \"fermati ora\". Il Campo avvia quindi la terza fase in cui ti assiste nel riportare la consapevolezza nel presente, nel qui ed ora. Inoltre il Campo ti assiste realizzando un altra sessione per radicarti, pulirti da eventuali aspetti eterici e karmici dissonanti che possono essere emersi. Ti suggeriamo quindi di riposare con la tessera in mano per 15\\20 minuti prima di terminare del tutto la sessione. <strong><span style=\"color: #cda434;\">return to the present<\/span><\/strong>. it will cleanse the human etheric field (chakra systems and channels, meridians channels, and so on), harmonize it, and root it into the present time and space.<\/p>\n<p>Cos\u00ec come ogni Campi Informativo F-Aurea, opera multidimensionalmente e non necessita di manutenzione alcuna, il Campo \u00e8 eterno, cos\u00ec come descritto nei nostri libri e pubblicazioni.<\/p>\n<div class=\"icon\">\n<div class=\"icon\"><div class=\"fusion-content-boxes content-boxes columns row fusion-columns-1 fusion-columns-total-3 fusion-content-boxes-1 content-boxes-icon-with-title content-left\" style=\"--awb-hover-accent-color:var(--awb-color5);--awb-circle-hover-accent-color:var(--awb-color5);--awb-item-margin-bottom:40px;\" data-animationoffset=\"top-into-view\"><div style=\"--awb-backgroundcolor:transparent;\" class=\"fusion-column content-box-column content-box-column content-box-column-2 col-lg-12 col-md-12 col-sm-12 fusion-content-box-hover content-box-column-last-in-row\"><div class=\"col content-box-wrapper content-wrapper link-area-link-icon icon-hover-animation-pulsate\" data-animationoffset=\"top-into-view\"><div class=\"heading heading-with-icon icon-left\"><div class=\"icon\"><i style=\"border-color:#cda434;border-width:0px;background-color:#cda434;box-sizing:content-box;height:84px;width:84px;line-height:84px;border-radius:50%;font-size:42px;\" aria-hidden=\"true\" class=\"fontawesome-icon fa-hand-holding-heart fas circle-yes\"><\/i><\/div><h3 class=\"content-box-heading fusion-responsive-typography-calculated\" style=\"--h3_typography-font-size:20px;--fontSize:20;line-height:1.5;\">Adatta per<\/h3><\/div><div class=\"fusion-clearfix\"><\/div><div class=\"content-container\"><\/div>\n<div>\n<p>Pratica olistica energetica professionale. Sessioni di meditazione.<\/p>\n<p>Le tessere vanno usate:<\/p>\n<p style=\"padding-left: 40px;\">Tenute in mano durante la meditazione.<\/p>\n<p style=\"padding-left: 40px;\">Appoggiate sul corpo durante le sessioni.<\/p>\n<p style=\"padding-left: 40px;\">Cos\u00ec come descritto come supporto a varie pratiche dette di \"guarigione spirituale\", benessere e massaggio.<\/p>\n<h4><span style=\"color: #cda434;\">CONSIGLI &amp; SUGGERIMENTI<\/span><\/h4>\n<p>Le prime volte di utilizzo potranno conferire sensazioni intense, di focus, energia, dinamismo ma anche l'opposto. Per questo si suggerisce di usare le tessere per brevi periodi di tempo in modo da abituarsi gradualmente. \n\nCol tempo il campo eterico personale si abituer\u00e0 agli effetti dati dalla profonda pulizia e rimodulazione eterica tendendo a mantenerli. Quando questo avviene potr\u00e0 dare l'impressione che non si percepiscano pi\u00f9 le sensazioni iniziali. Tuttavia sar\u00e0 sufficiente eseguire dei test radiestesici o di percezione eterica manuale per rilevare la piena efficienza del Campo Informativo F-Aurea.\u00a0Il campo informativo in essa ancorato non si sporca ne esaurisce mai, \u00e8 frutto degli studi e delle ricerche di Francesco Verticchio, di Manlio Di Donato e del Gruppo F-Aurea. Non \u00e8 radionica, non opera tramite onda di forma ma la usa come vettore, non opera tramite simboli.\n\nNon \u00e8 un giocattolo, i bordi possono essere taglianti, inadatto nelle mani dei bambini.<\/p>\n<p class=\"translation-block\"><strong> SOUL MEMORY non sostituisce le necessarie conoscenze ed esperienza nel praticare queste attivit\u00e0. Ti raccomandiamo di avere esperienza in tali pratiche prima di usare il Soul Memory.<\/p>\n<\/div>\n<p class=\"western\" lang=\"it-IT\"><span lang=\"it-IT\"><b>Non \u00e8 sostitutivo della pratica medica. Tutti gli effetti indicati si basano su nostre ricerche e studi interni, senza pretesa di scientificit\u00e0.\u00a0<\/b><\/span><\/p>\n<p><span style=\"color: #cda434;\"><strong>NON USARE QUANDO:<\/strong><\/span><\/p>\n<p align=\"JUSTIFY\">Suggeriamo di <strong>NON USARE<\/strong> i nostri oli da massaggio, libri, tecniche, percorsi, campi informativi, insieme con l'assunzione di sostanze stupefacenti, anche se si dovesse trattare di cosidette \"piante sacre\", quali Ayahuasca, San Pedro, ecc.. I nostri strumenti sono inadatti se siete sotto l'effetto di tali sostanze, o se ne fate uso abituale. Vi consigliamo anche di <strong>NON USARE<\/strong> le nostre pratiche, libri, percorsi, campi informativi, se vi trovate in condizioni di squilibrio psichiatrico, o fragilit\u00e0 psicologica, o se siete sotto l'assistenza di personale medico psichiatrico. Consultate il medico curante per verificare se un percorso di meditazione e ci\u00f2 che proponiamo \u00e8 compatibile con le cure prescritte.<\/p>\n<blockquote>\n<p class=\"western\" lang=\"it-IT\"><span lang=\"it-IT\" style=\"color: #cda434;\"><b>Scheda Tecnica<\/b><\/span><\/p>\n<p class=\"western\" lang=\"it-IT\"><span lang=\"it-IT\"><b>Materiale:<\/b><\/span> Alluminio, pu\u00f2 contenere nickel.<\/p>\n<p lang=\"it-IT\"><strong>Colore<\/strong> Verde.<\/p>\n<p class=\"western translation-block\" lang=\"it-IT\">Dimensioni: 5,4 cm x 8,6 cm. Spessore 0,5 mm<\/p>\n<p class=\"western\" lang=\"it-IT\"><span lang=\"it-IT\"><b>Campo Informativo<\/b><\/span>: Soul Memory F-Aurea x1.<\/p>\n<\/blockquote>\n<p lang=\"it-IT\"><div class=\"fusion-content-boxes content-boxes columns row fusion-columns-1 fusion-columns-total-0 fusion-content-boxes-1 content-boxes-icon-with-title content-left\" style=\"--awb-hover-accent-color:var(--awb-color5);--awb-circle-hover-accent-color:var(--awb-color5);--awb-item-margin-bottom:40px;\" data-animationoffset=\"top-into-view\"><div class=\"fusion-clearfix\"><\/div><\/div><div style=\"--awb-backgroundcolor:transparent;\" class=\"fusion-column content-box-column content-box-column content-box-column-1 col-lg-12 col-md-12 col-sm-12 fusion-content-box-hover content-box-column-last-in-row\"><div class=\"col content-box-wrapper content-wrapper link-area-link-icon icon-hover-animation-pulsate\" data-animationoffset=\"top-into-view\"><div class=\"heading heading-with-icon icon-left\"><div class=\"icon\"><i style=\"border-color:#cda434;border-width:0px;background-color:#cda434;box-sizing:content-box;height:84px;width:84px;line-height:84px;border-radius:50%;font-size:42px;\" aria-hidden=\"true\" class=\"fontawesome-icon fa-credit-card fas circle-yes\"><\/i><\/div><h3 class=\"content-box-heading fusion-responsive-typography-calculated\" style=\"--h3_typography-font-size:20px;--fontSize:20;line-height:1.5;\">Pagamento<\/h3><\/div><\/div><\/div><\/p>\n<p>Accettiamo i seguenti metodi di pagamento:<\/p>\n<ul>\n<li>Carta di credito \\ carta di debito<\/li>\n<li>Trasferimento bancario sul nostro conto corrente<\/li>\n<li>Paypal<\/li>\n<\/ul>\n<p lang=\"it-IT\"><\/div><\/div><\/div><div style=\"--awb-backgroundcolor:transparent;\" class=\"fusion-column content-box-column content-box-column content-box-column-3 col-lg-12 col-md-12 col-sm-12 fusion-content-box-hover content-box-column-last-in-row\"><div class=\"col content-box-wrapper content-wrapper link-area-link-icon icon-hover-animation-pulsate\" data-animationoffset=\"top-into-view\"><div class=\"heading heading-with-icon icon-left\"><div class=\"icon\"><i style=\"border-color:#cda434;border-width:0px;background-color:#cda434;box-sizing:content-box;height:84px;width:84px;line-height:84px;border-radius:50%;font-size:42px;\" aria-hidden=\"true\" class=\"fontawesome-icon fa-shipping-fast fas circle-yes\"><\/i><\/div><h3 class=\"content-box-heading fusion-responsive-typography-calculated\" style=\"--h3_typography-font-size:20px;--fontSize:20;line-height:1.5;\">Spedizione<\/h3><\/div><div class=\"fusion-clearfix\"><\/div><div class=\"content-container\"><\/p>\n<p>A meno che non sia specificato diversamente (per alcuni prodotti), ogni ordine viene spedito entro 2-3 giorni lavorativi dal momento in cui il pagamento viene verificato (da luned\u00ec a venerd\u00ec). \nI prodotti scaricabili dal sito sono immediatamente disponibili dal momento in cui il pagamento viene verificato. Questo solitamente avviene in automatico per le carte di credito\\debito. Se invece opti per un versamento bancario potr\u00e0 trascorrere qualche giorno.<\/p>\n<p>Quando prenoti la tua partecipazione ad un corso riceverai un email con le date e gli orari a partire dai quali sar\u00e0 possibile scaricare le lezioni.<\/p>\n<p>Se acquisti contenuto digitale, come Ebook e Percorsi Olistici questi sono sempre disponibili per il download, cos\u00ec come specificato nella pagina <a href=\"https:\/\/f-aurea.com\/it\/terms_and_conditions\/\" target=\"_blank\" rel=\"noopener\">Terms and Conditions<\/a> page.<\/p>\n<p>I pacchi sono spediti da un magazzino in ITALIA a PADOVA, e solitamente arrivano in 2-3 giorni indipendentemente dal tipo di spedizione scelta (gratuita quando disponibile o assicurata a pagamento). Possiamo spedire in tutta Europa, e con qualche eccezione nel resto del mondo. Tuttavia \u00e8 richiesto del tempo extra per raggiungere alcune nazioni.<\/p>\n<p><strong>Sei pregato di contattarci per ogni chiarimento in merito alle spedizioni.<\/strong><\/p>\n<p lang=\"it-IT\"><\/div><\/div><\/div><div class=\"fusion-clearfix\"><\/div><\/div><\/p>\n<p><strong>Politica dei Resi<\/strong><\/p>\n<p>Come indicato nella pagina <strong><a href=\"https:\/\/f-aurea.com\/it\/terms_and_conditions\/\" target=\"_blank\" rel=\"noopener\">Terms and Conditions<\/a><\/strong> . Nel caso tu non sia soddisfatto dell'acquisto come da regolamento Europeo puoi inoltrare un reclamo entro 14 giorni da quando hai ricevuto gli articoli da te acquistati. Quindi puoi chiedere un rimborso od una sostituzione del prodotto (nel caso in cui esso arrivi danneggiato).<\/p>\n<p>Si prega di notare che i resti sono accettati entro 14 giorni lavorativi dalla data in cui il corriere consegna il paggo.<\/p>\n<p>Per essere restituiti gli articoli devono trovarsi nelle stesse condizioni in cui li hai ricevuti. In accordo con le vigenti leggi europee, Integratori erboristici alimentari, cosmetici, ed oli da massaggio, non sono accettati come resi.<\/p>\n<\/div>","protected":false},"excerpt":{"rendered":"<p>Il Campo Informativo F-Aurea <span style=\"color: #cda434;\"><strong>Soul Memory<\/strong><\/span>\u00a0\u00e8 creato con il fine di attivare, potenziare, rendere pi\u00f9 rapida e profonda la capacit\u00e0 della coscienza di accedere <span style=\"color: #cda434;\"><strong>alla memoria d'anima delle vite passate<\/strong><\/span> accedendo alla propria memoria akashica. Ma si prega di comprendere che \u00e8 uno strumento <strong>realizzato per praticanti esperti di meditazione o di pratiche di regressione nelle vite passate, &gt;&gt;&gt; SCONSIGLIATO AI PRINCIPIANTI &lt;&lt;&lt;<\/strong>\u00a0\u00e8 quindi uno strumento creato per potenziare le pratiche di regressione nelle vite passate o di connessione alla memoria akashica.<\/p>","protected":false},"featured_media":3996,"comment_status":"open","ping_status":"closed","template":"","meta":{"_acf_changed":false},"product_brand":[],"product_cat":[88],"product_tag":[],"class_list":{"0":"post-3660","1":"product","2":"type-product","3":"status-publish","4":"has-post-thumbnail","6":"product_cat-informative-fields","8":"first","9":"instock","10":"taxable","11":"shipping-taxable","12":"purchasable","13":"product-type-simple"},"acf":[],"yoast_head":"<!-- This site is optimized with the Yoast SEO plugin v27.2 - https:\/\/yoast.com\/product\/yoast-seo-wordpress\/ -->\n<title>Soul Memory Card, Green. - F-Aurea<\/title>\n<meta name=\"robots\" content=\"index, follow, max-snippet:-1, max-image-preview:large, max-video-preview:-1\" \/>\n<link rel=\"canonical\" href=\"https:\/\/f-aurea.com\/it\/negozio\/soul-memory-card\/\" \/>\n<meta property=\"og:locale\" content=\"it_IT\" \/>\n<meta property=\"og:type\" content=\"article\" \/>\n<meta property=\"og:title\" content=\"Soul Memory Card, Green. - F-Aurea\" \/>\n<meta property=\"og:description\" content=\"The Informational Field Soul Memory F-Aurea\u00a0is designed with the purpouse of activate, empower and bring to cosciousness the memory of past life experiences from the Akashic personal own memory. Please take note! It is a tool designed for experienced meditation practictioners, &gt;&gt;&gt; not for beginner. &lt;&lt;&lt;\u00a0It is designed to empower such meditation or past life regressions practices.\" \/>\n<meta property=\"og:url\" content=\"https:\/\/f-aurea.com\/it\/negozio\/soul-memory-card\/\" \/>\n<meta property=\"og:site_name\" content=\"F-Aurea\" \/>\n<meta property=\"article:publisher\" content=\"https:\/\/www.facebook.com\/manlio.didonato\/\" \/>\n<meta property=\"article:modified_time\" content=\"2026-02-24T15:48:11+00:00\" \/>\n<meta property=\"og:image\" content=\"https:\/\/f-aurea.com\/wp-content\/uploads\/2023\/02\/SOUL-MEMORY-PHOTO.jpg\" \/>\n\t<meta property=\"og:image:width\" content=\"1300\" \/>\n\t<meta property=\"og:image:height\" content=\"1300\" \/>\n\t<meta property=\"og:image:type\" content=\"image\/jpeg\" \/>\n<meta name=\"twitter:card\" content=\"summary_large_image\" \/>\n<meta name=\"twitter:label1\" content=\"Tempo di lettura stimato\" \/>\n\t<meta name=\"twitter:data1\" content=\"6 minuti\" \/>\n<script type=\"application\/ld+json\" class=\"yoast-schema-graph\">{\"@context\":\"https:\/\/schema.org\",\"@graph\":[{\"@type\":\"WebPage\",\"@id\":\"https:\/\/f-aurea.com\/negozio\/soul-memory-card\/\",\"url\":\"https:\/\/f-aurea.com\/negozio\/soul-memory-card\/\",\"name\":\"Soul Memory Card, Green. - F-Aurea\",\"isPartOf\":{\"@id\":\"https:\/\/f-aurea.com\/#website\"},\"primaryImageOfPage\":{\"@id\":\"https:\/\/f-aurea.com\/negozio\/soul-memory-card\/#primaryimage\"},\"image\":{\"@id\":\"https:\/\/f-aurea.com\/negozio\/soul-memory-card\/#primaryimage\"},\"thumbnailUrl\":\"https:\/\/f-aurea.com\/wp-content\/uploads\/2023\/02\/SOUL-MEMORY-PHOTO.jpg\",\"datePublished\":\"2022-11-06T16:04:37+00:00\",\"dateModified\":\"2026-02-24T15:48:11+00:00\",\"breadcrumb\":{\"@id\":\"https:\/\/f-aurea.com\/negozio\/soul-memory-card\/#breadcrumb\"},\"inLanguage\":\"it-IT\",\"potentialAction\":[{\"@type\":\"ReadAction\",\"target\":[\"https:\/\/f-aurea.com\/negozio\/soul-memory-card\/\"]}]},{\"@type\":\"ImageObject\",\"inLanguage\":\"it-IT\",\"@id\":\"https:\/\/f-aurea.com\/negozio\/soul-memory-card\/#primaryimage\",\"url\":\"https:\/\/f-aurea.com\/wp-content\/uploads\/2023\/02\/SOUL-MEMORY-PHOTO.jpg\",\"contentUrl\":\"https:\/\/f-aurea.com\/wp-content\/uploads\/2023\/02\/SOUL-MEMORY-PHOTO.jpg\",\"width\":1300,\"height\":1300,\"caption\":\"F-Aurea, Campo Informativo Eterico Olofrattale F-Aurea, F-Aurea Aetheric Informative Filed, F-Aurea Etheric Informative Field, Life Force, Life Energy, Card, Holofractality, Multidimensionality, Olofrattalit\u00e0, Multidimensionalit\u00e0, soul memory, past life regression\"},{\"@type\":\"BreadcrumbList\",\"@id\":\"https:\/\/f-aurea.com\/negozio\/soul-memory-card\/#breadcrumb\",\"itemListElement\":[{\"@type\":\"ListItem\",\"position\":1,\"name\":\"Home\",\"item\":\"https:\/\/f-aurea.com\/\"},{\"@type\":\"ListItem\",\"position\":2,\"name\":\"Shop\",\"item\":\"https:\/\/f-aurea.com\/negozio\/\"},{\"@type\":\"ListItem\",\"position\":3,\"name\":\"Soul Memory Card, Green.\"}]},{\"@type\":\"WebSite\",\"@id\":\"https:\/\/f-aurea.com\/#website\",\"url\":\"https:\/\/f-aurea.com\/\",\"name\":\"F-Aurea\",\"description\":\"\",\"publisher\":{\"@id\":\"https:\/\/f-aurea.com\/#organization\"},\"potentialAction\":[{\"@type\":\"SearchAction\",\"target\":{\"@type\":\"EntryPoint\",\"urlTemplate\":\"https:\/\/f-aurea.com\/?s={search_term_string}\"},\"query-input\":{\"@type\":\"PropertyValueSpecification\",\"valueRequired\":true,\"valueName\":\"search_term_string\"}}],\"inLanguage\":\"it-IT\"},{\"@type\":\"Organization\",\"@id\":\"https:\/\/f-aurea.com\/#organization\",\"name\":\"F-Aurea\",\"url\":\"https:\/\/f-aurea.com\/\",\"logo\":{\"@type\":\"ImageObject\",\"inLanguage\":\"it-IT\",\"@id\":\"https:\/\/f-aurea.com\/#\/schema\/logo\/image\/\",\"url\":\"https:\/\/f-aurea.com\/wp-content\/uploads\/2022\/05\/Logo-F-Aurea-oro-con-testo-bianco-2000-px.png\",\"contentUrl\":\"https:\/\/f-aurea.com\/wp-content\/uploads\/2022\/05\/Logo-F-Aurea-oro-con-testo-bianco-2000-px.png\",\"width\":2000,\"height\":1242,\"caption\":\"F-Aurea\"},\"image\":{\"@id\":\"https:\/\/f-aurea.com\/#\/schema\/logo\/image\/\"},\"sameAs\":[\"https:\/\/www.facebook.com\/manlio.didonato\/\",\"https:\/\/www.instagram.com\/manlio_ignisrebirth\/\"]}]}<\/script>\n<!-- \/ Yoast SEO plugin. -->","yoast_head_json":{"title":"Soul Memory Card, Green. - F-Aurea","robots":{"index":"index","follow":"follow","max-snippet":"max-snippet:-1","max-image-preview":"max-image-preview:large","max-video-preview":"max-video-preview:-1"},"canonical":"https:\/\/f-aurea.com\/it\/negozio\/soul-memory-card\/","og_locale":"it_IT","og_type":"article","og_title":"Soul Memory Card, Green. - F-Aurea","og_description":"The Informational Field Soul Memory F-Aurea\u00a0is designed with the purpouse of activate, empower and bring to cosciousness the memory of past life experiences from the Akashic personal own memory. Please take note! It is a tool designed for experienced meditation practictioners, &gt;&gt;&gt; not for beginner. &lt;&lt;&lt;\u00a0It is designed to empower such meditation or past life regressions practices.","og_url":"https:\/\/f-aurea.com\/it\/negozio\/soul-memory-card\/","og_site_name":"F-Aurea","article_publisher":"https:\/\/www.facebook.com\/manlio.didonato\/","article_modified_time":"2026-02-24T15:48:11+00:00","og_image":[{"width":1300,"height":1300,"url":"https:\/\/f-aurea.com\/wp-content\/uploads\/2023\/02\/SOUL-MEMORY-PHOTO.jpg","type":"image\/jpeg"}],"twitter_card":"summary_large_image","twitter_misc":{"Tempo di lettura stimato":"6 minuti"},"schema":{"@context":"https:\/\/schema.org","@graph":[{"@type":"WebPage","@id":"https:\/\/f-aurea.com\/negozio\/soul-memory-card\/","url":"https:\/\/f-aurea.com\/negozio\/soul-memory-card\/","name":"Soul Memory Card, Green. - F-Aurea","isPartOf":{"@id":"https:\/\/f-aurea.com\/#website"},"primaryImageOfPage":{"@id":"https:\/\/f-aurea.com\/negozio\/soul-memory-card\/#primaryimage"},"image":{"@id":"https:\/\/f-aurea.com\/negozio\/soul-memory-card\/#primaryimage"},"thumbnailUrl":"https:\/\/f-aurea.com\/wp-content\/uploads\/2023\/02\/SOUL-MEMORY-PHOTO.jpg","datePublished":"2022-11-06T16:04:37+00:00","dateModified":"2026-02-24T15:48:11+00:00","breadcrumb":{"@id":"https:\/\/f-aurea.com\/negozio\/soul-memory-card\/#breadcrumb"},"inLanguage":"it-IT","potentialAction":[{"@type":"ReadAction","target":["https:\/\/f-aurea.com\/negozio\/soul-memory-card\/"]}]},{"@type":"ImageObject","inLanguage":"it-IT","@id":"https:\/\/f-aurea.com\/negozio\/soul-memory-card\/#primaryimage","url":"https:\/\/f-aurea.com\/wp-content\/uploads\/2023\/02\/SOUL-MEMORY-PHOTO.jpg","contentUrl":"https:\/\/f-aurea.com\/wp-content\/uploads\/2023\/02\/SOUL-MEMORY-PHOTO.jpg","width":1300,"height":1300,"caption":"F-Aurea, Campo Informativo Eterico Olofrattale F-Aurea, F-Aurea Aetheric Informative Filed, F-Aurea Etheric Informative Field, Life Force, Life Energy, Card, Holofractality, Multidimensionality, Olofrattalit\u00e0, Multidimensionalit\u00e0, soul memory, past life regression"},{"@type":"BreadcrumbList","@id":"https:\/\/f-aurea.com\/negozio\/soul-memory-card\/#breadcrumb","itemListElement":[{"@type":"ListItem","position":1,"name":"Home","item":"https:\/\/f-aurea.com\/"},{"@type":"ListItem","position":2,"name":"Shop","item":"https:\/\/f-aurea.com\/negozio\/"},{"@type":"ListItem","position":3,"name":"Soul Memory Card, Green."}]},{"@type":"WebSite","@id":"https:\/\/f-aurea.com\/#website","url":"https:\/\/f-aurea.com\/","name":"F-Aurea","description":"","publisher":{"@id":"https:\/\/f-aurea.com\/#organization"},"potentialAction":[{"@type":"SearchAction","target":{"@type":"EntryPoint","urlTemplate":"https:\/\/f-aurea.com\/?s={search_term_string}"},"query-input":{"@type":"PropertyValueSpecification","valueRequired":true,"valueName":"search_term_string"}}],"inLanguage":"it-IT"},{"@type":"Organization","@id":"https:\/\/f-aurea.com\/#organization","name":"F-Aurea","url":"https:\/\/f-aurea.com\/","logo":{"@type":"ImageObject","inLanguage":"it-IT","@id":"https:\/\/f-aurea.com\/#\/schema\/logo\/image\/","url":"https:\/\/f-aurea.com\/wp-content\/uploads\/2022\/05\/Logo-F-Aurea-oro-con-testo-bianco-2000-px.png","contentUrl":"https:\/\/f-aurea.com\/wp-content\/uploads\/2022\/05\/Logo-F-Aurea-oro-con-testo-bianco-2000-px.png","width":2000,"height":1242,"caption":"F-Aurea"},"image":{"@id":"https:\/\/f-aurea.com\/#\/schema\/logo\/image\/"},"sameAs":["https:\/\/www.facebook.com\/manlio.didonato\/","https:\/\/www.instagram.com\/manlio_ignisrebirth\/"]}]}},"_links":{"self":[{"href":"https:\/\/f-aurea.com\/it\/wp-json\/wp\/v2\/product\/3660","targetHints":{"allow":["GET"]}}],"collection":[{"href":"https:\/\/f-aurea.com\/it\/wp-json\/wp\/v2\/product"}],"about":[{"href":"https:\/\/f-aurea.com\/it\/wp-json\/wp\/v2\/types\/product"}],"replies":[{"embeddable":true,"href":"https:\/\/f-aurea.com\/it\/wp-json\/wp\/v2\/comments?post=3660"}],"wp:featuredmedia":[{"embeddable":true,"href":"https:\/\/f-aurea.com\/it\/wp-json\/wp\/v2\/media\/3996"}],"wp:attachment":[{"href":"https:\/\/f-aurea.com\/it\/wp-json\/wp\/v2\/media?parent=3660"}],"wp:term":[{"taxonomy":"product_brand","embeddable":true,"href":"https:\/\/f-aurea.com\/it\/wp-json\/wp\/v2\/product_brand?post=3660"},{"taxonomy":"product_cat","embeddable":true,"href":"https:\/\/f-aurea.com\/it\/wp-json\/wp\/v2\/product_cat?post=3660"},{"taxonomy":"product_tag","embeddable":true,"href":"https:\/\/f-aurea.com\/it\/wp-json\/wp\/v2\/product_tag?post=3660"}],"curies":[{"name":"wp","href":"https:\/\/api.w.org\/{rel}","templated":true}]}}