{"id":3663,"date":"2022-11-06T17:07:28","date_gmt":"2022-11-06T16:07:28","guid":{"rendered":"https:\/\/f-aurea.com\/?post_type=product&#038;p=3663"},"modified":"2026-02-24T16:45:44","modified_gmt":"2026-02-24T15:45:44","slug":"domus-card-for-home-and-geobiology-green","status":"publish","type":"product","link":"https:\/\/f-aurea.com\/it\/negozio\/domus-card-for-home-and-geobiology-green\/","title":{"rendered":"Domus_Aurea armonizzazione ambientale per la casa, Verde"},"content":{"rendered":"<p style=\"text-align: left;\" class=\"translation-block\">More in depth the Informational Field of the <span style=\"color: #cda434;\"><strong>F-Aurea Domus_Aurea,<\/strong><\/span> works by reshaping the environmental Aether of the home in order to:<\/p>\n<ul>\n<li>purificare ogni forma eterica dissonante (energie negative) nell'abitazione.<\/li>\n<li>creare tramite le porte e le finestre una regolare circolazione eterica dentro la casa.<\/li>\n<li class=\"translation-block\">Riqualificare e reinformare le varie forme di geopatie eteriche fra cui specialmente: Nodi e Rete Hartmann, Nodi e Rete Curry, Nodi e Rete Primordiale, Energia di Faglia, Energia delle Acque Sotterranee, Etere Cimiteriale, mandare alla luce le entit\u00e0 e le presenze.<\/li>\n<li>potenziare la Forza Eterica di Difesa dell'abitazione.<\/li>\n<li>Armonizza le forze ed energie naturali con la casa ed i suoi abitanti.<\/li>\n<li>Inoltre opera una purificazione profonda su vari aspetti eterici dissonanti quali: entit\u00e0 e presenze, forme pensiero, etere irritato da fattori inquinanti, ecc.. Per poi condensare energia vitale nella stanza rendendola etericamente simile alla qualit\u00e0 energetica di un bosco.<\/li>\n<\/ul>\n<p>Per fare questo la Domus_Aurea necessita di qualche giorno per operare a piena efficienza. In quanto una volta posizionata essa scansiona etericamente l'area e inizia ad operare nell'ambiente stanza per stanza.<\/p>\n<p>Infine Domus_Aurea purifica e reinforma la memoria eterica dell'identit\u00e0 del luogo, portandolo in consonanza con gli abitanti attuali.<\/p>\n<p>Cos\u00ec come ogni Campi Informativo F-Aurea, opera multidimensionalmente e non necessita di manutenzione alcuna, il Campo \u00e8 eterno, cos\u00ec come descritto nei nostri libri e pubblicazioni.<\/p>\n<div class=\"fusion-content-boxes content-boxes columns row fusion-columns-1 fusion-columns-total-2 fusion-content-boxes-25 content-boxes-icon-with-title content-left\" style=\"--awb-hover-accent-color: var(--awb-color5); --awb-circle-hover-accent-color: var(--awb-color5); --awb-item-margin-bottom: 40px;\" data-animationoffset=\"top-into-view\">\n<div class=\"fusion-column content-box-column content-box-column content-box-column-1 col-lg-12 col-md-12 col-sm-12 fusion-content-box-hover content-box-column-last-in-row\" style=\"--awb-backgroundcolor: transparent;\">\n<div class=\"col content-box-wrapper content-wrapper link-area-link-icon icon-hover-animation-pulsate\" data-animationoffset=\"top-into-view\">\n<div class=\"heading heading-with-icon icon-left\">\n<div class=\"icon\"><\/div>\n<h3 class=\"content-box-heading fusion-responsive-typography-calculated\" style=\"--h3_typography-font-size: 20px; --fontsize: 20; line-height: 1.5;\">Adatta per<\/h3>\n<\/div>\n<div class=\"fusion-clearfix\"><\/div>\n<div class=\"content-container\">\n<p>Casa ed ufficio<\/p>\n<p>E' facile da portare con se per usarla sul posto di lavoro.<\/p>\n<p>Adatta anche per: Feng Shui, domoterapia, space clearing, armonizzazione ambientale.<\/p>\n<\/div>\n<\/div>\n<\/div>\n<div class=\"fusion-column content-box-column content-box-column content-box-column-2 col-lg-12 col-md-12 col-sm-12 fusion-content-box-hover content-box-column-last content-box-column-last-in-row\" style=\"--awb-backgroundcolor: transparent;\">\n<div class=\"col content-box-wrapper content-wrapper link-area-link-icon icon-hover-animation-pulsate\" data-animationoffset=\"top-into-view\">\n<div class=\"heading heading-with-icon icon-left\">\n<div class=\"icon\"><\/div>\n<h3 class=\"content-box-heading fusion-responsive-typography-calculated\" style=\"--h3_typography-font-size: 20px; --fontsize: 20; line-height: 1.5;\">Raggio<\/h3>\n<\/div>\n<div class=\"fusion-clearfix\"><\/div>\n<div class=\"content-container\">\n<p>Opera nell'intera abitazione ma limitatamente ad un piano alla volta, con un effetto maggiore nella stanza dove viene posta. Una singola Domus_Aurea copre circa 70m2.<\/p>\n<p class=\"translation-block\">Se invece stai cercando una soluzione adeguata per uno studio olistico, un centro benessere, palestra, piscina, SPA, studio estetio, o altro ambiente dove le persone praticano in gruppo o da sole tecniche che comportano un pesante rilascio di etere dissonante, come yoga, meditazione, coaching, sessioni olistiche, massaggio, kinesiologia, reiki, ecc.. Sar\u00e0 maggiormente indicato il Campo Informativo  <span style=\"color: #cda434\"><strong>Domus AetherLightspace F-Aurea<\/strong><\/span> disponibile sia in tessera che ancorato su Genesa. Puoi inoltre abbinare pi\u00f9 di una Domus per amplificarne ed accelerarne gli effetti.<\/p>\n<p>In alcuni casi l'area della Domus sar\u00e0 maggiore o minore. Ambienti sotterranei, specialmente in metropoli o citt\u00e0 densamente abitate tendono ad accumulare maggiori quantit\u00e0 di dissonanza ambientale, cosa che in luoghi naturali e citt\u00e0 di campagna non avviene.<\/p>\n<\/div>\n<\/div>\n<\/div>\n<div class=\"fusion-clearfix\"><\/div>\n<\/div>\n<p class=\"western translation-block\" lang=\"it-IT\"><strong>Non \u00e8 sostitutivo della pratica medica. Tutti gli effetti indicati si basano su nostre ricerche e studi interni, senza pretesa di scientificit\u00e0. I Campi Informativi, Genese, corsi, ed ogni altra informazione presente su f-aurea.com non sono sostitutive delle cure mediche o psicologiche.<\/strong><\/p>\n<blockquote>\n<p class=\"western\" lang=\"it-IT\"><span lang=\"it-IT\" style=\"color: #cda434;\"><b>Scheda Tecnica<\/b><\/span><\/p>\n<p class=\"western\" lang=\"it-IT\"><span lang=\"it-IT\"><b>Materiale:<\/b><\/span> Alluminio, pu\u00f2 contenere nickel.<\/p>\n<p lang=\"it-IT\"><strong>Colore<\/strong> Verde.<\/p>\n<p class=\"western translation-block\" lang=\"it-IT\">Dimensioni: 5,4 cm x 8,6 cm. Spessore 0,5 mm<\/p>\n<p class=\"western\" lang=\"it-IT\"><span lang=\"it-IT\"><b>Campo Informativo<\/b><\/span>: Domus Aurea F-Aurea<\/p>\n<\/blockquote>\n<p lang=\"it-IT\">Nota. E' possibile sperimentare dei leggeri fastidi i primi giorni e a volte settimane di attivit\u00e0 della Domus. Questi svaniranno una volta che la Domus avr\u00e0 finito di ripulire a fondo l'ambiente e si sar\u00e0 stabilizzata. Questo avviene solitamente in luoghi molto energeticamente sporchi.<\/p>\n<p class=\"western\" lang=\"it-IT\">Il Campo Informativo F-Aurea ancorato nella Domus non si scarica mai, \u00e8 eterno. Esso \u00e8 il risultato degli studi di Francesco Verticchio, Manlio Di Donato e del Gruppo F-Aurea. Non \u00e8 radionica, non \u00e8 una forma pensiero, non \u00e8 simbologia sebbene utilizzi un aspetto artistico come vettore da cui manifestare il suo Campo Informativo. Maggiori informazioni nelle nostre pubblicazioni.<\/p>\n<div class=\"fusion-content-boxes content-boxes columns row fusion-columns-1 fusion-columns-total-2 fusion-content-boxes-26 content-boxes-icon-with-title content-left\" style=\"--awb-hover-accent-color: var(--awb-color5); --awb-circle-hover-accent-color: var(--awb-color5); --awb-item-margin-bottom: 40px;\" data-animationoffset=\"top-into-view\">\n<div class=\"fusion-column content-box-column content-box-column content-box-column-1 col-lg-12 col-md-12 col-sm-12 fusion-content-box-hover content-box-column-last-in-row\" style=\"--awb-backgroundcolor: transparent;\">\n<div class=\"col content-box-wrapper content-wrapper link-area-link-icon icon-hover-animation-pulsate\" data-animationoffset=\"top-into-view\">\n<div class=\"heading heading-with-icon icon-left\">\n<div class=\"icon\"><\/div>\n<h3 class=\"content-box-heading fusion-responsive-typography-calculated\" style=\"--h3_typography-font-size: 20px; --fontsize: 20; line-height: 1.5;\">Pagamento<\/h3>\n<\/div>\n<div class=\"fusion-clearfix\"><\/div>\n<div class=\"content-container\">\n<p>Accettiamo i seguenti metodi di pagamento:<\/p>\n<ul>\n<li>Carta di credito \\ carta di debito<\/li>\n<li>Trasferimento bancario sul nostro conto corrente<\/li>\n<li>Paypal<\/li>\n<\/ul>\n<p lang=\"it-IT\">\n<\/div>\n<\/div>\n<\/div>\n<div class=\"fusion-column content-box-column content-box-column content-box-column-2 col-lg-12 col-md-12 col-sm-12 fusion-content-box-hover content-box-column-last content-box-column-last-in-row\" style=\"--awb-backgroundcolor: transparent;\">\n<div class=\"col content-box-wrapper content-wrapper link-area-link-icon icon-hover-animation-pulsate\" data-animationoffset=\"top-into-view\">\n<div class=\"heading heading-with-icon icon-left\">\n<div class=\"icon\"><\/div>\n<h3 class=\"content-box-heading fusion-responsive-typography-calculated\" style=\"--h3_typography-font-size: 20px; --fontsize: 20; line-height: 1.5;\">Spedizione<\/h3>\n<\/div>\n<div class=\"fusion-clearfix\"><\/div>\n<div class=\"content-container\">\n<p>Unless otherwise specified, your order will be dispatched within 2-3 working days from the moment the payment is received (from monday to friday). Downloadable products will be avaible accordingly to the chosen payment method. Usually they will be ready automatically after the payment if you use creditdebit cards. If you choose Bank Transfer, then we will need some time to actually receive and verify the payment, so it can take from 3 days (usually) to two weeks (very uncommon) to receive and process your order.<\/p>\n<p>Quando prenoti la tua partecipazione ad un corso riceverai un email con le date e gli orari a partire dai quali sar\u00e0 possibile scaricare le lezioni.<\/p>\n<p>Se acquisti contenuto digitale, come Ebook e Percorsi Olistici questi sono sempre disponibili per il download, cos\u00ec come specificato nella pagina <a href=\"https:\/\/f-aurea.com\/it\/terms_and_conditions\/\" target=\"_blank\" rel=\"noopener\">Terms and Conditions<\/a> page.<\/p>\n<p>I pacchi sono spediti da un magazzino in ITALIA a PADOVA, e solitamente arrivano in 2-3 giorni indipendentemente dal tipo di spedizione scelta (gratuita quando disponibile o assicurata a pagamento). Possiamo spedire in tutta Europa, e con qualche eccezione nel resto del mondo. Tuttavia \u00e8 richiesto del tempo extra per raggiungere alcune nazioni.<\/p>\n<p><strong>Sei pregato di contattarci per ogni chiarimento in merito alle spedizioni.<\/strong><\/p>\n<p lang=\"it-IT\">\n<\/div>\n<\/div>\n<\/div>\n<div class=\"fusion-clearfix\"><\/div>\n<\/div>\n<p><strong>Politica dei Resi<\/strong><\/p>\n<p>Come indicato nella pagina <strong><a href=\"https:\/\/f-aurea.com\/it\/terms_and_conditions\/\" target=\"_blank\" rel=\"noopener\">Terms and Conditions<\/a><\/strong> . Nel caso tu non sia soddisfatto dell'acquisto come da regolamento Europeo puoi inoltrare un reclamo entro 14 giorni da quando hai ricevuto gli articoli da te acquistati. Quindi puoi chiedere un rimborso od una sostituzione del prodotto (nel caso in cui esso arrivi danneggiato).<\/p>\n<p>Si prega di notare che i resti sono accettati entro 14 giorni lavorativi dalla data in cui il corriere consegna il paggo.<\/p>\n<p>Per essere restituiti gli articoli devono trovarsi nelle stesse condizioni in cui li hai ricevuti. In accordo con le vigenti leggi europee, Integratori erboristici alimentari, cosmetici, ed oli da massaggio, non sono accettati come resi.<\/p>","protected":false},"excerpt":{"rendered":"<p class=\"translation-block\">Il  <span style=\"color: #cda434\"><strong>Campo Informativo Domus_Aurea F-Aurea <\/strong> <\/span> opera per l'armonizzazione ambientale avanzata. Il che include la purificazione profonda ed altamente efficiente dell'etere ambientale, essa rende consonante ed etericamente benefica ogni forma di geopatia, quali Reti e Nodi Hartmann, Reti e Nodi Curry, etere cimiteriale, entit\u00e0 e spiriti erranti, acque sotterranee, la componente eterica dell'elettrosmog incluse le ultime generazioni. Inoltre il Campo Informativo ancorato nella tessera dissolve ed armonizza le memorie ambientali dissonanti, le energie rilasciate dagli abitanti passati e presenti, ecc..<\/p>\n<p class=\"translation-block\">Ogni tessera <span style=\"color: #cda434\"><strong>F-Aurea<\/strong><\/span> \u00e8 un supporto artistico appositamente creato per un Campo Informativo.<\/p>","protected":false},"featured_media":3612,"comment_status":"open","ping_status":"closed","template":"","meta":{"_acf_changed":false},"product_brand":[],"product_cat":[88],"product_tag":[],"class_list":{"0":"post-3663","1":"product","2":"type-product","3":"status-publish","4":"has-post-thumbnail","6":"product_cat-informative-fields","8":"first","9":"instock","10":"taxable","11":"shipping-taxable","12":"purchasable","13":"product-type-simple"},"acf":[],"yoast_head":"<!-- This site is optimized with the Yoast SEO plugin v27.2 - https:\/\/yoast.com\/product\/yoast-seo-wordpress\/ -->\n<title>Domus Card, for Home Harmonization. Green - F-Aurea<\/title>\n<meta name=\"robots\" content=\"index, follow, max-snippet:-1, max-image-preview:large, max-video-preview:-1\" \/>\n<link rel=\"canonical\" href=\"https:\/\/f-aurea.com\/it\/negozio\/domus-card-for-home-and-geobiology-green\/\" \/>\n<meta property=\"og:locale\" content=\"it_IT\" \/>\n<meta property=\"og:type\" content=\"article\" \/>\n<meta property=\"og:title\" content=\"Domus Card, for Home Harmonization. Green - F-Aurea\" \/>\n<meta property=\"og:description\" content=\"The Domus F-Aurea Informational Field works into advanced home environment harmonization. Which includes:\u00a0Reshaping etheric home field, bringing consonances with different aspects such as\u00a0Hartmann Grid and Nodes; Curry Grid and Nodes; Cemetery Ether; etc.. It also works as a cleanser of heavy and dissonant energy discharged into the home by the inhabitants, neighbours, memories of previous inhabitants, and life experiences.  Each F-Aurea Card is an artistic and purposeful support for an F-Aurea Informational Field.\" \/>\n<meta property=\"og:url\" content=\"https:\/\/f-aurea.com\/it\/negozio\/domus-card-for-home-and-geobiology-green\/\" \/>\n<meta property=\"og:site_name\" content=\"F-Aurea\" \/>\n<meta property=\"article:publisher\" content=\"https:\/\/www.facebook.com\/manlio.didonato\/\" \/>\n<meta property=\"article:modified_time\" content=\"2026-02-24T15:45:44+00:00\" \/>\n<meta property=\"og:image\" content=\"https:\/\/f-aurea.com\/wp-content\/uploads\/2022\/11\/DOMUS-GREEN.jpg\" \/>\n\t<meta property=\"og:image:width\" content=\"1300\" \/>\n\t<meta property=\"og:image:height\" content=\"1300\" \/>\n\t<meta property=\"og:image:type\" content=\"image\/jpeg\" \/>\n<meta name=\"twitter:card\" content=\"summary_large_image\" \/>\n<meta name=\"twitter:label1\" content=\"Tempo di lettura stimato\" \/>\n\t<meta name=\"twitter:data1\" content=\"5 minuti\" \/>\n<script type=\"application\/ld+json\" class=\"yoast-schema-graph\">{\"@context\":\"https:\/\/schema.org\",\"@graph\":[{\"@type\":\"WebPage\",\"@id\":\"https:\/\/f-aurea.com\/negozio\/domus-card-for-home-and-geobiology-green\/\",\"url\":\"https:\/\/f-aurea.com\/negozio\/domus-card-for-home-and-geobiology-green\/\",\"name\":\"Domus Card, for Home Harmonization. Green - F-Aurea\",\"isPartOf\":{\"@id\":\"https:\/\/f-aurea.com\/#website\"},\"primaryImageOfPage\":{\"@id\":\"https:\/\/f-aurea.com\/negozio\/domus-card-for-home-and-geobiology-green\/#primaryimage\"},\"image\":{\"@id\":\"https:\/\/f-aurea.com\/negozio\/domus-card-for-home-and-geobiology-green\/#primaryimage\"},\"thumbnailUrl\":\"https:\/\/f-aurea.com\/wp-content\/uploads\/2022\/11\/DOMUS-GREEN.jpg\",\"datePublished\":\"2022-11-06T16:07:28+00:00\",\"dateModified\":\"2026-02-24T15:45:44+00:00\",\"breadcrumb\":{\"@id\":\"https:\/\/f-aurea.com\/negozio\/domus-card-for-home-and-geobiology-green\/#breadcrumb\"},\"inLanguage\":\"it-IT\",\"potentialAction\":[{\"@type\":\"ReadAction\",\"target\":[\"https:\/\/f-aurea.com\/negozio\/domus-card-for-home-and-geobiology-green\/\"]}]},{\"@type\":\"ImageObject\",\"inLanguage\":\"it-IT\",\"@id\":\"https:\/\/f-aurea.com\/negozio\/domus-card-for-home-and-geobiology-green\/#primaryimage\",\"url\":\"https:\/\/f-aurea.com\/wp-content\/uploads\/2022\/11\/DOMUS-GREEN.jpg\",\"contentUrl\":\"https:\/\/f-aurea.com\/wp-content\/uploads\/2022\/11\/DOMUS-GREEN.jpg\",\"width\":1300,\"height\":1300,\"caption\":\"Genesa, Genese, Phi, Golden Ratio, Energie Sottili, Subtle Energy, Etere, Ether, Forze Eteriche, Etheric Forces, Onda di Forma, Shape Form, Domus, Hartmann Nodes, Hartmann Grid, Nodi Hartmann, Geopatie, Ricalibrazione Planetaria, F-Aurea Etheric Informative Field, Campo Informativo Eterico F-Aurea, geopatie, geobiologia, armonizzazione ambientale, nodi curry, curry nodes, curry grid, card, green, verde\"},{\"@type\":\"BreadcrumbList\",\"@id\":\"https:\/\/f-aurea.com\/negozio\/domus-card-for-home-and-geobiology-green\/#breadcrumb\",\"itemListElement\":[{\"@type\":\"ListItem\",\"position\":1,\"name\":\"Home\",\"item\":\"https:\/\/f-aurea.com\/\"},{\"@type\":\"ListItem\",\"position\":2,\"name\":\"Shop\",\"item\":\"https:\/\/f-aurea.com\/negozio\/\"},{\"@type\":\"ListItem\",\"position\":3,\"name\":\"Domus Card, for Home Harmonization. Green\"}]},{\"@type\":\"WebSite\",\"@id\":\"https:\/\/f-aurea.com\/#website\",\"url\":\"https:\/\/f-aurea.com\/\",\"name\":\"F-Aurea\",\"description\":\"\",\"publisher\":{\"@id\":\"https:\/\/f-aurea.com\/#organization\"},\"potentialAction\":[{\"@type\":\"SearchAction\",\"target\":{\"@type\":\"EntryPoint\",\"urlTemplate\":\"https:\/\/f-aurea.com\/?s={search_term_string}\"},\"query-input\":{\"@type\":\"PropertyValueSpecification\",\"valueRequired\":true,\"valueName\":\"search_term_string\"}}],\"inLanguage\":\"it-IT\"},{\"@type\":\"Organization\",\"@id\":\"https:\/\/f-aurea.com\/#organization\",\"name\":\"F-Aurea\",\"url\":\"https:\/\/f-aurea.com\/\",\"logo\":{\"@type\":\"ImageObject\",\"inLanguage\":\"it-IT\",\"@id\":\"https:\/\/f-aurea.com\/#\/schema\/logo\/image\/\",\"url\":\"https:\/\/f-aurea.com\/wp-content\/uploads\/2022\/05\/Logo-F-Aurea-oro-con-testo-bianco-2000-px.png\",\"contentUrl\":\"https:\/\/f-aurea.com\/wp-content\/uploads\/2022\/05\/Logo-F-Aurea-oro-con-testo-bianco-2000-px.png\",\"width\":2000,\"height\":1242,\"caption\":\"F-Aurea\"},\"image\":{\"@id\":\"https:\/\/f-aurea.com\/#\/schema\/logo\/image\/\"},\"sameAs\":[\"https:\/\/www.facebook.com\/manlio.didonato\/\",\"https:\/\/www.instagram.com\/manlio_ignisrebirth\/\"]}]}<\/script>\n<!-- \/ Yoast SEO plugin. -->","yoast_head_json":{"title":"Domus Card, for Home Harmonization. Green - F-Aurea","robots":{"index":"index","follow":"follow","max-snippet":"max-snippet:-1","max-image-preview":"max-image-preview:large","max-video-preview":"max-video-preview:-1"},"canonical":"https:\/\/f-aurea.com\/it\/negozio\/domus-card-for-home-and-geobiology-green\/","og_locale":"it_IT","og_type":"article","og_title":"Domus Card, for Home Harmonization. Green - F-Aurea","og_description":"The Domus F-Aurea Informational Field works into advanced home environment harmonization. Which includes:\u00a0Reshaping etheric home field, bringing consonances with different aspects such as\u00a0Hartmann Grid and Nodes; Curry Grid and Nodes; Cemetery Ether; etc.. It also works as a cleanser of heavy and dissonant energy discharged into the home by the inhabitants, neighbours, memories of previous inhabitants, and life experiences.  Each F-Aurea Card is an artistic and purposeful support for an F-Aurea Informational Field.","og_url":"https:\/\/f-aurea.com\/it\/negozio\/domus-card-for-home-and-geobiology-green\/","og_site_name":"F-Aurea","article_publisher":"https:\/\/www.facebook.com\/manlio.didonato\/","article_modified_time":"2026-02-24T15:45:44+00:00","og_image":[{"width":1300,"height":1300,"url":"https:\/\/f-aurea.com\/wp-content\/uploads\/2022\/11\/DOMUS-GREEN.jpg","type":"image\/jpeg"}],"twitter_card":"summary_large_image","twitter_misc":{"Tempo di lettura stimato":"5 minuti"},"schema":{"@context":"https:\/\/schema.org","@graph":[{"@type":"WebPage","@id":"https:\/\/f-aurea.com\/negozio\/domus-card-for-home-and-geobiology-green\/","url":"https:\/\/f-aurea.com\/negozio\/domus-card-for-home-and-geobiology-green\/","name":"Domus Card, for Home Harmonization. Green - F-Aurea","isPartOf":{"@id":"https:\/\/f-aurea.com\/#website"},"primaryImageOfPage":{"@id":"https:\/\/f-aurea.com\/negozio\/domus-card-for-home-and-geobiology-green\/#primaryimage"},"image":{"@id":"https:\/\/f-aurea.com\/negozio\/domus-card-for-home-and-geobiology-green\/#primaryimage"},"thumbnailUrl":"https:\/\/f-aurea.com\/wp-content\/uploads\/2022\/11\/DOMUS-GREEN.jpg","datePublished":"2022-11-06T16:07:28+00:00","dateModified":"2026-02-24T15:45:44+00:00","breadcrumb":{"@id":"https:\/\/f-aurea.com\/negozio\/domus-card-for-home-and-geobiology-green\/#breadcrumb"},"inLanguage":"it-IT","potentialAction":[{"@type":"ReadAction","target":["https:\/\/f-aurea.com\/negozio\/domus-card-for-home-and-geobiology-green\/"]}]},{"@type":"ImageObject","inLanguage":"it-IT","@id":"https:\/\/f-aurea.com\/negozio\/domus-card-for-home-and-geobiology-green\/#primaryimage","url":"https:\/\/f-aurea.com\/wp-content\/uploads\/2022\/11\/DOMUS-GREEN.jpg","contentUrl":"https:\/\/f-aurea.com\/wp-content\/uploads\/2022\/11\/DOMUS-GREEN.jpg","width":1300,"height":1300,"caption":"Genesa, Genese, Phi, Golden Ratio, Energie Sottili, Subtle Energy, Etere, Ether, Forze Eteriche, Etheric Forces, Onda di Forma, Shape Form, Domus, Hartmann Nodes, Hartmann Grid, Nodi Hartmann, Geopatie, Ricalibrazione Planetaria, F-Aurea Etheric Informative Field, Campo Informativo Eterico F-Aurea, geopatie, geobiologia, armonizzazione ambientale, nodi curry, curry nodes, curry grid, card, green, verde"},{"@type":"BreadcrumbList","@id":"https:\/\/f-aurea.com\/negozio\/domus-card-for-home-and-geobiology-green\/#breadcrumb","itemListElement":[{"@type":"ListItem","position":1,"name":"Home","item":"https:\/\/f-aurea.com\/"},{"@type":"ListItem","position":2,"name":"Shop","item":"https:\/\/f-aurea.com\/negozio\/"},{"@type":"ListItem","position":3,"name":"Domus Card, for Home Harmonization. Green"}]},{"@type":"WebSite","@id":"https:\/\/f-aurea.com\/#website","url":"https:\/\/f-aurea.com\/","name":"F-Aurea","description":"","publisher":{"@id":"https:\/\/f-aurea.com\/#organization"},"potentialAction":[{"@type":"SearchAction","target":{"@type":"EntryPoint","urlTemplate":"https:\/\/f-aurea.com\/?s={search_term_string}"},"query-input":{"@type":"PropertyValueSpecification","valueRequired":true,"valueName":"search_term_string"}}],"inLanguage":"it-IT"},{"@type":"Organization","@id":"https:\/\/f-aurea.com\/#organization","name":"F-Aurea","url":"https:\/\/f-aurea.com\/","logo":{"@type":"ImageObject","inLanguage":"it-IT","@id":"https:\/\/f-aurea.com\/#\/schema\/logo\/image\/","url":"https:\/\/f-aurea.com\/wp-content\/uploads\/2022\/05\/Logo-F-Aurea-oro-con-testo-bianco-2000-px.png","contentUrl":"https:\/\/f-aurea.com\/wp-content\/uploads\/2022\/05\/Logo-F-Aurea-oro-con-testo-bianco-2000-px.png","width":2000,"height":1242,"caption":"F-Aurea"},"image":{"@id":"https:\/\/f-aurea.com\/#\/schema\/logo\/image\/"},"sameAs":["https:\/\/www.facebook.com\/manlio.didonato\/","https:\/\/www.instagram.com\/manlio_ignisrebirth\/"]}]}},"_links":{"self":[{"href":"https:\/\/f-aurea.com\/it\/wp-json\/wp\/v2\/product\/3663","targetHints":{"allow":["GET"]}}],"collection":[{"href":"https:\/\/f-aurea.com\/it\/wp-json\/wp\/v2\/product"}],"about":[{"href":"https:\/\/f-aurea.com\/it\/wp-json\/wp\/v2\/types\/product"}],"replies":[{"embeddable":true,"href":"https:\/\/f-aurea.com\/it\/wp-json\/wp\/v2\/comments?post=3663"}],"wp:featuredmedia":[{"embeddable":true,"href":"https:\/\/f-aurea.com\/it\/wp-json\/wp\/v2\/media\/3612"}],"wp:attachment":[{"href":"https:\/\/f-aurea.com\/it\/wp-json\/wp\/v2\/media?parent=3663"}],"wp:term":[{"taxonomy":"product_brand","embeddable":true,"href":"https:\/\/f-aurea.com\/it\/wp-json\/wp\/v2\/product_brand?post=3663"},{"taxonomy":"product_cat","embeddable":true,"href":"https:\/\/f-aurea.com\/it\/wp-json\/wp\/v2\/product_cat?post=3663"},{"taxonomy":"product_tag","embeddable":true,"href":"https:\/\/f-aurea.com\/it\/wp-json\/wp\/v2\/product_tag?post=3663"}],"curies":[{"name":"wp","href":"https:\/\/api.w.org\/{rel}","templated":true}]}}