{"id":3671,"date":"2022-11-06T17:18:03","date_gmt":"2022-11-06T16:18:03","guid":{"rendered":"https:\/\/f-aurea.com\/?post_type=product&#038;p=3671"},"modified":"2025-09-09T18:45:46","modified_gmt":"2025-09-09T16:45:46","slug":"genesys-card-for-personal-protection-steel-white","status":"publish","type":"product","link":"https:\/\/f-aurea.com\/it\/negozio\/genesys-card-for-personal-protection-steel-white\/","title":{"rendered":"Genesys, card per la protezione eterica. Colore Acciaio."},"content":{"rendered":"<p class=\"western translation-block\" lang=\"it-IT\">Il Campo Informativo Genesys pu\u00f2 promuovere:<\/p>\n<ul>\n<li lang=\"it-IT\" class=\"translation-block\">Pulisce, potenzia, ristruttura e rafforza la circolazione eterica (del Qi) nei  <span style=\"color: #cda434\"><strong>meridiani<\/strong><\/span> ed in ogni singolo agopunto.<\/li>\n<li lang=\"it-IT\" class=\"translation-block\">Pulisce, potenzia, ristruttura e rafforza la circolazione eterica (prana) in ogni  <span style=\"color: #cda434\"><strong>Chakra<\/strong><\/span>, secondo un modello approfondito e pi\u00f9 moderno di Chakra, derivato dai nostri studi e ricerche.<\/li>\n<li lang=\"it-IT\" class=\"translation-block\">Attiva una speciale forma di  <span style=\"color: #cda434\"><strong>Schermatura Eterica<\/strong><\/span>, la quale rende chi la indossa non percepibile da forme pensiero distorte, entit\u00e0 dissonanti, e varie forme ostili eteriche.<\/li>\n<li>Pu\u00f2 incrementare la capacit\u00e0 del Campo Eterico umano di pulirsi e trasmutare l'etere irritato per effetto dei campi elettromagnetici inquinanti, dell'elettrosmog, creato anche dal 5G. Questo in quanto stimola il campo eterico delle cellule a lasciar andare il calore eterico dissonante ed il rumore eterico di fondo in eccesso. Portando informazioni utili all'evoluzione umana in modo che il DNA evolva e compensi a tali possibili squilibri.<\/li>\n<li lang=\"it-IT\">Aiuta a mantenere la consonanza del proprio campo eterico, riducendo enormemente la possibilit\u00e0 di assorbire etere dissonante rilasciato da altre persone o da luoghi privi di circolazione eterica ambientale.<\/li>\n<\/ul>\n<p>Cos\u00ec come ogni Campi Informativo F-Aurea, opera multidimensionalmente e non necessita di manutenzione alcuna, il Campo \u00e8 eterno, cos\u00ec come descritto nei nostri libri e pubblicazioni.<\/p>\n<div class=\"icon\"><div class=\"fusion-content-boxes content-boxes columns row fusion-columns-1 fusion-columns-total-3 fusion-content-boxes-1 content-boxes-icon-with-title content-left\" style=\"--awb-hover-accent-color:var(--awb-color5);--awb-circle-hover-accent-color:var(--awb-color5);--awb-item-margin-bottom:40px;\" data-animationoffset=\"top-into-view\"><div style=\"--awb-backgroundcolor:transparent;\" class=\"fusion-column content-box-column content-box-column content-box-column-2 col-lg-12 col-md-12 col-sm-12 fusion-content-box-hover content-box-column-last-in-row\"><div class=\"col content-box-wrapper content-wrapper link-area-link-icon icon-hover-animation-pulsate\" data-animationoffset=\"top-into-view\"><div class=\"heading heading-with-icon icon-left\"><div class=\"icon\"><i style=\"border-color:#cda434;border-width:0px;background-color:#cda434;box-sizing:content-box;height:84px;width:84px;line-height:84px;border-radius:50%;font-size:42px;\" aria-hidden=\"true\" class=\"fontawesome-icon fa-user-shield fas circle-yes\"><\/i><\/div><h3 class=\"content-box-heading fusion-responsive-typography-calculated\" style=\"--h3_typography-font-size:20px;--fontSize:20;line-height:1.5;\">Adatta per<\/h3><\/div><div class=\"fusion-clearfix\"><\/div><div class=\"content-container\"><\/div>\n<div>\n<p>Pratiche olistiche, meditazione e vita quotidiana.<\/p>\n<p>Le card sono realizzate per essere tenute in mano o appoggiate sopra il corpo del praticante durante la meditazione, o durante sessioni di pratiche eteriche e di benessere naturale, quali: Ricalibrazione Planetaria \u00ae, per la quale nascono. Ma possono essere usate anche a beneficio di sessioni di: Reiki, Shiatsu, Pranoterapia, Channeling, Lettura dei Registri Akashici, Yoga, ecc..<\/p>\n<p>Anche per la vita di tutti i giorni, semplicemente tenendola in tasca.<\/p>\n<p>Specialmente utile a professionisti come: Massaggiatori, Estetiste, Kinesilogi, operatori Shiatsu, praticanti Reiki, che operano a stretto contatto e possono caricarsi dei rilasci eterici e psichici dissonanti dei clienti.<\/p>\n<h4><span style=\"color: #cda434;\">SUGGERIMENTI<\/span><\/h4>\n<p>Le prime volte di utilizzo potranno conferire sensazioni intense, di focus, energia, dinamismo ma anche l'opposto. Per questo si suggerisce di usare le tessere per brevi periodi di tempo in modo da abituarsi gradualmente. \n\nCol tempo il campo eterico personale si abituer\u00e0 agli effetti dati dalla profonda pulizia e rimodulazione eterica tendendo a mantenerli. Quando questo avviene potr\u00e0 dare l'impressione che non si percepiscano pi\u00f9 le sensazioni iniziali. Tuttavia sar\u00e0 sufficiente eseguire dei test radiestesici o di percezione eterica manuale per rilevare la piena efficienza del Campo Informativo F-Aurea.\u00a0Il campo informativo in essa ancorato non si sporca ne esaurisce mai, \u00e8 frutto degli studi e delle ricerche di Francesco Verticchio, di Manlio Di Donato e del Gruppo F-Aurea. Non \u00e8 radionica, non opera tramite onda di forma ma la usa come vettore, non opera tramite simboli.\n\nNon \u00e8 un giocattolo, i bordi possono essere taglianti, inadatto nelle mani dei bambini.<\/p>\n<p>Pu\u00f2 assiste inoltre nel mantenere il focus e la presenza durante sessioni di studio online, davanti a computer per molte ore.<\/p>\n<p class=\"translation-block\"><strong>Non \u00e8 sostitutivo della pratica medica. Tutti gli effetti indicati si basano su nostre ricerche e studi interni, senza pretesa di scientificit\u00e0. I Campi Informativi, Genese, corsi, ed ogni altra informazione presente su f-aurea.com non sono sostitutive delle cure mediche o psicologiche.<\/strong><\/p>\n<p><span style=\"color: #cda434;\"><strong>NON USARE QUANDO:<\/strong><\/span><\/p>\n<p align=\"JUSTIFY\">Suggeriamo di <strong>NON USARE<\/strong> i nostri oli da massaggio, libri, tecniche, percorsi, campi informativi, insieme con l'assunzione di sostanze stupefacenti, anche se si dovesse trattare di cosidette \"piante sacre\", quali Ayahuasca, San Pedro, ecc.. I nostri strumenti sono inadatti se siete sotto l'effetto di tali sostanze, o se ne fate uso abituale. Vi consigliamo anche di <strong>NON USARE<\/strong> le nostre pratiche, libri, percorsi, campi informativi, se vi trovate in condizioni di squilibrio psichiatrico, o fragilit\u00e0 psicologica, o se siete sotto l'assistenza di personale medico psichiatrico. Consultate il medico curante per verificare se un percorso di meditazione e ci\u00f2 che proponiamo \u00e8 compatibile con le cure prescritte.<\/p>\n<\/div>\n<blockquote>\n<p class=\"western\" lang=\"it-IT\"><span lang=\"it-IT\" style=\"color: #cda434;\"><b>Scheda Tecnica<\/b><\/span><\/p>\n<p class=\"western\" lang=\"it-IT\"><span lang=\"it-IT\"><b>Materiale:<\/b><\/span>Alluminio, pu\u00f2 contenere nickel.<\/p>\n<p class=\"western\" lang=\"it-IT\"><span lang=\"it-IT\"><b>Colore:<\/b><\/span>: Steel White.<\/p>\n<p class=\"western translation-block\" lang=\"it-IT\">Dimensioni: 5,4 cm x 8,6 cm. Spessore 0,5 mm<\/p>\n<p class=\"western\" lang=\"it-IT\"><span lang=\"it-IT\"><b>Campo Informativo:<\/b><\/span> Genesys F-Aurea<\/p>\n<\/blockquote>\n<p lang=\"it-IT\"><div class=\"fusion-content-boxes content-boxes columns row fusion-columns-1 fusion-columns-total-0 fusion-content-boxes-1 content-boxes-icon-with-title content-left\" style=\"--awb-hover-accent-color:var(--awb-color5);--awb-circle-hover-accent-color:var(--awb-color5);--awb-item-margin-bottom:40px;\" data-animationoffset=\"top-into-view\"><div class=\"fusion-clearfix\"><\/div><\/div><div style=\"--awb-backgroundcolor:transparent;\" class=\"fusion-column content-box-column content-box-column content-box-column-1 col-lg-12 col-md-12 col-sm-12 fusion-content-box-hover content-box-column-last-in-row\"><div class=\"col content-box-wrapper content-wrapper link-area-link-icon icon-hover-animation-pulsate\" data-animationoffset=\"top-into-view\"><div class=\"heading heading-with-icon icon-left\"><div class=\"icon\"><i style=\"border-color:#cda434;border-width:0px;background-color:#cda434;box-sizing:content-box;height:84px;width:84px;line-height:84px;border-radius:50%;font-size:42px;\" aria-hidden=\"true\" class=\"fontawesome-icon fa-credit-card fas circle-yes\"><\/i><\/div><h3 class=\"content-box-heading fusion-responsive-typography-calculated\" style=\"--h3_typography-font-size:20px;--fontSize:20;line-height:1.5;\">Pagamento<\/h3><\/div><\/div><\/div><\/p>\n<p>Accettiamo i seguenti metodi di pagamento:<\/p>\n<ul>\n<li>Carta di credito \\ carta di debito<\/li>\n<li>Trasferimento bancario sul nostro conto corrente<\/li>\n<li>Paypal<\/li>\n<\/ul>\n<p lang=\"it-IT\"><\/div><\/div><\/div><div style=\"--awb-backgroundcolor:transparent;\" class=\"fusion-column content-box-column content-box-column content-box-column-3 col-lg-12 col-md-12 col-sm-12 fusion-content-box-hover content-box-column-last-in-row\"><div class=\"col content-box-wrapper content-wrapper link-area-link-icon icon-hover-animation-pulsate\" data-animationoffset=\"top-into-view\"><div class=\"heading heading-with-icon icon-left\"><div class=\"icon\"><i style=\"border-color:#cda434;border-width:0px;background-color:#cda434;box-sizing:content-box;height:84px;width:84px;line-height:84px;border-radius:50%;font-size:42px;\" aria-hidden=\"true\" class=\"fontawesome-icon fa-shipping-fast fas circle-yes\"><\/i><\/div><h3 class=\"content-box-heading fusion-responsive-typography-calculated\" style=\"--h3_typography-font-size:20px;--fontSize:20;line-height:1.5;\">Spedizione<\/h3><\/div><div class=\"fusion-clearfix\"><\/div><div class=\"content-container\"><\/p>\n<p>A meno che non sia specificato diversamente (per alcuni prodotti), ogni ordine viene spedito entro 2-3 giorni lavorativi dal momento in cui il pagamento viene verificato (da luned\u00ec a venerd\u00ec). \nI prodotti scaricabili dal sito sono immediatamente disponibili dal momento in cui il pagamento viene verificato. Questo solitamente avviene in automatico per le carte di credito\\debito. Se invece opti per un versamento bancario potr\u00e0 trascorrere qualche giorno.<\/p>\n<p>Quando prenoti la tua partecipazione ad un corso riceverai un email con le date e gli orari a partire dai quali sar\u00e0 possibile scaricare le lezioni.<\/p>\n<p class=\"translation-block\">Se acquisti contenuto digitale, come Ebook e Percorsi Olistici questi sono sempre disponibili per il download, cos\u00ec come specificato nella pagina <a href=\"https:\/\/f-aurea.com\/it\/terms_and_conditions\/\" target=\"_blank\" rel=\"noopener\">Terms and Conditions<\/a>.<\/p>\n<p>I pacchi sono spediti da un magazzino in ITALIA a PADOVA, e solitamente arrivano in 2-3 giorni indipendentemente dal tipo di spedizione scelta (gratuita quando disponibile o assicurata a pagamento). Possiamo spedire in tutta Europa, e con qualche eccezione nel resto del mondo. Tuttavia \u00e8 richiesto del tempo extra per raggiungere alcune nazioni.<\/p>\n<p>Sei pregato di contattarci per ogni chiarimento in merito alle spedizioni.<\/p>\n<p lang=\"it-IT\"><\/div><\/div><\/div><div class=\"fusion-clearfix\"><\/div><\/div><\/p>\n<p><strong>Politica dei Resi<\/strong><\/p>\n<p>Come indicato nella pagina <strong><a href=\"https:\/\/f-aurea.com\/it\/terms_and_conditions\/\" target=\"_blank\" rel=\"noopener\">Terms and Conditions<\/a><\/strong> . Nel caso tu non sia soddisfatto dell'acquisto come da regolamento Europeo puoi inoltrare un reclamo entro 14 giorni da quando hai ricevuto gli articoli da te acquistati. Quindi puoi chiedere un rimborso od una sostituzione del prodotto (nel caso in cui esso arrivi danneggiato).<\/p>\n<p>Si prega di notare che i resti sono accettati entro 14 giorni lavorativi dalla data in cui il corriere consegna il paggo.<\/p>\n<p>Per essere restituiti gli articoli devono trovarsi nelle stesse condizioni in cui li hai ricevuti. In accordo con le vigenti leggi europee, Integratori erboristici alimentari, cosmetici, ed oli da massaggio, non sono accettati come resi.<\/p>","protected":false},"excerpt":{"rendered":"<p class=\"translation-block\">La card  <span style=\"color: #cda434\"><strong>Genesys<\/strong><\/span> \u00e8 ancoraggio di un Campo Informativo F-Aurea, creato per pulire, potenziare, ridare forza e struttura al Campo Eterico umano, interagendo con i principali sistemi energetici fra cui Chakra e Meridiani. Genesys attiva inoltre una forma di schermatura eterica da energie e forme eteriche dissonanti.<\/p>\n<p>Ogni tessera <span style=\"color: #cda434\"><strong>F-Aurea<\/strong><\/span> \u00e8 un supporto artistico appositamente creato per un Campo Informativo. <span style=\"color: #cda434;\"><strong>F-Aurea Card<\/strong><\/span> are an artistic support for an F-Aurea Informational Field.<\/p>","protected":false},"featured_media":3632,"comment_status":"open","ping_status":"closed","template":"","meta":{"_acf_changed":false},"product_brand":[],"product_cat":[88],"product_tag":[],"class_list":{"0":"post-3671","1":"product","2":"type-product","3":"status-publish","4":"has-post-thumbnail","6":"product_cat-informative-fields","8":"first","9":"instock","10":"taxable","11":"shipping-taxable","12":"purchasable","13":"product-type-simple"},"acf":[],"yoast_head":"<!-- This site is optimized with the Yoast SEO plugin v27.2 - https:\/\/yoast.com\/product\/yoast-seo-wordpress\/ -->\n<title>Genesys Card, for Personal Shielding. Steel White - F-Aurea<\/title>\n<meta name=\"robots\" content=\"index, follow, max-snippet:-1, max-image-preview:large, max-video-preview:-1\" \/>\n<link rel=\"canonical\" href=\"https:\/\/f-aurea.com\/it\/negozio\/genesys-card-for-personal-protection-steel-white\/\" \/>\n<meta property=\"og:locale\" content=\"it_IT\" \/>\n<meta property=\"og:type\" content=\"article\" \/>\n<meta property=\"og:title\" content=\"Genesys Card, for Personal Shielding. Steel White - F-Aurea\" \/>\n<meta property=\"og:description\" content=\"The Genesys Card Informational Field applies a series of etheric cleansing, transmutating and empowering processes in the human etheric field, working specifically and for the benefit of the network of meridians, etheric points called acupoints as well as of the Chakral network and nodes. It also impements an element of shielding one systems from dissonant etherical influences.  Each F-Aurea Card are an artistic support for an F-Aurea Informational Field.\" \/>\n<meta property=\"og:url\" content=\"https:\/\/f-aurea.com\/it\/negozio\/genesys-card-for-personal-protection-steel-white\/\" \/>\n<meta property=\"og:site_name\" content=\"F-Aurea\" \/>\n<meta property=\"article:publisher\" content=\"https:\/\/www.facebook.com\/manlio.didonato\/\" \/>\n<meta property=\"article:modified_time\" content=\"2025-09-09T16:45:46+00:00\" \/>\n<meta property=\"og:image\" content=\"https:\/\/f-aurea.com\/wp-content\/uploads\/2022\/11\/GENESYS-STEEL.jpg\" \/>\n\t<meta property=\"og:image:width\" content=\"1300\" \/>\n\t<meta property=\"og:image:height\" content=\"1300\" \/>\n\t<meta property=\"og:image:type\" content=\"image\/jpeg\" \/>\n<meta name=\"twitter:card\" content=\"summary_large_image\" \/>\n<meta name=\"twitter:label1\" content=\"Tempo di lettura stimato\" \/>\n\t<meta name=\"twitter:data1\" content=\"5 minuti\" \/>\n<script type=\"application\/ld+json\" class=\"yoast-schema-graph\">{\"@context\":\"https:\/\/schema.org\",\"@graph\":[{\"@type\":\"WebPage\",\"@id\":\"https:\/\/f-aurea.com\/negozio\/genesys-card-for-personal-protection-steel-white\/\",\"url\":\"https:\/\/f-aurea.com\/negozio\/genesys-card-for-personal-protection-steel-white\/\",\"name\":\"Genesys Card, for Personal Shielding. Steel White - F-Aurea\",\"isPartOf\":{\"@id\":\"https:\/\/f-aurea.com\/#website\"},\"primaryImageOfPage\":{\"@id\":\"https:\/\/f-aurea.com\/negozio\/genesys-card-for-personal-protection-steel-white\/#primaryimage\"},\"image\":{\"@id\":\"https:\/\/f-aurea.com\/negozio\/genesys-card-for-personal-protection-steel-white\/#primaryimage\"},\"thumbnailUrl\":\"https:\/\/f-aurea.com\/wp-content\/uploads\/2022\/11\/GENESYS-STEEL.jpg\",\"datePublished\":\"2022-11-06T16:18:03+00:00\",\"dateModified\":\"2025-09-09T16:45:46+00:00\",\"breadcrumb\":{\"@id\":\"https:\/\/f-aurea.com\/negozio\/genesys-card-for-personal-protection-steel-white\/#breadcrumb\"},\"inLanguage\":\"it-IT\",\"potentialAction\":[{\"@type\":\"ReadAction\",\"target\":[\"https:\/\/f-aurea.com\/negozio\/genesys-card-for-personal-protection-steel-white\/\"]}]},{\"@type\":\"ImageObject\",\"inLanguage\":\"it-IT\",\"@id\":\"https:\/\/f-aurea.com\/negozio\/genesys-card-for-personal-protection-steel-white\/#primaryimage\",\"url\":\"https:\/\/f-aurea.com\/wp-content\/uploads\/2022\/11\/GENESYS-STEEL.jpg\",\"contentUrl\":\"https:\/\/f-aurea.com\/wp-content\/uploads\/2022\/11\/GENESYS-STEEL.jpg\",\"width\":1300,\"height\":1300,\"caption\":\"F-Aurea, Campo Informativo Eterico Olofrattale F-Aurea, F-Aurea Aetheric Informative Filed, F-Aurea Etheric Informative Field, Life Force, Life Energy, Card, Holofractality, Multidimensionality, Olofrattalit\u00e0, Multidimensionalit\u00e0, heart element, alchemy, elemento terra, green, verde, etere dell'elemento terra, trasmutazione, ricalibrazione, riequilibrio delle dissonanze, steel white, bianco acciaio\"},{\"@type\":\"BreadcrumbList\",\"@id\":\"https:\/\/f-aurea.com\/negozio\/genesys-card-for-personal-protection-steel-white\/#breadcrumb\",\"itemListElement\":[{\"@type\":\"ListItem\",\"position\":1,\"name\":\"Home\",\"item\":\"https:\/\/f-aurea.com\/\"},{\"@type\":\"ListItem\",\"position\":2,\"name\":\"Shop\",\"item\":\"https:\/\/f-aurea.com\/negozio\/\"},{\"@type\":\"ListItem\",\"position\":3,\"name\":\"Genesys Card, for Personal Shielding. Steel White\"}]},{\"@type\":\"WebSite\",\"@id\":\"https:\/\/f-aurea.com\/#website\",\"url\":\"https:\/\/f-aurea.com\/\",\"name\":\"F-Aurea\",\"description\":\"\",\"publisher\":{\"@id\":\"https:\/\/f-aurea.com\/#organization\"},\"potentialAction\":[{\"@type\":\"SearchAction\",\"target\":{\"@type\":\"EntryPoint\",\"urlTemplate\":\"https:\/\/f-aurea.com\/?s={search_term_string}\"},\"query-input\":{\"@type\":\"PropertyValueSpecification\",\"valueRequired\":true,\"valueName\":\"search_term_string\"}}],\"inLanguage\":\"it-IT\"},{\"@type\":\"Organization\",\"@id\":\"https:\/\/f-aurea.com\/#organization\",\"name\":\"F-Aurea\",\"url\":\"https:\/\/f-aurea.com\/\",\"logo\":{\"@type\":\"ImageObject\",\"inLanguage\":\"it-IT\",\"@id\":\"https:\/\/f-aurea.com\/#\/schema\/logo\/image\/\",\"url\":\"https:\/\/f-aurea.com\/wp-content\/uploads\/2022\/05\/Logo-F-Aurea-oro-con-testo-bianco-2000-px.png\",\"contentUrl\":\"https:\/\/f-aurea.com\/wp-content\/uploads\/2022\/05\/Logo-F-Aurea-oro-con-testo-bianco-2000-px.png\",\"width\":2000,\"height\":1242,\"caption\":\"F-Aurea\"},\"image\":{\"@id\":\"https:\/\/f-aurea.com\/#\/schema\/logo\/image\/\"},\"sameAs\":[\"https:\/\/www.facebook.com\/manlio.didonato\/\",\"https:\/\/www.instagram.com\/manlio_ignisrebirth\/\"]}]}<\/script>\n<!-- \/ Yoast SEO plugin. -->","yoast_head_json":{"title":"Genesys Card, for Personal Shielding. Steel White - F-Aurea","robots":{"index":"index","follow":"follow","max-snippet":"max-snippet:-1","max-image-preview":"max-image-preview:large","max-video-preview":"max-video-preview:-1"},"canonical":"https:\/\/f-aurea.com\/it\/negozio\/genesys-card-for-personal-protection-steel-white\/","og_locale":"it_IT","og_type":"article","og_title":"Genesys Card, for Personal Shielding. Steel White - F-Aurea","og_description":"The Genesys Card Informational Field applies a series of etheric cleansing, transmutating and empowering processes in the human etheric field, working specifically and for the benefit of the network of meridians, etheric points called acupoints as well as of the Chakral network and nodes. It also impements an element of shielding one systems from dissonant etherical influences.  Each F-Aurea Card are an artistic support for an F-Aurea Informational Field.","og_url":"https:\/\/f-aurea.com\/it\/negozio\/genesys-card-for-personal-protection-steel-white\/","og_site_name":"F-Aurea","article_publisher":"https:\/\/www.facebook.com\/manlio.didonato\/","article_modified_time":"2025-09-09T16:45:46+00:00","og_image":[{"width":1300,"height":1300,"url":"https:\/\/f-aurea.com\/wp-content\/uploads\/2022\/11\/GENESYS-STEEL.jpg","type":"image\/jpeg"}],"twitter_card":"summary_large_image","twitter_misc":{"Tempo di lettura stimato":"5 minuti"},"schema":{"@context":"https:\/\/schema.org","@graph":[{"@type":"WebPage","@id":"https:\/\/f-aurea.com\/negozio\/genesys-card-for-personal-protection-steel-white\/","url":"https:\/\/f-aurea.com\/negozio\/genesys-card-for-personal-protection-steel-white\/","name":"Genesys Card, for Personal Shielding. Steel White - F-Aurea","isPartOf":{"@id":"https:\/\/f-aurea.com\/#website"},"primaryImageOfPage":{"@id":"https:\/\/f-aurea.com\/negozio\/genesys-card-for-personal-protection-steel-white\/#primaryimage"},"image":{"@id":"https:\/\/f-aurea.com\/negozio\/genesys-card-for-personal-protection-steel-white\/#primaryimage"},"thumbnailUrl":"https:\/\/f-aurea.com\/wp-content\/uploads\/2022\/11\/GENESYS-STEEL.jpg","datePublished":"2022-11-06T16:18:03+00:00","dateModified":"2025-09-09T16:45:46+00:00","breadcrumb":{"@id":"https:\/\/f-aurea.com\/negozio\/genesys-card-for-personal-protection-steel-white\/#breadcrumb"},"inLanguage":"it-IT","potentialAction":[{"@type":"ReadAction","target":["https:\/\/f-aurea.com\/negozio\/genesys-card-for-personal-protection-steel-white\/"]}]},{"@type":"ImageObject","inLanguage":"it-IT","@id":"https:\/\/f-aurea.com\/negozio\/genesys-card-for-personal-protection-steel-white\/#primaryimage","url":"https:\/\/f-aurea.com\/wp-content\/uploads\/2022\/11\/GENESYS-STEEL.jpg","contentUrl":"https:\/\/f-aurea.com\/wp-content\/uploads\/2022\/11\/GENESYS-STEEL.jpg","width":1300,"height":1300,"caption":"F-Aurea, Campo Informativo Eterico Olofrattale F-Aurea, F-Aurea Aetheric Informative Filed, F-Aurea Etheric Informative Field, Life Force, Life Energy, Card, Holofractality, Multidimensionality, Olofrattalit\u00e0, Multidimensionalit\u00e0, heart element, alchemy, elemento terra, green, verde, etere dell'elemento terra, trasmutazione, ricalibrazione, riequilibrio delle dissonanze, steel white, bianco acciaio"},{"@type":"BreadcrumbList","@id":"https:\/\/f-aurea.com\/negozio\/genesys-card-for-personal-protection-steel-white\/#breadcrumb","itemListElement":[{"@type":"ListItem","position":1,"name":"Home","item":"https:\/\/f-aurea.com\/"},{"@type":"ListItem","position":2,"name":"Shop","item":"https:\/\/f-aurea.com\/negozio\/"},{"@type":"ListItem","position":3,"name":"Genesys Card, for Personal Shielding. Steel White"}]},{"@type":"WebSite","@id":"https:\/\/f-aurea.com\/#website","url":"https:\/\/f-aurea.com\/","name":"F-Aurea","description":"","publisher":{"@id":"https:\/\/f-aurea.com\/#organization"},"potentialAction":[{"@type":"SearchAction","target":{"@type":"EntryPoint","urlTemplate":"https:\/\/f-aurea.com\/?s={search_term_string}"},"query-input":{"@type":"PropertyValueSpecification","valueRequired":true,"valueName":"search_term_string"}}],"inLanguage":"it-IT"},{"@type":"Organization","@id":"https:\/\/f-aurea.com\/#organization","name":"F-Aurea","url":"https:\/\/f-aurea.com\/","logo":{"@type":"ImageObject","inLanguage":"it-IT","@id":"https:\/\/f-aurea.com\/#\/schema\/logo\/image\/","url":"https:\/\/f-aurea.com\/wp-content\/uploads\/2022\/05\/Logo-F-Aurea-oro-con-testo-bianco-2000-px.png","contentUrl":"https:\/\/f-aurea.com\/wp-content\/uploads\/2022\/05\/Logo-F-Aurea-oro-con-testo-bianco-2000-px.png","width":2000,"height":1242,"caption":"F-Aurea"},"image":{"@id":"https:\/\/f-aurea.com\/#\/schema\/logo\/image\/"},"sameAs":["https:\/\/www.facebook.com\/manlio.didonato\/","https:\/\/www.instagram.com\/manlio_ignisrebirth\/"]}]}},"_links":{"self":[{"href":"https:\/\/f-aurea.com\/it\/wp-json\/wp\/v2\/product\/3671","targetHints":{"allow":["GET"]}}],"collection":[{"href":"https:\/\/f-aurea.com\/it\/wp-json\/wp\/v2\/product"}],"about":[{"href":"https:\/\/f-aurea.com\/it\/wp-json\/wp\/v2\/types\/product"}],"replies":[{"embeddable":true,"href":"https:\/\/f-aurea.com\/it\/wp-json\/wp\/v2\/comments?post=3671"}],"wp:featuredmedia":[{"embeddable":true,"href":"https:\/\/f-aurea.com\/it\/wp-json\/wp\/v2\/media\/3632"}],"wp:attachment":[{"href":"https:\/\/f-aurea.com\/it\/wp-json\/wp\/v2\/media?parent=3671"}],"wp:term":[{"taxonomy":"product_brand","embeddable":true,"href":"https:\/\/f-aurea.com\/it\/wp-json\/wp\/v2\/product_brand?post=3671"},{"taxonomy":"product_cat","embeddable":true,"href":"https:\/\/f-aurea.com\/it\/wp-json\/wp\/v2\/product_cat?post=3671"},{"taxonomy":"product_tag","embeddable":true,"href":"https:\/\/f-aurea.com\/it\/wp-json\/wp\/v2\/product_tag?post=3671"}],"curies":[{"name":"wp","href":"https:\/\/api.w.org\/{rel}","templated":true}]}}