{"id":4099,"date":"2023-05-16T17:25:48","date_gmt":"2023-05-16T15:25:48","guid":{"rendered":"https:\/\/f-aurea.com\/?post_type=product&#038;p=4099"},"modified":"2025-12-08T16:33:39","modified_gmt":"2025-12-08T15:33:39","slug":"ita-un-nuovo-paradigma-energetico-vibrazionale-manlio-di-donato-francesco-verticchio-libro-fisico","status":"publish","type":"product","link":"https:\/\/f-aurea.com\/it\/negozio\/ita-un-nuovo-paradigma-energetico-vibrazionale-manlio-di-donato-francesco-verticchio-libro-fisico\/","title":{"rendered":"[ITA] Un Nuovo Paradigma Energetico-Vibrazionale. Manlio Di Donato &#038; Francesco Verticchio &#8211; LIBRO FISICO"},"content":{"rendered":"<p>&#8220;Un Nuovo Paradigma&#8221; condensa i primi anni delle innovative ricerche del Gruppo F-Aurea, svolte da Francesco Verticchio e Manlio Di Donato, sulle Forze Eteriche e sulle facolt\u00e0 illuminate che l&#8217;essere umano pu\u00f2 coltivare, trascendendo i limiti della materia e della mente. Nuove Frontiere \u00e8 un percorso di risveglio ispirazionale che guider\u00e0 il lettore attraverso esperimenti pratici, esercizi, interrogativi e spunti di riflessione a prendere coscienza del macrocosmo che si cela dentro ogni essere.<\/p>\n<p>Nell&#8217;opera gli autori analizzano e fanno fare sperimentazione al lettore circa la natura degli elementi alchemici e la loro comparazione con i loro corrispettivi elementi della tradizione cinese taoista. Spiegano le meccaniche della purificazione degli eteri, ovvero delle energie sottili, attraverso vari metodi oltre che proporre le soluzioni del Gruppo F-Aurea. Approfondiscono la multidimensionalit\u00e0 e la sua esplorazione. Ed aprono una nuova finestra mai esplorata in precedenza, circa la natura olofrattale del campo eterico fornendo come sempre spunti pratici per l&#8217;applicazione a prescindere dalle tecniche e dai percorsi. Completa l&#8217;opera una guida su come allenare la percezione degli eteri attraverso il tatto.<\/p>\n<p>Ma &#8220;Un Nuovo Paradigma&#8221; non si limita solo alla condivisione di teorie ed esercizi, ma unico nel suo genere permette al lettore di sperimentare in prima persona gli argomenti trattati tramite disegni su cui sono stati ancorati speciali Campi Informativi Eterico Olofrattali, sviluppati dalla ricerca di Francesco Verticchio. I Campi Informativi F-Aurea sono strumenti eterici e vibrazionali che operano con le Forze Eteriche per il benessere naturale, non \u00e8 radionica ma frutto di studi e ricerche autonome e innovative di cui quest&#8217;opera si fa portatrice.<\/p>\n<blockquote><p><span style=\"color: #cda434;\"><strong>Scheda Tecnica<\/strong><\/span><\/p>\n<p><strong>Editore:<\/strong> Art For Awakening s.r.l. Arad, Romania.<\/p>\n<p><strong>Data di Pubblicazione:<\/strong> 3\u00b0 Ristampa, Aprile 2023<\/p>\n<p><strong>Lingua:<\/strong> Italiano<\/p>\n<p><strong>Formato:<\/strong> Libro, Copertina Morbida.<\/p>\n<p><strong>Pagine:<\/strong> 219 Pagine.<\/p>\n<p><strong>Dimensioni:<\/strong> 21 x 14,8 cm.<\/p>\n<p><strong>ISBN:<\/strong> 979-12-200-5169-9<\/p><\/blockquote>","protected":false},"excerpt":{"rendered":"<p>&#8220;Un Nuovo Paradigma&#8221; condensa i primi anni delle innovative ricerche del Gruppo F-Aurea, svolte da Francesco Verticchio e Manlio Di Donato, sulle Forze Eteriche e sulle facolt\u00e0 illuminate che l&#8217;essere umano pu\u00f2 coltivare, trascendendo i limiti della materia e della mente. Nuove Frontiere \u00e8 un percorso di risveglio ispirazionale che guider\u00e0 il lettore attraverso esperimenti pratici, esercizi, interrogativi e spunti di riflessione a prendere coscienza del macrocosmo che si cela dentro ogni essere.<\/p>\n<p><span style=\"color: #cda434;\"><strong>Nota:<\/strong><\/span> Questo \u00e8 un libro fisico. La versione Ebook di questo libro si intitola invece &#8220;Nuove Frontiere Eterico-Ispirazionali&#8221;, ma il contenuto \u00e8 identico, cambia solo il titolo per motivi tecnici.<\/p>","protected":false},"featured_media":4100,"comment_status":"open","ping_status":"closed","template":"","meta":{"_acf_changed":false},"product_brand":[],"product_cat":[80],"product_tag":[],"class_list":{"0":"post-4099","1":"product","2":"type-product","3":"status-publish","4":"has-post-thumbnail","6":"product_cat-publications","7":"product_shipping_class-libri","9":"first","10":"instock","11":"featured","12":"taxable","13":"shipping-taxable","14":"purchasable","15":"product-type-simple"},"acf":[],"yoast_head":"<!-- This site is optimized with the Yoast SEO plugin v27.4 - https:\/\/yoast.com\/product\/yoast-seo-wordpress\/ -->\n<title>[ITA] Un Nuovo Paradigma Energetico-Vibrazionale. Manlio Di Donato &amp; Francesco Verticchio - LIBRO FISICO - F-Aurea<\/title>\n<meta name=\"robots\" content=\"index, follow, max-snippet:-1, max-image-preview:large, max-video-preview:-1\" \/>\n<link rel=\"canonical\" href=\"https:\/\/f-aurea.com\/it\/negozio\/ita-un-nuovo-paradigma-energetico-vibrazionale-manlio-di-donato-francesco-verticchio-libro-fisico\/\" \/>\n<meta property=\"og:locale\" content=\"it_IT\" \/>\n<meta property=\"og:type\" content=\"article\" \/>\n<meta property=\"og:title\" content=\"[ITA] Un Nuovo Paradigma Energetico-Vibrazionale. Manlio Di Donato &amp; Francesco Verticchio - LIBRO FISICO - F-Aurea\" \/>\n<meta property=\"og:description\" content=\"&quot;Un Nuovo Paradigma&quot; condensa i primi anni delle innovative ricerche del Gruppo F-Aurea, svolte da Francesco Verticchio e Manlio Di Donato, sulle Forze Eteriche e sulle facolt\u00e0 illuminate che l&#039;essere umano pu\u00f2 coltivare, trascendendo i limiti della materia e della mente. Nuove Frontiere \u00e8 un percorso di risveglio ispirazionale che guider\u00e0 il lettore attraverso esperimenti pratici, esercizi, interrogativi e spunti di riflessione a prendere coscienza del macrocosmo che si cela dentro ogni essere.  Nota: Questo \u00e8 un libro fisico. La versione Ebook di questo libro si intitola invece &quot;Nuove Frontiere Eterico-Ispirazionali&quot;, ma il contenuto \u00e8 identico, cambia solo il titolo per motivi tecnici.\" \/>\n<meta property=\"og:url\" content=\"https:\/\/f-aurea.com\/it\/negozio\/ita-un-nuovo-paradigma-energetico-vibrazionale-manlio-di-donato-francesco-verticchio-libro-fisico\/\" \/>\n<meta property=\"og:site_name\" content=\"F-Aurea\" \/>\n<meta property=\"article:publisher\" content=\"https:\/\/www.facebook.com\/manlio.didonato\/\" \/>\n<meta property=\"article:modified_time\" content=\"2025-12-08T15:33:39+00:00\" \/>\n<meta property=\"og:image\" content=\"https:\/\/f-aurea.com\/wp-content\/uploads\/2023\/05\/LIBRO-NUOVO-PARADIGMA-COPERTINA-1.jpg\" \/>\n\t<meta property=\"og:image:width\" content=\"1300\" \/>\n\t<meta property=\"og:image:height\" content=\"1300\" \/>\n\t<meta property=\"og:image:type\" content=\"image\/jpeg\" \/>\n<meta name=\"twitter:card\" content=\"summary_large_image\" \/>\n<meta name=\"twitter:image\" content=\"https:\/\/f-aurea.com\/wp-content\/uploads\/2022\/09\/ITA-5.jpg\" \/>\n<meta name=\"twitter:label1\" content=\"Tempo di lettura stimato\" \/>\n\t<meta name=\"twitter:data1\" content=\"2 minuti\" \/>\n<script type=\"application\/ld+json\" class=\"yoast-schema-graph\">{\"@context\":\"https:\\\/\\\/schema.org\",\"@graph\":[{\"@type\":\"WebPage\",\"@id\":\"https:\\\/\\\/f-aurea.com\\\/negozio\\\/ita-un-nuovo-paradigma-energetico-vibrazionale-manlio-di-donato-francesco-verticchio-libro-fisico\\\/\",\"url\":\"https:\\\/\\\/f-aurea.com\\\/negozio\\\/ita-un-nuovo-paradigma-energetico-vibrazionale-manlio-di-donato-francesco-verticchio-libro-fisico\\\/\",\"name\":\"[ITA] Un Nuovo Paradigma Energetico-Vibrazionale. Manlio Di Donato & Francesco Verticchio - LIBRO FISICO - F-Aurea\",\"isPartOf\":{\"@id\":\"https:\\\/\\\/f-aurea.com\\\/#website\"},\"primaryImageOfPage\":{\"@id\":\"https:\\\/\\\/f-aurea.com\\\/negozio\\\/ita-un-nuovo-paradigma-energetico-vibrazionale-manlio-di-donato-francesco-verticchio-libro-fisico\\\/#primaryimage\"},\"image\":{\"@id\":\"https:\\\/\\\/f-aurea.com\\\/negozio\\\/ita-un-nuovo-paradigma-energetico-vibrazionale-manlio-di-donato-francesco-verticchio-libro-fisico\\\/#primaryimage\"},\"thumbnailUrl\":\"https:\\\/\\\/f-aurea.com\\\/wp-content\\\/uploads\\\/2023\\\/05\\\/LIBRO-NUOVO-PARADIGMA-COPERTINA-1.jpg\",\"datePublished\":\"2023-05-16T15:25:48+00:00\",\"dateModified\":\"2025-12-08T15:33:39+00:00\",\"breadcrumb\":{\"@id\":\"https:\\\/\\\/f-aurea.com\\\/negozio\\\/ita-un-nuovo-paradigma-energetico-vibrazionale-manlio-di-donato-francesco-verticchio-libro-fisico\\\/#breadcrumb\"},\"inLanguage\":\"it-IT\",\"potentialAction\":[{\"@type\":\"ReadAction\",\"target\":[\"https:\\\/\\\/f-aurea.com\\\/negozio\\\/ita-un-nuovo-paradigma-energetico-vibrazionale-manlio-di-donato-francesco-verticchio-libro-fisico\\\/\"]}]},{\"@type\":\"ImageObject\",\"inLanguage\":\"it-IT\",\"@id\":\"https:\\\/\\\/f-aurea.com\\\/negozio\\\/ita-un-nuovo-paradigma-energetico-vibrazionale-manlio-di-donato-francesco-verticchio-libro-fisico\\\/#primaryimage\",\"url\":\"https:\\\/\\\/f-aurea.com\\\/wp-content\\\/uploads\\\/2023\\\/05\\\/LIBRO-NUOVO-PARADIGMA-COPERTINA-1.jpg\",\"contentUrl\":\"https:\\\/\\\/f-aurea.com\\\/wp-content\\\/uploads\\\/2023\\\/05\\\/LIBRO-NUOVO-PARADIGMA-COPERTINA-1.jpg\",\"width\":1300,\"height\":1300,\"caption\":\"Italiano, Libro, Guarigione, Ispirazione, Prana, Ki, Forze Eteriche, Multidimensionalit\u00e0, F-Aurea, Benessere Naturale, Energie Sottili, Olofrattalit\u00e0, Meditazione, Teurgia, Esercizi Pratici, Meditazioni Guidate, Ricerca, Esoterismo, Nuove Frontiere, Iniziazione,\"},{\"@type\":\"BreadcrumbList\",\"@id\":\"https:\\\/\\\/f-aurea.com\\\/negozio\\\/ita-un-nuovo-paradigma-energetico-vibrazionale-manlio-di-donato-francesco-verticchio-libro-fisico\\\/#breadcrumb\",\"itemListElement\":[{\"@type\":\"ListItem\",\"position\":1,\"name\":\"Home\",\"item\":\"https:\\\/\\\/f-aurea.com\\\/\"},{\"@type\":\"ListItem\",\"position\":2,\"name\":\"Shop\",\"item\":\"https:\\\/\\\/f-aurea.com\\\/negozio\\\/\"},{\"@type\":\"ListItem\",\"position\":3,\"name\":\"[ITA] Un Nuovo Paradigma Energetico-Vibrazionale. Manlio Di Donato &#038; Francesco Verticchio &#8211; LIBRO FISICO\"}]},{\"@type\":\"WebSite\",\"@id\":\"https:\\\/\\\/f-aurea.com\\\/#website\",\"url\":\"https:\\\/\\\/f-aurea.com\\\/\",\"name\":\"F-Aurea\",\"description\":\"\",\"publisher\":{\"@id\":\"https:\\\/\\\/f-aurea.com\\\/#organization\"},\"potentialAction\":[{\"@type\":\"SearchAction\",\"target\":{\"@type\":\"EntryPoint\",\"urlTemplate\":\"https:\\\/\\\/f-aurea.com\\\/?s={search_term_string}\"},\"query-input\":{\"@type\":\"PropertyValueSpecification\",\"valueRequired\":true,\"valueName\":\"search_term_string\"}}],\"inLanguage\":\"it-IT\"},{\"@type\":\"Organization\",\"@id\":\"https:\\\/\\\/f-aurea.com\\\/#organization\",\"name\":\"F-Aurea\",\"url\":\"https:\\\/\\\/f-aurea.com\\\/\",\"logo\":{\"@type\":\"ImageObject\",\"inLanguage\":\"it-IT\",\"@id\":\"https:\\\/\\\/f-aurea.com\\\/#\\\/schema\\\/logo\\\/image\\\/\",\"url\":\"https:\\\/\\\/f-aurea.com\\\/wp-content\\\/uploads\\\/2022\\\/05\\\/Logo-F-Aurea-oro-con-testo-bianco-2000-px.png\",\"contentUrl\":\"https:\\\/\\\/f-aurea.com\\\/wp-content\\\/uploads\\\/2022\\\/05\\\/Logo-F-Aurea-oro-con-testo-bianco-2000-px.png\",\"width\":2000,\"height\":1242,\"caption\":\"F-Aurea\"},\"image\":{\"@id\":\"https:\\\/\\\/f-aurea.com\\\/#\\\/schema\\\/logo\\\/image\\\/\"},\"sameAs\":[\"https:\\\/\\\/www.facebook.com\\\/manlio.didonato\\\/\",\"https:\\\/\\\/www.instagram.com\\\/manlio_ignisrebirth\\\/\"]}]}<\/script>\n<!-- \/ Yoast SEO plugin. -->","yoast_head_json":{"title":"[ITA] Un Nuovo Paradigma Energetico-Vibrazionale. Manlio Di Donato & Francesco Verticchio - LIBRO FISICO - F-Aurea","robots":{"index":"index","follow":"follow","max-snippet":"max-snippet:-1","max-image-preview":"max-image-preview:large","max-video-preview":"max-video-preview:-1"},"canonical":"https:\/\/f-aurea.com\/it\/negozio\/ita-un-nuovo-paradigma-energetico-vibrazionale-manlio-di-donato-francesco-verticchio-libro-fisico\/","og_locale":"it_IT","og_type":"article","og_title":"[ITA] Un Nuovo Paradigma Energetico-Vibrazionale. Manlio Di Donato & Francesco Verticchio - LIBRO FISICO - F-Aurea","og_description":"\"Un Nuovo Paradigma\" condensa i primi anni delle innovative ricerche del Gruppo F-Aurea, svolte da Francesco Verticchio e Manlio Di Donato, sulle Forze Eteriche e sulle facolt\u00e0 illuminate che l'essere umano pu\u00f2 coltivare, trascendendo i limiti della materia e della mente. Nuove Frontiere \u00e8 un percorso di risveglio ispirazionale che guider\u00e0 il lettore attraverso esperimenti pratici, esercizi, interrogativi e spunti di riflessione a prendere coscienza del macrocosmo che si cela dentro ogni essere.  Nota: Questo \u00e8 un libro fisico. La versione Ebook di questo libro si intitola invece \"Nuove Frontiere Eterico-Ispirazionali\", ma il contenuto \u00e8 identico, cambia solo il titolo per motivi tecnici.","og_url":"https:\/\/f-aurea.com\/it\/negozio\/ita-un-nuovo-paradigma-energetico-vibrazionale-manlio-di-donato-francesco-verticchio-libro-fisico\/","og_site_name":"F-Aurea","article_publisher":"https:\/\/www.facebook.com\/manlio.didonato\/","article_modified_time":"2025-12-08T15:33:39+00:00","og_image":[{"width":1300,"height":1300,"url":"https:\/\/f-aurea.com\/wp-content\/uploads\/2023\/05\/LIBRO-NUOVO-PARADIGMA-COPERTINA-1.jpg","type":"image\/jpeg"}],"twitter_card":"summary_large_image","twitter_image":"https:\/\/f-aurea.com\/wp-content\/uploads\/2022\/09\/ITA-5.jpg","twitter_misc":{"Tempo di lettura stimato":"2 minuti"},"schema":{"@context":"https:\/\/schema.org","@graph":[{"@type":"WebPage","@id":"https:\/\/f-aurea.com\/negozio\/ita-un-nuovo-paradigma-energetico-vibrazionale-manlio-di-donato-francesco-verticchio-libro-fisico\/","url":"https:\/\/f-aurea.com\/negozio\/ita-un-nuovo-paradigma-energetico-vibrazionale-manlio-di-donato-francesco-verticchio-libro-fisico\/","name":"[ITA] Un Nuovo Paradigma Energetico-Vibrazionale. Manlio Di Donato & Francesco Verticchio - LIBRO FISICO - F-Aurea","isPartOf":{"@id":"https:\/\/f-aurea.com\/#website"},"primaryImageOfPage":{"@id":"https:\/\/f-aurea.com\/negozio\/ita-un-nuovo-paradigma-energetico-vibrazionale-manlio-di-donato-francesco-verticchio-libro-fisico\/#primaryimage"},"image":{"@id":"https:\/\/f-aurea.com\/negozio\/ita-un-nuovo-paradigma-energetico-vibrazionale-manlio-di-donato-francesco-verticchio-libro-fisico\/#primaryimage"},"thumbnailUrl":"https:\/\/f-aurea.com\/wp-content\/uploads\/2023\/05\/LIBRO-NUOVO-PARADIGMA-COPERTINA-1.jpg","datePublished":"2023-05-16T15:25:48+00:00","dateModified":"2025-12-08T15:33:39+00:00","breadcrumb":{"@id":"https:\/\/f-aurea.com\/negozio\/ita-un-nuovo-paradigma-energetico-vibrazionale-manlio-di-donato-francesco-verticchio-libro-fisico\/#breadcrumb"},"inLanguage":"it-IT","potentialAction":[{"@type":"ReadAction","target":["https:\/\/f-aurea.com\/negozio\/ita-un-nuovo-paradigma-energetico-vibrazionale-manlio-di-donato-francesco-verticchio-libro-fisico\/"]}]},{"@type":"ImageObject","inLanguage":"it-IT","@id":"https:\/\/f-aurea.com\/negozio\/ita-un-nuovo-paradigma-energetico-vibrazionale-manlio-di-donato-francesco-verticchio-libro-fisico\/#primaryimage","url":"https:\/\/f-aurea.com\/wp-content\/uploads\/2023\/05\/LIBRO-NUOVO-PARADIGMA-COPERTINA-1.jpg","contentUrl":"https:\/\/f-aurea.com\/wp-content\/uploads\/2023\/05\/LIBRO-NUOVO-PARADIGMA-COPERTINA-1.jpg","width":1300,"height":1300,"caption":"Italiano, Libro, Guarigione, Ispirazione, Prana, Ki, Forze Eteriche, Multidimensionalit\u00e0, F-Aurea, Benessere Naturale, Energie Sottili, Olofrattalit\u00e0, Meditazione, Teurgia, Esercizi Pratici, Meditazioni Guidate, Ricerca, Esoterismo, Nuove Frontiere, Iniziazione,"},{"@type":"BreadcrumbList","@id":"https:\/\/f-aurea.com\/negozio\/ita-un-nuovo-paradigma-energetico-vibrazionale-manlio-di-donato-francesco-verticchio-libro-fisico\/#breadcrumb","itemListElement":[{"@type":"ListItem","position":1,"name":"Home","item":"https:\/\/f-aurea.com\/"},{"@type":"ListItem","position":2,"name":"Shop","item":"https:\/\/f-aurea.com\/negozio\/"},{"@type":"ListItem","position":3,"name":"[ITA] Un Nuovo Paradigma Energetico-Vibrazionale. Manlio Di Donato &#038; Francesco Verticchio &#8211; LIBRO FISICO"}]},{"@type":"WebSite","@id":"https:\/\/f-aurea.com\/#website","url":"https:\/\/f-aurea.com\/","name":"F-Aurea","description":"","publisher":{"@id":"https:\/\/f-aurea.com\/#organization"},"potentialAction":[{"@type":"SearchAction","target":{"@type":"EntryPoint","urlTemplate":"https:\/\/f-aurea.com\/?s={search_term_string}"},"query-input":{"@type":"PropertyValueSpecification","valueRequired":true,"valueName":"search_term_string"}}],"inLanguage":"it-IT"},{"@type":"Organization","@id":"https:\/\/f-aurea.com\/#organization","name":"F-Aurea","url":"https:\/\/f-aurea.com\/","logo":{"@type":"ImageObject","inLanguage":"it-IT","@id":"https:\/\/f-aurea.com\/#\/schema\/logo\/image\/","url":"https:\/\/f-aurea.com\/wp-content\/uploads\/2022\/05\/Logo-F-Aurea-oro-con-testo-bianco-2000-px.png","contentUrl":"https:\/\/f-aurea.com\/wp-content\/uploads\/2022\/05\/Logo-F-Aurea-oro-con-testo-bianco-2000-px.png","width":2000,"height":1242,"caption":"F-Aurea"},"image":{"@id":"https:\/\/f-aurea.com\/#\/schema\/logo\/image\/"},"sameAs":["https:\/\/www.facebook.com\/manlio.didonato\/","https:\/\/www.instagram.com\/manlio_ignisrebirth\/"]}]}},"_links":{"self":[{"href":"https:\/\/f-aurea.com\/it\/wp-json\/wp\/v2\/product\/4099","targetHints":{"allow":["GET"]}}],"collection":[{"href":"https:\/\/f-aurea.com\/it\/wp-json\/wp\/v2\/product"}],"about":[{"href":"https:\/\/f-aurea.com\/it\/wp-json\/wp\/v2\/types\/product"}],"replies":[{"embeddable":true,"href":"https:\/\/f-aurea.com\/it\/wp-json\/wp\/v2\/comments?post=4099"}],"wp:featuredmedia":[{"embeddable":true,"href":"https:\/\/f-aurea.com\/it\/wp-json\/wp\/v2\/media\/4100"}],"wp:attachment":[{"href":"https:\/\/f-aurea.com\/it\/wp-json\/wp\/v2\/media?parent=4099"}],"wp:term":[{"taxonomy":"product_brand","embeddable":true,"href":"https:\/\/f-aurea.com\/it\/wp-json\/wp\/v2\/product_brand?post=4099"},{"taxonomy":"product_cat","embeddable":true,"href":"https:\/\/f-aurea.com\/it\/wp-json\/wp\/v2\/product_cat?post=4099"},{"taxonomy":"product_tag","embeddable":true,"href":"https:\/\/f-aurea.com\/it\/wp-json\/wp\/v2\/product_tag?post=4099"}],"curies":[{"name":"wp","href":"https:\/\/api.w.org\/{rel}","templated":true}]}}