{"id":4219,"date":"2024-01-05T15:25:08","date_gmt":"2024-01-05T14:25:08","guid":{"rendered":"https:\/\/f-aurea.com\/?post_type=product&#038;p=4219"},"modified":"2026-05-03T09:21:53","modified_gmt":"2026-05-03T07:21:53","slug":"oleum-ignis-energizing-vibrational-remedy","status":"publish","type":"product","link":"https:\/\/f-aurea.com\/it\/negozio\/oleum-ignis-energizing-vibrational-remedy\/","title":{"rendered":"Oleum Ignis, per il massaggio attivante e sportivo"},"content":{"rendered":"<p>Oleum Ignis \u00e8 un potente olio vibrazionale che pu\u00f2 sostenere ed incrementare notevolmente le varie forme di massaggio o di terapia non fisica, rivolte a stimolare la circolazione del sangue, il respiro, attivare il drenaggio delle scorie metaboliche, ed incrementare il focus e la concentrazione mentale. Oleum Ignis \u00e8 quindi un potente alleato per gli atleti ma anche per chi ha bisogno di un incrementata efficienza energetica e mantenere la concentrazione per fare fronte a periodi di stanchezza o di intenso lavoro.<\/p>\n<p>Il Campo Informativo F-Aurea di cui \u00e8 portatore opera nel Campo Eterico umano dove tonifica, pulisce e potenzia il Qi nella circolazione dei meridiani e degli agopunti, i canali ed i centri eterici studiati dalla tradizione orientale, oltre che preparare il campo eterico umano a periodi di intensa attivit\u00e0.<\/p>\n<div class=\"fusion-content-boxes content-boxes columns row fusion-columns-1 fusion-columns-total-3 fusion-content-boxes-1 content-boxes-icon-with-title content-left\" style=\"--awb-hover-accent-color: var(--awb-color5); --awb-circle-hover-accent-color: var(--awb-color5); --awb-item-margin-bottom: 40px;\" data-animationoffset=\"top-into-view\">\n<div class=\"fusion-column content-box-column content-box-column content-box-column-2 col-lg-12 col-md-12 col-sm-12 fusion-content-box-hover content-box-column-last-in-row\" style=\"--awb-backgroundcolor: transparent;\">\n<div class=\"col content-box-wrapper content-wrapper link-area-link-icon icon-hover-animation-pulsate\" data-animationoffset=\"top-into-view\">\n<div class=\"heading heading-with-icon icon-left\">\n<div class=\"icon\"><\/div>\n<h3 class=\"content-box-heading fusion-responsive-typography-calculated\" style=\"--h3_typography-font-size: 20px; --fontsize: 20; line-height: 1.5;\">Uso Suggerito<\/h3>\n<\/div>\n<div class=\"fusion-clearfix\"><\/div>\n<div class=\"content-container\">\n<p>Mescolare bene prima dell'uso ed applicare una generosa quantit\u00e0 d'olio sulla pelle sana e non ferita. Massaggiare delicatamente fino a completo assorbimento. Non diluire con altri prodotti.<\/p>\n<p style=\"padding-left: 40px;\"><span style=\"color: #cda434;\"><strong>Oleum Ignis <\/strong><\/span>\u00e8 specificatamente adatto a:<\/p>\n<p style=\"padding-left: 40px;\">Massaggio per stimolare la circolazione del sangue<\/p>\n<p style=\"padding-left: 40px;\">Massaggio sportivo pre gara.<\/p>\n<p style=\"padding-left: 40px;\">Sul petto e diaframma, in abbinamento a pratiche di respirazione (esempio: pranayama)<\/p>\n<p style=\"padding-left: 40px;\">Massaggio per il drenaggio delle tossine<\/p>\n<p style=\"padding-left: 40px;\">Pratiche di focalizzazione, prima di intensa attivit\u00e0 di studio.<\/p>\n<p><span style=\"color: #cda434;\"><strong>Alta Qualit\u00e0<\/strong><\/span><\/p>\n<p>Gli ingredienti sono vegetali e di alta qualit\u00e0. Non contiene profumi o chimica di sintesi. La possibile separazione degli ingredienti dimostra la genuinit\u00e0 erboristica del prodotto.<\/p>\n<p align=\"JUSTIFY\"><span style=\"color: #cda434;\"><b>Ingredienti<\/b><\/span><\/p>\n<p align=\"JUSTIFY\">Prunus Amygdalus Dulcis Oil, Vitis Vinifera Seed Oil, Persea Americana Oil, Tocopherol, Cymbopogon Citratus Essential Oil, Lavandula Angustifolia Essential Oil, Mentha Essential Oil, Santalum Album Essential Oil.<\/p>\n<p align=\"JUSTIFY\"><span style=\"color: #cda434;\"><strong>Conservazione<\/strong><\/span><\/p>\n<p align=\"JUSTIFY\">Tenere il prodotto in luogo asciutto, lontano da fonti dirette di luce solare, con il tappo ben chiuso.<\/p>\n<p align=\"JUSTIFY\"><span style=\"color: #cda434;\"><b>Precauzioni e Possibili Controindicazioni<\/b><\/span><\/p>\n<p align=\"JUSTIFY\">Solo per uso esterno, non ingerire. Non applicare su ferite sanguinanti. Per accertarsi che non vi siano reazioni allergiche ad uno o pi\u00f9 ingredienti suggeriamo di fare un test applicando una piccola quantit\u00e0 di prodotto sulla cute prima dell'uso. Da evitare in caso di confermata ipersensibilit\u00e0 ad uno o pi\u00f9 ingredienti. Non va usato su donne in gravidanza. Per maggiori informazioni e\\o in caso di ingestione consultare il medico o il farmacista.<\/p>\n<p align=\"JUSTIFY\"><b>Non \u00e8 sostitutivo della pratica medica. Tutti gli effetti indicati si basano su nostre ricerche e studi interni, senza pretesa di scientificit\u00e0.\u00a0<\/b><\/p>\n<p align=\"JUSTIFY\"><span style=\"color: #cda434;\"><strong>Nota: E' Molto Potente!<\/strong><\/span><\/p>\n<p align=\"JUSTIFY\" class=\"translation-block\">Il Campo Informativo F-Aurea e gli ingredienti di alta qualit\u00e0 possono indurre forti sensazioni ed effetti di rilascio eterico, la cui natura pu\u00f2 variare da persona a persona. ha una formulazione molto potente. Si prega di NON USARLO PRIMA DI ANDARE A DORMIRE, \u00e8 molto attivante. Si suggerisce di abituarsi gradualmente. Alcuni degli oli essenziali usati possono indurre rilascio di tossine, se ne consiglia pertanto l'uso ad atleti o da parte di massaggiatori esperti su clienti regolari, che possono quindi venire seguiti passo dopo passo in modo adeguato.<\/p>\n<p><span style=\"color: #cda434;\"><strong>NON USARE QUANDO:<\/strong><\/span><\/p>\n<p align=\"JUSTIFY\">Suggeriamo di <strong>NON USARE<\/strong> i nostri oli da massaggio, libri, tecniche, percorsi, campi informativi, insieme con l'assunzione di sostanze stupefacenti, anche se si dovesse trattare di cosidette \"piante sacre\", quali Ayahuasca, San Pedro, ecc.. I nostri strumenti sono inadatti se siete sotto l'effetto di tali sostanze, o se ne fate uso abituale. Vi consigliamo anche di <strong>NON USARE<\/strong> le nostre pratiche, libri, percorsi, campi informativi, se vi trovate in condizioni di squilibrio psichiatrico, o fragilit\u00e0 psicologica, o se siete sotto l'assistenza di personale medico psichiatrico. Consultate il medico curante per verificare se un percorso di meditazione e ci\u00f2 che proponiamo \u00e8 compatibile con le cure prescritte.<\/p>\n<p><span style=\"color: #cda434;\"><strong>Made in Italy<\/strong><\/span><\/p>\n<p class=\"translation-block\">L'olio \u00e8 realizzato per F-Aurea da AREGON, una realt\u00e0 consolidata da anni nel settore dell'erboristeria. AREGON \u00e8 stata fondata da Franco Nardin, erborista, osteopata, ricercatore nelle energie sottili e nelle filosofie orientali, che fu attivo nell'ultimo quarto del 1900. AREGON \u00e8 ora guidata da suo figlio Dennis Nardin, dottore in erboristeria ed osteopata, insieme con Alessandra Pavanetto, dottore in biologia molecolare, i quali tutt'oggi portano avanti con rinnovata passione la tradizione erboristica alla luce delle pi\u00f9 moderne ricerche.<\/p>\n<blockquote>\n<p class=\"western\" lang=\"it-IT\"><span lang=\"it-IT\" style=\"color: #cda434;\"><b>Scheda Tecnica<\/b><\/span><\/p>\n<p class=\"western\" lang=\"it-IT\"><span lang=\"it-IT\"><b>Ingredienti<\/b><\/span>: Prunus Amygdalus Dulcis Oil, Vitis Vinifera Seed Oil, Persea Americana Oil, Tocopherol, Cymbopogon Citratus Essential Oil, Lavandula Angustifolia Essential Oil, Mentha Essential Oil, Santalum Album Essential Oil.<\/p>\n<p class=\"western\" lang=\"it-IT\"><span lang=\"it-IT\"><b>Quantit\u00e0<\/b><\/span>: 200 ml.<\/p>\n<p lang=\"it-IT\"><strong>Note:<\/strong> Non testato sugli animali. Non contiene derivati del petrolio o profumi chimici.<\/p>\n<p class=\"western\" lang=\"it-IT\"><span lang=\"it-IT\"><b>Campo Informativo<\/b><\/span> Oleum Ignis F-Aurea<\/p>\n<\/blockquote>\n<div class=\"fusion-content-boxes content-boxes columns row fusion-columns-1 fusion-columns-total-0 fusion-content-boxes-1 content-boxes-icon-with-title content-left\" style=\"--awb-hover-accent-color: var(--awb-color5); --awb-circle-hover-accent-color: var(--awb-color5); --awb-item-margin-bottom: 40px;\" data-animationoffset=\"top-into-view\">\n<div class=\"fusion-clearfix\"><\/div>\n<\/div>\n<div class=\"fusion-column content-box-column content-box-column content-box-column-1 col-lg-12 col-md-12 col-sm-12 fusion-content-box-hover content-box-column-last-in-row\" style=\"--awb-backgroundcolor: transparent;\">\n<div class=\"col content-box-wrapper content-wrapper link-area-link-icon icon-hover-animation-pulsate\" data-animationoffset=\"top-into-view\">\n<div class=\"heading heading-with-icon icon-left\">\n<div class=\"icon\"><\/div>\n<h3 class=\"content-box-heading fusion-responsive-typography-calculated\" style=\"--h3_typography-font-size: 20px; --fontsize: 20; line-height: 1.5;\">Pagamento<\/h3>\n<\/div>\n<\/div>\n<\/div>\n<p>Accettiamo i seguenti metodi di pagamento:<\/p>\n<ul>\n<li>Carta di credito \\ carta di debito<\/li>\n<li>Trasferimento bancario sul nostro conto corrente<\/li>\n<li>Paypal<\/li>\n<\/ul>\n<p lang=\"it-IT\">\n<\/div>\n<\/div>\n<\/div>\n<div class=\"fusion-column content-box-column content-box-column content-box-column-3 col-lg-12 col-md-12 col-sm-12 fusion-content-box-hover content-box-column-last-in-row\" style=\"--awb-backgroundcolor: transparent;\">\n<div class=\"col content-box-wrapper content-wrapper link-area-link-icon icon-hover-animation-pulsate\" data-animationoffset=\"top-into-view\">\n<div class=\"heading heading-with-icon icon-left\">\n<div class=\"icon\"><\/div>\n<h3 class=\"content-box-heading fusion-responsive-typography-calculated\" style=\"--h3_typography-font-size: 20px; --fontsize: 20; line-height: 1.5;\">Spedizione<\/h3>\n<\/div>\n<div class=\"fusion-clearfix\"><\/div>\n<div class=\"content-container\">\n<p>Unless otherwise specified, your order will be dispatched within 2-3 working days from the moment we receive the payment (from monday to friday). Downloadable products will be avaible according to the chosen payment method. Usually they will be ready automatically after the payment if you use creditdebit cards. If you chose the Bank Transfer then we will need some time to actual receive and verify the actual payment, so it can take from 3 days (usually) to two weeks (very uncommon).<\/p>\n<p>Quando prenoti la tua partecipazione ad un corso riceverai un email con le date e gli orari a partire dai quali sar\u00e0 possibile scaricare le lezioni.<\/p>\n<p class=\"translation-block\">Se acquisti contenuto digitale, come Ebook e Percorsi Olistici questi sono sempre disponibili per il download, cos\u00ec come specificato nella pagina <a href=\"https:\/\/f-aurea.com\/it\/terms_and_conditions\/\" target=\"_blank\" rel=\"noopener\">Terms and Conditions<\/a>.<\/p>\n<p>I pacchi sono spediti da un magazzino in ITALIA a PADOVA, e solitamente arrivano in 2-3 giorni indipendentemente dal tipo di spedizione scelta (gratuita quando disponibile o assicurata a pagamento). Possiamo spedire in tutta Europa, e con qualche eccezione nel resto del mondo. Tuttavia \u00e8 richiesto del tempo extra per raggiungere alcune nazioni.<\/p>\n<p>Sei pregato di contattarci per ogni chiarimento in merito alle spedizioni.<\/p>\n<p lang=\"it-IT\">\n<\/div>\n<\/div>\n<\/div>\n<div class=\"fusion-clearfix\"><\/div>\n<\/div>\n<p><strong>Politica dei Resi<\/strong><\/p>\n<p>Come indicato nella pagina <strong><a href=\"https:\/\/f-aurea.com\/it\/terms_and_conditions\/\" target=\"_blank\" rel=\"noopener\">Terms and Conditions<\/a><\/strong> . Nel caso tu non sia soddisfatto dell'acquisto come da regolamento Europeo puoi inoltrare un reclamo entro 14 giorni da quando hai ricevuto gli articoli da te acquistati. Quindi puoi chiedere un rimborso od una sostituzione del prodotto (nel caso in cui esso arrivi danneggiato).<\/p>\n<p>Si prega di notare che i resti sono accettati entro 14 giorni lavorativi dalla data in cui il corriere consegna il paggo.<\/p>\n<p>Per essere restituiti gli articoli devono trovarsi nelle stesse condizioni in cui li hai ricevuti. In accordo con le vigenti leggi europee, Integratori erboristici alimentari, cosmetici, ed oli da massaggio, non sono accettati come resi.<\/p>","protected":false},"excerpt":{"rendered":"<p class=\"translation-block\">Olio Vibrazionale energizzante e tonificante per incrementare le risorse vitali, il focus, la concentrazione. Oleum Ignis \u00e8 un eccellente alleato sia per mantenere alta la concentrazione per lunghi periodi, come ad esempio nello studio, ma anche specialmente nello sport e nel fitness. Oleum Ignis assiste i professionisti del massaggio cos\u00ec come delle terapie alternative in modo efficiente e profondo, grazie ai suoi ingredienti di alta qualit\u00e0 100% vegetali. E sostenuto da uno speciale Campo Informativo F-Aurea.<\/p>","protected":false},"featured_media":4213,"comment_status":"open","ping_status":"closed","template":"","meta":{"_acf_changed":false},"product_brand":[],"product_cat":[82],"product_tag":[],"class_list":{"0":"post-4219","1":"product","2":"type-product","3":"status-publish","4":"has-post-thumbnail","6":"product_cat-natural-remedies","8":"first","9":"instock","10":"taxable","11":"shipping-taxable","12":"purchasable","13":"product-type-simple"},"acf":[],"yoast_head":"<!-- This site is optimized with the Yoast SEO plugin v27.5 - https:\/\/yoast.com\/product\/yoast-seo-wordpress\/ -->\n<title>Oleum Ignis, energizing, vibrational remedy - F-Aurea<\/title>\n<meta name=\"robots\" content=\"index, follow, max-snippet:-1, max-image-preview:large, max-video-preview:-1\" \/>\n<link rel=\"canonical\" href=\"https:\/\/f-aurea.com\/it\/negozio\/oleum-ignis-energizing-vibrational-remedy\/\" \/>\n<meta property=\"og:locale\" content=\"it_IT\" \/>\n<meta property=\"og:type\" content=\"article\" \/>\n<meta property=\"og:title\" content=\"Oleum Ignis, energizing, vibrational remedy - F-Aurea\" \/>\n<meta property=\"og:description\" content=\"Powerful massage oil, purpousley designed for empower body and mind, energizing and focusing effects. So it&#039;s very suited to help students which need an increase in memory and focusing performance, but especially for athletes.\u00a0Oleum Ignis assists massage operators as well alternative health operators with care and efficency, thanks to its high quality 100% plant-based ingredients, and it&#039;s supported by a special F-Aurea Informational Field.\" \/>\n<meta property=\"og:url\" content=\"https:\/\/f-aurea.com\/it\/negozio\/oleum-ignis-energizing-vibrational-remedy\/\" \/>\n<meta property=\"og:site_name\" content=\"F-Aurea\" \/>\n<meta property=\"article:publisher\" content=\"https:\/\/www.facebook.com\/manlio.didonato\/\" \/>\n<meta property=\"article:modified_time\" content=\"2026-05-03T07:21:53+00:00\" \/>\n<meta property=\"og:image\" content=\"https:\/\/f-aurea.com\/wp-content\/uploads\/2024\/01\/OLEUM-IGNIS-1.jpg\" \/>\n\t<meta property=\"og:image:width\" content=\"1300\" \/>\n\t<meta property=\"og:image:height\" content=\"1300\" \/>\n\t<meta property=\"og:image:type\" content=\"image\/jpeg\" \/>\n<meta name=\"twitter:card\" content=\"summary_large_image\" \/>\n<meta name=\"twitter:label1\" content=\"Tempo di lettura stimato\" \/>\n\t<meta name=\"twitter:data1\" content=\"5 minuti\" \/>\n<script type=\"application\/ld+json\" class=\"yoast-schema-graph\">{\"@context\":\"https:\\\/\\\/schema.org\",\"@graph\":[{\"@type\":\"WebPage\",\"@id\":\"https:\\\/\\\/f-aurea.com\\\/negozio\\\/oleum-ignis-energizing-vibrational-remedy\\\/\",\"url\":\"https:\\\/\\\/f-aurea.com\\\/negozio\\\/oleum-ignis-energizing-vibrational-remedy\\\/\",\"name\":\"Oleum Ignis, energizing, vibrational remedy - F-Aurea\",\"isPartOf\":{\"@id\":\"https:\\\/\\\/f-aurea.com\\\/#website\"},\"primaryImageOfPage\":{\"@id\":\"https:\\\/\\\/f-aurea.com\\\/negozio\\\/oleum-ignis-energizing-vibrational-remedy\\\/#primaryimage\"},\"image\":{\"@id\":\"https:\\\/\\\/f-aurea.com\\\/negozio\\\/oleum-ignis-energizing-vibrational-remedy\\\/#primaryimage\"},\"thumbnailUrl\":\"https:\\\/\\\/f-aurea.com\\\/wp-content\\\/uploads\\\/2024\\\/01\\\/OLEUM-IGNIS-1.jpg\",\"datePublished\":\"2024-01-05T14:25:08+00:00\",\"dateModified\":\"2026-05-03T07:21:53+00:00\",\"breadcrumb\":{\"@id\":\"https:\\\/\\\/f-aurea.com\\\/negozio\\\/oleum-ignis-energizing-vibrational-remedy\\\/#breadcrumb\"},\"inLanguage\":\"it-IT\",\"potentialAction\":[{\"@type\":\"ReadAction\",\"target\":[\"https:\\\/\\\/f-aurea.com\\\/negozio\\\/oleum-ignis-energizing-vibrational-remedy\\\/\"]}]},{\"@type\":\"ImageObject\",\"inLanguage\":\"it-IT\",\"@id\":\"https:\\\/\\\/f-aurea.com\\\/negozio\\\/oleum-ignis-energizing-vibrational-remedy\\\/#primaryimage\",\"url\":\"https:\\\/\\\/f-aurea.com\\\/wp-content\\\/uploads\\\/2024\\\/01\\\/OLEUM-IGNIS-1.jpg\",\"contentUrl\":\"https:\\\/\\\/f-aurea.com\\\/wp-content\\\/uploads\\\/2024\\\/01\\\/OLEUM-IGNIS-1.jpg\",\"width\":1300,\"height\":1300},{\"@type\":\"BreadcrumbList\",\"@id\":\"https:\\\/\\\/f-aurea.com\\\/negozio\\\/oleum-ignis-energizing-vibrational-remedy\\\/#breadcrumb\",\"itemListElement\":[{\"@type\":\"ListItem\",\"position\":1,\"name\":\"Home\",\"item\":\"https:\\\/\\\/f-aurea.com\\\/\"},{\"@type\":\"ListItem\",\"position\":2,\"name\":\"Shop\",\"item\":\"https:\\\/\\\/f-aurea.com\\\/negozio\\\/\"},{\"@type\":\"ListItem\",\"position\":3,\"name\":\"Oleum Ignis, energizing, vibrational remedy\"}]},{\"@type\":\"WebSite\",\"@id\":\"https:\\\/\\\/f-aurea.com\\\/#website\",\"url\":\"https:\\\/\\\/f-aurea.com\\\/\",\"name\":\"F-Aurea\",\"description\":\"\",\"publisher\":{\"@id\":\"https:\\\/\\\/f-aurea.com\\\/#organization\"},\"potentialAction\":[{\"@type\":\"SearchAction\",\"target\":{\"@type\":\"EntryPoint\",\"urlTemplate\":\"https:\\\/\\\/f-aurea.com\\\/?s={search_term_string}\"},\"query-input\":{\"@type\":\"PropertyValueSpecification\",\"valueRequired\":true,\"valueName\":\"search_term_string\"}}],\"inLanguage\":\"it-IT\"},{\"@type\":\"Organization\",\"@id\":\"https:\\\/\\\/f-aurea.com\\\/#organization\",\"name\":\"F-Aurea\",\"url\":\"https:\\\/\\\/f-aurea.com\\\/\",\"logo\":{\"@type\":\"ImageObject\",\"inLanguage\":\"it-IT\",\"@id\":\"https:\\\/\\\/f-aurea.com\\\/#\\\/schema\\\/logo\\\/image\\\/\",\"url\":\"https:\\\/\\\/f-aurea.com\\\/wp-content\\\/uploads\\\/2022\\\/05\\\/Logo-F-Aurea-oro-con-testo-bianco-2000-px.png\",\"contentUrl\":\"https:\\\/\\\/f-aurea.com\\\/wp-content\\\/uploads\\\/2022\\\/05\\\/Logo-F-Aurea-oro-con-testo-bianco-2000-px.png\",\"width\":2000,\"height\":1242,\"caption\":\"F-Aurea\"},\"image\":{\"@id\":\"https:\\\/\\\/f-aurea.com\\\/#\\\/schema\\\/logo\\\/image\\\/\"},\"sameAs\":[\"https:\\\/\\\/www.facebook.com\\\/manlio.didonato\\\/\",\"https:\\\/\\\/www.instagram.com\\\/manlio_ignisrebirth\\\/\"]}]}<\/script>\n<!-- \/ Yoast SEO plugin. -->","yoast_head_json":{"title":"Oleum Ignis, energizing, vibrational remedy - F-Aurea","robots":{"index":"index","follow":"follow","max-snippet":"max-snippet:-1","max-image-preview":"max-image-preview:large","max-video-preview":"max-video-preview:-1"},"canonical":"https:\/\/f-aurea.com\/it\/negozio\/oleum-ignis-energizing-vibrational-remedy\/","og_locale":"it_IT","og_type":"article","og_title":"Oleum Ignis, energizing, vibrational remedy - F-Aurea","og_description":"Powerful massage oil, purpousley designed for empower body and mind, energizing and focusing effects. So it's very suited to help students which need an increase in memory and focusing performance, but especially for athletes.\u00a0Oleum Ignis assists massage operators as well alternative health operators with care and efficency, thanks to its high quality 100% plant-based ingredients, and it's supported by a special F-Aurea Informational Field.","og_url":"https:\/\/f-aurea.com\/it\/negozio\/oleum-ignis-energizing-vibrational-remedy\/","og_site_name":"F-Aurea","article_publisher":"https:\/\/www.facebook.com\/manlio.didonato\/","article_modified_time":"2026-05-03T07:21:53+00:00","og_image":[{"width":1300,"height":1300,"url":"https:\/\/f-aurea.com\/wp-content\/uploads\/2024\/01\/OLEUM-IGNIS-1.jpg","type":"image\/jpeg"}],"twitter_card":"summary_large_image","twitter_misc":{"Tempo di lettura stimato":"5 minuti"},"schema":{"@context":"https:\/\/schema.org","@graph":[{"@type":"WebPage","@id":"https:\/\/f-aurea.com\/negozio\/oleum-ignis-energizing-vibrational-remedy\/","url":"https:\/\/f-aurea.com\/negozio\/oleum-ignis-energizing-vibrational-remedy\/","name":"Oleum Ignis, energizing, vibrational remedy - F-Aurea","isPartOf":{"@id":"https:\/\/f-aurea.com\/#website"},"primaryImageOfPage":{"@id":"https:\/\/f-aurea.com\/negozio\/oleum-ignis-energizing-vibrational-remedy\/#primaryimage"},"image":{"@id":"https:\/\/f-aurea.com\/negozio\/oleum-ignis-energizing-vibrational-remedy\/#primaryimage"},"thumbnailUrl":"https:\/\/f-aurea.com\/wp-content\/uploads\/2024\/01\/OLEUM-IGNIS-1.jpg","datePublished":"2024-01-05T14:25:08+00:00","dateModified":"2026-05-03T07:21:53+00:00","breadcrumb":{"@id":"https:\/\/f-aurea.com\/negozio\/oleum-ignis-energizing-vibrational-remedy\/#breadcrumb"},"inLanguage":"it-IT","potentialAction":[{"@type":"ReadAction","target":["https:\/\/f-aurea.com\/negozio\/oleum-ignis-energizing-vibrational-remedy\/"]}]},{"@type":"ImageObject","inLanguage":"it-IT","@id":"https:\/\/f-aurea.com\/negozio\/oleum-ignis-energizing-vibrational-remedy\/#primaryimage","url":"https:\/\/f-aurea.com\/wp-content\/uploads\/2024\/01\/OLEUM-IGNIS-1.jpg","contentUrl":"https:\/\/f-aurea.com\/wp-content\/uploads\/2024\/01\/OLEUM-IGNIS-1.jpg","width":1300,"height":1300},{"@type":"BreadcrumbList","@id":"https:\/\/f-aurea.com\/negozio\/oleum-ignis-energizing-vibrational-remedy\/#breadcrumb","itemListElement":[{"@type":"ListItem","position":1,"name":"Home","item":"https:\/\/f-aurea.com\/"},{"@type":"ListItem","position":2,"name":"Shop","item":"https:\/\/f-aurea.com\/negozio\/"},{"@type":"ListItem","position":3,"name":"Oleum Ignis, energizing, vibrational remedy"}]},{"@type":"WebSite","@id":"https:\/\/f-aurea.com\/#website","url":"https:\/\/f-aurea.com\/","name":"F-Aurea","description":"","publisher":{"@id":"https:\/\/f-aurea.com\/#organization"},"potentialAction":[{"@type":"SearchAction","target":{"@type":"EntryPoint","urlTemplate":"https:\/\/f-aurea.com\/?s={search_term_string}"},"query-input":{"@type":"PropertyValueSpecification","valueRequired":true,"valueName":"search_term_string"}}],"inLanguage":"it-IT"},{"@type":"Organization","@id":"https:\/\/f-aurea.com\/#organization","name":"F-Aurea","url":"https:\/\/f-aurea.com\/","logo":{"@type":"ImageObject","inLanguage":"it-IT","@id":"https:\/\/f-aurea.com\/#\/schema\/logo\/image\/","url":"https:\/\/f-aurea.com\/wp-content\/uploads\/2022\/05\/Logo-F-Aurea-oro-con-testo-bianco-2000-px.png","contentUrl":"https:\/\/f-aurea.com\/wp-content\/uploads\/2022\/05\/Logo-F-Aurea-oro-con-testo-bianco-2000-px.png","width":2000,"height":1242,"caption":"F-Aurea"},"image":{"@id":"https:\/\/f-aurea.com\/#\/schema\/logo\/image\/"},"sameAs":["https:\/\/www.facebook.com\/manlio.didonato\/","https:\/\/www.instagram.com\/manlio_ignisrebirth\/"]}]}},"_links":{"self":[{"href":"https:\/\/f-aurea.com\/it\/wp-json\/wp\/v2\/product\/4219","targetHints":{"allow":["GET"]}}],"collection":[{"href":"https:\/\/f-aurea.com\/it\/wp-json\/wp\/v2\/product"}],"about":[{"href":"https:\/\/f-aurea.com\/it\/wp-json\/wp\/v2\/types\/product"}],"replies":[{"embeddable":true,"href":"https:\/\/f-aurea.com\/it\/wp-json\/wp\/v2\/comments?post=4219"}],"wp:featuredmedia":[{"embeddable":true,"href":"https:\/\/f-aurea.com\/it\/wp-json\/wp\/v2\/media\/4213"}],"wp:attachment":[{"href":"https:\/\/f-aurea.com\/it\/wp-json\/wp\/v2\/media?parent=4219"}],"wp:term":[{"taxonomy":"product_brand","embeddable":true,"href":"https:\/\/f-aurea.com\/it\/wp-json\/wp\/v2\/product_brand?post=4219"},{"taxonomy":"product_cat","embeddable":true,"href":"https:\/\/f-aurea.com\/it\/wp-json\/wp\/v2\/product_cat?post=4219"},{"taxonomy":"product_tag","embeddable":true,"href":"https:\/\/f-aurea.com\/it\/wp-json\/wp\/v2\/product_tag?post=4219"}],"curies":[{"name":"wp","href":"https:\/\/api.w.org\/{rel}","templated":true}]}}