{"id":4267,"date":"2024-03-04T16:41:10","date_gmt":"2024-03-04T15:41:10","guid":{"rendered":"https:\/\/f-aurea.com\/?post_type=product&#038;p=4267"},"modified":"2026-03-03T14:26:20","modified_gmt":"2026-03-03T13:26:20","slug":"oleum-janus-vibrational-remedy-for-the-inner-world","status":"publish","type":"product","link":"https:\/\/f-aurea.com\/it\/negozio\/oleum-janus-vibrational-remedy-for-the-inner-world\/","title":{"rendered":"Oleum Janus, per pratiche di meditazione"},"content":{"rendered":"<p>Oleum Janus \u00e8 un rimedio vibrazionale, specificamente creato per assistere i praticanti delle discipline olistiche nell'accedere al proprio mondo interiore, pu\u00f2 anche venire usato come olio da massaggio.<\/p>\n<p>Oleum Janus porta con se uno speciale Campo Informativo F-Aurea, creato per purificare e potenziare il Campo Eterico associato al Sistema Nervoso, alle facolt\u00e0 di auto percezione, all'auto osservazione ed all'apertura del cuore. Ma anche nel aiutare il praticante di meditazione a rimanere focalizzato ed in ascolto, mente e cuore connessi, durante le pratiche: dal lavoro sull'ombra, alle pratiche di compassione, dallo yoga, alle pratiche di riconnessione col divino.<\/p>\n<p>Il nome proviene dall'antico Dio Italico Giano, la Forza o il Dio di ogni nuovo inizio, dell'apertura delle porte, come dell'iniziazione. Ma questa \u00e8 solo una rispettosa citazione. Molti degli ingredienti dell'Oleum Janus provengono dalla tradizione Italica e Mediterranea: L'Olio di Oliva, che ne costituisce il vettore principale proviene dalla Toscana, ed \u00e8 a bassa acidit\u00e0. L'Olio Essenziale di Alloro \u00e8 l'ingrediente attivo pi\u00f9 importante, noto per i suoi effetti distensivi sul sistema nervoso. Gli Oli Essenziali di Mirto, Cipresso, e Lavanda, coudivano tale effetto in un modo pi\u00f9 ampio. Pregiato Olio Essenziale di Incenso (Qualit\u00e0 Boswelia Carterii) \u00e8 aggiunto insieme con quello di Sandalo, in modo da focalizzare in modo bilanciato gli effetti verso l'Ispirazione e la Spiritualit\u00e0.<\/p>\n<div class=\"fusion-content-boxes content-boxes columns row fusion-columns-1 fusion-columns-total-3 fusion-content-boxes-21 content-boxes-icon-with-title content-left\" style=\"--awb-hover-accent-color: var(--awb-color5); --awb-circle-hover-accent-color: var(--awb-color5); --awb-item-margin-bottom: 40px;\" data-animationoffset=\"top-into-view\">\n<div class=\"fusion-column content-box-column content-box-column content-box-column-2 col-lg-12 col-md-12 col-sm-12 fusion-content-box-hover content-box-column-last-in-row\" style=\"--awb-backgroundcolor: transparent;\">\n<div class=\"col content-box-wrapper content-wrapper link-area-link-icon icon-hover-animation-pulsate\" data-animationoffset=\"top-into-view\">\n<div class=\"heading heading-with-icon icon-left\">\n<div class=\"icon\"><\/div>\n<h3 class=\"content-box-heading fusion-responsive-typography-calculated\" style=\"--h3_typography-font-size: 20px; --fontsize: 20; line-height: 1.5;\">Uso Suggerito<\/h3>\n<\/div>\n<div class=\"fusion-clearfix\"><\/div>\n<div class=\"content-container\">\n<p>Mescolare bene prima dell'uso ed applicare una generosa quantit\u00e0 d'olio sulla pelle sana e non ferita. Massaggiare delicatamente fino a completo assorbimento. Non diluire con altri prodotti.<\/p>\n<p style=\"padding-left: 40px;\"><span style=\"color: #cda434;\"><strong>Oleum Janus <\/strong><\/span>\u00e8 specificatamente adatto a:<\/p>\n<p style=\"padding-left: 40px;\">Relaxing Massage.<\/p>\n<p style=\"padding-left: 40px;\">Meditation and Mindfulness: from shadow works to compassion practices.<\/p>\n<p style=\"padding-left: 40px;\">Yoga.<\/p>\n<p style=\"padding-left: 40px;\">Connection with the divine practices.<\/p>\n<p style=\"padding-left: 40px;\">Breathing practices, such as rebirthing.<\/p>\n<p><span style=\"color: #cda434;\"><strong>Alta Qualit\u00e0<\/strong><\/span><\/p>\n<p>Gli ingredienti sono vegetali e di alta qualit\u00e0. Non contiene profumi o chimica di sintesi. La possibile separazione degli ingredienti dimostra la genuinit\u00e0 erboristica del prodotto.<\/p>\n<p align=\"JUSTIFY\"><span style=\"color: #cda434;\"><b>Ingredienti<\/b><\/span><\/p>\n<p align=\"JUSTIFY\">Vitis Vinifera Seed Oil, Olea europeae Seed Oil, Laurus Nobilis Essential Oil, Myrtus Communis Essential Oil, Lavandula Angustifolia Essential Oil, Cupressus Sempervirens Essential Oil, Cymbopogon Citratus Essential Oil, Boswelia Carterii Essential Oil, Santalum Album Essential Oil.<\/p>\n<p align=\"JUSTIFY\"><span style=\"color: #cda434;\"><strong>Conservazione<\/strong><\/span><\/p>\n<p align=\"JUSTIFY\">Tenere il prodotto in luogo asciutto, lontano da fonti dirette di luce solare, con il tappo ben chiuso.<\/p>\n<p align=\"JUSTIFY\"><span style=\"color: #cda434;\"><b>Precauzioni e Possibili Controindicazioni<\/b><\/span><\/p>\n<p align=\"JUSTIFY\">Solo per uso esterno, non ingerire. Non applicare su ferite sanguinanti. Per accertarsi che non vi siano reazioni allergiche ad uno o pi\u00f9 ingredienti suggeriamo di fare un test applicando una piccola quantit\u00e0 di prodotto sulla cute prima dell'uso. Da evitare in caso di confermata ipersensibilit\u00e0 ad uno o pi\u00f9 ingredienti. Non va usato su donne in gravidanza. Per maggiori informazioni e\\o in caso di ingestione consultare il medico o il farmacista.<\/p>\n<p align=\"JUSTIFY\"><b>Non \u00e8 sostitutivo della pratica medica. Tutti gli effetti indicati si basano su nostre ricerche e studi interni, senza pretesa di scientificit\u00e0.\u00a0<\/b><\/p>\n<p align=\"JUSTIFY\"><span style=\"color: #cda434;\"><strong>Nota: E' Molto Potente!<\/strong><\/span><\/p>\n<p align=\"JUSTIFY\">Il Campo Informativo F-Aurea e gli ingredienti di alta qualit\u00e0 possono indurre forti sensazioni ed effetti di rilascio eterico, la cui natura pu\u00f2 variare da persona a persona. <strong>\u00e8 uno strumento potente<\/strong> tool.<\/p>\n<p><span style=\"color: #cda434;\"><strong>NON USARE QUANDO:<\/strong><\/span><\/p>\n<p align=\"JUSTIFY\">Suggeriamo di <strong>NON USARE<\/strong> i nostri oli da massaggio, libri, tecniche, percorsi, campi informativi, insieme con l'assunzione di sostanze stupefacenti, anche se si dovesse trattare di cosidette \"piante sacre\", quali Ayahuasca, San Pedro, ecc.. I nostri strumenti sono inadatti se siete sotto l'effetto di tali sostanze, o se ne fate uso abituale. Vi consigliamo anche di <strong>NON USARE<\/strong> le nostre pratiche, libri, percorsi, campi informativi, se vi trovate in condizioni di squilibrio psichiatrico, o fragilit\u00e0 psicologica, o se siete sotto l'assistenza di personale medico psichiatrico. Consultate il medico curante per verificare se un percorso di meditazione e ci\u00f2 che proponiamo \u00e8 compatibile con le cure prescritte.<\/p>\n<p><span style=\"color: #cda434;\"><strong>Made in Italy<\/strong><\/span><\/p>\n<p class=\"translation-block\">L'olio \u00e8 realizzato per F-Aurea da AREGON, una realt\u00e0 consolidata da anni nel settore dell'erboristeria. AREGON \u00e8 stata fondata da Franco Nardin, erborista, osteopata, ricercatore nelle energie sottili e nelle filosofie orientali, che fu attivo nell'ultimo quarto del 1900. AREGON \u00e8 ora guidata da suo figlio Dennis Nardin, dottore in erboristeria ed osteopata, insieme con Alessandra Pavanetto, dottore in biologia molecolare, i quali tutt'oggi portano avanti con rinnovata passione la tradizione erboristica alla luce delle pi\u00f9 moderne ricerche.<\/p>\n<blockquote>\n<p class=\"western\" lang=\"it-IT\"><span lang=\"it-IT\" style=\"color: #cda434;\"><b>Scheda Tecnica<\/b><\/span><\/p>\n<p class=\"western\" lang=\"it-IT\"><span lang=\"it-IT\"><b>Ingredienti<\/b><\/span>: Vitis Vinifera Seed Oil, Olea europeae Seed Oil, Laurus Nobilis Essential Oil, Myrtus Communis Essential Oil, Lavandula Angustifolia Essential Oil, Cupressus Sempervirens Essential Oil, Cymbopogon Citratus Essential Oil, Boswelia Carterii Essential Oil, Santalum Album Essential Oil.<\/p>\n<p class=\"western\" lang=\"it-IT\"><span lang=\"it-IT\"><b>Quantit\u00e0<\/b><\/span>: 200 ml.<\/p>\n<p lang=\"it-IT\"><strong>Note:<\/strong> Non testato sugli animali. Non contiene derivati del petrolio o profumi chimici.<\/p>\n<p class=\"western\" lang=\"it-IT\"><span lang=\"it-IT\"><b>Campo Informativo<\/b><\/span> Oleum Janus F-Aurea<\/p>\n<\/blockquote>\n<div class=\"fusion-content-boxes content-boxes columns row fusion-columns-1 fusion-columns-total-0 fusion-content-boxes-21 content-boxes-icon-with-title content-left\" style=\"--awb-hover-accent-color: var(--awb-color5); --awb-circle-hover-accent-color: var(--awb-color5); --awb-item-margin-bottom: 40px;\" data-animationoffset=\"top-into-view\">\n<div class=\"fusion-clearfix\"><\/div>\n<\/div>\n<div class=\"fusion-column content-box-column content-box-column content-box-column-1 col-lg-12 col-md-12 col-sm-12 fusion-content-box-hover content-box-column-last-in-row\" style=\"--awb-backgroundcolor: transparent;\">\n<div class=\"col content-box-wrapper content-wrapper link-area-link-icon icon-hover-animation-pulsate\" data-animationoffset=\"top-into-view\">\n<div class=\"heading heading-with-icon icon-left\">\n<div class=\"icon\"><\/div>\n<h3 class=\"content-box-heading fusion-responsive-typography-calculated\" style=\"--h3_typography-font-size: 20px; --fontsize: 20; line-height: 1.5;\">Pagamento<\/h3>\n<\/div>\n<\/div>\n<\/div>\n<p>Accettiamo i seguenti metodi di pagamento:<\/p>\n<ul>\n<li>Carta di credito \\ carta di debito<\/li>\n<li>Trasferimento bancario sul nostro conto corrente<\/li>\n<li>Paypal<\/li>\n<\/ul>\n<p lang=\"it-IT\">\n<\/div>\n<\/div>\n<\/div>\n<div class=\"fusion-column content-box-column content-box-column content-box-column-3 col-lg-12 col-md-12 col-sm-12 fusion-content-box-hover content-box-column-last-in-row\" style=\"--awb-backgroundcolor: transparent;\">\n<div class=\"col content-box-wrapper content-wrapper link-area-link-icon icon-hover-animation-pulsate\" data-animationoffset=\"top-into-view\">\n<div class=\"heading heading-with-icon icon-left\">\n<div class=\"icon\"><\/div>\n<h3 class=\"content-box-heading fusion-responsive-typography-calculated\" style=\"--h3_typography-font-size: 20px; --fontsize: 20; line-height: 1.5;\">Spedizione<\/h3>\n<\/div>\n<div class=\"fusion-clearfix\"><\/div>\n<div class=\"content-container\">\n<p>Unless otherwise specified, your order will be dispatched within 2-3 working days from the moment we receive the payment (from monday to friday). Downloadable products will be avaible according to the chosen payment method. Usually they will be ready automatically after the payment if you use creditdebit cards. If you chose the Bank Transfer then we will need some time to actual receive and verify the actual payment, so it can take from 3 days (usually) to two weeks (very uncommon).<\/p>\n<p>Quando prenoti la tua partecipazione ad un corso riceverai un email con le date e gli orari a partire dai quali sar\u00e0 possibile scaricare le lezioni.<\/p>\n<p class=\"translation-block\">Se acquisti contenuto digitale, come Ebook e Percorsi Olistici questi sono sempre disponibili per il download, cos\u00ec come specificato nella pagina <a href=\"https:\/\/f-aurea.com\/it\/terms_and_conditions\/\" target=\"_blank\" rel=\"noopener\">Terms and Conditions<\/a>.<\/p>\n<p>I pacchi sono spediti da un magazzino in ITALIA a PADOVA, e solitamente arrivano in 2-3 giorni indipendentemente dal tipo di spedizione scelta (gratuita quando disponibile o assicurata a pagamento). Possiamo spedire in tutta Europa, e con qualche eccezione nel resto del mondo. Tuttavia \u00e8 richiesto del tempo extra per raggiungere alcune nazioni.<\/p>\n<p>Sei pregato di contattarci per ogni chiarimento in merito alle spedizioni.<\/p>\n<p lang=\"it-IT\">\n<\/div>\n<\/div>\n<\/div>\n<div class=\"fusion-clearfix\"><\/div>\n<\/div>\n<p><strong>Politica dei Resi<\/strong><\/p>\n<p>Come indicato nella pagina <strong><a href=\"https:\/\/f-aurea.com\/it\/terms_and_conditions\/\" target=\"_blank\" rel=\"noopener\">Terms and Conditions<\/a><\/strong> . Nel caso tu non sia soddisfatto dell'acquisto come da regolamento Europeo puoi inoltrare un reclamo entro 14 giorni da quando hai ricevuto gli articoli da te acquistati. Quindi puoi chiedere un rimborso od una sostituzione del prodotto (nel caso in cui esso arrivi danneggiato).<\/p>\n<p>Si prega di notare che i resti sono accettati entro 14 giorni lavorativi dalla data in cui il corriere consegna il paggo.<\/p>\n<p>Per essere restituiti gli articoli devono trovarsi nelle stesse condizioni in cui li hai ricevuti. In accordo con le vigenti leggi europee, Integratori erboristici alimentari, cosmetici, ed oli da massaggio, non sono accettati come resi.<\/p>","protected":false},"excerpt":{"rendered":"<p>Potente rimedio vibrazionale, specificamente creato per assistere i praticanti delle cosiddette \"arti di guarigione spirituale\", nell'ascoltarsi, centrare la mente, e prendere contatto con il proprio mondo interiore ed il Divino che vi dimora. Pu\u00f2 anche venire usato per massaggi rilassanti, <span style=\"color: #cda434;\"><strong>Oleum Janus <\/strong><\/span>assiste massaggiatori e praticanti delle discipline del benessere naturale con efficienza, grazie ai suoi ingredienti 100% <span style=\"color: #cda434;\"><strong>vegetali<\/strong><\/span>, \u00e8<span style=\"color: #000000;\"> anche supportato dai Campi Informativi F-Aurea<\/span><\/p>","protected":false},"featured_media":4269,"comment_status":"open","ping_status":"closed","template":"","meta":{"_acf_changed":false},"product_brand":[],"product_cat":[82],"product_tag":[],"class_list":{"0":"post-4267","1":"product","2":"type-product","3":"status-publish","4":"has-post-thumbnail","6":"product_cat-natural-remedies","8":"first","9":"outofstock","10":"featured","11":"taxable","12":"shipping-taxable","13":"purchasable","14":"product-type-simple"},"acf":[],"yoast_head":"<!-- This site is optimized with the Yoast SEO plugin v27.2 - https:\/\/yoast.com\/product\/yoast-seo-wordpress\/ -->\n<title>Oleum Janus, vibrational remedy for the Inner World - F-Aurea<\/title>\n<meta name=\"robots\" content=\"index, follow, max-snippet:-1, max-image-preview:large, max-video-preview:-1\" \/>\n<link rel=\"canonical\" href=\"https:\/\/f-aurea.com\/it\/negozio\/oleum-janus-vibrational-remedy-for-the-inner-world\/\" \/>\n<meta property=\"og:locale\" content=\"it_IT\" \/>\n<meta property=\"og:type\" content=\"article\" \/>\n<meta property=\"og:title\" content=\"Oleum Janus, vibrational remedy for the Inner World - F-Aurea\" \/>\n<meta property=\"og:description\" content=\"Powerful vibrational remedy, purpousley designed for &quot;spiritual healing&quot; practices, it can help the heart to disclose to the perception of the inner world, and to the Divine. It can also be used as a tool for relaxing massage. Oleum Janus assists massage operators as well alternative health operators with care and efficency, thanks to its high quality 100% plant-based ingredients, it&#039;s also supported by a special F-Aurea Informational Field.\" \/>\n<meta property=\"og:url\" content=\"https:\/\/f-aurea.com\/it\/negozio\/oleum-janus-vibrational-remedy-for-the-inner-world\/\" \/>\n<meta property=\"og:site_name\" content=\"F-Aurea\" \/>\n<meta property=\"article:publisher\" content=\"https:\/\/www.facebook.com\/manlio.didonato\/\" \/>\n<meta property=\"article:modified_time\" content=\"2026-03-03T13:26:20+00:00\" \/>\n<meta property=\"og:image\" content=\"https:\/\/f-aurea.com\/wp-content\/uploads\/2024\/03\/OLEUM-JANUS-1.jpg\" \/>\n\t<meta property=\"og:image:width\" content=\"1300\" \/>\n\t<meta property=\"og:image:height\" content=\"1300\" \/>\n\t<meta property=\"og:image:type\" content=\"image\/jpeg\" \/>\n<meta name=\"twitter:card\" content=\"summary_large_image\" \/>\n<meta name=\"twitter:label1\" content=\"Tempo di lettura stimato\" \/>\n\t<meta name=\"twitter:data1\" content=\"5 minuti\" \/>\n<script type=\"application\/ld+json\" class=\"yoast-schema-graph\">{\"@context\":\"https:\/\/schema.org\",\"@graph\":[{\"@type\":\"WebPage\",\"@id\":\"https:\/\/f-aurea.com\/negozio\/oleum-janus-vibrational-remedy-for-the-inner-world\/\",\"url\":\"https:\/\/f-aurea.com\/negozio\/oleum-janus-vibrational-remedy-for-the-inner-world\/\",\"name\":\"Oleum Janus, vibrational remedy for the Inner World - F-Aurea\",\"isPartOf\":{\"@id\":\"https:\/\/f-aurea.com\/#website\"},\"primaryImageOfPage\":{\"@id\":\"https:\/\/f-aurea.com\/negozio\/oleum-janus-vibrational-remedy-for-the-inner-world\/#primaryimage\"},\"image\":{\"@id\":\"https:\/\/f-aurea.com\/negozio\/oleum-janus-vibrational-remedy-for-the-inner-world\/#primaryimage\"},\"thumbnailUrl\":\"https:\/\/f-aurea.com\/wp-content\/uploads\/2024\/03\/OLEUM-JANUS-1.jpg\",\"datePublished\":\"2024-03-04T15:41:10+00:00\",\"dateModified\":\"2026-03-03T13:26:20+00:00\",\"breadcrumb\":{\"@id\":\"https:\/\/f-aurea.com\/negozio\/oleum-janus-vibrational-remedy-for-the-inner-world\/#breadcrumb\"},\"inLanguage\":\"it-IT\",\"potentialAction\":[{\"@type\":\"ReadAction\",\"target\":[\"https:\/\/f-aurea.com\/negozio\/oleum-janus-vibrational-remedy-for-the-inner-world\/\"]}]},{\"@type\":\"ImageObject\",\"inLanguage\":\"it-IT\",\"@id\":\"https:\/\/f-aurea.com\/negozio\/oleum-janus-vibrational-remedy-for-the-inner-world\/#primaryimage\",\"url\":\"https:\/\/f-aurea.com\/wp-content\/uploads\/2024\/03\/OLEUM-JANUS-1.jpg\",\"contentUrl\":\"https:\/\/f-aurea.com\/wp-content\/uploads\/2024\/03\/OLEUM-JANUS-1.jpg\",\"width\":1300,\"height\":1300},{\"@type\":\"BreadcrumbList\",\"@id\":\"https:\/\/f-aurea.com\/negozio\/oleum-janus-vibrational-remedy-for-the-inner-world\/#breadcrumb\",\"itemListElement\":[{\"@type\":\"ListItem\",\"position\":1,\"name\":\"Home\",\"item\":\"https:\/\/f-aurea.com\/\"},{\"@type\":\"ListItem\",\"position\":2,\"name\":\"Shop\",\"item\":\"https:\/\/f-aurea.com\/negozio\/\"},{\"@type\":\"ListItem\",\"position\":3,\"name\":\"Oleum Janus, vibrational remedy for the Inner World\"}]},{\"@type\":\"WebSite\",\"@id\":\"https:\/\/f-aurea.com\/#website\",\"url\":\"https:\/\/f-aurea.com\/\",\"name\":\"F-Aurea\",\"description\":\"\",\"publisher\":{\"@id\":\"https:\/\/f-aurea.com\/#organization\"},\"potentialAction\":[{\"@type\":\"SearchAction\",\"target\":{\"@type\":\"EntryPoint\",\"urlTemplate\":\"https:\/\/f-aurea.com\/?s={search_term_string}\"},\"query-input\":{\"@type\":\"PropertyValueSpecification\",\"valueRequired\":true,\"valueName\":\"search_term_string\"}}],\"inLanguage\":\"it-IT\"},{\"@type\":\"Organization\",\"@id\":\"https:\/\/f-aurea.com\/#organization\",\"name\":\"F-Aurea\",\"url\":\"https:\/\/f-aurea.com\/\",\"logo\":{\"@type\":\"ImageObject\",\"inLanguage\":\"it-IT\",\"@id\":\"https:\/\/f-aurea.com\/#\/schema\/logo\/image\/\",\"url\":\"https:\/\/f-aurea.com\/wp-content\/uploads\/2022\/05\/Logo-F-Aurea-oro-con-testo-bianco-2000-px.png\",\"contentUrl\":\"https:\/\/f-aurea.com\/wp-content\/uploads\/2022\/05\/Logo-F-Aurea-oro-con-testo-bianco-2000-px.png\",\"width\":2000,\"height\":1242,\"caption\":\"F-Aurea\"},\"image\":{\"@id\":\"https:\/\/f-aurea.com\/#\/schema\/logo\/image\/\"},\"sameAs\":[\"https:\/\/www.facebook.com\/manlio.didonato\/\",\"https:\/\/www.instagram.com\/manlio_ignisrebirth\/\"]}]}<\/script>\n<!-- \/ Yoast SEO plugin. -->","yoast_head_json":{"title":"Oleum Janus, vibrational remedy for the Inner World - F-Aurea","robots":{"index":"index","follow":"follow","max-snippet":"max-snippet:-1","max-image-preview":"max-image-preview:large","max-video-preview":"max-video-preview:-1"},"canonical":"https:\/\/f-aurea.com\/it\/negozio\/oleum-janus-vibrational-remedy-for-the-inner-world\/","og_locale":"it_IT","og_type":"article","og_title":"Oleum Janus, vibrational remedy for the Inner World - F-Aurea","og_description":"Powerful vibrational remedy, purpousley designed for \"spiritual healing\" practices, it can help the heart to disclose to the perception of the inner world, and to the Divine. It can also be used as a tool for relaxing massage. Oleum Janus assists massage operators as well alternative health operators with care and efficency, thanks to its high quality 100% plant-based ingredients, it's also supported by a special F-Aurea Informational Field.","og_url":"https:\/\/f-aurea.com\/it\/negozio\/oleum-janus-vibrational-remedy-for-the-inner-world\/","og_site_name":"F-Aurea","article_publisher":"https:\/\/www.facebook.com\/manlio.didonato\/","article_modified_time":"2026-03-03T13:26:20+00:00","og_image":[{"width":1300,"height":1300,"url":"https:\/\/f-aurea.com\/wp-content\/uploads\/2024\/03\/OLEUM-JANUS-1.jpg","type":"image\/jpeg"}],"twitter_card":"summary_large_image","twitter_misc":{"Tempo di lettura stimato":"5 minuti"},"schema":{"@context":"https:\/\/schema.org","@graph":[{"@type":"WebPage","@id":"https:\/\/f-aurea.com\/negozio\/oleum-janus-vibrational-remedy-for-the-inner-world\/","url":"https:\/\/f-aurea.com\/negozio\/oleum-janus-vibrational-remedy-for-the-inner-world\/","name":"Oleum Janus, vibrational remedy for the Inner World - F-Aurea","isPartOf":{"@id":"https:\/\/f-aurea.com\/#website"},"primaryImageOfPage":{"@id":"https:\/\/f-aurea.com\/negozio\/oleum-janus-vibrational-remedy-for-the-inner-world\/#primaryimage"},"image":{"@id":"https:\/\/f-aurea.com\/negozio\/oleum-janus-vibrational-remedy-for-the-inner-world\/#primaryimage"},"thumbnailUrl":"https:\/\/f-aurea.com\/wp-content\/uploads\/2024\/03\/OLEUM-JANUS-1.jpg","datePublished":"2024-03-04T15:41:10+00:00","dateModified":"2026-03-03T13:26:20+00:00","breadcrumb":{"@id":"https:\/\/f-aurea.com\/negozio\/oleum-janus-vibrational-remedy-for-the-inner-world\/#breadcrumb"},"inLanguage":"it-IT","potentialAction":[{"@type":"ReadAction","target":["https:\/\/f-aurea.com\/negozio\/oleum-janus-vibrational-remedy-for-the-inner-world\/"]}]},{"@type":"ImageObject","inLanguage":"it-IT","@id":"https:\/\/f-aurea.com\/negozio\/oleum-janus-vibrational-remedy-for-the-inner-world\/#primaryimage","url":"https:\/\/f-aurea.com\/wp-content\/uploads\/2024\/03\/OLEUM-JANUS-1.jpg","contentUrl":"https:\/\/f-aurea.com\/wp-content\/uploads\/2024\/03\/OLEUM-JANUS-1.jpg","width":1300,"height":1300},{"@type":"BreadcrumbList","@id":"https:\/\/f-aurea.com\/negozio\/oleum-janus-vibrational-remedy-for-the-inner-world\/#breadcrumb","itemListElement":[{"@type":"ListItem","position":1,"name":"Home","item":"https:\/\/f-aurea.com\/"},{"@type":"ListItem","position":2,"name":"Shop","item":"https:\/\/f-aurea.com\/negozio\/"},{"@type":"ListItem","position":3,"name":"Oleum Janus, vibrational remedy for the Inner World"}]},{"@type":"WebSite","@id":"https:\/\/f-aurea.com\/#website","url":"https:\/\/f-aurea.com\/","name":"F-Aurea","description":"","publisher":{"@id":"https:\/\/f-aurea.com\/#organization"},"potentialAction":[{"@type":"SearchAction","target":{"@type":"EntryPoint","urlTemplate":"https:\/\/f-aurea.com\/?s={search_term_string}"},"query-input":{"@type":"PropertyValueSpecification","valueRequired":true,"valueName":"search_term_string"}}],"inLanguage":"it-IT"},{"@type":"Organization","@id":"https:\/\/f-aurea.com\/#organization","name":"F-Aurea","url":"https:\/\/f-aurea.com\/","logo":{"@type":"ImageObject","inLanguage":"it-IT","@id":"https:\/\/f-aurea.com\/#\/schema\/logo\/image\/","url":"https:\/\/f-aurea.com\/wp-content\/uploads\/2022\/05\/Logo-F-Aurea-oro-con-testo-bianco-2000-px.png","contentUrl":"https:\/\/f-aurea.com\/wp-content\/uploads\/2022\/05\/Logo-F-Aurea-oro-con-testo-bianco-2000-px.png","width":2000,"height":1242,"caption":"F-Aurea"},"image":{"@id":"https:\/\/f-aurea.com\/#\/schema\/logo\/image\/"},"sameAs":["https:\/\/www.facebook.com\/manlio.didonato\/","https:\/\/www.instagram.com\/manlio_ignisrebirth\/"]}]}},"_links":{"self":[{"href":"https:\/\/f-aurea.com\/it\/wp-json\/wp\/v2\/product\/4267","targetHints":{"allow":["GET"]}}],"collection":[{"href":"https:\/\/f-aurea.com\/it\/wp-json\/wp\/v2\/product"}],"about":[{"href":"https:\/\/f-aurea.com\/it\/wp-json\/wp\/v2\/types\/product"}],"replies":[{"embeddable":true,"href":"https:\/\/f-aurea.com\/it\/wp-json\/wp\/v2\/comments?post=4267"}],"wp:featuredmedia":[{"embeddable":true,"href":"https:\/\/f-aurea.com\/it\/wp-json\/wp\/v2\/media\/4269"}],"wp:attachment":[{"href":"https:\/\/f-aurea.com\/it\/wp-json\/wp\/v2\/media?parent=4267"}],"wp:term":[{"taxonomy":"product_brand","embeddable":true,"href":"https:\/\/f-aurea.com\/it\/wp-json\/wp\/v2\/product_brand?post=4267"},{"taxonomy":"product_cat","embeddable":true,"href":"https:\/\/f-aurea.com\/it\/wp-json\/wp\/v2\/product_cat?post=4267"},{"taxonomy":"product_tag","embeddable":true,"href":"https:\/\/f-aurea.com\/it\/wp-json\/wp\/v2\/product_tag?post=4267"}],"curies":[{"name":"wp","href":"https:\/\/api.w.org\/{rel}","templated":true}]}}