{"id":4320,"date":"2024-05-24T17:20:12","date_gmt":"2024-05-24T15:20:12","guid":{"rendered":"https:\/\/f-aurea.com\/?post_type=product&#038;p=4320"},"modified":"2024-08-30T16:59:49","modified_gmt":"2024-08-30T14:59:49","slug":"ita-le-tre-centrature","status":"publish","type":"product","link":"https:\/\/f-aurea.com\/it\/negozio\/ita-le-tre-centrature\/","title":{"rendered":"[ITA] Le Tre Centrature"},"content":{"rendered":"<p>Il percorso comprende una dispensa in formato .PDF, 14 video di esercizi ed approfondimenti, 3 tracce solo audio di meditazione guidata + 3 tracce audio con musica ambient con speciali frequenze sonore portatrici dei Campi Informativi F-Aurea. Le Tre Centrature approfondisce, esplora e ti guida nella pratica con tre Campi Informativi F-Aurea, condivisi pubblicamente e gratuitamente, che potete scoprire e sperimentare a questo link sul sito <strong>terracuore.it <\/strong><div class=\"fusion-button-wrapper\"><a class=\"fusion-button button-3d fusion-button-default-size button-default fusion-button-default button-1 fusion-button-default-span\" target=\"_blank\" rel=\"noopener noreferrer\" data-hover=\"bg_slide_right\" href=\"https:\/\/terracuore.it\/le-tre-centrature-f-aurea\/\"><i class=\"fa-book-open fas awb-button__icon awb-button__icon--default button-icon-left\" aria-hidden=\"true\"><\/i><span class=\"fusion-button-text awb-button__text awb-button__text--default\">Leggi l&#8217;Articolo<\/span><\/a><\/div>.<\/p>\n<p>Non sono aggiunti ulteriori Campi Informativi nel percorso video, ma la pratica con i 3 gi\u00e0 condivisi pubblicamente viene <strong>esplorata e guidata passo dopo passo<\/strong>, includendo <strong>meditazioni guidate<\/strong> ed una lista di esercitazioni da svolgere comodamente a casa.<\/p>\n<blockquote>\n<p align=\"JUSTIFY\"><span style=\"color: #cda434;\"><b>COSA COMPRENDE IL PERCORSO<\/b><\/span><\/p>\n<p align=\"JUSTIFY\"><span lang=\"en-US\">\u2192 <strong>16 video<\/strong>, divisi in 14 capitoli,\u00a0per un totale di pi\u00f9 di <strong>3:25<\/strong> ore, nei quali troverai teoria e pratica guidata. In formato .mp4<\/span><\/p>\n<p align=\"JUSTIFY\">ottimizzati per la visualizzazione su computer e televisore.<\/p>\n<p align=\"JUSTIFY\"><span lang=\"en-US\">\u2192 <strong>3 audio<\/strong> di meditazione guidata, in formato .mp3. della durata di 9 minuti circa ciascuno. Si raccomanda vivamente di leggere la dispensa e guardare i video prima di usare questi file per la pratica.\u00a0<\/span><\/p>\n<p align=\"JUSTIFY\"><span lang=\"en-US\">\u2192 <strong>3 tracce musicali<\/strong> di speciali frequenze sonore portatrici dei Campi informativi F-Aurea, in formato .mp3.\u00a0\u00a0<\/span><\/p>\n<p align=\"JUSTIFY\"><span lang=\"en-US\">\u2192 <strong>1 dispensa in PDF a colori, <\/strong>ricca di immagini e disegni di spiegazione.\u00a0<\/span><\/p>\n<p align=\"JUSTIFY\"><span lang=\"en-US\">\u2192\u00a0<\/span><strong>1 dispensa <\/strong>&#8220;di cortesia&#8221; in bianco e nero <strong>ottimizzata per la stampa, <\/strong>con immagini semplificate, nel caso in cui tu preferisca stampare e leggere comodamente su carta. Formato .PDF . Dimensioni. A4<\/p>\n<p align=\"JUSTIFY\"><span lang=\"en-US\">\u2192 <strong>1 set di istruzioni<\/strong> per l&#8217;uso, <\/span>in comodo formato immagine .jpg<\/p>\n<p align=\"JUSTIFY\"><em>Una volta completato l&#8217;acquisto il materiale del corso rimane disponibile per il download per sempre, quante volte vuoi, almeno finch\u00e9 esiste questo sito.<\/em><\/p>\n<\/blockquote>\n<p align=\"JUSTIFY\"><span style=\"color: #cda434;\"><strong>AVVERTENZE!<\/strong><\/span><\/p>\n<p align=\"JUSTIFY\">Il percorso <strong>non \u00e8 di natura medica<\/strong>, o volto alla diagnosi e\\o cura di patologie cliniche. N\u00e9 alla diagnosi e\\o cura di disturbi della psiche. Tutti gli effetti indicati si basano su nostre ricerche e studi interni, senza pretesa di scientificit\u00e0 e sono rivolti al benessere olistico e integrale dell&#8217;essere umano.<\/p>\n<p align=\"JUSTIFY\">Se ne sconsiglia vivamente la pratica a persone in condizioni di fragilit\u00e0, disagio, o sotto l&#8217;effetto di sostanze stupefacenti ed alcool. Il nostro scopo \u00e8 la condivisione di pratiche, strumenti e paradigmi a beneficio dell&#8217;umanit\u00e0. Non intendiamo sostituirci a pratica medica o diagnostica, ma condividere strumenti per la conoscenza e nobilizzazione dell&#8217;essere umano. Ci\u00f2 che condividiamo non \u00e8 adatto a tutti, in quanto <strong>pu\u00f2 scuotere le fondamenta dell&#8217;anima, per dischiuderne l&#8217;intima essenza<\/strong>. Pertanto \u00e8 <strong>inadatto a soggetti fragili<\/strong>, in fuga o in conflitto con s\u00e8 stessi, in quanto forniamo strumenti per il prendere contatto con la propria Verit\u00e0 Interiore, non per tappare il dolore o nascondersi dalla vita, ma per affrontarla a testa alta. Persone seguite da terapia psichiatrica e\\o medica sono raccomandate di chiedere consiglio al proprio medico curante prima di mettere in pratica le meditazioni proposte, o di sperimentare il materiale condiviso.<\/p>\n<p align=\"JUSTIFY\"><strong>Le sensazioni che \u00e8 possibile sperimentare possono essere in alcuni casi intense<\/strong>, specie con le meditazioni guidate che troverete nel percorso in tre file audio MP3. Questo pu\u00f2 non piacere a tutti, ma sono normali sensazioni che tutti i praticanti dei percorsi F-Aurea e di meditazione in generale, conoscono ed hanno sperimentato. Solitamente tali sensazioni sono sottili e delicate, ma, associando la pratica con Le Tre Centrature, alle meditazioni presentate, sar\u00e0 possibile che alcune persone con una spiccata sensibilit\u00e0 possano trovarle eccessive. Questo avviene in quanto la mente viene portata in stato meditativo dalla pratica, e ci\u00f2 aumenta la normale facolt\u00e0 di percepire l&#8217;etere, le &#8220;energie sottili&#8221;. Tuttavia se ci\u00f2 dovesse avvenire si ricorda che \u00e8 dovuto al vostro Campo Eterico personale, il quale si pulisce e lascia andare scorie e tossine eteriche, tornando in rinnovato equilibrio in consonanza. Per questo motivo <strong>si raccomanda di guardare i Video e leggere la Dispensa, prima di praticare con i file audio .MP3 di meditazione guidata.<\/strong> Come gi\u00e0 affermato, <strong>questo percorso non \u00e8 per tutti.\u00a0\u00a0<\/strong><\/p>\n<p align=\"JUSTIFY\">La natura del percorso <strong>\u00e8 educativa alle arti eteriche, ispirazionali, alla meditazione<\/strong>, e rivolte quindi al <strong>benessere individuale<\/strong>. Le pratiche, paradigmi, e strumenti da noi condivisi tramite quest&#8217;opera, sono frutto di ricerca e studio personali, di Manlio Di Donato, Francesco Verticchio e collaboratori. La loro validit\u00e0 e bont\u00e0 sono ampiamente validate e verificate da anni di confronto, e ricerca ed insegnamento. Oltre che dal feedback da parte di numerosi operatori provenienti dalle pi\u00f9 varie discipline. \u00c8 quindi responsabilit\u00e0 personale mettere a frutto quanto appreso, onorando e rispettando tali insegnamenti.<\/p>\n<p align=\"JUSTIFY\">Concetti, idee, paradigmi, pratiche, presentanti nel percorso possono venire condivise tramite <b>licenza creative commons 4.0.<\/b> Questo ti permette, pur mantenendo Art For Awakening s.r.l. tutti i diritti commerciali sull&#8217;opera, la condivisione degli insegnamenti fondamentali e delle pratiche, purch\u00e8 ci\u00f2 avvenga: <b>1) senza fini di lucro.<\/b> <b>2) sotto la tua responsabilit\u00e0.<\/b> <b>3) citando le fonti<\/b> in Gruppo F-Aurea, Manlio Di Donato e Francesco Verticchio.<\/p>\n<p align=\"JUSTIFY\"><span style=\"color: #cda434;\"><strong>COSA PUOI IMPARARE<\/strong><\/span><\/p>\n<p align=\"JUSTIFY\">Il percorso ti pu\u00f2 aiutare a: <strong>1)<\/strong> <strong>calmare la mente<\/strong>, connetterti col cuore prendendo contatto col mondo interiore, e mantenere la presenza mentale. <strong>2)<\/strong> entrare rapidamente e pi\u00f9 profondamente, in <strong>stato meditativo<\/strong> mantenendo la chiarezza mentale. <strong>3)<\/strong> incrementare la <strong>centratura<\/strong>, la presenza nel qui ed ora. <strong>4)<\/strong> potenziare le <strong>difese eteriche<\/strong>, e <strong>schermarti<\/strong> da innumerevoli forme eteriche dissonanti. <strong>5)<\/strong> ripristinare in modo semplice ma profondo le <strong>risorse vitali<\/strong>.<\/p>\n<p align=\"JUSTIFY\">I concetti trattati sono avanzati, ma divulgati con semplicit\u00e0. Il percorso si concentra sul fare esperienza e praticare.<\/p>\n<p align=\"JUSTIFY\"><b style=\"color: #cda434;\">INDICE DEI CAPITOLI &amp; CONTENUTI<\/b><\/p>\n<p><strong>00. Istruzioni<\/strong><\/p>\n<p style=\"padding-left: 40px;\">File di immagine .JPG con una semplice guida su come usare il materiale del percorso.<\/p>\n<p><strong>01. Premesse &amp; Informazioni Utili<\/strong><\/p>\n<p style=\"padding-left: 40px;\">2 File Video. Approfondimenti nella dispensa.<\/p>\n<p><strong>02. Cosa sono le Arti Eteriche &amp; Ispirazionali?<\/strong><\/p>\n<p style=\"padding-left: 40px;\">2 File Video. Approfondimenti nella dispensa.<\/p>\n<p><strong>03. Calmare la Mente ed Ascoltare il Corpo.<\/strong><\/p>\n<p style=\"padding-left: 40px;\">1 File Video. Approfondimenti nella dispensa.<\/p>\n<p><strong>04. L&#8217;Etere e la Storia di F-Aurea.<\/strong><\/p>\n<p style=\"padding-left: 40px;\">1 File Video. Approfondimenti nella dispensa.<\/p>\n<p><strong>05. Calmare la Mente ed Ascoltare il Corpo II.<\/strong><\/p>\n<p style=\"padding-left: 40px;\">1 File Video. Approfondimenti nella dispensa.<\/p>\n<p><strong>06. Prima Centratura.<\/strong><\/p>\n<p style=\"padding-left: 40px;\">1 File Video. 1 File Audio di meditazione guidata. Approfondimenti nella dispensa.<\/p>\n<p><strong>07. Approfondimenti sulla Prima Centratura.<\/strong><\/p>\n<p style=\"padding-left: 40px;\">1 File Video. Approfondimenti nella dispensa.<\/p>\n<p><strong>08. Etere in Costante Movimento.<\/strong><\/p>\n<p style=\"padding-left: 40px;\">1 File Video. Approfondimenti nella dispensa.<\/p>\n<p><strong>09. Giochi di Percezione.<\/strong><\/p>\n<p style=\"padding-left: 40px;\">1 File Video. Approfondimenti nella dispensa.<\/p>\n<p><strong>10. Seconda Centratura: Raffinare la Forza Difensiva.<\/strong><\/p>\n<p style=\"padding-left: 40px;\">1 File Video. 1 File Audio di meditazione guidata. Approfondimenti nella dispensa.<\/p>\n<p><strong>11. La Paura e le Difese Eteriche.<\/strong><\/p>\n<p style=\"padding-left: 40px;\">1 File Video. Approfondimenti nella dispensa.<\/p>\n<p><strong>12. Terza Centratura: Le Risorse Vitali.<\/strong><\/p>\n<p style=\"padding-left: 40px;\">1 File Video. 1 File Audio di meditazione guidata. Approfondimenti nella dispensa.<\/p>\n<p><strong>13. Approfondire la Terza Centratura.<\/strong><\/p>\n<p style=\"padding-left: 40px;\">1 File Video. Approfondimenti nella dispensa.<\/p>\n<p><strong>14. I Campi Informativi F-Aurea e l&#8217;Opera Interiore: Una Favola Alchemica.<\/strong><\/p>\n<p style=\"padding-left: 40px;\">1 File Video. Approfondimenti nella dispensa.<\/p>\n<p><span style=\"color: #cda434;\"><strong>NOTA<\/strong><\/span><\/p>\n<p>Una volta fatto l&#8217;acquisto potrai scaricare sul tuo computer tutti i file, in ordine numerato. Ti suggeriamo di leggere per primo il file &#8220;00 &#8211; Istruzioni&#8221;, il quale consiste di una pratica immagine con le spiegazioni di come usare il materiale del percorso.<\/p>\n<p><span style=\"color: #cda434;\"><strong>COMPATIBILITA&#8217;<\/strong><\/span><\/p>\n<p>I File <strong>video in formato .MP4<\/strong> e gli <strong>audio delle meditazioni in formato .MP3 <\/strong>sono state testate come compatibili con la maggior parte dei lettori multimediali gratuiti, fra cui <strong>Winamp<\/strong>, <strong>VLC media player (VideoLAN)<\/strong>, <strong>Windows Media Player<\/strong>. Non possiamo tuttavia garantire la piena compatibilit\u00e0 con ogni lettore multimediale o device o sistema operativo. E&#8217; suggerita la visualizzazione su schermo di computer, oppure in alternativa tablet. Le meditazioni guidate possono essere comodamente scaricate anche su cellulare o lettore portatile di MP3.<\/p>\n<p>Per leggere il formato .PDF della dispensa su <strong>Pc<\/strong> e <strong>Mac<\/strong> indipendentemente dal sistema operativo va scaricato il software <a href=\"https:\/\/get.adobe.com\/it\/reader\/\" target=\"_blank\" rel=\"noopener\"><strong>Adobe Reader<\/strong><\/a>. Su <strong>Ebook Reader, e altri strumenti dedicati <\/strong>\u00e8 necessario verificare in anticipo se il tuo lettore di Ebook pu\u00f2 aprire e leggere i <strong>file PDF<\/strong>. In alcuni casi si pu\u00f2 verificare un alterazione della formattazione del testo. Non possiamo garantire la completa compatibilit\u00e0 con Kindle. Suggeriamo di leggerla da computer nella versione a colori, oppure di stampare il file in bianco e nero ottimizzato per la stampa.<\/p>","protected":false},"excerpt":{"rendered":"<p><strong>Le Tre Centrature<\/strong>, \u00e8 un percorso olistico per il <strong>benessere<\/strong>, basato su <strong>Arti Eteriche<\/strong>, Ispirazionali e della <strong>Meditazione<\/strong>. Realizzato per <strong>condurti per mano<\/strong> nella comprensione e pratica con tre Campi Informativi F-Aurea, in modo semplice e profondo. Per <strong>riposare, centrare la mente, incrementare la lucidit\u00e0 ed il QI, rafforzare la centratura, il radicamento nel momento presente<\/strong>. Ma anche per incrementare e raffinare le Risorse Vitali, potenziando gli aspetti difensivi del Campo Eterico personale. Non \u00e8 un percorso medico, e sebbene c&#8217;\u00e8 chi sostiene di ottenere benefici, non \u00e8 sostitutivo delle terapie mediche.<\/p>","protected":false},"featured_media":4502,"comment_status":"open","ping_status":"closed","template":"","meta":{"_acf_changed":false},"product_brand":[],"product_cat":[87],"product_tag":[],"class_list":{"0":"post-4320","1":"product","2":"type-product","3":"status-publish","4":"has-post-thumbnail","6":"product_cat-online-courses","8":"first","9":"instock","10":"downloadable","11":"virtual","12":"taxable","13":"purchasable","14":"product-type-simple"},"acf":[],"yoast_head":"<!-- This site is optimized with the Yoast SEO plugin v27.5 - https:\/\/yoast.com\/product\/yoast-seo-wordpress\/ -->\n<title>[ITA] Le Tre Centrature - F-Aurea<\/title>\n<meta name=\"robots\" content=\"index, follow, max-snippet:-1, max-image-preview:large, max-video-preview:-1\" \/>\n<link rel=\"canonical\" href=\"https:\/\/f-aurea.com\/it\/negozio\/ita-le-tre-centrature\/\" \/>\n<meta property=\"og:locale\" content=\"it_IT\" \/>\n<meta property=\"og:type\" content=\"article\" \/>\n<meta property=\"og:title\" content=\"[ITA] Le Tre Centrature - F-Aurea\" \/>\n<meta property=\"og:description\" content=\"Le Tre Centrature, \u00e8 un percorso olistico per il benessere, basato su Arti Eteriche, Ispirazionali e della Meditazione. Realizzato per condurti per mano nella comprensione e pratica con tre Campi Informativi F-Aurea, in modo semplice e profondo. Per riposare, centrare la mente, incrementare la lucidit\u00e0 ed il QI, rafforzare la centratura, il radicamento nel momento presente. Ma anche per incrementare e raffinare le Risorse Vitali, potenziando gli aspetti difensivi del Campo Eterico personale. Non \u00e8 un percorso medico, e sebbene c&#039;\u00e8 chi sostiene di ottenere benefici, non \u00e8 sostitutivo delle terapie mediche.\" \/>\n<meta property=\"og:url\" content=\"https:\/\/f-aurea.com\/it\/negozio\/ita-le-tre-centrature\/\" \/>\n<meta property=\"og:site_name\" content=\"F-Aurea\" \/>\n<meta property=\"article:publisher\" content=\"https:\/\/www.facebook.com\/manlio.didonato\/\" \/>\n<meta property=\"article:modified_time\" content=\"2024-08-30T14:59:49+00:00\" \/>\n<meta property=\"og:image\" content=\"https:\/\/f-aurea.com\/wp-content\/uploads\/2024\/05\/0-PROMO-TRE-CENTRATURE-1.jpg\" \/>\n\t<meta property=\"og:image:width\" content=\"1300\" \/>\n\t<meta property=\"og:image:height\" content=\"1300\" \/>\n\t<meta property=\"og:image:type\" content=\"image\/jpeg\" \/>\n<meta name=\"twitter:card\" content=\"summary_large_image\" \/>\n<meta name=\"twitter:label1\" content=\"Tempo di lettura stimato\" \/>\n\t<meta name=\"twitter:data1\" content=\"7 minuti\" \/>\n<script type=\"application\/ld+json\" class=\"yoast-schema-graph\">{\"@context\":\"https:\\\/\\\/schema.org\",\"@graph\":[{\"@type\":\"WebPage\",\"@id\":\"https:\\\/\\\/f-aurea.com\\\/negozio\\\/ita-le-tre-centrature\\\/\",\"url\":\"https:\\\/\\\/f-aurea.com\\\/negozio\\\/ita-le-tre-centrature\\\/\",\"name\":\"[ITA] Le Tre Centrature - F-Aurea\",\"isPartOf\":{\"@id\":\"https:\\\/\\\/f-aurea.com\\\/#website\"},\"primaryImageOfPage\":{\"@id\":\"https:\\\/\\\/f-aurea.com\\\/negozio\\\/ita-le-tre-centrature\\\/#primaryimage\"},\"image\":{\"@id\":\"https:\\\/\\\/f-aurea.com\\\/negozio\\\/ita-le-tre-centrature\\\/#primaryimage\"},\"thumbnailUrl\":\"https:\\\/\\\/f-aurea.com\\\/wp-content\\\/uploads\\\/2024\\\/05\\\/0-PROMO-TRE-CENTRATURE-1.jpg\",\"datePublished\":\"2024-05-24T15:20:12+00:00\",\"dateModified\":\"2024-08-30T14:59:49+00:00\",\"breadcrumb\":{\"@id\":\"https:\\\/\\\/f-aurea.com\\\/negozio\\\/ita-le-tre-centrature\\\/#breadcrumb\"},\"inLanguage\":\"it-IT\",\"potentialAction\":[{\"@type\":\"ReadAction\",\"target\":[\"https:\\\/\\\/f-aurea.com\\\/negozio\\\/ita-le-tre-centrature\\\/\"]}]},{\"@type\":\"ImageObject\",\"inLanguage\":\"it-IT\",\"@id\":\"https:\\\/\\\/f-aurea.com\\\/negozio\\\/ita-le-tre-centrature\\\/#primaryimage\",\"url\":\"https:\\\/\\\/f-aurea.com\\\/wp-content\\\/uploads\\\/2024\\\/05\\\/0-PROMO-TRE-CENTRATURE-1.jpg\",\"contentUrl\":\"https:\\\/\\\/f-aurea.com\\\/wp-content\\\/uploads\\\/2024\\\/05\\\/0-PROMO-TRE-CENTRATURE-1.jpg\",\"width\":1300,\"height\":1300},{\"@type\":\"BreadcrumbList\",\"@id\":\"https:\\\/\\\/f-aurea.com\\\/negozio\\\/ita-le-tre-centrature\\\/#breadcrumb\",\"itemListElement\":[{\"@type\":\"ListItem\",\"position\":1,\"name\":\"Home\",\"item\":\"https:\\\/\\\/f-aurea.com\\\/\"},{\"@type\":\"ListItem\",\"position\":2,\"name\":\"Shop\",\"item\":\"https:\\\/\\\/f-aurea.com\\\/negozio\\\/\"},{\"@type\":\"ListItem\",\"position\":3,\"name\":\"[ITA] Le Tre Centrature\"}]},{\"@type\":\"WebSite\",\"@id\":\"https:\\\/\\\/f-aurea.com\\\/#website\",\"url\":\"https:\\\/\\\/f-aurea.com\\\/\",\"name\":\"F-Aurea\",\"description\":\"\",\"publisher\":{\"@id\":\"https:\\\/\\\/f-aurea.com\\\/#organization\"},\"potentialAction\":[{\"@type\":\"SearchAction\",\"target\":{\"@type\":\"EntryPoint\",\"urlTemplate\":\"https:\\\/\\\/f-aurea.com\\\/?s={search_term_string}\"},\"query-input\":{\"@type\":\"PropertyValueSpecification\",\"valueRequired\":true,\"valueName\":\"search_term_string\"}}],\"inLanguage\":\"it-IT\"},{\"@type\":\"Organization\",\"@id\":\"https:\\\/\\\/f-aurea.com\\\/#organization\",\"name\":\"F-Aurea\",\"url\":\"https:\\\/\\\/f-aurea.com\\\/\",\"logo\":{\"@type\":\"ImageObject\",\"inLanguage\":\"it-IT\",\"@id\":\"https:\\\/\\\/f-aurea.com\\\/#\\\/schema\\\/logo\\\/image\\\/\",\"url\":\"https:\\\/\\\/f-aurea.com\\\/wp-content\\\/uploads\\\/2022\\\/05\\\/Logo-F-Aurea-oro-con-testo-bianco-2000-px.png\",\"contentUrl\":\"https:\\\/\\\/f-aurea.com\\\/wp-content\\\/uploads\\\/2022\\\/05\\\/Logo-F-Aurea-oro-con-testo-bianco-2000-px.png\",\"width\":2000,\"height\":1242,\"caption\":\"F-Aurea\"},\"image\":{\"@id\":\"https:\\\/\\\/f-aurea.com\\\/#\\\/schema\\\/logo\\\/image\\\/\"},\"sameAs\":[\"https:\\\/\\\/www.facebook.com\\\/manlio.didonato\\\/\",\"https:\\\/\\\/www.instagram.com\\\/manlio_ignisrebirth\\\/\"]}]}<\/script>\n<!-- \/ Yoast SEO plugin. -->","yoast_head_json":{"title":"[ITA] Le Tre Centrature - F-Aurea","robots":{"index":"index","follow":"follow","max-snippet":"max-snippet:-1","max-image-preview":"max-image-preview:large","max-video-preview":"max-video-preview:-1"},"canonical":"https:\/\/f-aurea.com\/it\/negozio\/ita-le-tre-centrature\/","og_locale":"it_IT","og_type":"article","og_title":"[ITA] Le Tre Centrature - F-Aurea","og_description":"Le Tre Centrature, \u00e8 un percorso olistico per il benessere, basato su Arti Eteriche, Ispirazionali e della Meditazione. Realizzato per condurti per mano nella comprensione e pratica con tre Campi Informativi F-Aurea, in modo semplice e profondo. Per riposare, centrare la mente, incrementare la lucidit\u00e0 ed il QI, rafforzare la centratura, il radicamento nel momento presente. Ma anche per incrementare e raffinare le Risorse Vitali, potenziando gli aspetti difensivi del Campo Eterico personale. Non \u00e8 un percorso medico, e sebbene c'\u00e8 chi sostiene di ottenere benefici, non \u00e8 sostitutivo delle terapie mediche.","og_url":"https:\/\/f-aurea.com\/it\/negozio\/ita-le-tre-centrature\/","og_site_name":"F-Aurea","article_publisher":"https:\/\/www.facebook.com\/manlio.didonato\/","article_modified_time":"2024-08-30T14:59:49+00:00","og_image":[{"width":1300,"height":1300,"url":"https:\/\/f-aurea.com\/wp-content\/uploads\/2024\/05\/0-PROMO-TRE-CENTRATURE-1.jpg","type":"image\/jpeg"}],"twitter_card":"summary_large_image","twitter_misc":{"Tempo di lettura stimato":"7 minuti"},"schema":{"@context":"https:\/\/schema.org","@graph":[{"@type":"WebPage","@id":"https:\/\/f-aurea.com\/negozio\/ita-le-tre-centrature\/","url":"https:\/\/f-aurea.com\/negozio\/ita-le-tre-centrature\/","name":"[ITA] Le Tre Centrature - F-Aurea","isPartOf":{"@id":"https:\/\/f-aurea.com\/#website"},"primaryImageOfPage":{"@id":"https:\/\/f-aurea.com\/negozio\/ita-le-tre-centrature\/#primaryimage"},"image":{"@id":"https:\/\/f-aurea.com\/negozio\/ita-le-tre-centrature\/#primaryimage"},"thumbnailUrl":"https:\/\/f-aurea.com\/wp-content\/uploads\/2024\/05\/0-PROMO-TRE-CENTRATURE-1.jpg","datePublished":"2024-05-24T15:20:12+00:00","dateModified":"2024-08-30T14:59:49+00:00","breadcrumb":{"@id":"https:\/\/f-aurea.com\/negozio\/ita-le-tre-centrature\/#breadcrumb"},"inLanguage":"it-IT","potentialAction":[{"@type":"ReadAction","target":["https:\/\/f-aurea.com\/negozio\/ita-le-tre-centrature\/"]}]},{"@type":"ImageObject","inLanguage":"it-IT","@id":"https:\/\/f-aurea.com\/negozio\/ita-le-tre-centrature\/#primaryimage","url":"https:\/\/f-aurea.com\/wp-content\/uploads\/2024\/05\/0-PROMO-TRE-CENTRATURE-1.jpg","contentUrl":"https:\/\/f-aurea.com\/wp-content\/uploads\/2024\/05\/0-PROMO-TRE-CENTRATURE-1.jpg","width":1300,"height":1300},{"@type":"BreadcrumbList","@id":"https:\/\/f-aurea.com\/negozio\/ita-le-tre-centrature\/#breadcrumb","itemListElement":[{"@type":"ListItem","position":1,"name":"Home","item":"https:\/\/f-aurea.com\/"},{"@type":"ListItem","position":2,"name":"Shop","item":"https:\/\/f-aurea.com\/negozio\/"},{"@type":"ListItem","position":3,"name":"[ITA] Le Tre Centrature"}]},{"@type":"WebSite","@id":"https:\/\/f-aurea.com\/#website","url":"https:\/\/f-aurea.com\/","name":"F-Aurea","description":"","publisher":{"@id":"https:\/\/f-aurea.com\/#organization"},"potentialAction":[{"@type":"SearchAction","target":{"@type":"EntryPoint","urlTemplate":"https:\/\/f-aurea.com\/?s={search_term_string}"},"query-input":{"@type":"PropertyValueSpecification","valueRequired":true,"valueName":"search_term_string"}}],"inLanguage":"it-IT"},{"@type":"Organization","@id":"https:\/\/f-aurea.com\/#organization","name":"F-Aurea","url":"https:\/\/f-aurea.com\/","logo":{"@type":"ImageObject","inLanguage":"it-IT","@id":"https:\/\/f-aurea.com\/#\/schema\/logo\/image\/","url":"https:\/\/f-aurea.com\/wp-content\/uploads\/2022\/05\/Logo-F-Aurea-oro-con-testo-bianco-2000-px.png","contentUrl":"https:\/\/f-aurea.com\/wp-content\/uploads\/2022\/05\/Logo-F-Aurea-oro-con-testo-bianco-2000-px.png","width":2000,"height":1242,"caption":"F-Aurea"},"image":{"@id":"https:\/\/f-aurea.com\/#\/schema\/logo\/image\/"},"sameAs":["https:\/\/www.facebook.com\/manlio.didonato\/","https:\/\/www.instagram.com\/manlio_ignisrebirth\/"]}]}},"_links":{"self":[{"href":"https:\/\/f-aurea.com\/it\/wp-json\/wp\/v2\/product\/4320","targetHints":{"allow":["GET"]}}],"collection":[{"href":"https:\/\/f-aurea.com\/it\/wp-json\/wp\/v2\/product"}],"about":[{"href":"https:\/\/f-aurea.com\/it\/wp-json\/wp\/v2\/types\/product"}],"replies":[{"embeddable":true,"href":"https:\/\/f-aurea.com\/it\/wp-json\/wp\/v2\/comments?post=4320"}],"wp:featuredmedia":[{"embeddable":true,"href":"https:\/\/f-aurea.com\/it\/wp-json\/wp\/v2\/media\/4502"}],"wp:attachment":[{"href":"https:\/\/f-aurea.com\/it\/wp-json\/wp\/v2\/media?parent=4320"}],"wp:term":[{"taxonomy":"product_brand","embeddable":true,"href":"https:\/\/f-aurea.com\/it\/wp-json\/wp\/v2\/product_brand?post=4320"},{"taxonomy":"product_cat","embeddable":true,"href":"https:\/\/f-aurea.com\/it\/wp-json\/wp\/v2\/product_cat?post=4320"},{"taxonomy":"product_tag","embeddable":true,"href":"https:\/\/f-aurea.com\/it\/wp-json\/wp\/v2\/product_tag?post=4320"}],"curies":[{"name":"wp","href":"https:\/\/api.w.org\/{rel}","templated":true}]}}