{"id":4398,"date":"2024-06-09T16:13:42","date_gmt":"2024-06-09T14:13:42","guid":{"rendered":"https:\/\/f-aurea.com\/?post_type=product&#038;p=4398"},"modified":"2024-06-09T16:42:59","modified_gmt":"2024-06-09T14:42:59","slug":"3-planets-etherical-forces-recalibration-cards-set","status":"publish","type":"product","link":"https:\/\/f-aurea.com\/it\/negozio\/3-planets-etherical-forces-recalibration-cards-set\/","title":{"rendered":"3 Planets Etherical Forces, Recalibration Cards Set"},"content":{"rendered":"<p>The etheric forces of <span style=\"color: #cda434;\"><strong>URANUS<\/strong><\/span>, <span style=\"color: #cda434;\"><strong>SISTEMA SOLARE<\/strong><\/span>\u00a0(the Solar System), and <span style=\"color: #cda434;\"><strong>PIANETA TERRA<\/strong><\/span> (the Planet Earth), are the Forces one learns to invoke in <a href=\"http:\/\/terracuore.it\" target=\"_blank\" rel=\"noopener\"><span style=\"color: #cda434;\">Ricalibrazione Planetaria<strong>\u00ae<\/strong><\/span><\/a>. They form the foundation of <strong>conscious co-creation<\/strong>, allowing one to reclaim their personal power and become co-creators of their own existence, free from passions, automatism, or pain.<\/p>\n<p style=\"padding-left: 40px;\"><span style=\"color: #cda434;\"><strong>URANUS.<\/strong><\/span> Etherical Force of <span style=\"color: #cda434;\"><strong>Planet<\/strong> <strong>Uranus<\/strong><\/span>. The strong but gentle <strong>cleansing forces<\/strong> of Uranus operate in the dissolution and deprogramming of every kind of stagnant, dissonant, wasted ether, memory or energies. Uranus is the force that restores the flow of things, of the ether, of ether circulation (also called Qi, Ki, Prana, Subtle Energy, etc..) in the human body and in places. Is the archetypal force of <strong>inner freedom<\/strong>. It is a force that elevates the practitioner to higher celestial dimensions, but, thanks to the F-Aurea Informational Field, it always operates in maximum harmony.<\/p>\n<p style=\"padding-left: 40px;\"><span style=\"color: #cda434;\"><strong>SISTEMA SOLARE.<\/strong><\/span> Etherical Force of the <span style=\"color: #cda434;\"><strong>Solar System<\/strong><\/span>. The encompassing force of harmony and evolution. It can be useful in creating <strong>order<\/strong>, empowering the force of<strong> inner evolution<\/strong>, and enhancing the capabilities to transcend the limits and limitations of one&#8217;s etheric field, ancestral memories, and patterns, etc. Moreover, it can be used after every other Celestial Force to empower and refine them. When used in meditation, it <strong>stimulates theta and alpha brainwaves<\/strong>, bringing the practitioner to discover <strong>higher states of consciousness<\/strong>. It stimulates a sense of deep unity in meditation practitioners. It can fuel the so called shadow work meditation practices and the integration between the shadow\u00a0 and the luminous aspect of the mind.<\/p>\n<p style=\"padding-left: 40px;\"><span style=\"color: #cda434;\"><strong>PIANETA TERRA.<\/strong><\/span> Is the Etherical Force of the <span style=\"color: #cda434;\"><strong>Planet Earth<\/strong><\/span>. Telluric Forces of Condensation, Recollection, Self Centering. The convergence, folding of multidimensionality in one single point called matter. <strong>It can be helpful for grounding<\/strong>, focusing and centering etherical work. The card is especially useful when used at the end of a practice session to promote grounding and bring the human etheric field back into balance with the earth. It can also stimulate the increase of Ki (also called Qi) and vital resources, as it stimulate the ether of higher dimensions to condense and nourish the life force in the lower dimensions.<\/p>\n<p>For beginners, it is recommended to practice meditation, or simply relax by holding each card in hand for 5 minutes, one at a time.<\/p>\n<p>Le tessere vanno usate tenendole nelle mani oppure appoggiate sul corpo durante una sessione. Sono studiate per potenziare e rendere pi\u00f9 efficienti le pratiche ed arti di \"guarigione energetica spirituale\", benessere e massaggio che come operatore hai gi\u00e0 appreso. Ad esempio: Yoga, costellazioni familiari, meditazione, mindfulness, registri akashici, kinesiologia, qi gong, shiatsu, tuina, reiki, channeling, thetahealing, pranoterapia, medianicit\u00e0, vie tantriche, <span style=\"color: #cda434\"><strong>Ricalibrazione Planetaria<\/strong><\/span> ed i metodi F-Aurea per le quali sono state create.\nPossono venire usate una alla volta oppure in combinazione le une con le altre. <a href=\"http:\/\/terracuore.it\" target=\"_blank\" rel=\"noopener\"><span style=\"color: #cda434;\"><strong>Ricalibrazione Planetaria\u00ae<\/strong><\/span><\/a> practice and <a href=\"https:\/\/f-aurea.com\/it\/negozio\/eng-ignis-rebirth-courses\/\" target=\"_blank\" rel=\"noopener\"><span style=\"color: #cda434;\"><strong>Ignis Rebirth<\/strong><\/span><\/a> for which they are born, etc. But they can also be used alone, one at time, combined at the same time, or together with the others F-Aurea Cards and tools.<\/p>\n<p>The concepts explained came from our fully autonomous study and etharical research. They may bear some resemblance with astrological knowledges but they do not. You can learn more on our pubblications and (future) books.<\/p>\n<p>Cos\u00ec come ogni Campi Informativo F-Aurea, opera multidimensionalmente e non necessita di manutenzione alcuna, il Campo \u00e8 eterno, cos\u00ec come descritto nei nostri libri e pubblicazioni.<\/p>\n<div class=\"icon\"><div class=\"fusion-content-boxes content-boxes columns row fusion-columns-1 fusion-columns-total-3 fusion-content-boxes-1 content-boxes-icon-with-title content-left\" style=\"--awb-hover-accent-color:var(--awb-color5);--awb-circle-hover-accent-color:var(--awb-color5);--awb-item-margin-bottom:40px;\" data-animationoffset=\"top-into-view\"><div style=\"--awb-backgroundcolor:transparent;\" class=\"fusion-column content-box-column content-box-column content-box-column-2 col-lg-12 col-md-12 col-sm-12 fusion-content-box-hover content-box-column-last-in-row\"><div class=\"col content-box-wrapper content-wrapper link-area-link-icon icon-hover-animation-pulsate\" data-animationoffset=\"top-into-view\"><div class=\"heading heading-with-icon icon-left\"><div class=\"icon\"><i style=\"border-color:#cda434;border-width:0px;background-color:#cda434;box-sizing:content-box;height:84px;width:84px;line-height:84px;border-radius:50%;font-size:42px;\" aria-hidden=\"true\" class=\"fontawesome-icon fa-hand-holding-heart fas circle-yes\"><\/i><\/div><h3 class=\"content-box-heading fusion-responsive-typography-calculated\" style=\"--h3_typography-font-size:20px;--fontSize:20;line-height:1.5;\">Adatta per<\/h3><\/div><div class=\"fusion-clearfix\"><\/div><div class=\"content-container\"><\/div>\n<div>\n<p>Pratica olistica energetica professionale. Sessioni di meditazione.<\/p>\n<p>Le tessere vanno usate:<\/p>\n<p style=\"padding-left: 40px;\">Tenute in mano durante la meditazione.<\/p>\n<p style=\"padding-left: 40px;\">Appoggiate sul corpo durante le sessioni.<\/p>\n<p style=\"padding-left: 40px;\">Cos\u00ec come descritto come supporto a varie pratiche dette di \"guarigione spirituale\", benessere e massaggio.<\/p>\n<h4><span style=\"color: #cda434;\">CONSIGLI &amp; SUGGERIMENTI<\/span><\/h4>\n<p>Le prime volte di utilizzo potranno conferire sensazioni intense, di focus, energia, dinamismo ma anche l'opposto. Per questo si suggerisce di usare le tessere per brevi periodi di tempo in modo da abituarsi gradualmente. \n\nCol tempo il campo eterico personale si abituer\u00e0 agli effetti dati dalla profonda pulizia e rimodulazione eterica tendendo a mantenerli. Quando questo avviene potr\u00e0 dare l'impressione che non si percepiscano pi\u00f9 le sensazioni iniziali. Tuttavia sar\u00e0 sufficiente eseguire dei test radiestesici o di percezione eterica manuale per rilevare la piena efficienza del Campo Informativo F-Aurea.\u00a0Il campo informativo in essa ancorato non si sporca ne esaurisce mai, \u00e8 frutto degli studi e delle ricerche di Francesco Verticchio, di Manlio Di Donato e del Gruppo F-Aurea. Non \u00e8 radionica, non opera tramite onda di forma ma la usa come vettore, non opera tramite simboli.\n\nNon \u00e8 un giocattolo, i bordi possono essere taglianti, inadatto nelle mani dei bambini.<\/p>\n<\/div>\n<p class=\"western\" lang=\"it-IT\"><span lang=\"it-IT\"><b>Non \u00e8 sostitutivo della pratica medica. Tutti gli effetti indicati si basano su nostre ricerche e studi interni, senza pretesa di scientificit\u00e0.\u00a0<\/b><\/span><\/p>\n<p><span style=\"color: #cda434;\"><strong>NON USARE QUANDO:<\/strong><\/span><\/p>\n<p align=\"JUSTIFY\">Suggeriamo di <strong>NON USARE<\/strong> i nostri oli da massaggio, libri, tecniche, percorsi, campi informativi, insieme con l'assunzione di sostanze stupefacenti, anche se si dovesse trattare di cosidette \"piante sacre\", quali Ayahuasca, San Pedro, ecc.. I nostri strumenti sono inadatti se siete sotto l'effetto di tali sostanze, o se ne fate uso abituale. Vi consigliamo anche di <strong>NON USARE<\/strong> le nostre pratiche, libri, percorsi, campi informativi, se vi trovate in condizioni di squilibrio psichiatrico, o fragilit\u00e0 psicologica, o se siete sotto l'assistenza di personale medico psichiatrico. Consultate il medico curante per verificare se un percorso di meditazione e ci\u00f2 che proponiamo \u00e8 compatibile con le cure prescritte.<\/p>\n<blockquote>\n<p class=\"western\" lang=\"it-IT\"><span lang=\"it-IT\" style=\"color: #cda434;\"><b>Scheda Tecnica<\/b><\/span><\/p>\n<p class=\"western\" lang=\"it-IT\"><span lang=\"it-IT\"><b>Materiale:<\/b><\/span> Alluminio, pu\u00f2 contenere nickel.<\/p>\n<p lang=\"it-IT\"><strong>Colore<\/strong> Mixed.<\/p>\n<p class=\"western translation-block\" lang=\"it-IT\">Dimensioni: 5,4 cm x 8,6 cm. Spessore 0,5 mm<\/p>\n<p class=\"western\" lang=\"it-IT\"><span lang=\"it-IT\"><b>Campo Informativo<\/b><\/span>: Uranus F-Aurea, Solar System F-Aurea, Planet Earth F-Aurea.<\/p>\n<\/blockquote>\n<p lang=\"it-IT\"><div class=\"fusion-content-boxes content-boxes columns row fusion-columns-1 fusion-columns-total-0 fusion-content-boxes-1 content-boxes-icon-with-title content-left\" style=\"--awb-hover-accent-color:var(--awb-color5);--awb-circle-hover-accent-color:var(--awb-color5);--awb-item-margin-bottom:40px;\" data-animationoffset=\"top-into-view\"><div class=\"fusion-clearfix\"><\/div><\/div><div style=\"--awb-backgroundcolor:transparent;\" class=\"fusion-column content-box-column content-box-column content-box-column-1 col-lg-12 col-md-12 col-sm-12 fusion-content-box-hover content-box-column-last-in-row\"><div class=\"col content-box-wrapper content-wrapper link-area-link-icon icon-hover-animation-pulsate\" data-animationoffset=\"top-into-view\"><div class=\"heading heading-with-icon icon-left\"><div class=\"icon\"><i style=\"border-color:#cda434;border-width:0px;background-color:#cda434;box-sizing:content-box;height:84px;width:84px;line-height:84px;border-radius:50%;font-size:42px;\" aria-hidden=\"true\" class=\"fontawesome-icon fa-credit-card fas circle-yes\"><\/i><\/div><h3 class=\"content-box-heading fusion-responsive-typography-calculated\" style=\"--h3_typography-font-size:20px;--fontSize:20;line-height:1.5;\">Pagamento<\/h3><\/div><\/div><\/div><\/p>\n<p>Accettiamo i seguenti metodi di pagamento:<\/p>\n<ul>\n<li>Carta di credito \\ carta di debito<\/li>\n<li>Trasferimento bancario sul nostro conto corrente<\/li>\n<\/ul>\n<p lang=\"it-IT\"><\/div><\/div><\/div><div style=\"--awb-backgroundcolor:transparent;\" class=\"fusion-column content-box-column content-box-column content-box-column-3 col-lg-12 col-md-12 col-sm-12 fusion-content-box-hover content-box-column-last-in-row\"><div class=\"col content-box-wrapper content-wrapper link-area-link-icon icon-hover-animation-pulsate\" data-animationoffset=\"top-into-view\"><div class=\"heading heading-with-icon icon-left\"><div class=\"icon\"><i style=\"border-color:#cda434;border-width:0px;background-color:#cda434;box-sizing:content-box;height:84px;width:84px;line-height:84px;border-radius:50%;font-size:42px;\" aria-hidden=\"true\" class=\"fontawesome-icon fa-shipping-fast fas circle-yes\"><\/i><\/div><h3 class=\"content-box-heading fusion-responsive-typography-calculated\" style=\"--h3_typography-font-size:20px;--fontSize:20;line-height:1.5;\">Spedizione<\/h3><\/div><div class=\"fusion-clearfix\"><\/div><div class=\"content-container\"><\/p>\n<p>Unless otherwise specified, your order will be dispatched within 2-3 working days from the moment we receive the payment (from monday to friday). Downloadable products will be avaible according to the chosen payment method. Usually they will be ready automatically after the payment if you use creditdebit cards. If you chose the Bank Transfer then we will need some time to actual receive and verify the actual payment, so it can take from 3 days (usually) to two weeks (very uncommon).<\/p>\n<p>Quando prenoti la tua partecipazione ad un corso riceverai un email con le date e gli orari a partire dai quali sar\u00e0 possibile scaricare le lezioni.<\/p>\n<p class=\"translation-block\">Se acquisti contenuto digitale, come Ebook e Percorsi Olistici questi sono sempre disponibili per il download, cos\u00ec come specificato nella pagina <a href=\"https:\/\/f-aurea.com\/it\/terms_and_conditions\/\" target=\"_blank\" rel=\"noopener\">Terms and Conditions<\/a>.<\/p>\n<p>I pacchi sono spediti da un magazzino in ITALIA a PADOVA, e solitamente arrivano in 2-3 giorni indipendentemente dal tipo di spedizione scelta (gratuita quando disponibile o assicurata a pagamento). Possiamo spedire in tutta Europa, e con qualche eccezione nel resto del mondo. Tuttavia \u00e8 richiesto del tempo extra per raggiungere alcune nazioni.<\/p>\n<p>Sei pregato di contattarci per ogni chiarimento in merito alle spedizioni.<\/p>\n<p lang=\"it-IT\"><\/div><\/div><\/div><div class=\"fusion-clearfix\"><\/div><\/div><\/p>\n<p><strong>Politica dei Resi<\/strong><\/p>\n<p>Come indicato nella pagina <strong><a href=\"https:\/\/f-aurea.com\/it\/terms_and_conditions\/\" target=\"_blank\" rel=\"noopener\">Terms and Conditions<\/a><\/strong> . Nel caso tu non sia soddisfatto dell'acquisto come da regolamento Europeo puoi inoltrare un reclamo entro 14 giorni da quando hai ricevuto gli articoli da te acquistati. Quindi puoi chiedere un rimborso od una sostituzione del prodotto (nel caso in cui esso arrivi danneggiato).<\/p>\n<p>Si prega di notare che i resti sono accettati entro 14 giorni lavorativi dalla data in cui il corriere consegna il paggo.<\/p>\n<p>Per essere restituiti gli articoli devono trovarsi nelle stesse condizioni in cui li hai ricevuti. In accordo con le vigenti leggi europee, Integratori erboristici alimentari, cosmetici, ed oli da massaggio, non sono accettati come resi.<\/p>","protected":false},"excerpt":{"rendered":"<p>This set of 3 cards gathers the so-called <span style=\"color: #cda434;\"><strong>Forces of Co-Creation<\/strong><\/span>, the most useful for beginner practitioners. <span style=\"color: #cda434;\"><strong>URANUS<\/strong><\/span> for <strong>powerful etheric cleansing<\/strong> works. <span style=\"color: #cda434;\"><strong>SISTEMA SOLARE <\/strong><\/span>(The Solar System), to create order, harmony, and access <strong>higher and deeper states of consciousness<\/strong>. PIANETA TERRA, (Planet Earth), to <strong>enhance vital resources<\/strong>, maintain <strong>grounding<\/strong>, and assist in condensing changes while keeping balance with the earth and matter.<\/p>\n<p>Ogni tessera <span style=\"color: #cda434\"><strong>F-Aurea<\/strong><\/span> \u00e8 un supporto artistico appositamente creato per un Campo Informativo. <span style=\"color: #cda434;\"><strong>F-Aurea Card<\/strong><\/span> is an artistic support for an F-Aurea Informational Field.<\/p>","protected":false},"featured_media":4400,"comment_status":"open","ping_status":"closed","template":"","meta":{"_acf_changed":false},"product_brand":[],"product_cat":[88],"product_tag":[],"class_list":{"0":"post-4398","1":"product","2":"type-product","3":"status-publish","4":"has-post-thumbnail","6":"product_cat-informative-fields","8":"first","9":"instock","10":"taxable","11":"shipping-taxable","12":"purchasable","13":"product-type-simple"},"acf":[],"yoast_head":"<!-- This site is optimized with the Yoast SEO plugin v27.5 - https:\/\/yoast.com\/product\/yoast-seo-wordpress\/ -->\n<title>3 Planets Etherical Forces, Recalibration Cards Set - F-Aurea<\/title>\n<meta name=\"robots\" content=\"index, follow, max-snippet:-1, max-image-preview:large, max-video-preview:-1\" \/>\n<link rel=\"canonical\" href=\"https:\/\/f-aurea.com\/it\/negozio\/3-planets-etherical-forces-recalibration-cards-set\/\" \/>\n<meta property=\"og:locale\" content=\"it_IT\" \/>\n<meta property=\"og:type\" content=\"article\" \/>\n<meta property=\"og:title\" content=\"3 Planets Etherical Forces, Recalibration Cards Set - F-Aurea\" \/>\n<meta property=\"og:description\" content=\"This set of 3 cards gathers the so-called Forces of Co-Creation, the most useful for beginner practitioners. URANUS for powerful etheric cleansing works. SISTEMA SOLARE (The Solar System), to create order, harmony, and access higher and deeper states of consciousness. PIANETA TERRA, (Planet Earth), to enhance vital resources, maintain grounding, and assist in condensing changes while keeping balance with the earth and matter.  Each F-Aurea Card is an artistic support for an F-Aurea Informational Field.\" \/>\n<meta property=\"og:url\" content=\"https:\/\/f-aurea.com\/it\/negozio\/3-planets-etherical-forces-recalibration-cards-set\/\" \/>\n<meta property=\"og:site_name\" content=\"F-Aurea\" \/>\n<meta property=\"article:publisher\" content=\"https:\/\/www.facebook.com\/manlio.didonato\/\" \/>\n<meta property=\"article:modified_time\" content=\"2024-06-09T14:42:59+00:00\" \/>\n<meta property=\"og:image\" content=\"https:\/\/f-aurea.com\/wp-content\/uploads\/2024\/06\/COCREAZIONE.jpg\" \/>\n\t<meta property=\"og:image:width\" content=\"1300\" \/>\n\t<meta property=\"og:image:height\" content=\"1300\" \/>\n\t<meta property=\"og:image:type\" content=\"image\/jpeg\" \/>\n<meta name=\"twitter:card\" content=\"summary_large_image\" \/>\n<meta name=\"twitter:label1\" content=\"Tempo di lettura stimato\" \/>\n\t<meta name=\"twitter:data1\" content=\"7 minuti\" \/>\n<script type=\"application\/ld+json\" class=\"yoast-schema-graph\">{\"@context\":\"https:\\\/\\\/schema.org\",\"@graph\":[{\"@type\":\"WebPage\",\"@id\":\"https:\\\/\\\/f-aurea.com\\\/negozio\\\/3-planets-etherical-forces-recalibration-cards-set\\\/\",\"url\":\"https:\\\/\\\/f-aurea.com\\\/negozio\\\/3-planets-etherical-forces-recalibration-cards-set\\\/\",\"name\":\"3 Planets Etherical Forces, Recalibration Cards Set - F-Aurea\",\"isPartOf\":{\"@id\":\"https:\\\/\\\/f-aurea.com\\\/#website\"},\"primaryImageOfPage\":{\"@id\":\"https:\\\/\\\/f-aurea.com\\\/negozio\\\/3-planets-etherical-forces-recalibration-cards-set\\\/#primaryimage\"},\"image\":{\"@id\":\"https:\\\/\\\/f-aurea.com\\\/negozio\\\/3-planets-etherical-forces-recalibration-cards-set\\\/#primaryimage\"},\"thumbnailUrl\":\"https:\\\/\\\/f-aurea.com\\\/wp-content\\\/uploads\\\/2024\\\/06\\\/COCREAZIONE.jpg\",\"datePublished\":\"2024-06-09T14:13:42+00:00\",\"dateModified\":\"2024-06-09T14:42:59+00:00\",\"breadcrumb\":{\"@id\":\"https:\\\/\\\/f-aurea.com\\\/negozio\\\/3-planets-etherical-forces-recalibration-cards-set\\\/#breadcrumb\"},\"inLanguage\":\"it-IT\",\"potentialAction\":[{\"@type\":\"ReadAction\",\"target\":[\"https:\\\/\\\/f-aurea.com\\\/negozio\\\/3-planets-etherical-forces-recalibration-cards-set\\\/\"]}]},{\"@type\":\"ImageObject\",\"inLanguage\":\"it-IT\",\"@id\":\"https:\\\/\\\/f-aurea.com\\\/negozio\\\/3-planets-etherical-forces-recalibration-cards-set\\\/#primaryimage\",\"url\":\"https:\\\/\\\/f-aurea.com\\\/wp-content\\\/uploads\\\/2024\\\/06\\\/COCREAZIONE.jpg\",\"contentUrl\":\"https:\\\/\\\/f-aurea.com\\\/wp-content\\\/uploads\\\/2024\\\/06\\\/COCREAZIONE.jpg\",\"width\":1300,\"height\":1300},{\"@type\":\"BreadcrumbList\",\"@id\":\"https:\\\/\\\/f-aurea.com\\\/negozio\\\/3-planets-etherical-forces-recalibration-cards-set\\\/#breadcrumb\",\"itemListElement\":[{\"@type\":\"ListItem\",\"position\":1,\"name\":\"Home\",\"item\":\"https:\\\/\\\/f-aurea.com\\\/\"},{\"@type\":\"ListItem\",\"position\":2,\"name\":\"Shop\",\"item\":\"https:\\\/\\\/f-aurea.com\\\/negozio\\\/\"},{\"@type\":\"ListItem\",\"position\":3,\"name\":\"3 Planets Etherical Forces, Recalibration Cards Set\"}]},{\"@type\":\"WebSite\",\"@id\":\"https:\\\/\\\/f-aurea.com\\\/#website\",\"url\":\"https:\\\/\\\/f-aurea.com\\\/\",\"name\":\"F-Aurea\",\"description\":\"\",\"publisher\":{\"@id\":\"https:\\\/\\\/f-aurea.com\\\/#organization\"},\"potentialAction\":[{\"@type\":\"SearchAction\",\"target\":{\"@type\":\"EntryPoint\",\"urlTemplate\":\"https:\\\/\\\/f-aurea.com\\\/?s={search_term_string}\"},\"query-input\":{\"@type\":\"PropertyValueSpecification\",\"valueRequired\":true,\"valueName\":\"search_term_string\"}}],\"inLanguage\":\"it-IT\"},{\"@type\":\"Organization\",\"@id\":\"https:\\\/\\\/f-aurea.com\\\/#organization\",\"name\":\"F-Aurea\",\"url\":\"https:\\\/\\\/f-aurea.com\\\/\",\"logo\":{\"@type\":\"ImageObject\",\"inLanguage\":\"it-IT\",\"@id\":\"https:\\\/\\\/f-aurea.com\\\/#\\\/schema\\\/logo\\\/image\\\/\",\"url\":\"https:\\\/\\\/f-aurea.com\\\/wp-content\\\/uploads\\\/2022\\\/05\\\/Logo-F-Aurea-oro-con-testo-bianco-2000-px.png\",\"contentUrl\":\"https:\\\/\\\/f-aurea.com\\\/wp-content\\\/uploads\\\/2022\\\/05\\\/Logo-F-Aurea-oro-con-testo-bianco-2000-px.png\",\"width\":2000,\"height\":1242,\"caption\":\"F-Aurea\"},\"image\":{\"@id\":\"https:\\\/\\\/f-aurea.com\\\/#\\\/schema\\\/logo\\\/image\\\/\"},\"sameAs\":[\"https:\\\/\\\/www.facebook.com\\\/manlio.didonato\\\/\",\"https:\\\/\\\/www.instagram.com\\\/manlio_ignisrebirth\\\/\"]}]}<\/script>\n<!-- \/ Yoast SEO plugin. -->","yoast_head_json":{"title":"3 Planets Etherical Forces, Recalibration Cards Set - F-Aurea","robots":{"index":"index","follow":"follow","max-snippet":"max-snippet:-1","max-image-preview":"max-image-preview:large","max-video-preview":"max-video-preview:-1"},"canonical":"https:\/\/f-aurea.com\/it\/negozio\/3-planets-etherical-forces-recalibration-cards-set\/","og_locale":"it_IT","og_type":"article","og_title":"3 Planets Etherical Forces, Recalibration Cards Set - F-Aurea","og_description":"This set of 3 cards gathers the so-called Forces of Co-Creation, the most useful for beginner practitioners. URANUS for powerful etheric cleansing works. SISTEMA SOLARE (The Solar System), to create order, harmony, and access higher and deeper states of consciousness. PIANETA TERRA, (Planet Earth), to enhance vital resources, maintain grounding, and assist in condensing changes while keeping balance with the earth and matter.  Each F-Aurea Card is an artistic support for an F-Aurea Informational Field.","og_url":"https:\/\/f-aurea.com\/it\/negozio\/3-planets-etherical-forces-recalibration-cards-set\/","og_site_name":"F-Aurea","article_publisher":"https:\/\/www.facebook.com\/manlio.didonato\/","article_modified_time":"2024-06-09T14:42:59+00:00","og_image":[{"width":1300,"height":1300,"url":"https:\/\/f-aurea.com\/wp-content\/uploads\/2024\/06\/COCREAZIONE.jpg","type":"image\/jpeg"}],"twitter_card":"summary_large_image","twitter_misc":{"Tempo di lettura stimato":"7 minuti"},"schema":{"@context":"https:\/\/schema.org","@graph":[{"@type":"WebPage","@id":"https:\/\/f-aurea.com\/negozio\/3-planets-etherical-forces-recalibration-cards-set\/","url":"https:\/\/f-aurea.com\/negozio\/3-planets-etherical-forces-recalibration-cards-set\/","name":"3 Planets Etherical Forces, Recalibration Cards Set - F-Aurea","isPartOf":{"@id":"https:\/\/f-aurea.com\/#website"},"primaryImageOfPage":{"@id":"https:\/\/f-aurea.com\/negozio\/3-planets-etherical-forces-recalibration-cards-set\/#primaryimage"},"image":{"@id":"https:\/\/f-aurea.com\/negozio\/3-planets-etherical-forces-recalibration-cards-set\/#primaryimage"},"thumbnailUrl":"https:\/\/f-aurea.com\/wp-content\/uploads\/2024\/06\/COCREAZIONE.jpg","datePublished":"2024-06-09T14:13:42+00:00","dateModified":"2024-06-09T14:42:59+00:00","breadcrumb":{"@id":"https:\/\/f-aurea.com\/negozio\/3-planets-etherical-forces-recalibration-cards-set\/#breadcrumb"},"inLanguage":"it-IT","potentialAction":[{"@type":"ReadAction","target":["https:\/\/f-aurea.com\/negozio\/3-planets-etherical-forces-recalibration-cards-set\/"]}]},{"@type":"ImageObject","inLanguage":"it-IT","@id":"https:\/\/f-aurea.com\/negozio\/3-planets-etherical-forces-recalibration-cards-set\/#primaryimage","url":"https:\/\/f-aurea.com\/wp-content\/uploads\/2024\/06\/COCREAZIONE.jpg","contentUrl":"https:\/\/f-aurea.com\/wp-content\/uploads\/2024\/06\/COCREAZIONE.jpg","width":1300,"height":1300},{"@type":"BreadcrumbList","@id":"https:\/\/f-aurea.com\/negozio\/3-planets-etherical-forces-recalibration-cards-set\/#breadcrumb","itemListElement":[{"@type":"ListItem","position":1,"name":"Home","item":"https:\/\/f-aurea.com\/"},{"@type":"ListItem","position":2,"name":"Shop","item":"https:\/\/f-aurea.com\/negozio\/"},{"@type":"ListItem","position":3,"name":"3 Planets Etherical Forces, Recalibration Cards Set"}]},{"@type":"WebSite","@id":"https:\/\/f-aurea.com\/#website","url":"https:\/\/f-aurea.com\/","name":"F-Aurea","description":"","publisher":{"@id":"https:\/\/f-aurea.com\/#organization"},"potentialAction":[{"@type":"SearchAction","target":{"@type":"EntryPoint","urlTemplate":"https:\/\/f-aurea.com\/?s={search_term_string}"},"query-input":{"@type":"PropertyValueSpecification","valueRequired":true,"valueName":"search_term_string"}}],"inLanguage":"it-IT"},{"@type":"Organization","@id":"https:\/\/f-aurea.com\/#organization","name":"F-Aurea","url":"https:\/\/f-aurea.com\/","logo":{"@type":"ImageObject","inLanguage":"it-IT","@id":"https:\/\/f-aurea.com\/#\/schema\/logo\/image\/","url":"https:\/\/f-aurea.com\/wp-content\/uploads\/2022\/05\/Logo-F-Aurea-oro-con-testo-bianco-2000-px.png","contentUrl":"https:\/\/f-aurea.com\/wp-content\/uploads\/2022\/05\/Logo-F-Aurea-oro-con-testo-bianco-2000-px.png","width":2000,"height":1242,"caption":"F-Aurea"},"image":{"@id":"https:\/\/f-aurea.com\/#\/schema\/logo\/image\/"},"sameAs":["https:\/\/www.facebook.com\/manlio.didonato\/","https:\/\/www.instagram.com\/manlio_ignisrebirth\/"]}]}},"_links":{"self":[{"href":"https:\/\/f-aurea.com\/it\/wp-json\/wp\/v2\/product\/4398","targetHints":{"allow":["GET"]}}],"collection":[{"href":"https:\/\/f-aurea.com\/it\/wp-json\/wp\/v2\/product"}],"about":[{"href":"https:\/\/f-aurea.com\/it\/wp-json\/wp\/v2\/types\/product"}],"replies":[{"embeddable":true,"href":"https:\/\/f-aurea.com\/it\/wp-json\/wp\/v2\/comments?post=4398"}],"wp:featuredmedia":[{"embeddable":true,"href":"https:\/\/f-aurea.com\/it\/wp-json\/wp\/v2\/media\/4400"}],"wp:attachment":[{"href":"https:\/\/f-aurea.com\/it\/wp-json\/wp\/v2\/media?parent=4398"}],"wp:term":[{"taxonomy":"product_brand","embeddable":true,"href":"https:\/\/f-aurea.com\/it\/wp-json\/wp\/v2\/product_brand?post=4398"},{"taxonomy":"product_cat","embeddable":true,"href":"https:\/\/f-aurea.com\/it\/wp-json\/wp\/v2\/product_cat?post=4398"},{"taxonomy":"product_tag","embeddable":true,"href":"https:\/\/f-aurea.com\/it\/wp-json\/wp\/v2\/product_tag?post=4398"}],"curies":[{"name":"wp","href":"https:\/\/api.w.org\/{rel}","templated":true}]}}