{"id":4735,"date":"2024-09-18T17:17:04","date_gmt":"2024-09-18T15:17:04","guid":{"rendered":"https:\/\/f-aurea.com\/?post_type=product&#038;p=4735"},"modified":"2025-01-31T17:00:49","modified_gmt":"2025-01-31T16:00:49","slug":"genesa-flora-for-plants-soils-electric-blue","status":"publish","type":"product","link":"https:\/\/f-aurea.com\/it\/negozio\/genesa-flora-for-plants-soils-electric-blue\/","title":{"rendered":"Genesa Flora for Plants &#038; Soils. Electric Blue"},"content":{"rendered":"<p style=\"text-align: left;\">Il <span style=\"color: #cda434;\"><strong>Campo Informativo F-Aurea: Domus_Flora,<\/strong><\/span> opera rimodulando e riqualificando l'etere ambientale per:<\/p>\n<ul>\n<li>Purificare e armonizzare ogni rete eterica ambientale, rendendole consonanti con la vita vegetale e l'abbondanza: Rete e Nodi Hartmann, Rete e Nodi Curry, Rete e Nodi Primordiali.<\/li>\n<li>Incrementa l'etere vitale del terreno a beneficio del mondo vegetale.<\/li>\n<li>Armonizza fra loro le specie vegetali stimolando la cooperazione.<\/li>\n<\/ul>\n<p>Ma anche come ogni altro Campo Informativo della serie Domus di F-Aurea:<\/p>\n<ul>\n<li>Purifica le dissonanze eteriche dell'area.<\/li>\n<li>Ricrea e ripristina la circolazione eterica nelle serre.<\/li>\n<li>Armonizza le forze ed energie naturali con l'essere umano.<\/li>\n<li>Inoltre opera una purificazione profonda su vari aspetti eterici dissonanti quali: entit\u00e0 e presenze, forme pensiero, etere irritato da fattori inquinanti, campi elettromagnetici, etere dei cimiteri, ecc..<\/li>\n<\/ul>\n<p>Per fare questo la Domus_Flora necessita di qualche giorno per operare a piena efficienza. In quanto una volta posizionata essa scansiona etericamente l'area e inizia ad operare nell'ambiente.<\/p>\n<p>Cos\u00ec come ogni Campi Informativo F-Aurea, opera multidimensionalmente e non necessita di manutenzione alcuna, il Campo \u00e8 eterno, cos\u00ec come descritto nei nostri libri e pubblicazioni.<\/p>\n<p class=\"translation-block\">in aggiunta la <span style=\"color: #cda434\"><strong> Genesa <\/strong><\/span> produce un effetto onda di forma che:<\/p>\n<ul>\n<li>Intorno ad essa dinamizza l'etere ambientale, creando una debole corrente eterica a vortice nella stessa stanza dove viene posta.<\/li>\n<li>Al suo interno tende a condensare e concentrare l'etere ambientale.<\/li>\n<\/ul>\n<p>Per utilizzare al meglio l'onda di forma della Genesa abbiamo quindi aggiunto un secondo Campo Informativo F-Aurea alla Genesa. Questo Campo ha il Fine di purificare e potenziare la qualit\u00e0 eterica di ogni oggetto le venga messo all'interno. In tal modo \u00e8 estremamente utile per purificare cristalli, prodotti, ecc..<\/p>\n<div class=\"fusion-content-boxes content-boxes columns row fusion-columns-1 fusion-columns-total-2 fusion-content-boxes-1 content-boxes-icon-with-title content-left\" style=\"--awb-hover-accent-color:var(--awb-color5);--awb-circle-hover-accent-color:var(--awb-color5);--awb-item-margin-bottom:40px;\" data-animationoffset=\"top-into-view\"><div style=\"--awb-backgroundcolor:transparent;\" class=\"fusion-column content-box-column content-box-column content-box-column-1 col-lg-12 col-md-12 col-sm-12 fusion-content-box-hover content-box-column-last-in-row\"><div class=\"col content-box-wrapper content-wrapper link-area-link-icon icon-hover-animation-pulsate\" data-animationoffset=\"top-into-view\"><div class=\"heading heading-with-icon icon-left\"><div class=\"icon\"><i style=\"border-color:#cda434;border-width:0px;background-color:#cda434;box-sizing:content-box;height:84px;width:84px;line-height:84px;border-radius:50%;font-size:42px;\" aria-hidden=\"true\" class=\"fontawesome-icon fa-leaf fas circle-yes\"><\/i><\/div><h3 class=\"content-box-heading fusion-responsive-typography-calculated\" style=\"--h3_typography-font-size:20px;--fontSize:20;line-height:1.5;\">Adatta per<\/h3><\/div><div class=\"fusion-clearfix\"><\/div><div class=\"content-container\"><\/p>\n<p>Serre, giardini, campi coltivati, boschi, orti.<\/p>\n<p>Adatta anche per: Feng Shui, domoterapia, space clearing, armonizzazione ambientale.<\/p>\n<p><\/div><\/div><\/div><div style=\"--awb-backgroundcolor:transparent;\" class=\"fusion-column content-box-column content-box-column content-box-column-2 col-lg-12 col-md-12 col-sm-12 fusion-content-box-hover content-box-column-last content-box-column-last-in-row\"><div class=\"col content-box-wrapper content-wrapper link-area-link-icon icon-hover-animation-pulsate\" data-animationoffset=\"top-into-view\"><div class=\"heading heading-with-icon icon-left\"><div class=\"icon\"><i style=\"border-color:#cda434;border-width:0px;background-color:#cda434;box-sizing:content-box;height:84px;width:84px;line-height:84px;border-radius:50%;font-size:42px;\" aria-hidden=\"true\" class=\"fontawesome-icon fa-globe fas circle-yes\"><\/i><\/div><h3 class=\"content-box-heading fusion-responsive-typography-calculated\" style=\"--h3_typography-font-size:20px;--fontSize:20;line-height:1.5;\">Raggio<\/h3><\/div><div class=\"fusion-clearfix\"><\/div><div class=\"content-container\"><\/p>\n<p>Scansiona l'area e riconosce i confini entro cui operare. Solitamente copre 1 ettaro di terreno, ma pu\u00f2 fermarsi se incontra dei confini come muri e canali di irrigazione.<\/p>\n<p>E' suggerito di porre la Genesa al centro esatto dell'area da coprire. Altrimenti per un effetto maggiore se ne possono posizionare una ad ogni angolo del campo.<\/p>\n<p><\/div><\/div><\/div><div class=\"fusion-clearfix\"><\/div><\/div>\n<p class=\"western translation-block\" lang=\"it-IT\"><strong>Non \u00e8 sostitutivo della pratica medica. Tutti gli effetti indicati si basano su nostre ricerche e studi interni, senza pretesa di scientificit\u00e0. I Campi Informativi, Genese, corsi, ed ogni altra informazione presente su f-aurea.com non sono sostitutive delle cure mediche o psicologiche.<\/strong><\/p>\n<blockquote>\n<p class=\"western\" lang=\"it-IT\"><span lang=\"it-IT\" style=\"color: #cda434;\"><b>Scheda Tecnica<\/b><\/span><\/p>\n<p class=\"western\" lang=\"it-IT\"><span lang=\"it-IT\"><b>Materiale:<\/b><\/span>Alluminio<\/p>\n<p class=\"western\" lang=\"it-IT\"><span lang=\"it-IT\"><b>Colore:<\/b><\/span>: Electric Blue<\/p>\n<p class=\"western\" lang=\"it-IT\"><span lang=\"it-IT\"><b>Diametro<\/b><\/span>: 32cm<\/p>\n<p class=\"western\" lang=\"it-IT\"><span lang=\"it-IT\"><b>Altezza delle Barre:<\/b><\/span> 3 cm<\/p>\n<p class=\"western\" lang=\"it-IT\"><span lang=\"it-IT\"><b>Spessore delle Barre:<\/b><\/span> 0.2 cm<\/p>\n<p class=\"western\" lang=\"it-IT\"><span lang=\"it-IT\"><b>Campo Informativo:<\/b><\/span>: Domus_Flora<\/p>\n<\/blockquote>\n<p class=\"western\" lang=\"it-IT\">E' consigliato porre la Genesa Domus_Flora al centro del campo, lasciandola ferma ad operare per un periodo che pu\u00f2 variare da due settimane a tre mesi. Se in pochi minuti avr\u00e0 gi\u00e0 ottenuto un livello di pulizia eterica di alto livello, nel tempo restante porter\u00e0 sempre pi\u00f9 in profondit\u00e0 la sua opera. Il Campo Informativo in essa ancorato non si scarica mai ne si consuma. E' il risultato degli studi di Francesco Verticchio,  Manlio Di Donato e del Gruppo F-Aurea. Non \u00e8 radionica, non opera solo tramite l'onda di forma ma la usa come vettore, non opera tramite la simbologia e non \u00e8 una forma pensiero.<\/p>\n<p class=\"western translation-block\" lang=\"it-IT\">Le Genesa sono opera dell'artista Italiana La <span style=\"color: #cda434\"><strong> Laura Favero <\/strong><\/span>, realizzate in esclusiva per Art for Awakening s.r.l. che commercializza le opere F-Aurea. Laura \u00e8 laureata in Statistica e Informatica per la Gestione delle Imprese al Ca\u2019 Foscari di Venezia. Il suo percorso di ricerca Ispirazionale ed artigianale comincia nel 2020, quando durante il lockdown imposto dal governo Italiano, spinta dalla curiosit\u00e0 e dall'amore per l'aspetto eterico dei numeri e della geometria inizia a studiare Genese e Pentasfere. Laura ha studiato fino a diventare Master Usui Reiki, praticante di percorsi sciamanici, Thetahealing \u00ae, operatrice in Ricalibrazione Planetaria \u00ae, e collaboratrice di F-Aurea.<\/p>\n<p lang=\"it-IT\"><div class=\"fusion-content-boxes content-boxes columns row fusion-columns-1 fusion-columns-total-2 fusion-content-boxes-2 content-boxes-icon-with-title content-left\" style=\"--awb-hover-accent-color:var(--awb-color5);--awb-circle-hover-accent-color:var(--awb-color5);--awb-item-margin-bottom:40px;\" data-animationoffset=\"top-into-view\"><div style=\"--awb-backgroundcolor:transparent;\" class=\"fusion-column content-box-column content-box-column content-box-column-1 col-lg-12 col-md-12 col-sm-12 fusion-content-box-hover content-box-column-last-in-row\"><div class=\"col content-box-wrapper content-wrapper link-area-link-icon icon-hover-animation-pulsate\" data-animationoffset=\"top-into-view\"><div class=\"heading heading-with-icon icon-left\"><div class=\"icon\"><i style=\"border-color:#cda434;border-width:0px;background-color:#cda434;box-sizing:content-box;height:84px;width:84px;line-height:84px;border-radius:50%;font-size:42px;\" aria-hidden=\"true\" class=\"fontawesome-icon fa-credit-card fas circle-yes\"><\/i><\/div><h3 class=\"content-box-heading fusion-responsive-typography-calculated\" style=\"--h3_typography-font-size:20px;--fontSize:20;line-height:1.5;\">Pagamento<\/h3><\/div><div class=\"fusion-clearfix\"><\/div><div class=\"content-container\"><\/p>\n<p>Accettiamo i seguenti metodi di pagamento:<\/p>\n<ul>\n<li>Carta di credito \\ carta di debito<\/li>\n<li>Trasferimento bancario sul nostro conto corrente<\/li>\n<li>Paypal<\/li>\n<\/ul>\n<p lang=\"it-IT\"><\/div><\/div><\/div><div style=\"--awb-backgroundcolor:transparent;\" class=\"fusion-column content-box-column content-box-column content-box-column-2 col-lg-12 col-md-12 col-sm-12 fusion-content-box-hover content-box-column-last content-box-column-last-in-row\"><div class=\"col content-box-wrapper content-wrapper link-area-link-icon icon-hover-animation-pulsate\" data-animationoffset=\"top-into-view\"><div class=\"heading heading-with-icon icon-left\"><div class=\"icon\"><i style=\"border-color:#cda434;border-width:0px;background-color:#cda434;box-sizing:content-box;height:84px;width:84px;line-height:84px;border-radius:50%;font-size:42px;\" aria-hidden=\"true\" class=\"fontawesome-icon fa-shipping-fast fas circle-yes\"><\/i><\/div><h3 class=\"content-box-heading fusion-responsive-typography-calculated\" style=\"--h3_typography-font-size:20px;--fontSize:20;line-height:1.5;\">Spedizione<\/h3><\/div><div class=\"fusion-clearfix\"><\/div><div class=\"content-container\"><\/p>\n<p>Unless otherwise specified, your order will be dispatched within 2-3 working days from the moment we receive the payment (from monday to friday). Downloadable products will be avaible according to the chosen payment method. Usually they will be ready automatically after the payment if you use creditdebit cards. If you chose the Bank Transfer then we will need some time to actual receive and verify the actual payment, so it can take from 3 days (usually) to two weeks (very uncommon).<\/p>\n<p>Quando prenoti la tua partecipazione ad un corso riceverai un email con le date e gli orari a partire dai quali sar\u00e0 possibile scaricare le lezioni.<\/p>\n<p class=\"translation-block\">Se acquisti contenuto digitale, come Ebook e Percorsi Olistici questi sono sempre disponibili per il download, cos\u00ec come specificato nella pagina <a href=\"https:\/\/f-aurea.com\/it\/terms_and_conditions\/\" target=\"_blank\" rel=\"noopener\">Terms and Conditions<\/a>.<\/p>\n<p>I pacchi sono spediti da un magazzino in ITALIA a PADOVA, e solitamente arrivano in 2-3 giorni indipendentemente dal tipo di spedizione scelta (gratuita quando disponibile o assicurata a pagamento). Possiamo spedire in tutta Europa, e con qualche eccezione nel resto del mondo. Tuttavia \u00e8 richiesto del tempo extra per raggiungere alcune nazioni.<\/p>\n<p>Sei pregato di contattarci per ogni chiarimento in merito alle spedizioni.<\/p>\n<p lang=\"it-IT\"><\/div><\/div><\/div><div class=\"fusion-clearfix\"><\/div><\/div><\/p>\n<p><strong>Politica dei Resi<\/strong><\/p>\n<p>Come indicato nella pagina <strong><a href=\"https:\/\/f-aurea.com\/it\/terms_and_conditions\/\" target=\"_blank\" rel=\"noopener\">Terms and Conditions<\/a><\/strong> . Nel caso tu non sia soddisfatto dell'acquisto come da regolamento Europeo puoi inoltrare un reclamo entro 14 giorni da quando hai ricevuto gli articoli da te acquistati. Quindi puoi chiedere un rimborso od una sostituzione del prodotto (nel caso in cui esso arrivi danneggiato).<\/p>\n<p>Si prega di notare che i resti sono accettati entro 14 giorni lavorativi dalla data in cui il corriere consegna il paggo.<\/p>\n<p>Per essere restituiti gli articoli devono trovarsi nelle stesse condizioni in cui li hai ricevuti. In accordo con le vigenti leggi europee, Integratori erboristici alimentari, cosmetici, ed oli da massaggio, non sono accettati come resi.<\/p>","protected":false},"excerpt":{"rendered":"<p class=\"translation-block\">Genesa Flora \u00e8 un supporto artistico per un Campo Informativo F-Aurea dedicato all'armonizzazione eterica avanzata di piante e terreni, specifico per ridare forza vitale al mondo vegetale.<\/p>","protected":false},"featured_media":4748,"comment_status":"open","ping_status":"closed","template":"","meta":{"_acf_changed":false},"product_brand":[],"product_cat":[79],"product_tag":[],"class_list":{"0":"post-4735","1":"product","2":"type-product","3":"status-publish","4":"has-post-thumbnail","6":"product_cat-genese","7":"product_shipping_class-genese","9":"first","10":"instock","11":"taxable","12":"shipping-taxable","13":"purchasable","14":"product-type-simple"},"acf":[],"yoast_head":"<!-- This site is optimized with the Yoast SEO plugin v27.2 - https:\/\/yoast.com\/product\/yoast-seo-wordpress\/ -->\n<title>Genesa Flora for Plants &amp; Soils. Electric Blue - F-Aurea<\/title>\n<meta name=\"robots\" content=\"index, follow, max-snippet:-1, max-image-preview:large, max-video-preview:-1\" \/>\n<link rel=\"canonical\" href=\"https:\/\/f-aurea.com\/it\/negozio\/genesa-flora-for-plants-soils-electric-blue\/\" \/>\n<meta property=\"og:locale\" content=\"it_IT\" \/>\n<meta property=\"og:type\" content=\"article\" \/>\n<meta property=\"og:title\" content=\"Genesa Flora for Plants &amp; Soils. Electric Blue - F-Aurea\" \/>\n<meta property=\"og:description\" content=\"Genesa Flora is an artistic support for the advanced etherical environmental harmonization of Plants &amp; Soil. The Domus Flora F-Aurea Informational Field is anchored in it, which works by re-attuning and regulating the environmental aether for the well-being and abundance of plants production and soil health. It is specific for: Gardens, Cultivated Fields, and Greenhouses.\" \/>\n<meta property=\"og:url\" content=\"https:\/\/f-aurea.com\/it\/negozio\/genesa-flora-for-plants-soils-electric-blue\/\" \/>\n<meta property=\"og:site_name\" content=\"F-Aurea\" \/>\n<meta property=\"article:publisher\" content=\"https:\/\/www.facebook.com\/manlio.didonato\/\" \/>\n<meta property=\"article:modified_time\" content=\"2025-01-31T16:00:49+00:00\" \/>\n<meta property=\"og:image\" content=\"https:\/\/f-aurea.com\/wp-content\/uploads\/2024\/09\/FLORA-G-BLUE-2.jpg\" \/>\n\t<meta property=\"og:image:width\" content=\"1300\" \/>\n\t<meta property=\"og:image:height\" content=\"1300\" \/>\n\t<meta property=\"og:image:type\" content=\"image\/jpeg\" \/>\n<meta name=\"twitter:card\" content=\"summary_large_image\" \/>\n<meta name=\"twitter:label1\" content=\"Tempo di lettura stimato\" \/>\n\t<meta name=\"twitter:data1\" content=\"6 minuti\" \/>\n<script type=\"application\/ld+json\" class=\"yoast-schema-graph\">{\"@context\":\"https:\/\/schema.org\",\"@graph\":[{\"@type\":\"WebPage\",\"@id\":\"https:\/\/f-aurea.com\/negozio\/genesa-flora-for-plants-soils-electric-blue\/\",\"url\":\"https:\/\/f-aurea.com\/negozio\/genesa-flora-for-plants-soils-electric-blue\/\",\"name\":\"Genesa Flora for Plants & Soils. Electric Blue - F-Aurea\",\"isPartOf\":{\"@id\":\"https:\/\/f-aurea.com\/#website\"},\"primaryImageOfPage\":{\"@id\":\"https:\/\/f-aurea.com\/negozio\/genesa-flora-for-plants-soils-electric-blue\/#primaryimage\"},\"image\":{\"@id\":\"https:\/\/f-aurea.com\/negozio\/genesa-flora-for-plants-soils-electric-blue\/#primaryimage\"},\"thumbnailUrl\":\"https:\/\/f-aurea.com\/wp-content\/uploads\/2024\/09\/FLORA-G-BLUE-2.jpg\",\"datePublished\":\"2024-09-18T15:17:04+00:00\",\"dateModified\":\"2025-01-31T16:00:49+00:00\",\"breadcrumb\":{\"@id\":\"https:\/\/f-aurea.com\/negozio\/genesa-flora-for-plants-soils-electric-blue\/#breadcrumb\"},\"inLanguage\":\"it-IT\",\"potentialAction\":[{\"@type\":\"ReadAction\",\"target\":[\"https:\/\/f-aurea.com\/negozio\/genesa-flora-for-plants-soils-electric-blue\/\"]}]},{\"@type\":\"ImageObject\",\"inLanguage\":\"it-IT\",\"@id\":\"https:\/\/f-aurea.com\/negozio\/genesa-flora-for-plants-soils-electric-blue\/#primaryimage\",\"url\":\"https:\/\/f-aurea.com\/wp-content\/uploads\/2024\/09\/FLORA-G-BLUE-2.jpg\",\"contentUrl\":\"https:\/\/f-aurea.com\/wp-content\/uploads\/2024\/09\/FLORA-G-BLUE-2.jpg\",\"width\":1300,\"height\":1300},{\"@type\":\"BreadcrumbList\",\"@id\":\"https:\/\/f-aurea.com\/negozio\/genesa-flora-for-plants-soils-electric-blue\/#breadcrumb\",\"itemListElement\":[{\"@type\":\"ListItem\",\"position\":1,\"name\":\"Home\",\"item\":\"https:\/\/f-aurea.com\/\"},{\"@type\":\"ListItem\",\"position\":2,\"name\":\"Shop\",\"item\":\"https:\/\/f-aurea.com\/negozio\/\"},{\"@type\":\"ListItem\",\"position\":3,\"name\":\"Genesa Flora for Plants &#038; Soils. Electric Blue\"}]},{\"@type\":\"WebSite\",\"@id\":\"https:\/\/f-aurea.com\/#website\",\"url\":\"https:\/\/f-aurea.com\/\",\"name\":\"F-Aurea\",\"description\":\"\",\"publisher\":{\"@id\":\"https:\/\/f-aurea.com\/#organization\"},\"potentialAction\":[{\"@type\":\"SearchAction\",\"target\":{\"@type\":\"EntryPoint\",\"urlTemplate\":\"https:\/\/f-aurea.com\/?s={search_term_string}\"},\"query-input\":{\"@type\":\"PropertyValueSpecification\",\"valueRequired\":true,\"valueName\":\"search_term_string\"}}],\"inLanguage\":\"it-IT\"},{\"@type\":\"Organization\",\"@id\":\"https:\/\/f-aurea.com\/#organization\",\"name\":\"F-Aurea\",\"url\":\"https:\/\/f-aurea.com\/\",\"logo\":{\"@type\":\"ImageObject\",\"inLanguage\":\"it-IT\",\"@id\":\"https:\/\/f-aurea.com\/#\/schema\/logo\/image\/\",\"url\":\"https:\/\/f-aurea.com\/wp-content\/uploads\/2022\/05\/Logo-F-Aurea-oro-con-testo-bianco-2000-px.png\",\"contentUrl\":\"https:\/\/f-aurea.com\/wp-content\/uploads\/2022\/05\/Logo-F-Aurea-oro-con-testo-bianco-2000-px.png\",\"width\":2000,\"height\":1242,\"caption\":\"F-Aurea\"},\"image\":{\"@id\":\"https:\/\/f-aurea.com\/#\/schema\/logo\/image\/\"},\"sameAs\":[\"https:\/\/www.facebook.com\/manlio.didonato\/\",\"https:\/\/www.instagram.com\/manlio_ignisrebirth\/\"]}]}<\/script>\n<!-- \/ Yoast SEO plugin. -->","yoast_head_json":{"title":"Genesa Flora for Plants & Soils. Electric Blue - F-Aurea","robots":{"index":"index","follow":"follow","max-snippet":"max-snippet:-1","max-image-preview":"max-image-preview:large","max-video-preview":"max-video-preview:-1"},"canonical":"https:\/\/f-aurea.com\/it\/negozio\/genesa-flora-for-plants-soils-electric-blue\/","og_locale":"it_IT","og_type":"article","og_title":"Genesa Flora for Plants & Soils. Electric Blue - F-Aurea","og_description":"Genesa Flora is an artistic support for the advanced etherical environmental harmonization of Plants &amp; Soil. The Domus Flora F-Aurea Informational Field is anchored in it, which works by re-attuning and regulating the environmental aether for the well-being and abundance of plants production and soil health. It is specific for: Gardens, Cultivated Fields, and Greenhouses.","og_url":"https:\/\/f-aurea.com\/it\/negozio\/genesa-flora-for-plants-soils-electric-blue\/","og_site_name":"F-Aurea","article_publisher":"https:\/\/www.facebook.com\/manlio.didonato\/","article_modified_time":"2025-01-31T16:00:49+00:00","og_image":[{"width":1300,"height":1300,"url":"https:\/\/f-aurea.com\/wp-content\/uploads\/2024\/09\/FLORA-G-BLUE-2.jpg","type":"image\/jpeg"}],"twitter_card":"summary_large_image","twitter_misc":{"Tempo di lettura stimato":"6 minuti"},"schema":{"@context":"https:\/\/schema.org","@graph":[{"@type":"WebPage","@id":"https:\/\/f-aurea.com\/negozio\/genesa-flora-for-plants-soils-electric-blue\/","url":"https:\/\/f-aurea.com\/negozio\/genesa-flora-for-plants-soils-electric-blue\/","name":"Genesa Flora for Plants & Soils. Electric Blue - F-Aurea","isPartOf":{"@id":"https:\/\/f-aurea.com\/#website"},"primaryImageOfPage":{"@id":"https:\/\/f-aurea.com\/negozio\/genesa-flora-for-plants-soils-electric-blue\/#primaryimage"},"image":{"@id":"https:\/\/f-aurea.com\/negozio\/genesa-flora-for-plants-soils-electric-blue\/#primaryimage"},"thumbnailUrl":"https:\/\/f-aurea.com\/wp-content\/uploads\/2024\/09\/FLORA-G-BLUE-2.jpg","datePublished":"2024-09-18T15:17:04+00:00","dateModified":"2025-01-31T16:00:49+00:00","breadcrumb":{"@id":"https:\/\/f-aurea.com\/negozio\/genesa-flora-for-plants-soils-electric-blue\/#breadcrumb"},"inLanguage":"it-IT","potentialAction":[{"@type":"ReadAction","target":["https:\/\/f-aurea.com\/negozio\/genesa-flora-for-plants-soils-electric-blue\/"]}]},{"@type":"ImageObject","inLanguage":"it-IT","@id":"https:\/\/f-aurea.com\/negozio\/genesa-flora-for-plants-soils-electric-blue\/#primaryimage","url":"https:\/\/f-aurea.com\/wp-content\/uploads\/2024\/09\/FLORA-G-BLUE-2.jpg","contentUrl":"https:\/\/f-aurea.com\/wp-content\/uploads\/2024\/09\/FLORA-G-BLUE-2.jpg","width":1300,"height":1300},{"@type":"BreadcrumbList","@id":"https:\/\/f-aurea.com\/negozio\/genesa-flora-for-plants-soils-electric-blue\/#breadcrumb","itemListElement":[{"@type":"ListItem","position":1,"name":"Home","item":"https:\/\/f-aurea.com\/"},{"@type":"ListItem","position":2,"name":"Shop","item":"https:\/\/f-aurea.com\/negozio\/"},{"@type":"ListItem","position":3,"name":"Genesa Flora for Plants &#038; Soils. Electric Blue"}]},{"@type":"WebSite","@id":"https:\/\/f-aurea.com\/#website","url":"https:\/\/f-aurea.com\/","name":"F-Aurea","description":"","publisher":{"@id":"https:\/\/f-aurea.com\/#organization"},"potentialAction":[{"@type":"SearchAction","target":{"@type":"EntryPoint","urlTemplate":"https:\/\/f-aurea.com\/?s={search_term_string}"},"query-input":{"@type":"PropertyValueSpecification","valueRequired":true,"valueName":"search_term_string"}}],"inLanguage":"it-IT"},{"@type":"Organization","@id":"https:\/\/f-aurea.com\/#organization","name":"F-Aurea","url":"https:\/\/f-aurea.com\/","logo":{"@type":"ImageObject","inLanguage":"it-IT","@id":"https:\/\/f-aurea.com\/#\/schema\/logo\/image\/","url":"https:\/\/f-aurea.com\/wp-content\/uploads\/2022\/05\/Logo-F-Aurea-oro-con-testo-bianco-2000-px.png","contentUrl":"https:\/\/f-aurea.com\/wp-content\/uploads\/2022\/05\/Logo-F-Aurea-oro-con-testo-bianco-2000-px.png","width":2000,"height":1242,"caption":"F-Aurea"},"image":{"@id":"https:\/\/f-aurea.com\/#\/schema\/logo\/image\/"},"sameAs":["https:\/\/www.facebook.com\/manlio.didonato\/","https:\/\/www.instagram.com\/manlio_ignisrebirth\/"]}]}},"_links":{"self":[{"href":"https:\/\/f-aurea.com\/it\/wp-json\/wp\/v2\/product\/4735","targetHints":{"allow":["GET"]}}],"collection":[{"href":"https:\/\/f-aurea.com\/it\/wp-json\/wp\/v2\/product"}],"about":[{"href":"https:\/\/f-aurea.com\/it\/wp-json\/wp\/v2\/types\/product"}],"replies":[{"embeddable":true,"href":"https:\/\/f-aurea.com\/it\/wp-json\/wp\/v2\/comments?post=4735"}],"wp:featuredmedia":[{"embeddable":true,"href":"https:\/\/f-aurea.com\/it\/wp-json\/wp\/v2\/media\/4748"}],"wp:attachment":[{"href":"https:\/\/f-aurea.com\/it\/wp-json\/wp\/v2\/media?parent=4735"}],"wp:term":[{"taxonomy":"product_brand","embeddable":true,"href":"https:\/\/f-aurea.com\/it\/wp-json\/wp\/v2\/product_brand?post=4735"},{"taxonomy":"product_cat","embeddable":true,"href":"https:\/\/f-aurea.com\/it\/wp-json\/wp\/v2\/product_cat?post=4735"},{"taxonomy":"product_tag","embeddable":true,"href":"https:\/\/f-aurea.com\/it\/wp-json\/wp\/v2\/product_tag?post=4735"}],"curies":[{"name":"wp","href":"https:\/\/api.w.org\/{rel}","templated":true}]}}